{"id":129950,"date":"2025-10-16T15:08:15","date_gmt":"2025-10-16T15:08:15","guid":{"rendered":"https:\/\/www.spg.com.tn\/?page_id=129950"},"modified":"2025-10-17T07:52:52","modified_gmt":"2025-10-17T07:52:52","slug":"neowave","status":"publish","type":"page","link":"https:\/\/www.spg.com.tn\/en\/marques\/neowave\/","title":{"rendered":"Neowave"},"content":{"rendered":"<section class=\"switchable switchable--switch imagebg height-40\" data-overlay=\"0\" >\n\t\t\t    <div class=\"background-image-holder\"><img loading=\"lazy\" decoding=\"async\" width=\"1920\" height=\"383\" src=\"https:\/\/i0.wp.com\/www.spg.com.tn\/wp-content\/uploads\/2025\/10\/banner-website-neowave.jpg?fit=1920%2C383&amp;ssl=1\" class=\"attachment-full size-full\" alt=\"Neowave\" srcset=\"https:\/\/i0.wp.com\/www.spg.com.tn\/wp-content\/uploads\/2025\/10\/banner-website-neowave.jpg?w=1920&amp;ssl=1 1920w, https:\/\/i0.wp.com\/www.spg.com.tn\/wp-content\/uploads\/2025\/10\/banner-website-neowave.jpg?resize=300%2C60&amp;ssl=1 300w, https:\/\/i0.wp.com\/www.spg.com.tn\/wp-content\/uploads\/2025\/10\/banner-website-neowave.jpg?resize=1024%2C204&amp;ssl=1 1024w, https:\/\/i0.wp.com\/www.spg.com.tn\/wp-content\/uploads\/2025\/10\/banner-website-neowave.jpg?resize=768%2C153&amp;ssl=1 768w, https:\/\/i0.wp.com\/www.spg.com.tn\/wp-content\/uploads\/2025\/10\/banner-website-neowave.jpg?resize=1536%2C306&amp;ssl=1 1536w, https:\/\/i0.wp.com\/www.spg.com.tn\/wp-content\/uploads\/2025\/10\/banner-website-neowave.jpg?resize=18%2C4&amp;ssl=1 18w\" sizes=\"auto, (max-width: 1170px) 100vw, 1170px\" \/><\/div>\n\t\t\t    <div class=\"container pos-vertical-center\">\n\t\t\t        <div class=\"row\">\n\t\t\t            <div class=\"col-sm-6\"><\/div>\n\t\t\t        <\/div><!--end of row-->\n\t\t\t    <\/div><!--end of container-->\n\t\t\t    \n\t\t\t<\/section>\n\t\t<div class=\"vc_row-full-width vc_clearfix\"><\/div><div class=\"container\"><div class=\"vc_row wpb_row vc_row-fluid\"><div class=\"wpb_column vc_column_container col-sm-12\"><div class=\"vc_column-inner\"><div class=\"wpb_wrapper\">\n\t<div class=\"wpb_text_column wpb_content_element\" >\n\t\t<div class=\"wpb_wrapper\">\n\t\t\t<p><center><\/p>\n<h2><b>Des produits innovants<\/b><\/h2>\n<p>Les dispositifs NEOWAVE tirent parti de la s\u00e9curit\u00e9 des cartes \u00e0 puce, tout en int\u00e9grant des interfaces de communication telles que l\u2019USB, le RFID\/NFC et le Bluetooth Low Energy. Leur conception fran\u00e7aise garantit une conformit\u00e9 aux exigences des organismes de s\u00e9curit\u00e9 europ\u00e9ens.<\/p>\n<p><span data-mce-type=\"bookmark\" style=\"display: inline-block; width: 0px; overflow: hidden; line-height: 0;\" class=\"mce_SELRES_start\"><\/span><\/p>\n\n\t\t<\/div>\n\t<\/div>\n<\/div><\/div><\/div><\/div><\/div><div class=\"container\"><div class=\"vc_row wpb_row vc_row-fluid\"><div class=\"wpb_column vc_column_container col-sm-3\"><div class=\"vc_column-inner\"><div class=\"wpb_wrapper\">\n\t<div  class=\"wpb_single_image wpb_content_element vc_align_center\">\n\t\t\n\t\t<figure class=\"wpb_wrapper vc_figure\">\n\t\t\t<div class=\"vc_single_image-wrapper   vc_box_border_grey\"><img loading=\"lazy\" decoding=\"async\" width=\"300\" height=\"200\" src=\"https:\/\/i0.wp.com\/www.spg.com.tn\/wp-content\/uploads\/2025\/10\/produits-id-2.0-2025.jpg.webp?fit=300%2C200&amp;ssl=1\" class=\"vc_single_image-img attachment-medium\" alt=\"Neowave id 2.0\" srcset=\"https:\/\/i0.wp.com\/www.spg.com.tn\/wp-content\/uploads\/2025\/10\/produits-id-2.0-2025.jpg.webp?w=864&amp;ssl=1 864w, https:\/\/i0.wp.com\/www.spg.com.tn\/wp-content\/uploads\/2025\/10\/produits-id-2.0-2025.jpg.webp?resize=300%2C200&amp;ssl=1 300w, https:\/\/i0.wp.com\/www.spg.com.tn\/wp-content\/uploads\/2025\/10\/produits-id-2.0-2025.jpg.webp?resize=768%2C512&amp;ssl=1 768w, https:\/\/i0.wp.com\/www.spg.com.tn\/wp-content\/uploads\/2025\/10\/produits-id-2.0-2025.jpg.webp?resize=18%2C12&amp;ssl=1 18w\" sizes=\"auto, (max-width: 300px) 100vw, 300px\" \/><\/div>\n\t\t<\/figure>\n\t<\/div>\n\n\t<div class=\"wpb_text_column wpb_content_element\" >\n\t\t<div class=\"wpb_wrapper\">\n\t\t\t<h4>Gamme ID 2.0<\/h4>\n<p>Nos produits ID 2.0 reposent sur des technologies d\u2019authentification forte bas\u00e9es sur l\u2019utilisation de cartes \u00e0 puce. Ces derni\u00e8res permettent d\u2019h\u00e9berger des certificats num\u00e9riques, essentiels \u00e0 l\u2019acc\u00e8s s\u00e9curis\u00e9 aux services de d\u00e9mat\u00e9rialisation<\/p>\n<p><span data-mce-type=\"bookmark\" style=\"display: inline-block; width: 0px; overflow: hidden; line-height: 0;\" class=\"mce_SELRES_start\"><\/span><\/p>\n<p><span data-mce-type=\"bookmark\" style=\"display: inline-block; width: 0px; overflow: hidden; line-height: 0;\" class=\"mce_SELRES_start\"><\/span><\/p>\n\n\t\t<\/div>\n\t<\/div>\n<\/div><\/div><\/div><div class=\"wpb_column vc_column_container col-sm-3\"><div class=\"vc_column-inner\"><div class=\"wpb_wrapper\">\n\t<div  class=\"wpb_single_image wpb_content_element vc_align_center\">\n\t\t\n\t\t<figure class=\"wpb_wrapper vc_figure\">\n\t\t\t<div class=\"vc_single_image-wrapper   vc_box_border_grey\"><img loading=\"lazy\" decoding=\"async\" width=\"300\" height=\"201\" src=\"https:\/\/i0.wp.com\/www.spg.com.tn\/wp-content\/uploads\/2025\/10\/Gamme-FIDO2.jpg.webp?fit=300%2C201&amp;ssl=1\" class=\"vc_single_image-img attachment-medium\" alt=\"Neowave FIDO2\" srcset=\"https:\/\/i0.wp.com\/www.spg.com.tn\/wp-content\/uploads\/2025\/10\/Gamme-FIDO2.jpg.webp?w=517&amp;ssl=1 517w, https:\/\/i0.wp.com\/www.spg.com.tn\/wp-content\/uploads\/2025\/10\/Gamme-FIDO2.jpg.webp?resize=300%2C201&amp;ssl=1 300w, https:\/\/i0.wp.com\/www.spg.com.tn\/wp-content\/uploads\/2025\/10\/Gamme-FIDO2.jpg.webp?resize=18%2C12&amp;ssl=1 18w\" sizes=\"auto, (max-width: 300px) 100vw, 300px\" \/><\/div>\n\t\t<\/figure>\n\t<\/div>\n\n\t<div class=\"wpb_text_column wpb_content_element\" >\n\t\t<div class=\"wpb_wrapper\">\n\t\t\t<h4>Gamme FIDO02<\/h4>\n<p>Ces dispositifs assurent une authentification s\u00e9curis\u00e9e pour l\u2019acc\u00e8s aux plateformes web et aux environnements cloud.<\/p>\n<p><span data-mce-type=\"bookmark\" style=\"display: inline-block; width: 0px; overflow: hidden; line-height: 0;\" class=\"mce_SELRES_start\"><\/span><\/p>\n<p><span data-mce-type=\"bookmark\" style=\"display: inline-block; width: 0px; overflow: hidden; line-height: 0;\" class=\"mce_SELRES_start\"><\/span><\/p>\n\n\t\t<\/div>\n\t<\/div>\n<\/div><\/div><\/div><div class=\"wpb_column vc_column_container col-sm-3\"><div class=\"vc_column-inner\"><div class=\"wpb_wrapper\">\n\t<div  class=\"wpb_single_image wpb_content_element vc_align_center\">\n\t\t\n\t\t<figure class=\"wpb_wrapper vc_figure\">\n\t\t\t<div class=\"vc_single_image-wrapper   vc_box_border_grey\"><img loading=\"lazy\" decoding=\"async\" width=\"300\" height=\"201\" src=\"https:\/\/i0.wp.com\/www.spg.com.tn\/wp-content\/uploads\/2025\/10\/Lecteurs-de-carte-2025.jpg.webp?fit=300%2C201&amp;ssl=1\" class=\"vc_single_image-img attachment-medium\" alt=\"Neowave Lecteurs de carte\" srcset=\"https:\/\/i0.wp.com\/www.spg.com.tn\/wp-content\/uploads\/2025\/10\/Lecteurs-de-carte-2025.jpg.webp?w=517&amp;ssl=1 517w, https:\/\/i0.wp.com\/www.spg.com.tn\/wp-content\/uploads\/2025\/10\/Lecteurs-de-carte-2025.jpg.webp?resize=300%2C201&amp;ssl=1 300w, https:\/\/i0.wp.com\/www.spg.com.tn\/wp-content\/uploads\/2025\/10\/Lecteurs-de-carte-2025.jpg.webp?resize=18%2C12&amp;ssl=1 18w\" sizes=\"auto, (max-width: 300px) 100vw, 300px\" \/><\/div>\n\t\t<\/figure>\n\t<\/div>\n\n\t<div class=\"wpb_text_column wpb_content_element\" >\n\t\t<div class=\"wpb_wrapper\">\n\t\t\t<h4>Lecteur de carte \u00e0 puce<\/h4>\n<p>Les lecteurs de cartes \u00e0 puce NEOWAVE prennent en charge les protocoles PS\/SC et CCID, ce qui permet une int\u00e9gration simple dans divers environnements d\u2019applications s\u00e9curis\u00e9es.<\/p>\n<p><span data-mce-type=\"bookmark\" style=\"display: inline-block; width: 0px; overflow: hidden; line-height: 0;\" class=\"mce_SELRES_start\"><\/span><\/p>\n<p><span data-mce-type=\"bookmark\" style=\"display: inline-block; width: 0px; overflow: hidden; line-height: 0;\" class=\"mce_SELRES_start\"><\/span><\/p>\n<p><span data-mce-type=\"bookmark\" style=\"display: inline-block; width: 0px; overflow: hidden; line-height: 0;\" class=\"mce_SELRES_start\"><\/span><\/p>\n\n\t\t<\/div>\n\t<\/div>\n<\/div><\/div><\/div><div class=\"wpb_column vc_column_container col-sm-3\"><div class=\"vc_column-inner\"><div class=\"wpb_wrapper\">\n\t<div  class=\"wpb_single_image wpb_content_element vc_align_left\">\n\t\t\n\t\t<figure class=\"wpb_wrapper vc_figure\">\n\t\t\t<div class=\"vc_single_image-wrapper   vc_box_border_grey\"><img loading=\"lazy\" decoding=\"async\" width=\"150\" height=\"150\" src=\"https:\/\/i0.wp.com\/www.spg.com.tn\/wp-content\/uploads\/2025\/10\/Gamme-FIDO-ID-2.0.jpg.webp?resize=150%2C150&amp;ssl=1\" class=\"vc_single_image-img attachment-thumbnail\" alt=\"Gamme FIDO ID 2.0.jpg\" srcset=\"https:\/\/i0.wp.com\/www.spg.com.tn\/wp-content\/uploads\/2025\/10\/Gamme-FIDO-ID-2.0.jpg.webp?resize=150%2C150&amp;ssl=1 150w, https:\/\/i0.wp.com\/www.spg.com.tn\/wp-content\/uploads\/2025\/10\/Gamme-FIDO-ID-2.0.jpg.webp?resize=60%2C60&amp;ssl=1 60w, https:\/\/i0.wp.com\/www.spg.com.tn\/wp-content\/uploads\/2025\/10\/Gamme-FIDO-ID-2.0.jpg.webp?zoom=2&amp;resize=150%2C150&amp;ssl=1 300w, https:\/\/i0.wp.com\/www.spg.com.tn\/wp-content\/uploads\/2025\/10\/Gamme-FIDO-ID-2.0.jpg.webp?zoom=3&amp;resize=150%2C150&amp;ssl=1 450w\" sizes=\"auto, (max-width: 150px) 100vw, 150px\" \/><\/div>\n\t\t<\/figure>\n\t<\/div>\n\n\t<div class=\"wpb_text_column wpb_content_element\" >\n\t\t<div class=\"wpb_wrapper\">\n\t\t\t<h4>La gamme FIDO2 + ID 2.0<\/h4>\n<p>La gamme FIDO2 + ID 2.0 propose des solutions robustes d\u2019authentification forte et de signature \u00e9lectronique qualifi\u00e9e, alliant s\u00e9curit\u00e9 avanc\u00e9e et simplicit\u00e9 d\u2019int\u00e9gration.<\/p>\n<p><span data-mce-type=\"bookmark\" style=\"display: inline-block; width: 0px; overflow: hidden; line-height: 0;\" class=\"mce_SELRES_start\"><\/span><\/p>\n\n\t\t<\/div>\n\t<\/div>\n<\/div><\/div><\/div><\/div><\/div><div class=\"container\"><div class=\"vc_row wpb_row vc_row-fluid\"><div class=\"wpb_column vc_column_container col-sm-8\"><div class=\"vc_column-inner\"><div class=\"wpb_wrapper\">\n\t<div class=\"wpb_text_column wpb_content_element\" >\n\t\t<div class=\"wpb_wrapper\">\n\t\t\t<p>For more details, please contact our customer service department<\/p>\n<p><span data-mce-type=\"bookmark\" style=\"display: inline-block; width: 0px; overflow: hidden; line-height: 0;\" class=\"mce_SELRES_start\"><\/span><\/p>\n\n\t\t<\/div>\n\t<\/div>\n<\/div><\/div><\/div><div class=\"wpb_column vc_column_container col-sm-4\"><div class=\"vc_column-inner\"><div class=\"wpb_wrapper\"><style type=\"text\/css\">.vc_btn3-style-gradient-custom.vc_btn-gradient-btn-69e46ca50152d:hover{color: #ffffff;background-color: #003777;border: none;background-position: 100% 0;}<\/style><style type=\"text\/css\">.vc_btn3-style-gradient-custom.vc_btn-gradient-btn-69e46ca50152d{color: #ffffff;border: none;background-color: #11214c;background-image: -webkit-linear-gradient(left, #11214c 0%, #003777 50%,#11214c 100%);background-image: linear-gradient(to right, #11214c 0%, #003777 50%,#11214c 100%);-webkit-transition: all .2s ease-in-out;transition: all .2s ease-in-out;background-size: 200% 100%;}<\/style><div class=\"vc_btn3-container vc_btn3-center\" >\n\t<a data-vc-gradient-1=\"#11214c\" data-vc-gradient-2=\"#003777\" class=\"vc_general vc_btn3 vc_btn3-size-lg vc_btn3-shape-rounded vc_btn3-style-gradient-custom vc_btn-gradient-btn-69e46ca50152d\" href=\"https:\/\/www.spg.com.tn\/en\/contact\/\" title=\"CONTACT\" target=\"_blank\">Contact Us<\/a><\/div>\n<\/div><\/div><\/div><\/div><\/div>","protected":false},"excerpt":{"rendered":"Des produits innovants Les dispositifs NEOWAVE tirent parti de la s\u00e9curit\u00e9 des cartes \u00e0 puce, tout en int\u00e9grant des interfaces de communication...","protected":false},"author":10,"featured_media":0,"parent":3089,"menu_order":1,"comment_status":"closed","ping_status":"closed","template":"","meta":{"om_disable_all_campaigns":false,"_exactmetrics_skip_tracking":false,"_exactmetrics_sitenote_active":false,"_exactmetrics_sitenote_note":"","_exactmetrics_sitenote_category":0,"_monsterinsights_skip_tracking":false,"_monsterinsights_sitenote_active":false,"_monsterinsights_sitenote_note":"","_monsterinsights_sitenote_category":0,"_uf_show_specific_survey":0,"_uf_disable_surveys":false,"jetpack_post_was_ever_published":false,"footnotes":""},"class_list":["post-129950","page","type-page","status-publish","hentry"],"aioseo_notices":[],"yoast_head":"<!-- This site is optimized with the Yoast SEO plugin v27.4 - https:\/\/yoast.com\/product\/yoast-seo-wordpress\/ -->\n<title>Neowave<\/title>\n<meta name=\"robots\" content=\"index, follow, max-snippet:-1, max-image-preview:large, max-video-preview:-1\" \/>\n<link rel=\"canonical\" href=\"https:\/\/www.spg.com.tn\/en\/marques\/neowave\/\" \/>\n<meta property=\"og:locale\" content=\"en_US\" \/>\n<meta property=\"og:type\" content=\"article\" \/>\n<meta property=\"og:title\" content=\"Neowave\" \/>\n<meta property=\"og:url\" content=\"https:\/\/www.spg.com.tn\/en\/marques\/neowave\/\" \/>\n<meta property=\"og:site_name\" content=\"SPG\" \/>\n<meta property=\"article:publisher\" content=\"https:\/\/www.facebook.com\/SPG.Software.Productivity.Group\/\" \/>\n<meta property=\"article:modified_time\" content=\"2025-10-17T07:52:52+00:00\" \/>\n<meta name=\"twitter:card\" content=\"summary_large_image\" \/>\n<meta name=\"twitter:label1\" content=\"Est. reading time\" \/>\n\t<meta name=\"twitter:data1\" content=\"2 minutes\" \/>\n<script type=\"application\/ld+json\" class=\"yoast-schema-graph\">{\"@context\":\"https:\\\/\\\/schema.org\",\"@graph\":[{\"@type\":\"WebPage\",\"@id\":\"https:\\\/\\\/www.spg.com.tn\\\/marques\\\/neowave\\\/\",\"url\":\"https:\\\/\\\/www.spg.com.tn\\\/marques\\\/neowave\\\/\",\"name\":\"Neowave\",\"isPartOf\":{\"@id\":\"https:\\\/\\\/www.spg.com.tn\\\/#website\"},\"datePublished\":\"2025-10-16T15:08:15+00:00\",\"dateModified\":\"2025-10-17T07:52:52+00:00\",\"breadcrumb\":{\"@id\":\"https:\\\/\\\/www.spg.com.tn\\\/marques\\\/neowave\\\/#breadcrumb\"},\"inLanguage\":\"en-US\",\"potentialAction\":[{\"@type\":\"ReadAction\",\"target\":[\"https:\\\/\\\/www.spg.com.tn\\\/marques\\\/neowave\\\/\"]}]},{\"@type\":\"BreadcrumbList\",\"@id\":\"https:\\\/\\\/www.spg.com.tn\\\/marques\\\/neowave\\\/#breadcrumb\",\"itemListElement\":[{\"@type\":\"ListItem\",\"position\":1,\"name\":\"Accueil\",\"item\":\"https:\\\/\\\/www.spg.com.tn\\\/\"},{\"@type\":\"ListItem\",\"position\":2,\"name\":\"MARQUES\",\"item\":\"https:\\\/\\\/www.spg.com.tn\\\/marques\\\/\"},{\"@type\":\"ListItem\",\"position\":3,\"name\":\"Neowave\"}]},{\"@type\":\"WebSite\",\"@id\":\"https:\\\/\\\/www.spg.com.tn\\\/#website\",\"url\":\"https:\\\/\\\/www.spg.com.tn\\\/\",\"name\":\"SPG\",\"description\":\"Grossiste Informatique \u00e0 Valeur ajout\u00e9e\",\"publisher\":{\"@id\":\"https:\\\/\\\/www.spg.com.tn\\\/#organization\"},\"alternateName\":\"SPG distributeur des solutions\",\"potentialAction\":[{\"@type\":\"SearchAction\",\"target\":{\"@type\":\"EntryPoint\",\"urlTemplate\":\"https:\\\/\\\/www.spg.com.tn\\\/?s={search_term_string}\"},\"query-input\":{\"@type\":\"PropertyValueSpecification\",\"valueRequired\":true,\"valueName\":\"search_term_string\"}}],\"inLanguage\":\"en-US\"},{\"@type\":\"Organization\",\"@id\":\"https:\\\/\\\/www.spg.com.tn\\\/#organization\",\"name\":\"SPG\",\"url\":\"https:\\\/\\\/www.spg.com.tn\\\/\",\"logo\":{\"@type\":\"ImageObject\",\"inLanguage\":\"en-US\",\"@id\":\"https:\\\/\\\/www.spg.com.tn\\\/#\\\/schema\\\/logo\\\/image\\\/\",\"url\":\"https:\\\/\\\/i0.wp.com\\\/www.spg.com.tn\\\/wp-content\\\/uploads\\\/2023\\\/07\\\/Logo-SPG-new.png?fit=300%2C133&ssl=1\",\"contentUrl\":\"https:\\\/\\\/i0.wp.com\\\/www.spg.com.tn\\\/wp-content\\\/uploads\\\/2023\\\/07\\\/Logo-SPG-new.png?fit=300%2C133&ssl=1\",\"width\":300,\"height\":133,\"caption\":\"SPG\"},\"image\":{\"@id\":\"https:\\\/\\\/www.spg.com.tn\\\/#\\\/schema\\\/logo\\\/image\\\/\"},\"sameAs\":[\"https:\\\/\\\/www.facebook.com\\\/SPG.Software.Productivity.Group\\\/\",\"https:\\\/\\\/www.linkedin.com\\\/company\\\/software-productivity-group-spg\\\/\"]}]}<\/script>\n<!-- \/ Yoast SEO plugin. -->","yoast_head_json":{"title":"Neowave","robots":{"index":"index","follow":"follow","max-snippet":"max-snippet:-1","max-image-preview":"max-image-preview:large","max-video-preview":"max-video-preview:-1"},"canonical":"https:\/\/www.spg.com.tn\/en\/marques\/neowave\/","og_locale":"en_US","og_type":"article","og_title":"Neowave","og_url":"https:\/\/www.spg.com.tn\/en\/marques\/neowave\/","og_site_name":"SPG","article_publisher":"https:\/\/www.facebook.com\/SPG.Software.Productivity.Group\/","article_modified_time":"2025-10-17T07:52:52+00:00","twitter_card":"summary_large_image","twitter_misc":{"Est. reading time":"2 minutes"},"schema":{"@context":"https:\/\/schema.org","@graph":[{"@type":"WebPage","@id":"https:\/\/www.spg.com.tn\/marques\/neowave\/","url":"https:\/\/www.spg.com.tn\/marques\/neowave\/","name":"Neowave","isPartOf":{"@id":"https:\/\/www.spg.com.tn\/#website"},"datePublished":"2025-10-16T15:08:15+00:00","dateModified":"2025-10-17T07:52:52+00:00","breadcrumb":{"@id":"https:\/\/www.spg.com.tn\/marques\/neowave\/#breadcrumb"},"inLanguage":"en-US","potentialAction":[{"@type":"ReadAction","target":["https:\/\/www.spg.com.tn\/marques\/neowave\/"]}]},{"@type":"BreadcrumbList","@id":"https:\/\/www.spg.com.tn\/marques\/neowave\/#breadcrumb","itemListElement":[{"@type":"ListItem","position":1,"name":"Accueil","item":"https:\/\/www.spg.com.tn\/"},{"@type":"ListItem","position":2,"name":"MARQUES","item":"https:\/\/www.spg.com.tn\/marques\/"},{"@type":"ListItem","position":3,"name":"Neowave"}]},{"@type":"WebSite","@id":"https:\/\/www.spg.com.tn\/#website","url":"https:\/\/www.spg.com.tn\/","name":"SPG","description":"Grossiste Informatique \u00e0 Valeur ajout\u00e9e","publisher":{"@id":"https:\/\/www.spg.com.tn\/#organization"},"alternateName":"SPG distributeur des solutions","potentialAction":[{"@type":"SearchAction","target":{"@type":"EntryPoint","urlTemplate":"https:\/\/www.spg.com.tn\/?s={search_term_string}"},"query-input":{"@type":"PropertyValueSpecification","valueRequired":true,"valueName":"search_term_string"}}],"inLanguage":"en-US"},{"@type":"Organization","@id":"https:\/\/www.spg.com.tn\/#organization","name":"SPG","url":"https:\/\/www.spg.com.tn\/","logo":{"@type":"ImageObject","inLanguage":"en-US","@id":"https:\/\/www.spg.com.tn\/#\/schema\/logo\/image\/","url":"https:\/\/i0.wp.com\/www.spg.com.tn\/wp-content\/uploads\/2023\/07\/Logo-SPG-new.png?fit=300%2C133&ssl=1","contentUrl":"https:\/\/i0.wp.com\/www.spg.com.tn\/wp-content\/uploads\/2023\/07\/Logo-SPG-new.png?fit=300%2C133&ssl=1","width":300,"height":133,"caption":"SPG"},"image":{"@id":"https:\/\/www.spg.com.tn\/#\/schema\/logo\/image\/"},"sameAs":["https:\/\/www.facebook.com\/SPG.Software.Productivity.Group\/","https:\/\/www.linkedin.com\/company\/software-productivity-group-spg\/"]}]}},"jetpack_sharing_enabled":true,"jetpack_shortlink":"https:\/\/wp.me\/PaWB6B-xNY","jetpack_likes_enabled":true,"jetpack-related-posts":[],"_links":{"self":[{"href":"https:\/\/www.spg.com.tn\/en\/wp-json\/wp\/v2\/pages\/129950","targetHints":{"allow":["GET"]}}],"collection":[{"href":"https:\/\/www.spg.com.tn\/en\/wp-json\/wp\/v2\/pages"}],"about":[{"href":"https:\/\/www.spg.com.tn\/en\/wp-json\/wp\/v2\/types\/page"}],"author":[{"embeddable":true,"href":"https:\/\/www.spg.com.tn\/en\/wp-json\/wp\/v2\/users\/10"}],"replies":[{"embeddable":true,"href":"https:\/\/www.spg.com.tn\/en\/wp-json\/wp\/v2\/comments?post=129950"}],"version-history":[{"count":5,"href":"https:\/\/www.spg.com.tn\/en\/wp-json\/wp\/v2\/pages\/129950\/revisions"}],"predecessor-version":[{"id":130099,"href":"https:\/\/www.spg.com.tn\/en\/wp-json\/wp\/v2\/pages\/129950\/revisions\/130099"}],"up":[{"embeddable":true,"href":"https:\/\/www.spg.com.tn\/en\/wp-json\/wp\/v2\/pages\/3089"}],"wp:attachment":[{"href":"https:\/\/www.spg.com.tn\/en\/wp-json\/wp\/v2\/media?parent=129950"}],"curies":[{"name":"wp","href":"https:\/\/api.w.org\/{rel}","templated":true}]}}