{"id":3065,"date":"2019-02-25T15:23:50","date_gmt":"2019-02-25T15:23:50","guid":{"rendered":"https:\/\/www.spg.com.tn\/?page_id=3065"},"modified":"2019-08-27T11:19:21","modified_gmt":"2019-08-27T11:19:21","slug":"protection-des-donnees-numeriques","status":"publish","type":"page","link":"https:\/\/www.spg.com.tn\/en\/categories\/protection-des-donnees-numeriques\/","title":{"rendered":"Data Protection"},"content":{"rendered":"<section class=\"cover height-60 imagebg text-center\" data-overlay=\"0\" >\n\t\t\t    <div class=\"background-image-holder\">\n\t\t\t        <img loading=\"lazy\" decoding=\"async\" width=\"1351\" height=\"556\" src=\"https:\/\/i0.wp.com\/www.spg.com.tn\/wp-content\/uploads\/2019\/08\/Protection-des-donnees-numerique.jpg?fit=1351%2C556&amp;ssl=1\" class=\"attachment-full size-full\" alt=\"Protection des donn\u00e9es num\u00e9riques\" srcset=\"https:\/\/i0.wp.com\/www.spg.com.tn\/wp-content\/uploads\/2019\/08\/Protection-des-donnees-numerique.jpg?w=1351&amp;ssl=1 1351w, https:\/\/i0.wp.com\/www.spg.com.tn\/wp-content\/uploads\/2019\/08\/Protection-des-donnees-numerique.jpg?resize=300%2C123&amp;ssl=1 300w, https:\/\/i0.wp.com\/www.spg.com.tn\/wp-content\/uploads\/2019\/08\/Protection-des-donnees-numerique.jpg?resize=768%2C316&amp;ssl=1 768w, https:\/\/i0.wp.com\/www.spg.com.tn\/wp-content\/uploads\/2019\/08\/Protection-des-donnees-numerique.jpg?resize=1024%2C421&amp;ssl=1 1024w\" sizes=\"auto, (max-width: 1170px) 100vw, 1170px\" \/>\n\t\t\t    <\/div>\n\t\t\t    <div class=\"container pos-vertical-center\">\n\t\t\t        <div class=\"row\">\n\t\t\t            <div class=\"col-sm-12\"><h1 style=\"font-size: 40px;color: #ffffff;line-height: 40px;text-align: center;font-family:Lato;font-weight:700;font-style:normal\" class=\"vc_custom_heading\" >Data Protection<\/h1><\/div>\n\t\t\t        <\/div><!--end of row-->\n\t\t\t    <\/div><!--end of container-->\n\t\t\t    \n\t\t\t<\/section>\n\t\t<div class=\"vc_row-full-width vc_clearfix\"><\/div><div data-vc-full-width=\"true\" data-vc-full-width-init=\"false\" class=\"vc_row wpb_row vc_row-fluid\"><div class=\"wpb_column vc_column_container col-sm-12 vc_hidden-sm vc_hidden-xs\"><div class=\"vc_column-inner\"><div class=\"wpb_wrapper\">\n\t\t\t<section class=\"imageblock switchable switchable--switch regular-background feature-large space--sm\">\n\t\t\t    <div class=\"imageblock__content col-md-6 col-sm-4 pos-right\">\n\t\t\t        <div class=\"background-image-holder\">\n\t\t\t            <img loading=\"lazy\" decoding=\"async\" width=\"1042\" height=\"800\" src=\"https:\/\/i0.wp.com\/www.spg.com.tn\/wp-content\/uploads\/2019\/08\/bg-protection-donnees.jpg?fit=1042%2C800&amp;ssl=1\" class=\"attachment-full size-full\" alt=\"Protection des donn\u00e9es\" srcset=\"https:\/\/i0.wp.com\/www.spg.com.tn\/wp-content\/uploads\/2019\/08\/bg-protection-donnees.jpg?w=1042&amp;ssl=1 1042w, https:\/\/i0.wp.com\/www.spg.com.tn\/wp-content\/uploads\/2019\/08\/bg-protection-donnees.jpg?resize=300%2C230&amp;ssl=1 300w, https:\/\/i0.wp.com\/www.spg.com.tn\/wp-content\/uploads\/2019\/08\/bg-protection-donnees.jpg?resize=768%2C590&amp;ssl=1 768w, https:\/\/i0.wp.com\/www.spg.com.tn\/wp-content\/uploads\/2019\/08\/bg-protection-donnees.jpg?resize=1024%2C786&amp;ssl=1 1024w\" sizes=\"auto, (max-width: 1042px) 100vw, 1042px\" \/>\n\t\t\t        <\/div>\n\t\t\t    <\/div>\n\t\t\t    <div class=\"container\">\n\t\t\t        <div class=\"row\">\n\t\t\t            <div class=\"col-md-5 col-sm-7\">\n\t\t\t                \n\t<div class=\"wpb_text_column wpb_content_element\" >\n\t\t<div class=\"wpb_wrapper\">\n\t\t\t<p style=\"text-align: justify;\">The last few years have seen a remarkable change in the IT security policy and digital asset protection strategy of companies.<\/p>\n<p style=\"text-align: justify;\">From now on, regardless of their size, all companies have become vulnerable to the unintentional mistakes of their employees. Internal errors made by certain unaware, untrained employees can constitute a threat as dangerous as an external malicious attack. The impact is immediate: a risk of damage to the company's brand image, exposure of confidential data and other valuable information to fierce competition.\n\nTranslated with www.DeepL.com\/Translator (free version)<\/p>\n<p style=\"text-align: justify;\">Acting or rather preventing is better than reacting. Hence the need to be aware of this growing threat and the need to act quickly with adequate measures to defend and protect oneself.<\/p>\n<p style=\"text-align: justify;\">The term DLP (Data Loss Prevention) refers to the set of techniques that allow to identify information, control it and then protect it against any loss or leakage, based on in-depth content analysis, regardless of the status of the information stored, in motion or being processed. The objective is always to limit the leakage of critical data committed in an intentional or accidental way.<\/p>\n<table>\n<tbody>\n<tr>\n<td width=\"500\"><span class='pum-trigger  popmake-3324' data-do-default=''><img data-recalc-dims=\"1\" loading=\"lazy\" decoding=\"async\" src=\"https:\/\/i0.wp.com\/www.spg.com.tn\/wp-content\/uploads\/2019\/02\/symantec-Data-Loss-Prevention-1.png?resize=300%2C150&#038;ssl=1\" alt=\"\" class=\"alignleft size-full wp-image-25921\" width=\"300\" height=\"150\"\/><\/span><\/td>\n<td width=\"500\"><span class='pum-trigger  popmake-3326' data-do-default=''><img data-recalc-dims=\"1\" loading=\"lazy\" decoding=\"async\" src=\"https:\/\/i0.wp.com\/www.spg.com.tn\/wp-content\/uploads\/2019\/02\/Forcepoint-data-loss-prevention.png?resize=300%2C150&#038;ssl=1\" alt=\"\" class=\"alignleft size-full wp-image-25921\" width=\"300\" height=\"150\"\/><\/span><\/td>\n<\/tr>\n<\/tbody>\n<\/table>\n\n\t\t<\/div>\n\t<\/div>\n\n\t\t\t            <\/div>\n\t\t\t        <\/div><!--end of row-->\n\t\t\t    <\/div><!--end of container-->\n\t\t\t<\/section>\n\t\t<\/div><\/div><\/div><\/div><div class=\"vc_row-full-width vc_clearfix\"><\/div><div data-vc-full-width=\"true\" data-vc-full-width-init=\"false\" class=\"vc_row wpb_row vc_row-fluid\"><div class=\"wpb_column vc_column_container col-sm-12 vc_hidden-lg vc_hidden-md\"><div class=\"vc_column-inner\"><div class=\"wpb_wrapper\">\n\t<div class=\"wpb_text_column wpb_content_element  vc_custom_1554895740102\" >\n\t\t<div class=\"wpb_wrapper\">\n\t\t\t<p style=\"text-align: justify;\">The last few years have seen a remarkable change in the IT security policy and digital asset protection strategy of companies.<\/p>\n<p style=\"text-align: justify;\">From now on, regardless of their size, all companies have become vulnerable to the unintentional mistakes of their employees. Internal errors made by certain unaware, untrained employees can constitute a threat as dangerous as an external malicious attack. The impact is immediate: a risk of damage to the company's brand image, exposure of confidential data and other valuable information to fierce competition.\n\nTranslated with www.DeepL.com\/Translator (free version)<\/p>\n<p style=\"text-align: justify;\">Acting or rather preventing is better than reacting. Hence the need to be aware of this growing threat and the need to act quickly with adequate measures to defend and protect oneself.<\/p>\n<p style=\"text-align: justify;\">The term DLP (Data Loss Prevention) refers to the set of techniques that allow to identify information, control it and then protect it against any loss or leakage, based on in-depth content analysis, regardless of the status of the information stored, in motion or being processed. The objective is always to limit the leakage of critical data committed in an intentional or accidental way.<\/p>\n<table>\n<tbody>\n<tr>\n<td width=\"500\"><span class='pum-trigger  popmake-3324' data-do-default=''><img data-recalc-dims=\"1\" loading=\"lazy\" decoding=\"async\" src=\"https:\/\/i0.wp.com\/www.spg.com.tn\/wp-content\/uploads\/2019\/02\/symantec-Data-Loss-Prevention-1.png?resize=300%2C150&#038;ssl=1\" alt=\"\" class=\"alignleft size-full wp-image-25921\" width=\"300\" height=\"150\"\/><\/span><\/td>\n<td width=\"500\"><span class='pum-trigger  popmake-3326' data-do-default=''><img data-recalc-dims=\"1\" loading=\"lazy\" decoding=\"async\" src=\"https:\/\/i0.wp.com\/www.spg.com.tn\/wp-content\/uploads\/2019\/02\/Forcepoint-data-loss-prevention.png?resize=300%2C150&#038;ssl=1\" alt=\"\" class=\"alignleft size-full wp-image-25921\" width=\"300\" height=\"150\"\/><\/span><\/td>\n<\/tr>\n<\/tbody>\n<\/table>\n\n\t\t<\/div>\n\t<\/div>\n<\/div><\/div><\/div><\/div><div class=\"vc_row-full-width vc_clearfix\"><\/div>","protected":false},"excerpt":{"rendered":"PROTECTION DES DONN\u00c9ES NUM\u00c9RIQUES Ces derni\u00e8res ann\u00e9es ont \u00e9t\u00e9 marqu\u00e9es par un changement remarquable de la politique de s\u00e9curit\u00e9 informatique et de...","protected":false},"author":29,"featured_media":0,"parent":3028,"menu_order":0,"comment_status":"closed","ping_status":"closed","template":"","meta":{"om_disable_all_campaigns":false,"_exactmetrics_skip_tracking":false,"_exactmetrics_sitenote_active":false,"_exactmetrics_sitenote_note":"","_exactmetrics_sitenote_category":0,"_monsterinsights_skip_tracking":false,"_monsterinsights_sitenote_active":false,"_monsterinsights_sitenote_note":"","_monsterinsights_sitenote_category":0,"_uf_show_specific_survey":0,"_uf_disable_surveys":false,"jetpack_post_was_ever_published":false,"footnotes":""},"class_list":["post-3065","page","type-page","status-publish","hentry"],"aioseo_notices":[],"yoast_head":"<!-- This site is optimized with the Yoast SEO plugin v27.4 - https:\/\/yoast.com\/product\/yoast-seo-wordpress\/ -->\n<title>Protection des donn\u00e9es num\u00e9riques - SPG<\/title>\n<meta name=\"robots\" content=\"index, follow, max-snippet:-1, max-image-preview:large, max-video-preview:-1\" \/>\n<link rel=\"canonical\" href=\"https:\/\/www.spg.com.tn\/en\/categories\/protection-des-donnees-numeriques\/\" \/>\n<meta property=\"og:locale\" content=\"en_US\" \/>\n<meta property=\"og:type\" content=\"article\" \/>\n<meta property=\"og:title\" content=\"Protection des donn\u00e9es num\u00e9riques - SPG\" \/>\n<meta property=\"og:url\" content=\"https:\/\/www.spg.com.tn\/en\/categories\/protection-des-donnees-numeriques\/\" \/>\n<meta property=\"og:site_name\" content=\"SPG\" \/>\n<meta property=\"article:publisher\" content=\"https:\/\/www.facebook.com\/SPG.Software.Productivity.Group\/\" \/>\n<meta property=\"article:modified_time\" content=\"2019-08-27T11:19:21+00:00\" \/>\n<meta property=\"og:image\" content=\"https:\/\/www.spg.com.tn\/wp-content\/uploads\/2019\/02\/symantec-Data-Loss-Prevention-1.png\" \/>\n<meta name=\"twitter:card\" content=\"summary_large_image\" \/>\n<meta name=\"twitter:label1\" content=\"Est. reading time\" \/>\n\t<meta name=\"twitter:data1\" content=\"3 minutes\" \/>\n<script type=\"application\/ld+json\" class=\"yoast-schema-graph\">{\"@context\":\"https:\\\/\\\/schema.org\",\"@graph\":[{\"@type\":\"WebPage\",\"@id\":\"https:\\\/\\\/www.spg.com.tn\\\/categories\\\/protection-des-donnees-numeriques\\\/\",\"url\":\"https:\\\/\\\/www.spg.com.tn\\\/categories\\\/protection-des-donnees-numeriques\\\/\",\"name\":\"Protection des donn\u00e9es num\u00e9riques - SPG\",\"isPartOf\":{\"@id\":\"https:\\\/\\\/www.spg.com.tn\\\/#website\"},\"primaryImageOfPage\":{\"@id\":\"https:\\\/\\\/www.spg.com.tn\\\/categories\\\/protection-des-donnees-numeriques\\\/#primaryimage\"},\"image\":{\"@id\":\"https:\\\/\\\/www.spg.com.tn\\\/categories\\\/protection-des-donnees-numeriques\\\/#primaryimage\"},\"thumbnailUrl\":\"https:\\\/\\\/www.spg.com.tn\\\/wp-content\\\/uploads\\\/2019\\\/02\\\/symantec-Data-Loss-Prevention-1.png\",\"datePublished\":\"2019-02-25T15:23:50+00:00\",\"dateModified\":\"2019-08-27T11:19:21+00:00\",\"breadcrumb\":{\"@id\":\"https:\\\/\\\/www.spg.com.tn\\\/categories\\\/protection-des-donnees-numeriques\\\/#breadcrumb\"},\"inLanguage\":\"en-US\",\"potentialAction\":[{\"@type\":\"ReadAction\",\"target\":[\"https:\\\/\\\/www.spg.com.tn\\\/categories\\\/protection-des-donnees-numeriques\\\/\"]}]},{\"@type\":\"ImageObject\",\"inLanguage\":\"en-US\",\"@id\":\"https:\\\/\\\/www.spg.com.tn\\\/categories\\\/protection-des-donnees-numeriques\\\/#primaryimage\",\"url\":\"https:\\\/\\\/www.spg.com.tn\\\/wp-content\\\/uploads\\\/2019\\\/02\\\/symantec-Data-Loss-Prevention-1.png\",\"contentUrl\":\"https:\\\/\\\/www.spg.com.tn\\\/wp-content\\\/uploads\\\/2019\\\/02\\\/symantec-Data-Loss-Prevention-1.png\"},{\"@type\":\"BreadcrumbList\",\"@id\":\"https:\\\/\\\/www.spg.com.tn\\\/categories\\\/protection-des-donnees-numeriques\\\/#breadcrumb\",\"itemListElement\":[{\"@type\":\"ListItem\",\"position\":1,\"name\":\"Accueil\",\"item\":\"https:\\\/\\\/www.spg.com.tn\\\/\"},{\"@type\":\"ListItem\",\"position\":2,\"name\":\"Cat\u00e9gories\",\"item\":\"https:\\\/\\\/www.spg.com.tn\\\/categories\\\/\"},{\"@type\":\"ListItem\",\"position\":3,\"name\":\"Protection des donn\u00e9es num\u00e9riques\"}]},{\"@type\":\"WebSite\",\"@id\":\"https:\\\/\\\/www.spg.com.tn\\\/#website\",\"url\":\"https:\\\/\\\/www.spg.com.tn\\\/\",\"name\":\"SPG\",\"description\":\"Grossiste Informatique \u00e0 Valeur ajout\u00e9e\",\"publisher\":{\"@id\":\"https:\\\/\\\/www.spg.com.tn\\\/#organization\"},\"alternateName\":\"SPG distributeur des solutions\",\"potentialAction\":[{\"@type\":\"SearchAction\",\"target\":{\"@type\":\"EntryPoint\",\"urlTemplate\":\"https:\\\/\\\/www.spg.com.tn\\\/?s={search_term_string}\"},\"query-input\":{\"@type\":\"PropertyValueSpecification\",\"valueRequired\":true,\"valueName\":\"search_term_string\"}}],\"inLanguage\":\"en-US\"},{\"@type\":\"Organization\",\"@id\":\"https:\\\/\\\/www.spg.com.tn\\\/#organization\",\"name\":\"SPG\",\"url\":\"https:\\\/\\\/www.spg.com.tn\\\/\",\"logo\":{\"@type\":\"ImageObject\",\"inLanguage\":\"en-US\",\"@id\":\"https:\\\/\\\/www.spg.com.tn\\\/#\\\/schema\\\/logo\\\/image\\\/\",\"url\":\"https:\\\/\\\/i0.wp.com\\\/www.spg.com.tn\\\/wp-content\\\/uploads\\\/2023\\\/07\\\/Logo-SPG-new.png?fit=300%2C133&ssl=1\",\"contentUrl\":\"https:\\\/\\\/i0.wp.com\\\/www.spg.com.tn\\\/wp-content\\\/uploads\\\/2023\\\/07\\\/Logo-SPG-new.png?fit=300%2C133&ssl=1\",\"width\":300,\"height\":133,\"caption\":\"SPG\"},\"image\":{\"@id\":\"https:\\\/\\\/www.spg.com.tn\\\/#\\\/schema\\\/logo\\\/image\\\/\"},\"sameAs\":[\"https:\\\/\\\/www.facebook.com\\\/SPG.Software.Productivity.Group\\\/\",\"https:\\\/\\\/www.linkedin.com\\\/company\\\/software-productivity-group-spg\\\/\"]}]}<\/script>\n<!-- \/ Yoast SEO plugin. -->","yoast_head_json":{"title":"Protection des donn\u00e9es num\u00e9riques - SPG","robots":{"index":"index","follow":"follow","max-snippet":"max-snippet:-1","max-image-preview":"max-image-preview:large","max-video-preview":"max-video-preview:-1"},"canonical":"https:\/\/www.spg.com.tn\/en\/categories\/protection-des-donnees-numeriques\/","og_locale":"en_US","og_type":"article","og_title":"Protection des donn\u00e9es num\u00e9riques - SPG","og_url":"https:\/\/www.spg.com.tn\/en\/categories\/protection-des-donnees-numeriques\/","og_site_name":"SPG","article_publisher":"https:\/\/www.facebook.com\/SPG.Software.Productivity.Group\/","article_modified_time":"2019-08-27T11:19:21+00:00","og_image":[{"url":"https:\/\/www.spg.com.tn\/wp-content\/uploads\/2019\/02\/symantec-Data-Loss-Prevention-1.png","type":"","width":"","height":""}],"twitter_card":"summary_large_image","twitter_misc":{"Est. reading time":"3 minutes"},"schema":{"@context":"https:\/\/schema.org","@graph":[{"@type":"WebPage","@id":"https:\/\/www.spg.com.tn\/categories\/protection-des-donnees-numeriques\/","url":"https:\/\/www.spg.com.tn\/categories\/protection-des-donnees-numeriques\/","name":"Protection des donn\u00e9es num\u00e9riques - SPG","isPartOf":{"@id":"https:\/\/www.spg.com.tn\/#website"},"primaryImageOfPage":{"@id":"https:\/\/www.spg.com.tn\/categories\/protection-des-donnees-numeriques\/#primaryimage"},"image":{"@id":"https:\/\/www.spg.com.tn\/categories\/protection-des-donnees-numeriques\/#primaryimage"},"thumbnailUrl":"https:\/\/www.spg.com.tn\/wp-content\/uploads\/2019\/02\/symantec-Data-Loss-Prevention-1.png","datePublished":"2019-02-25T15:23:50+00:00","dateModified":"2019-08-27T11:19:21+00:00","breadcrumb":{"@id":"https:\/\/www.spg.com.tn\/categories\/protection-des-donnees-numeriques\/#breadcrumb"},"inLanguage":"en-US","potentialAction":[{"@type":"ReadAction","target":["https:\/\/www.spg.com.tn\/categories\/protection-des-donnees-numeriques\/"]}]},{"@type":"ImageObject","inLanguage":"en-US","@id":"https:\/\/www.spg.com.tn\/categories\/protection-des-donnees-numeriques\/#primaryimage","url":"https:\/\/www.spg.com.tn\/wp-content\/uploads\/2019\/02\/symantec-Data-Loss-Prevention-1.png","contentUrl":"https:\/\/www.spg.com.tn\/wp-content\/uploads\/2019\/02\/symantec-Data-Loss-Prevention-1.png"},{"@type":"BreadcrumbList","@id":"https:\/\/www.spg.com.tn\/categories\/protection-des-donnees-numeriques\/#breadcrumb","itemListElement":[{"@type":"ListItem","position":1,"name":"Accueil","item":"https:\/\/www.spg.com.tn\/"},{"@type":"ListItem","position":2,"name":"Cat\u00e9gories","item":"https:\/\/www.spg.com.tn\/categories\/"},{"@type":"ListItem","position":3,"name":"Protection des donn\u00e9es num\u00e9riques"}]},{"@type":"WebSite","@id":"https:\/\/www.spg.com.tn\/#website","url":"https:\/\/www.spg.com.tn\/","name":"SPG","description":"Grossiste Informatique \u00e0 Valeur ajout\u00e9e","publisher":{"@id":"https:\/\/www.spg.com.tn\/#organization"},"alternateName":"SPG distributeur des solutions","potentialAction":[{"@type":"SearchAction","target":{"@type":"EntryPoint","urlTemplate":"https:\/\/www.spg.com.tn\/?s={search_term_string}"},"query-input":{"@type":"PropertyValueSpecification","valueRequired":true,"valueName":"search_term_string"}}],"inLanguage":"en-US"},{"@type":"Organization","@id":"https:\/\/www.spg.com.tn\/#organization","name":"SPG","url":"https:\/\/www.spg.com.tn\/","logo":{"@type":"ImageObject","inLanguage":"en-US","@id":"https:\/\/www.spg.com.tn\/#\/schema\/logo\/image\/","url":"https:\/\/i0.wp.com\/www.spg.com.tn\/wp-content\/uploads\/2023\/07\/Logo-SPG-new.png?fit=300%2C133&ssl=1","contentUrl":"https:\/\/i0.wp.com\/www.spg.com.tn\/wp-content\/uploads\/2023\/07\/Logo-SPG-new.png?fit=300%2C133&ssl=1","width":300,"height":133,"caption":"SPG"},"image":{"@id":"https:\/\/www.spg.com.tn\/#\/schema\/logo\/image\/"},"sameAs":["https:\/\/www.facebook.com\/SPG.Software.Productivity.Group\/","https:\/\/www.linkedin.com\/company\/software-productivity-group-spg\/"]}]}},"jetpack_sharing_enabled":true,"jetpack_shortlink":"https:\/\/wp.me\/PaWB6B-Nr","jetpack_likes_enabled":true,"jetpack-related-posts":[],"_links":{"self":[{"href":"https:\/\/www.spg.com.tn\/en\/wp-json\/wp\/v2\/pages\/3065","targetHints":{"allow":["GET"]}}],"collection":[{"href":"https:\/\/www.spg.com.tn\/en\/wp-json\/wp\/v2\/pages"}],"about":[{"href":"https:\/\/www.spg.com.tn\/en\/wp-json\/wp\/v2\/types\/page"}],"author":[{"embeddable":true,"href":"https:\/\/www.spg.com.tn\/en\/wp-json\/wp\/v2\/users\/29"}],"replies":[{"embeddable":true,"href":"https:\/\/www.spg.com.tn\/en\/wp-json\/wp\/v2\/comments?post=3065"}],"version-history":[{"count":0,"href":"https:\/\/www.spg.com.tn\/en\/wp-json\/wp\/v2\/pages\/3065\/revisions"}],"up":[{"embeddable":true,"href":"https:\/\/www.spg.com.tn\/en\/wp-json\/wp\/v2\/pages\/3028"}],"wp:attachment":[{"href":"https:\/\/www.spg.com.tn\/en\/wp-json\/wp\/v2\/media?parent=3065"}],"curies":[{"name":"wp","href":"https:\/\/api.w.org\/{rel}","templated":true}]}}