{"id":3081,"date":"2019-02-25T15:40:04","date_gmt":"2019-02-25T15:40:04","guid":{"rendered":"https:\/\/www.spg.com.tn\/?page_id=3081"},"modified":"2019-08-28T08:34:54","modified_gmt":"2019-08-28T08:34:54","slug":"securite-electrique","status":"publish","type":"page","link":"https:\/\/www.spg.com.tn\/en\/categories\/securite-electrique\/","title":{"rendered":"Electrical Protection"},"content":{"rendered":"<section class=\"cover height-60 imagebg text-center\" data-overlay=\"0\" >\n\t\t\t    <div class=\"background-image-holder\">\n\t\t\t        <img loading=\"lazy\" decoding=\"async\" width=\"1351\" height=\"556\" src=\"https:\/\/i0.wp.com\/www.spg.com.tn\/wp-content\/uploads\/2019\/08\/securite-electrique.jpg?fit=1351%2C556&amp;ssl=1\" class=\"attachment-full size-full\" alt=\"S\u00e9curit\u00e9 \u00e9lectrique\" srcset=\"https:\/\/i0.wp.com\/www.spg.com.tn\/wp-content\/uploads\/2019\/08\/securite-electrique.jpg?w=1351&amp;ssl=1 1351w, https:\/\/i0.wp.com\/www.spg.com.tn\/wp-content\/uploads\/2019\/08\/securite-electrique.jpg?resize=300%2C123&amp;ssl=1 300w, https:\/\/i0.wp.com\/www.spg.com.tn\/wp-content\/uploads\/2019\/08\/securite-electrique.jpg?resize=768%2C316&amp;ssl=1 768w, https:\/\/i0.wp.com\/www.spg.com.tn\/wp-content\/uploads\/2019\/08\/securite-electrique.jpg?resize=1024%2C421&amp;ssl=1 1024w\" sizes=\"auto, (max-width: 1170px) 100vw, 1170px\" \/>\n\t\t\t    <\/div>\n\t\t\t    <div class=\"container pos-vertical-center\">\n\t\t\t        <div class=\"row\">\n\t\t\t            <div class=\"col-sm-12\"><h1 style=\"font-size: 40px;color: #ffffff;line-height: 40px;text-align: center;font-family:Lato;font-weight:700;font-style:normal\" class=\"vc_custom_heading\" >Electrical Protection<\/h1><\/div>\n\t\t\t        <\/div><!--end of row-->\n\t\t\t    <\/div><!--end of container-->\n\t\t\t    \n\t\t\t<\/section>\n\t\t<div class=\"vc_row-full-width vc_clearfix\"><\/div><div data-vc-full-width=\"true\" data-vc-full-width-init=\"false\" class=\"vc_row wpb_row vc_row-fluid\"><div class=\"wpb_column vc_column_container col-sm-12 vc_hidden-sm vc_hidden-xs\"><div class=\"vc_column-inner\"><div class=\"wpb_wrapper\">\n\t\t\t<section class=\"imageblock switchable feature-large regular-background space--sm\">\n\t\t\t    <div class=\"imageblock__content col-md-6 col-sm-4 pos-right\">\n\t\t\t        <div class=\"background-image-holder\">\n\t\t\t            <img loading=\"lazy\" decoding=\"async\" width=\"765\" height=\"765\" src=\"https:\/\/i0.wp.com\/www.spg.com.tn\/wp-content\/uploads\/2019\/08\/electronique.jpg?fit=765%2C765&amp;ssl=1\" class=\"attachment-full size-full\" alt=\"\u00c9lectronique\" srcset=\"https:\/\/i0.wp.com\/www.spg.com.tn\/wp-content\/uploads\/2019\/08\/electronique.jpg?w=765&amp;ssl=1 765w, https:\/\/i0.wp.com\/www.spg.com.tn\/wp-content\/uploads\/2019\/08\/electronique.jpg?resize=150%2C150&amp;ssl=1 150w, https:\/\/i0.wp.com\/www.spg.com.tn\/wp-content\/uploads\/2019\/08\/electronique.jpg?resize=300%2C300&amp;ssl=1 300w, https:\/\/i0.wp.com\/www.spg.com.tn\/wp-content\/uploads\/2019\/08\/electronique.jpg?resize=60%2C60&amp;ssl=1 60w\" sizes=\"auto, (max-width: 765px) 100vw, 765px\" \/>\n\t\t\t        <\/div>\n\t\t\t    <\/div>\n\t\t\t    <div class=\"container\">\n\t\t\t        <div class=\"row\">\n\t\t\t            <div class=\"col-md-5 col-sm-7\">\n\t\t\t                <h2 style=\"text-align: left\" class=\"vc_custom_heading\" >What is an inverter?<\/h2>\n\t<div class=\"wpb_text_column wpb_content_element\" >\n\t\t<div class=\"wpb_wrapper\">\n\t\t\t<p style=\"text-align: justify;\">The inverter is an <strong>important<\/strong> device in the <strong>security<\/strong> electronic equipment (computer, industrial, telecommunication etc...)<\/p>\n<p style=\"text-align: justify;\">Its main mission is to <strong>to take over the sector <\/strong>when a power failure occurs. Its <strong>batteries <\/strong>supply the equipment connected to the inverter, thus leaving the users <strong>time to save <\/strong>their work in progress and <strong>to turn off<\/strong> the equipment concerned and this during the declared period <strong>autonomy<\/strong> of the inverter.<\/p>\n<p style=\"text-align: left;\"><strong>Role of the inverter :<\/strong><\/p>\n<p style=\"text-align: justify;\">An inverter shall <strong>ensure <\/strong>not only<strong> continuity <\/strong>of the supply <strong>of electricity<\/strong> to the devices, but also to ensure that the power is of good <strong>quality<\/strong>. A power outage is not the only incident an inverter must deal with. The <strong>filtering<\/strong>, as well as the <strong>voltage regulation<\/strong>, are also part of the important functions to be provided.<\/p>\n\n\t\t<\/div>\n\t<\/div>\n\n\t\t\t            <\/div>\n\t\t\t        <\/div><!--end of row-->\n\t\t\t    <\/div><!--end of container-->\n\t\t\t<\/section>\n\t\t\n\t\t\t<section class=\"imageblock switchable switchable--switch regular-background feature-large space--sm\">\n\t\t\t    <div class=\"imageblock__content col-md-6 col-sm-4 pos-right\">\n\t\t\t        <div class=\"background-image-holder\">\n\t\t\t            <img loading=\"lazy\" decoding=\"async\" width=\"739\" height=\"739\" src=\"https:\/\/i0.wp.com\/www.spg.com.tn\/wp-content\/uploads\/2019\/08\/pc.jpg?fit=739%2C739&amp;ssl=1\" class=\"attachment-full size-full\" alt=\"PC\" srcset=\"https:\/\/i0.wp.com\/www.spg.com.tn\/wp-content\/uploads\/2019\/08\/pc.jpg?w=739&amp;ssl=1 739w, https:\/\/i0.wp.com\/www.spg.com.tn\/wp-content\/uploads\/2019\/08\/pc.jpg?resize=150%2C150&amp;ssl=1 150w, https:\/\/i0.wp.com\/www.spg.com.tn\/wp-content\/uploads\/2019\/08\/pc.jpg?resize=300%2C300&amp;ssl=1 300w, https:\/\/i0.wp.com\/www.spg.com.tn\/wp-content\/uploads\/2019\/08\/pc.jpg?resize=60%2C60&amp;ssl=1 60w\" sizes=\"auto, (max-width: 739px) 100vw, 739px\" \/>\n\t\t\t        <\/div>\n\t\t\t    <\/div>\n\t\t\t    <div class=\"container\">\n\t\t\t        <div class=\"row\">\n\t\t\t            <div class=\"col-md-5 col-sm-7\">\n\t\t\t                <h2 style=\"text-align: left\" class=\"vc_custom_heading\" >Line Interactive Technology<\/h2>\n\t<div class=\"wpb_text_column wpb_content_element\" >\n\t\t<div class=\"wpb_wrapper\">\n\t\t\t<p align=\"justify\"><span lang=\"fr-FR\"> Line Interactive Technology is used to protect PCs against power outages and over-voltage. The inverter has an automatic voltage regulation system that guarantees the distribution of good quality power to your devices. <\/span><\/p>\n<p align=\"justify\"><span lang=\"fr-FR\">The automatic voltage regulation system is an improvement over the old off-line technology, which allows us to control the output voltage and to have a protection against important voltage variations. <\/span><\/p>\n<p align=\"justify\"><span lang=\"fr-FR\">The X1, X2, X3 and X4 range ensures the distribution to your connected devices of a quality current during important variations and without soliciting the batteries whose lifespan is dependent on the number of cycles of charge \/ discharge.<\/span><\/p>\n<p align=\"justify\"><span lang=\"fr-FR\">In the event of a power failure, the UPS switches to battery mode with a switching time.<\/span><\/p>\n\n\t\t<\/div>\n\t<\/div>\n\n\t\t\t            <\/div>\n\t\t\t        <\/div><!--end of row-->\n\t\t\t    <\/div><!--end of container-->\n\t\t\t<\/section>\n\t\t\n\t\t\t<section class=\"imageblock switchable feature-large regular-background space--sm\">\n\t\t\t    <div class=\"imageblock__content col-md-6 col-sm-4 pos-right\">\n\t\t\t        <div class=\"background-image-holder\">\n\t\t\t            <img loading=\"lazy\" decoding=\"async\" width=\"800\" height=\"800\" src=\"https:\/\/i0.wp.com\/www.spg.com.tn\/wp-content\/uploads\/2019\/08\/data.jpg?fit=800%2C800&amp;ssl=1\" class=\"attachment-full size-full\" alt=\"Data\" srcset=\"https:\/\/i0.wp.com\/www.spg.com.tn\/wp-content\/uploads\/2019\/08\/data.jpg?w=800&amp;ssl=1 800w, https:\/\/i0.wp.com\/www.spg.com.tn\/wp-content\/uploads\/2019\/08\/data.jpg?resize=150%2C150&amp;ssl=1 150w, https:\/\/i0.wp.com\/www.spg.com.tn\/wp-content\/uploads\/2019\/08\/data.jpg?resize=300%2C300&amp;ssl=1 300w, https:\/\/i0.wp.com\/www.spg.com.tn\/wp-content\/uploads\/2019\/08\/data.jpg?resize=768%2C768&amp;ssl=1 768w, https:\/\/i0.wp.com\/www.spg.com.tn\/wp-content\/uploads\/2019\/08\/data.jpg?resize=60%2C60&amp;ssl=1 60w\" sizes=\"auto, (max-width: 800px) 100vw, 800px\" \/>\n\t\t\t        <\/div>\n\t\t\t    <\/div>\n\t\t\t    <div class=\"container\">\n\t\t\t        <div class=\"row\">\n\t\t\t            <div class=\"col-md-5 col-sm-7\">\n\t\t\t                <h2 style=\"text-align: left\" class=\"vc_custom_heading\" >On-Line Double Conversion Technology<\/h2>\n\t<div class=\"wpb_text_column wpb_content_element\" >\n\t\t<div class=\"wpb_wrapper\">\n\t\t\t<p align=\"justify\"><span lang=\"fr-FR\"> On-Line Double Conversion Technology is used to protect and ensure the continuity of service of servers, corporate networks, sensitive applications and in industrial environments under all circumstances. <\/span><\/p>\n<p align=\"justify\"><span lang=\"fr-FR\">This technology ensures an excellent level of electrical security for your sensitive strategic loads regardless of mains disturbances.<\/span><\/p>\n<p align=\"justify\"><span lang=\"fr-FR\">Thanks to this technology the load to be protected is isolated from the mains, therefore the Online double conversion inverters guarantee a total protection and a perfect sinusoidal current at the output with a zero switching time avoiding micro cuts. <\/span><\/p>\n<p align=\"justify\"><span lang=\"fr-FR\">Communication and monitoring via USB, RS232 and SNMP card are recommended. The different communication interfaces allow the inverters to be supervised and controlled remotely with the InfoPower software.<\/span><\/p>\n<p align=\"justify\"><span lang=\"fr-FR\">In the event of a power failure, the InfoPower software will save the data and automatically close all programs in complete safety. <\/span><\/p>\n<p align=\"justify\"><span lang=\"fr-FR\">In unstable or demanding environments, INFOSEC's online range offers the possibility of adding battery extension modules for extended autonomy.<\/span><\/p>\n\n\t\t<\/div>\n\t<\/div>\n\n\t\t\t            <\/div>\n\t\t\t        <\/div><!--end of row-->\n\t\t\t    <\/div><!--end of container-->\n\t\t\t<\/section>\n\t\t<\/div><\/div><\/div><\/div><div class=\"vc_row-full-width vc_clearfix\"><\/div><div data-vc-full-width=\"true\" data-vc-full-width-init=\"false\" class=\"vc_row wpb_row vc_row-fluid\"><div class=\"wpb_column vc_column_container col-sm-12 vc_hidden-lg vc_hidden-md\"><div class=\"vc_column-inner vc_custom_1554906412859\"><div class=\"wpb_wrapper\"><h2 style=\"text-align: left\" class=\"vc_custom_heading vc_custom_1554906405919\" >What is an inverter?<\/h2>\n\t<div class=\"wpb_text_column wpb_content_element  vc_custom_1554906399352\" >\n\t\t<div class=\"wpb_wrapper\">\n\t\t\t<p style=\"text-align: justify;\">The inverter is an <strong>important<\/strong> device in the <strong>security<\/strong> electronic equipment (computer, industrial, telecommunication etc...)<\/p>\n<p style=\"text-align: justify;\">Its main mission is to <strong>to take over the sector <\/strong>when a power failure occurs. Its <strong>batteries <\/strong>supply the equipment connected to the inverter, thus leaving the users <strong>time to save <\/strong>their work in progress and <strong>to turn off<\/strong> the equipment concerned and this during the declared period <strong>autonomy<\/strong> of the inverter.<\/p>\n<p style=\"text-align: left;\"><strong>Role of the inverter :<\/strong><\/p>\n<p style=\"text-align: justify;\">An inverter shall <strong>ensure <\/strong>not only<strong> continuity <\/strong>of the supply <strong>of electricity<\/strong> to the devices, but also to ensure that the power is of good <strong>quality<\/strong>. A power outage is not the only incident an inverter must deal with. The <strong>filtering<\/strong>, as well as the <strong>voltage regulation<\/strong>, are also part of the important functions to be provided.<\/p>\n\n\t\t<\/div>\n\t<\/div>\n<h2 style=\"text-align: left\" class=\"vc_custom_heading vc_custom_1554906393263\" >Line Interactive Technology<\/h2>\n\t<div class=\"wpb_text_column wpb_content_element  vc_custom_1554906388293\" >\n\t\t<div class=\"wpb_wrapper\">\n\t\t\t<p align=\"justify\"><span lang=\"fr-FR\"> Line Interactive Technology is used to protect PCs against power outages and over-voltage. The inverter has an automatic voltage regulation system that guarantees the distribution of good quality power to your devices. <\/span><\/p>\n<p align=\"justify\"><span lang=\"fr-FR\">The automatic voltage regulation system is an improvement over the old off-line technology, which allows us to control the output voltage and to have a protection against important voltage variations. <\/span><\/p>\n<p align=\"justify\"><span lang=\"fr-FR\">The X1, X2, X3 and X4 range ensures the distribution to your connected devices of a quality current during important variations and without soliciting the batteries whose lifespan is dependent on the number of cycles of charge \/ discharge.<\/span><\/p>\n<p align=\"justify\"><span lang=\"fr-FR\">In the event of a power failure, the UPS switches to battery mode with a switching time.<\/span><\/p>\n\n\t\t<\/div>\n\t<\/div>\n<h2 style=\"text-align: left\" class=\"vc_custom_heading vc_custom_1554906381275\" >On-Line Double Conversion Technology<\/h2>\n\t<div class=\"wpb_text_column wpb_content_element  vc_custom_1554906374283\" >\n\t\t<div class=\"wpb_wrapper\">\n\t\t\t<p align=\"justify\"><span lang=\"fr-FR\"> On-Line Double Conversion Technology is used to protect and ensure the continuity of service of servers, corporate networks, sensitive applications and in industrial environments under all circumstances. <\/span><\/p>\n<p align=\"justify\"><span lang=\"fr-FR\">This technology ensures an excellent level of electrical security for your sensitive strategic loads regardless of mains disturbances.<\/span><\/p>\n<p align=\"justify\"><span lang=\"fr-FR\">Thanks to this technology the load to be protected is isolated from the mains, therefore the Online double conversion inverters guarantee a total protection and a perfect sinusoidal current at the output with a zero switching time avoiding micro cuts. <\/span><\/p>\n<p align=\"justify\"><span lang=\"fr-FR\">Communication and monitoring via USB, RS232 and SNMP card are recommended. The different communication interfaces allow the inverters to be supervised and controlled remotely with the InfoPower software.<\/span><\/p>\n<p align=\"justify\"><span lang=\"fr-FR\">In the event of a power failure, the InfoPower software will save the data and automatically close all programs in complete safety. <\/span><\/p>\n<p align=\"justify\"><span lang=\"fr-FR\">In unstable or demanding environments, INFOSEC's online range offers the possibility of adding battery extension modules for extended autonomy.<\/span><\/p>\n\n\t\t<\/div>\n\t<\/div>\n<\/div><\/div><\/div><\/div><div class=\"vc_row-full-width vc_clearfix\"><\/div>","protected":false},"excerpt":{"rendered":"S\u00c9CURIT\u00c9 \u00c9LECTRIQUE Qu\u2019est ce qu' un onduleur ? L\u2019onduleur est un dispositif important dans la s\u00e9curit\u00e9 des \u00e9quipements \u00e9lectroniques (informatiques, industriels, t\u00e9l\u00e9communication...","protected":false},"author":29,"featured_media":0,"parent":3028,"menu_order":0,"comment_status":"closed","ping_status":"closed","template":"","meta":{"om_disable_all_campaigns":false,"_exactmetrics_skip_tracking":false,"_exactmetrics_sitenote_active":false,"_exactmetrics_sitenote_note":"","_exactmetrics_sitenote_category":0,"_monsterinsights_skip_tracking":false,"_monsterinsights_sitenote_active":false,"_monsterinsights_sitenote_note":"","_monsterinsights_sitenote_category":0,"_uf_show_specific_survey":0,"_uf_disable_surveys":false,"jetpack_post_was_ever_published":false,"footnotes":""},"class_list":["post-3081","page","type-page","status-publish","hentry"],"aioseo_notices":[],"yoast_head":"<!-- This site is optimized with the Yoast SEO plugin v27.1.1 - https:\/\/yoast.com\/product\/yoast-seo-wordpress\/ -->\n<title>S\u00e9curit\u00e9 \u00c9lectrique - SPG<\/title>\n<meta name=\"robots\" content=\"index, follow, max-snippet:-1, max-image-preview:large, max-video-preview:-1\" \/>\n<link rel=\"canonical\" href=\"https:\/\/www.spg.com.tn\/en\/categories\/securite-electrique\/\" \/>\n<meta property=\"og:locale\" content=\"en_US\" \/>\n<meta property=\"og:type\" content=\"article\" \/>\n<meta property=\"og:title\" content=\"S\u00e9curit\u00e9 \u00c9lectrique - SPG\" \/>\n<meta property=\"og:url\" content=\"https:\/\/www.spg.com.tn\/en\/categories\/securite-electrique\/\" \/>\n<meta property=\"og:site_name\" content=\"SPG\" \/>\n<meta property=\"article:publisher\" content=\"https:\/\/www.facebook.com\/SPG.Software.Productivity.Group\/\" \/>\n<meta property=\"article:modified_time\" content=\"2019-08-28T08:34:54+00:00\" \/>\n<meta name=\"twitter:card\" content=\"summary_large_image\" \/>\n<meta name=\"twitter:label1\" content=\"Est. reading time\" \/>\n\t<meta name=\"twitter:data1\" content=\"6 minutes\" \/>\n<script type=\"application\/ld+json\" class=\"yoast-schema-graph\">{\"@context\":\"https:\/\/schema.org\",\"@graph\":[{\"@type\":\"WebPage\",\"@id\":\"https:\/\/www.spg.com.tn\/categories\/securite-electrique\/\",\"url\":\"https:\/\/www.spg.com.tn\/categories\/securite-electrique\/\",\"name\":\"S\u00e9curit\u00e9 \u00c9lectrique - SPG\",\"isPartOf\":{\"@id\":\"https:\/\/www.spg.com.tn\/#website\"},\"datePublished\":\"2019-02-25T15:40:04+00:00\",\"dateModified\":\"2019-08-28T08:34:54+00:00\",\"breadcrumb\":{\"@id\":\"https:\/\/www.spg.com.tn\/categories\/securite-electrique\/#breadcrumb\"},\"inLanguage\":\"en-US\",\"potentialAction\":[{\"@type\":\"ReadAction\",\"target\":[\"https:\/\/www.spg.com.tn\/categories\/securite-electrique\/\"]}]},{\"@type\":\"BreadcrumbList\",\"@id\":\"https:\/\/www.spg.com.tn\/categories\/securite-electrique\/#breadcrumb\",\"itemListElement\":[{\"@type\":\"ListItem\",\"position\":1,\"name\":\"Accueil\",\"item\":\"https:\/\/www.spg.com.tn\/\"},{\"@type\":\"ListItem\",\"position\":2,\"name\":\"Cat\u00e9gories\",\"item\":\"https:\/\/www.spg.com.tn\/categories\/\"},{\"@type\":\"ListItem\",\"position\":3,\"name\":\"S\u00e9curit\u00e9 \u00c9lectrique\"}]},{\"@type\":\"WebSite\",\"@id\":\"https:\/\/www.spg.com.tn\/#website\",\"url\":\"https:\/\/www.spg.com.tn\/\",\"name\":\"SPG\",\"description\":\"Grossiste Informatique \u00e0 Valeur ajout\u00e9e\",\"publisher\":{\"@id\":\"https:\/\/www.spg.com.tn\/#organization\"},\"alternateName\":\"SPG distributeur des solutions\",\"potentialAction\":[{\"@type\":\"SearchAction\",\"target\":{\"@type\":\"EntryPoint\",\"urlTemplate\":\"https:\/\/www.spg.com.tn\/?s={search_term_string}\"},\"query-input\":{\"@type\":\"PropertyValueSpecification\",\"valueRequired\":true,\"valueName\":\"search_term_string\"}}],\"inLanguage\":\"en-US\"},{\"@type\":\"Organization\",\"@id\":\"https:\/\/www.spg.com.tn\/#organization\",\"name\":\"SPG\",\"url\":\"https:\/\/www.spg.com.tn\/\",\"logo\":{\"@type\":\"ImageObject\",\"inLanguage\":\"en-US\",\"@id\":\"https:\/\/www.spg.com.tn\/#\/schema\/logo\/image\/\",\"url\":\"https:\/\/i0.wp.com\/www.spg.com.tn\/wp-content\/uploads\/2023\/07\/Logo-SPG-new.png?fit=300%2C133&ssl=1\",\"contentUrl\":\"https:\/\/i0.wp.com\/www.spg.com.tn\/wp-content\/uploads\/2023\/07\/Logo-SPG-new.png?fit=300%2C133&ssl=1\",\"width\":300,\"height\":133,\"caption\":\"SPG\"},\"image\":{\"@id\":\"https:\/\/www.spg.com.tn\/#\/schema\/logo\/image\/\"},\"sameAs\":[\"https:\/\/www.facebook.com\/SPG.Software.Productivity.Group\/\",\"https:\/\/www.linkedin.com\/company\/software-productivity-group-spg\/\"]}]}<\/script>\n<!-- \/ Yoast SEO plugin. -->","yoast_head_json":{"title":"S\u00e9curit\u00e9 \u00c9lectrique - SPG","robots":{"index":"index","follow":"follow","max-snippet":"max-snippet:-1","max-image-preview":"max-image-preview:large","max-video-preview":"max-video-preview:-1"},"canonical":"https:\/\/www.spg.com.tn\/en\/categories\/securite-electrique\/","og_locale":"en_US","og_type":"article","og_title":"S\u00e9curit\u00e9 \u00c9lectrique - SPG","og_url":"https:\/\/www.spg.com.tn\/en\/categories\/securite-electrique\/","og_site_name":"SPG","article_publisher":"https:\/\/www.facebook.com\/SPG.Software.Productivity.Group\/","article_modified_time":"2019-08-28T08:34:54+00:00","twitter_card":"summary_large_image","twitter_misc":{"Est. reading time":"6 minutes"},"schema":{"@context":"https:\/\/schema.org","@graph":[{"@type":"WebPage","@id":"https:\/\/www.spg.com.tn\/categories\/securite-electrique\/","url":"https:\/\/www.spg.com.tn\/categories\/securite-electrique\/","name":"S\u00e9curit\u00e9 \u00c9lectrique - SPG","isPartOf":{"@id":"https:\/\/www.spg.com.tn\/#website"},"datePublished":"2019-02-25T15:40:04+00:00","dateModified":"2019-08-28T08:34:54+00:00","breadcrumb":{"@id":"https:\/\/www.spg.com.tn\/categories\/securite-electrique\/#breadcrumb"},"inLanguage":"en-US","potentialAction":[{"@type":"ReadAction","target":["https:\/\/www.spg.com.tn\/categories\/securite-electrique\/"]}]},{"@type":"BreadcrumbList","@id":"https:\/\/www.spg.com.tn\/categories\/securite-electrique\/#breadcrumb","itemListElement":[{"@type":"ListItem","position":1,"name":"Accueil","item":"https:\/\/www.spg.com.tn\/"},{"@type":"ListItem","position":2,"name":"Cat\u00e9gories","item":"https:\/\/www.spg.com.tn\/categories\/"},{"@type":"ListItem","position":3,"name":"S\u00e9curit\u00e9 \u00c9lectrique"}]},{"@type":"WebSite","@id":"https:\/\/www.spg.com.tn\/#website","url":"https:\/\/www.spg.com.tn\/","name":"SPG","description":"Grossiste Informatique \u00e0 Valeur ajout\u00e9e","publisher":{"@id":"https:\/\/www.spg.com.tn\/#organization"},"alternateName":"SPG distributeur des solutions","potentialAction":[{"@type":"SearchAction","target":{"@type":"EntryPoint","urlTemplate":"https:\/\/www.spg.com.tn\/?s={search_term_string}"},"query-input":{"@type":"PropertyValueSpecification","valueRequired":true,"valueName":"search_term_string"}}],"inLanguage":"en-US"},{"@type":"Organization","@id":"https:\/\/www.spg.com.tn\/#organization","name":"SPG","url":"https:\/\/www.spg.com.tn\/","logo":{"@type":"ImageObject","inLanguage":"en-US","@id":"https:\/\/www.spg.com.tn\/#\/schema\/logo\/image\/","url":"https:\/\/i0.wp.com\/www.spg.com.tn\/wp-content\/uploads\/2023\/07\/Logo-SPG-new.png?fit=300%2C133&ssl=1","contentUrl":"https:\/\/i0.wp.com\/www.spg.com.tn\/wp-content\/uploads\/2023\/07\/Logo-SPG-new.png?fit=300%2C133&ssl=1","width":300,"height":133,"caption":"SPG"},"image":{"@id":"https:\/\/www.spg.com.tn\/#\/schema\/logo\/image\/"},"sameAs":["https:\/\/www.facebook.com\/SPG.Software.Productivity.Group\/","https:\/\/www.linkedin.com\/company\/software-productivity-group-spg\/"]}]}},"jetpack_sharing_enabled":true,"jetpack_shortlink":"https:\/\/wp.me\/PaWB6B-NH","jetpack_likes_enabled":true,"jetpack-related-posts":[],"_links":{"self":[{"href":"https:\/\/www.spg.com.tn\/en\/wp-json\/wp\/v2\/pages\/3081","targetHints":{"allow":["GET"]}}],"collection":[{"href":"https:\/\/www.spg.com.tn\/en\/wp-json\/wp\/v2\/pages"}],"about":[{"href":"https:\/\/www.spg.com.tn\/en\/wp-json\/wp\/v2\/types\/page"}],"author":[{"embeddable":true,"href":"https:\/\/www.spg.com.tn\/en\/wp-json\/wp\/v2\/users\/29"}],"replies":[{"embeddable":true,"href":"https:\/\/www.spg.com.tn\/en\/wp-json\/wp\/v2\/comments?post=3081"}],"version-history":[{"count":0,"href":"https:\/\/www.spg.com.tn\/en\/wp-json\/wp\/v2\/pages\/3081\/revisions"}],"up":[{"embeddable":true,"href":"https:\/\/www.spg.com.tn\/en\/wp-json\/wp\/v2\/pages\/3028"}],"wp:attachment":[{"href":"https:\/\/www.spg.com.tn\/en\/wp-json\/wp\/v2\/media?parent=3081"}],"curies":[{"name":"wp","href":"https:\/\/api.w.org\/{rel}","templated":true}]}}