{"id":3102,"date":"2019-02-25T15:55:40","date_gmt":"2019-02-25T15:55:40","guid":{"rendered":"https:\/\/www.spg.com.tn\/?page_id=3102"},"modified":"2025-08-20T08:31:53","modified_gmt":"2025-08-20T08:31:53","slug":"onduleurs-infosec-ups-system","status":"publish","type":"page","link":"https:\/\/www.spg.com.tn\/en\/marques\/onduleurs-infosec-ups-system\/","title":{"rendered":"Infosec UPS System"},"content":{"rendered":"<section class=\"switchable switchable--switch imagebg height-40\" data-overlay=\"0\" >\n\t\t\t    <div class=\"background-image-holder\"><img loading=\"lazy\" decoding=\"async\" width=\"1920\" height=\"383\" src=\"https:\/\/i0.wp.com\/www.spg.com.tn\/wp-content\/uploads\/2025\/08\/banner-infosec.jpg?fit=1920%2C383&amp;ssl=1\" class=\"attachment-full size-full\" alt=\"banner infosec\" srcset=\"https:\/\/i0.wp.com\/www.spg.com.tn\/wp-content\/uploads\/2025\/08\/banner-infosec.jpg?w=1920&amp;ssl=1 1920w, https:\/\/i0.wp.com\/www.spg.com.tn\/wp-content\/uploads\/2025\/08\/banner-infosec.jpg?resize=300%2C60&amp;ssl=1 300w, https:\/\/i0.wp.com\/www.spg.com.tn\/wp-content\/uploads\/2025\/08\/banner-infosec.jpg?resize=1024%2C204&amp;ssl=1 1024w, https:\/\/i0.wp.com\/www.spg.com.tn\/wp-content\/uploads\/2025\/08\/banner-infosec.jpg?resize=768%2C153&amp;ssl=1 768w, https:\/\/i0.wp.com\/www.spg.com.tn\/wp-content\/uploads\/2025\/08\/banner-infosec.jpg?resize=1536%2C306&amp;ssl=1 1536w, https:\/\/i0.wp.com\/www.spg.com.tn\/wp-content\/uploads\/2025\/08\/banner-infosec.jpg?resize=18%2C4&amp;ssl=1 18w\" sizes=\"auto, (max-width: 1170px) 100vw, 1170px\" \/><\/div>\n\t\t\t    <div class=\"container pos-vertical-center\">\n\t\t\t        <div class=\"row\">\n\t\t\t            <div class=\"col-sm-6\"><\/div>\n\t\t\t        <\/div><!--end of row-->\n\t\t\t    <\/div><!--end of container-->\n\t\t\t    \n\t\t\t<\/section>\n\t\t<div class=\"vc_row-full-width vc_clearfix\"><\/div><div class=\"container\"><div class=\"vc_row wpb_row vc_row-fluid\"><div class=\"wpb_column vc_column_container col-sm-8\"><div class=\"vc_column-inner\"><div class=\"wpb_wrapper\"><div class=\"vc_empty_space\"   style=\"height: 32px\" ><span class=\"vc_empty_space_inner\"><\/span><\/div>\n\n\t<div class=\"wpb_text_column wpb_content_element\" >\n\t\t<div class=\"wpb_wrapper\">\n\t\t\t<h3><b>Discover the expertise in your sector<\/b><\/h3>\n\n\t\t<\/div>\n\t<\/div>\n<div class=\"row vc_row wpb_row vc_inner vc_row-fluid\"><div class=\"wpb_column vc_column_container col-sm-8\"><div class=\"vc_column-inner\"><div class=\"wpb_wrapper\">\n\t<div class=\"wpb_text_column wpb_content_element\" >\n\t\t<div class=\"wpb_wrapper\">\n\t\t\t<h3>Discover the expertise in<span>\u00a0<\/span><span class=\"text-orange\">your sector<\/span><\/h3>\n<ul>\n<li class=\"cv6wlug tab-cv6wlug-title mgz-tabs-tab-title mgz-active\" data-id=\"tab-cv6wlug-title\"><a href=\"https:\/\/www.infosec-ups.com\/fr\/#tab-cv6wlug\" data-id=\"#tab-cv6wlug\"><span>Home security<\/span><\/a><\/li>\n<li class=\"frru661 tab-frru661-title mgz-tabs-tab-title\" data-id=\"tab-frru661-title\"><a href=\"https:\/\/www.infosec-ups.com\/fr\/#tab-frru661\" data-id=\"#tab-frru661\"><span>Company security<\/span><\/a><\/li>\n<li class=\"rsgvlbn tab-rsgvlbn-title mgz-tabs-tab-title\" data-id=\"tab-rsgvlbn-title\"><a href=\"https:\/\/www.infosec-ups.com\/fr\/#tab-rsgvlbn\" data-id=\"#tab-rsgvlbn\"><span>Critical &amp; strategic applications<\/span><\/a><\/li>\n<li class=\"yq631ks tab-yq631ks-title mgz-tabs-tab-title\" data-id=\"tab-yq631ks-title\"><a href=\"https:\/\/www.infosec-ups.com\/fr\/#tab-yq631ks\" data-id=\"#tab-yq631ks\"><span>Renewable energies<\/span><\/a><\/li>\n<li class=\"heenfrw tab-heenfrw-title mgz-tabs-tab-title\" data-id=\"tab-heenfrw-title\"><a href=\"https:\/\/www.infosec-ups.com\/fr\/#tab-heenfrw\" data-id=\"#tab-heenfrw\"><span>Networks and servers<\/span><\/a><\/li>\n<\/ul>\n\n\t\t<\/div>\n\t<\/div>\n<div class=\"vc_separator wpb_content_element vc_separator_align_center vc_sep_width_100 vc_sep_pos_align_center vc_separator_no_text vc_sep_color_grey\" ><span class=\"vc_sep_holder vc_sep_holder_l\"><span  class=\"vc_sep_line\"><\/span><\/span><span class=\"vc_sep_holder vc_sep_holder_r\"><span  class=\"vc_sep_line\"><\/span><\/span>\n<\/div>\n\t<div class=\"wpb_text_column wpb_content_element\" >\n\t\t<div class=\"wpb_wrapper\">\n\t\t\t<header>\n<h3 style=\"text-align: left;\">For more information, please contact us<\/h3>\n<\/header>\n\n\t\t<\/div>\n\t<\/div>\n<div class=\"vc_btn3-container vc_btn3-right\" >\n\t<a class=\"vc_general vc_btn3 vc_btn3-size-sm vc_btn3-shape-round vc_btn3-style-modern vc_btn3-color-primary\" href=\"\/en\/contact\/\" title=\"\">Contact us<\/a><\/div>\n<\/div><\/div><\/div><div class=\"wpb_column vc_column_container col-sm-4\"><div class=\"vc_column-inner\"><div class=\"wpb_wrapper\">\n\t<div  class=\"wpb_single_image wpb_content_element vc_align_center\">\n\t\t\n\t\t<figure class=\"wpb_wrapper vc_figure\">\n\t\t\t<div class=\"vc_single_image-wrapper   vc_box_border_grey\"><img loading=\"lazy\" decoding=\"async\" width=\"212\" height=\"300\" src=\"https:\/\/i0.wp.com\/www.spg.com.tn\/wp-content\/uploads\/2020\/03\/E4-LCD-Pro_vFR_1218AAAA11215_bd-1.jpg?fit=212%2C300&amp;ssl=1\" class=\"vc_single_image-img attachment-medium\" alt=\"E4 LCD Pro vFR 1218AAAA11215 bd 1\" srcset=\"https:\/\/i0.wp.com\/www.spg.com.tn\/wp-content\/uploads\/2020\/03\/E4-LCD-Pro_vFR_1218AAAA11215_bd-1.jpg?w=2480&amp;ssl=1 2480w, https:\/\/i0.wp.com\/www.spg.com.tn\/wp-content\/uploads\/2020\/03\/E4-LCD-Pro_vFR_1218AAAA11215_bd-1.jpg?resize=212%2C300&amp;ssl=1 212w, https:\/\/i0.wp.com\/www.spg.com.tn\/wp-content\/uploads\/2020\/03\/E4-LCD-Pro_vFR_1218AAAA11215_bd-1.jpg?resize=724%2C1024&amp;ssl=1 724w, https:\/\/i0.wp.com\/www.spg.com.tn\/wp-content\/uploads\/2020\/03\/E4-LCD-Pro_vFR_1218AAAA11215_bd-1.jpg?resize=768%2C1086&amp;ssl=1 768w, https:\/\/i0.wp.com\/www.spg.com.tn\/wp-content\/uploads\/2020\/03\/E4-LCD-Pro_vFR_1218AAAA11215_bd-1.jpg?resize=1086%2C1536&amp;ssl=1 1086w, https:\/\/i0.wp.com\/www.spg.com.tn\/wp-content\/uploads\/2020\/03\/E4-LCD-Pro_vFR_1218AAAA11215_bd-1.jpg?resize=1448%2C2048&amp;ssl=1 1448w, https:\/\/i0.wp.com\/www.spg.com.tn\/wp-content\/uploads\/2020\/03\/E4-LCD-Pro_vFR_1218AAAA11215_bd-1.jpg?w=2340&amp;ssl=1 2340w\" sizes=\"auto, (max-width: 212px) 100vw, 212px\" \/><\/div>\n\t\t<\/figure>\n\t<\/div>\n<div class=\"vc_btn3-container vc_btn3-center\" >\n\t<a class=\"vc_general vc_btn3 vc_btn3-size-md vc_btn3-shape-round vc_btn3-style-modern vc_btn3-color-primary\" href=\"https:\/\/forms.sbc08.com\/5a743624b85b533e9a686f24\/t-SpR4ryS5K1tb8fZbo4_g\/YMPRE0vNQgSbwzRzx2KOlA\/form.html\" title=\"\">Download<\/a><\/div>\n<\/div><\/div><\/div><\/div><\/div><\/div><\/div><div class=\"wpb_column vc_column_container col-sm-4 vc_col-has-fill\"><div class=\"vc_column-inner vc_custom_1556556066320\"><div class=\"wpb_wrapper\"><div class=\"vc_empty_space\"   style=\"height: 20px\" ><span class=\"vc_empty_space_inner\"><\/span><\/div>\n\n\t<div class=\"wpb_text_column wpb_content_element\" >\n\t\t<div class=\"wpb_wrapper\">\n\t\t\t<h3 style=\"text-align: center;\">INFOSEC LIVE<\/h3>\n\n\t\t<\/div>\n\t<\/div>\n\n\t<div class=\"wpb_text_column wpb_content_element\" >\n\t\t<div class=\"wpb_wrapper\">\n\t\t\t<p><iframe loading=\"lazy\" src=\"https:\/\/www.youtube.com\/embed\/qa4sP8uFFUI?controls=0\" width=\"560\" height=\"315\" frameborder=\"0\" allowfullscreen=\"allowfullscreen\"><\/iframe><\/p>\n\n\t\t<\/div>\n\t<\/div>\n<div class=\"tweets-feed slider text-center\" data-feed-name=\"infosec\" data-amount=\"3\" data-paging=\"true\"><\/div><\/div><\/div><\/div><\/div><\/div>","protected":false},"excerpt":{"rendered":"INFOSEC, Protection \u00e9lectrique, S\u00e9curit\u00e9 informatique, Onduleur D\u00e9couvrez l'expertise dans\u00a0votre secteur S\u00e9curit\u00e9 domestique S\u00e9curit\u00e9 entreprise Applications critiques et strat\u00e9giques Energies renouvelables R\u00e9seaux et...","protected":false},"author":29,"featured_media":45241,"parent":3089,"menu_order":0,"comment_status":"closed","ping_status":"closed","template":"","meta":{"om_disable_all_campaigns":false,"_exactmetrics_skip_tracking":false,"_exactmetrics_sitenote_active":false,"_exactmetrics_sitenote_note":"","_exactmetrics_sitenote_category":0,"_monsterinsights_skip_tracking":false,"_monsterinsights_sitenote_active":false,"_monsterinsights_sitenote_note":"","_monsterinsights_sitenote_category":0,"_uf_show_specific_survey":0,"_uf_disable_surveys":false,"jetpack_post_was_ever_published":false,"footnotes":""},"class_list":["post-3102","page","type-page","status-publish","has-post-thumbnail","hentry"],"aioseo_notices":[],"yoast_head":"<!-- This site is optimized with the Yoast SEO plugin v27.1.1 - https:\/\/yoast.com\/product\/yoast-seo-wordpress\/ -->\n<title>Infosec UPS System - SPG - Onduleurs et parasurtenseurs.<\/title>\n<meta name=\"description\" content=\"INFOSEC, soci\u00e9t\u00e9 fran\u00e7aise, fabrique et commercialise \u00e0 l\u2019\u00e9chelle international des onduleurs et parasurtenseurs depuis plus de 25 ans.\" \/>\n<meta name=\"robots\" content=\"index, follow, max-snippet:-1, max-image-preview:large, max-video-preview:-1\" \/>\n<link rel=\"canonical\" href=\"https:\/\/www.spg.com.tn\/en\/marques\/onduleurs-infosec-ups-system\/\" \/>\n<meta property=\"og:locale\" content=\"en_US\" \/>\n<meta property=\"og:type\" content=\"article\" \/>\n<meta property=\"og:title\" content=\"Infosec UPS System - SPG - Onduleurs et parasurtenseurs.\" \/>\n<meta property=\"og:description\" content=\"INFOSEC, soci\u00e9t\u00e9 fran\u00e7aise, fabrique et commercialise \u00e0 l\u2019\u00e9chelle international des onduleurs et parasurtenseurs depuis plus de 25 ans.\" \/>\n<meta property=\"og:url\" content=\"https:\/\/www.spg.com.tn\/en\/marques\/onduleurs-infosec-ups-system\/\" \/>\n<meta property=\"og:site_name\" content=\"SPG\" \/>\n<meta property=\"article:publisher\" content=\"https:\/\/www.facebook.com\/SPG.Software.Productivity.Group\/\" \/>\n<meta property=\"article:modified_time\" content=\"2025-08-20T08:31:53+00:00\" \/>\n<meta property=\"og:image\" content=\"https:\/\/www.spg.com.tn\/wp-content\/uploads\/2020\/03\/Infosec-E4-Pro.png\" \/>\n\t<meta property=\"og:image:width\" content=\"1200\" \/>\n\t<meta property=\"og:image:height\" content=\"630\" \/>\n\t<meta property=\"og:image:type\" content=\"image\/png\" \/>\n<meta name=\"twitter:card\" content=\"summary_large_image\" \/>\n<meta name=\"twitter:label1\" content=\"Est. reading time\" \/>\n\t<meta name=\"twitter:data1\" content=\"1 minute\" \/>\n<script type=\"application\/ld+json\" class=\"yoast-schema-graph\">{\"@context\":\"https:\/\/schema.org\",\"@graph\":[{\"@type\":\"WebPage\",\"@id\":\"https:\/\/www.spg.com.tn\/marques\/onduleurs-infosec-ups-system\/\",\"url\":\"https:\/\/www.spg.com.tn\/marques\/onduleurs-infosec-ups-system\/\",\"name\":\"Infosec UPS System - SPG - Onduleurs et parasurtenseurs.\",\"isPartOf\":{\"@id\":\"https:\/\/www.spg.com.tn\/#website\"},\"primaryImageOfPage\":{\"@id\":\"https:\/\/www.spg.com.tn\/marques\/onduleurs-infosec-ups-system\/#primaryimage\"},\"image\":{\"@id\":\"https:\/\/www.spg.com.tn\/marques\/onduleurs-infosec-ups-system\/#primaryimage\"},\"thumbnailUrl\":\"https:\/\/i0.wp.com\/www.spg.com.tn\/wp-content\/uploads\/2020\/03\/Infosec-E4-Pro.png?fit=1200%2C630&ssl=1\",\"datePublished\":\"2019-02-25T15:55:40+00:00\",\"dateModified\":\"2025-08-20T08:31:53+00:00\",\"description\":\"INFOSEC, soci\u00e9t\u00e9 fran\u00e7aise, fabrique et commercialise \u00e0 l\u2019\u00e9chelle international des onduleurs et parasurtenseurs depuis plus de 25 ans.\",\"breadcrumb\":{\"@id\":\"https:\/\/www.spg.com.tn\/marques\/onduleurs-infosec-ups-system\/#breadcrumb\"},\"inLanguage\":\"en-US\",\"potentialAction\":[{\"@type\":\"ReadAction\",\"target\":[\"https:\/\/www.spg.com.tn\/marques\/onduleurs-infosec-ups-system\/\"]}]},{\"@type\":\"ImageObject\",\"inLanguage\":\"en-US\",\"@id\":\"https:\/\/www.spg.com.tn\/marques\/onduleurs-infosec-ups-system\/#primaryimage\",\"url\":\"https:\/\/i0.wp.com\/www.spg.com.tn\/wp-content\/uploads\/2020\/03\/Infosec-E4-Pro.png?fit=1200%2C630&ssl=1\",\"contentUrl\":\"https:\/\/i0.wp.com\/www.spg.com.tn\/wp-content\/uploads\/2020\/03\/Infosec-E4-Pro.png?fit=1200%2C630&ssl=1\",\"width\":1200,\"height\":630,\"caption\":\"Infosec E4 Pro\"},{\"@type\":\"BreadcrumbList\",\"@id\":\"https:\/\/www.spg.com.tn\/marques\/onduleurs-infosec-ups-system\/#breadcrumb\",\"itemListElement\":[{\"@type\":\"ListItem\",\"position\":1,\"name\":\"Accueil\",\"item\":\"https:\/\/www.spg.com.tn\/\"},{\"@type\":\"ListItem\",\"position\":2,\"name\":\"MARQUES\",\"item\":\"https:\/\/www.spg.com.tn\/marques\/\"},{\"@type\":\"ListItem\",\"position\":3,\"name\":\"Infosec UPS System\"}]},{\"@type\":\"WebSite\",\"@id\":\"https:\/\/www.spg.com.tn\/#website\",\"url\":\"https:\/\/www.spg.com.tn\/\",\"name\":\"SPG\",\"description\":\"Grossiste Informatique \u00e0 Valeur ajout\u00e9e\",\"publisher\":{\"@id\":\"https:\/\/www.spg.com.tn\/#organization\"},\"alternateName\":\"SPG distributeur des solutions\",\"potentialAction\":[{\"@type\":\"SearchAction\",\"target\":{\"@type\":\"EntryPoint\",\"urlTemplate\":\"https:\/\/www.spg.com.tn\/?s={search_term_string}\"},\"query-input\":{\"@type\":\"PropertyValueSpecification\",\"valueRequired\":true,\"valueName\":\"search_term_string\"}}],\"inLanguage\":\"en-US\"},{\"@type\":\"Organization\",\"@id\":\"https:\/\/www.spg.com.tn\/#organization\",\"name\":\"SPG\",\"url\":\"https:\/\/www.spg.com.tn\/\",\"logo\":{\"@type\":\"ImageObject\",\"inLanguage\":\"en-US\",\"@id\":\"https:\/\/www.spg.com.tn\/#\/schema\/logo\/image\/\",\"url\":\"https:\/\/i0.wp.com\/www.spg.com.tn\/wp-content\/uploads\/2023\/07\/Logo-SPG-new.png?fit=300%2C133&ssl=1\",\"contentUrl\":\"https:\/\/i0.wp.com\/www.spg.com.tn\/wp-content\/uploads\/2023\/07\/Logo-SPG-new.png?fit=300%2C133&ssl=1\",\"width\":300,\"height\":133,\"caption\":\"SPG\"},\"image\":{\"@id\":\"https:\/\/www.spg.com.tn\/#\/schema\/logo\/image\/\"},\"sameAs\":[\"https:\/\/www.facebook.com\/SPG.Software.Productivity.Group\/\",\"https:\/\/www.linkedin.com\/company\/software-productivity-group-spg\/\"]}]}<\/script>\n<!-- \/ Yoast SEO plugin. -->","yoast_head_json":{"title":"Infosec UPS System - SPG - Onduleurs et parasurtenseurs.","description":"INFOSEC, soci\u00e9t\u00e9 fran\u00e7aise, fabrique et commercialise \u00e0 l\u2019\u00e9chelle international des onduleurs et parasurtenseurs depuis plus de 25 ans.","robots":{"index":"index","follow":"follow","max-snippet":"max-snippet:-1","max-image-preview":"max-image-preview:large","max-video-preview":"max-video-preview:-1"},"canonical":"https:\/\/www.spg.com.tn\/en\/marques\/onduleurs-infosec-ups-system\/","og_locale":"en_US","og_type":"article","og_title":"Infosec UPS System - SPG - Onduleurs et parasurtenseurs.","og_description":"INFOSEC, soci\u00e9t\u00e9 fran\u00e7aise, fabrique et commercialise \u00e0 l\u2019\u00e9chelle international des onduleurs et parasurtenseurs depuis plus de 25 ans.","og_url":"https:\/\/www.spg.com.tn\/en\/marques\/onduleurs-infosec-ups-system\/","og_site_name":"SPG","article_publisher":"https:\/\/www.facebook.com\/SPG.Software.Productivity.Group\/","article_modified_time":"2025-08-20T08:31:53+00:00","og_image":[{"width":1200,"height":630,"url":"https:\/\/www.spg.com.tn\/wp-content\/uploads\/2020\/03\/Infosec-E4-Pro.png","type":"image\/png"}],"twitter_card":"summary_large_image","twitter_misc":{"Est. reading time":"1 minute"},"schema":{"@context":"https:\/\/schema.org","@graph":[{"@type":"WebPage","@id":"https:\/\/www.spg.com.tn\/marques\/onduleurs-infosec-ups-system\/","url":"https:\/\/www.spg.com.tn\/marques\/onduleurs-infosec-ups-system\/","name":"Infosec UPS System - SPG - Onduleurs et parasurtenseurs.","isPartOf":{"@id":"https:\/\/www.spg.com.tn\/#website"},"primaryImageOfPage":{"@id":"https:\/\/www.spg.com.tn\/marques\/onduleurs-infosec-ups-system\/#primaryimage"},"image":{"@id":"https:\/\/www.spg.com.tn\/marques\/onduleurs-infosec-ups-system\/#primaryimage"},"thumbnailUrl":"https:\/\/i0.wp.com\/www.spg.com.tn\/wp-content\/uploads\/2020\/03\/Infosec-E4-Pro.png?fit=1200%2C630&ssl=1","datePublished":"2019-02-25T15:55:40+00:00","dateModified":"2025-08-20T08:31:53+00:00","description":"INFOSEC, soci\u00e9t\u00e9 fran\u00e7aise, fabrique et commercialise \u00e0 l\u2019\u00e9chelle international des onduleurs et parasurtenseurs depuis plus de 25 ans.","breadcrumb":{"@id":"https:\/\/www.spg.com.tn\/marques\/onduleurs-infosec-ups-system\/#breadcrumb"},"inLanguage":"en-US","potentialAction":[{"@type":"ReadAction","target":["https:\/\/www.spg.com.tn\/marques\/onduleurs-infosec-ups-system\/"]}]},{"@type":"ImageObject","inLanguage":"en-US","@id":"https:\/\/www.spg.com.tn\/marques\/onduleurs-infosec-ups-system\/#primaryimage","url":"https:\/\/i0.wp.com\/www.spg.com.tn\/wp-content\/uploads\/2020\/03\/Infosec-E4-Pro.png?fit=1200%2C630&ssl=1","contentUrl":"https:\/\/i0.wp.com\/www.spg.com.tn\/wp-content\/uploads\/2020\/03\/Infosec-E4-Pro.png?fit=1200%2C630&ssl=1","width":1200,"height":630,"caption":"Infosec E4 Pro"},{"@type":"BreadcrumbList","@id":"https:\/\/www.spg.com.tn\/marques\/onduleurs-infosec-ups-system\/#breadcrumb","itemListElement":[{"@type":"ListItem","position":1,"name":"Accueil","item":"https:\/\/www.spg.com.tn\/"},{"@type":"ListItem","position":2,"name":"MARQUES","item":"https:\/\/www.spg.com.tn\/marques\/"},{"@type":"ListItem","position":3,"name":"Infosec UPS System"}]},{"@type":"WebSite","@id":"https:\/\/www.spg.com.tn\/#website","url":"https:\/\/www.spg.com.tn\/","name":"SPG","description":"Grossiste Informatique \u00e0 Valeur ajout\u00e9e","publisher":{"@id":"https:\/\/www.spg.com.tn\/#organization"},"alternateName":"SPG distributeur des solutions","potentialAction":[{"@type":"SearchAction","target":{"@type":"EntryPoint","urlTemplate":"https:\/\/www.spg.com.tn\/?s={search_term_string}"},"query-input":{"@type":"PropertyValueSpecification","valueRequired":true,"valueName":"search_term_string"}}],"inLanguage":"en-US"},{"@type":"Organization","@id":"https:\/\/www.spg.com.tn\/#organization","name":"SPG","url":"https:\/\/www.spg.com.tn\/","logo":{"@type":"ImageObject","inLanguage":"en-US","@id":"https:\/\/www.spg.com.tn\/#\/schema\/logo\/image\/","url":"https:\/\/i0.wp.com\/www.spg.com.tn\/wp-content\/uploads\/2023\/07\/Logo-SPG-new.png?fit=300%2C133&ssl=1","contentUrl":"https:\/\/i0.wp.com\/www.spg.com.tn\/wp-content\/uploads\/2023\/07\/Logo-SPG-new.png?fit=300%2C133&ssl=1","width":300,"height":133,"caption":"SPG"},"image":{"@id":"https:\/\/www.spg.com.tn\/#\/schema\/logo\/image\/"},"sameAs":["https:\/\/www.facebook.com\/SPG.Software.Productivity.Group\/","https:\/\/www.linkedin.com\/company\/software-productivity-group-spg\/"]}]}},"jetpack_sharing_enabled":true,"jetpack_shortlink":"https:\/\/wp.me\/PaWB6B-O2","jetpack_likes_enabled":true,"jetpack-related-posts":[],"_links":{"self":[{"href":"https:\/\/www.spg.com.tn\/en\/wp-json\/wp\/v2\/pages\/3102","targetHints":{"allow":["GET"]}}],"collection":[{"href":"https:\/\/www.spg.com.tn\/en\/wp-json\/wp\/v2\/pages"}],"about":[{"href":"https:\/\/www.spg.com.tn\/en\/wp-json\/wp\/v2\/types\/page"}],"author":[{"embeddable":true,"href":"https:\/\/www.spg.com.tn\/en\/wp-json\/wp\/v2\/users\/29"}],"replies":[{"embeddable":true,"href":"https:\/\/www.spg.com.tn\/en\/wp-json\/wp\/v2\/comments?post=3102"}],"version-history":[{"count":23,"href":"https:\/\/www.spg.com.tn\/en\/wp-json\/wp\/v2\/pages\/3102\/revisions"}],"predecessor-version":[{"id":122733,"href":"https:\/\/www.spg.com.tn\/en\/wp-json\/wp\/v2\/pages\/3102\/revisions\/122733"}],"up":[{"embeddable":true,"href":"https:\/\/www.spg.com.tn\/en\/wp-json\/wp\/v2\/pages\/3089"}],"wp:featuredmedia":[{"embeddable":true,"href":"https:\/\/www.spg.com.tn\/en\/wp-json\/wp\/v2\/media\/45241"}],"wp:attachment":[{"href":"https:\/\/www.spg.com.tn\/en\/wp-json\/wp\/v2\/media?parent=3102"}],"curies":[{"name":"wp","href":"https:\/\/api.w.org\/{rel}","templated":true}]}}