{"id":3181,"date":"2019-02-25T17:21:19","date_gmt":"2019-02-25T17:21:19","guid":{"rendered":"https:\/\/www.spg.com.tn\/?page_id=3181"},"modified":"2019-08-29T12:58:02","modified_gmt":"2019-08-29T12:58:02","slug":"candidature-spontanee","status":"publish","type":"page","link":"https:\/\/www.spg.com.tn\/en\/candidature-spontanee\/","title":{"rendered":"Spontaneous application"},"content":{"rendered":"<section class=\"cover height-60 imagebg text-center\" data-overlay=\"0\" >\n\t\t\t    <div class=\"background-image-holder\">\n\t\t\t        <img loading=\"lazy\" decoding=\"async\" width=\"1351\" height=\"556\" src=\"https:\/\/i0.wp.com\/www.spg.com.tn\/wp-content\/uploads\/2019\/08\/Candidature.jpg?fit=1351%2C556&amp;ssl=1\" class=\"attachment-full size-full\" alt=\"Candidature spontan\u00e9e chez SPG\" srcset=\"https:\/\/i0.wp.com\/www.spg.com.tn\/wp-content\/uploads\/2019\/08\/Candidature.jpg?w=1351&amp;ssl=1 1351w, https:\/\/i0.wp.com\/www.spg.com.tn\/wp-content\/uploads\/2019\/08\/Candidature.jpg?resize=300%2C123&amp;ssl=1 300w, https:\/\/i0.wp.com\/www.spg.com.tn\/wp-content\/uploads\/2019\/08\/Candidature.jpg?resize=768%2C316&amp;ssl=1 768w, https:\/\/i0.wp.com\/www.spg.com.tn\/wp-content\/uploads\/2019\/08\/Candidature.jpg?resize=1024%2C421&amp;ssl=1 1024w\" sizes=\"auto, (max-width: 1170px) 100vw, 1170px\" \/>\n\t\t\t    <\/div>\n\t\t\t    <div class=\"container pos-vertical-center\">\n\t\t\t        <div class=\"row\">\n\t\t\t            <div class=\"col-sm-12\"><h1 style=\"font-size: 40px;color: #ffffff;line-height: 40px;text-align: center;font-family:Lato;font-weight:700;font-style:normal\" class=\"vc_custom_heading\" >SPONTANEOUS APPLICATION<\/h1><\/div>\n\t\t\t        <\/div><!--end of row-->\n\t\t\t    <\/div><!--end of container-->\n\t\t\t    \n\t\t\t<\/section>\n\t\t<div class=\"vc_row-full-width vc_clearfix\"><\/div><div class=\"container\"><div class=\"vc_row wpb_row vc_row-fluid\"><div class=\"wpb_column vc_column_container col-sm-12\"><div class=\"vc_column-inner\"><div class=\"wpb_wrapper\"><div class=\"row vc_row wpb_row vc_inner vc_row-fluid\"><div class=\"wpb_column vc_column_container col-sm-6\"><div class=\"vc_column-inner\"><div class=\"wpb_wrapper\"><div class=\"vc_empty_space\"   style=\"height: 32px\" ><span class=\"vc_empty_space_inner\"><\/span><\/div>\n\n\t<div class=\"wpb_text_column wpb_content_element\" >\n\t\t<div class=\"wpb_wrapper\">\n\t\t\t<h2>Join the SPG team<\/h2>\n<p>Are you looking for a work environment that values innovation, creativity and the desire to learn?<\/p>\n<p>Are you looking for visionary colleagues who are always ready to tackle new challenges with good team cohesion and remarkable solidarity?<\/p>\n<p>Then you are welcome.<\/p>\n<p>Do not hesitate to submit your application and especially to present us your objectives and professional aspirations in the short and medium term<\/p>\n<p>The SPG team is varied. It is this diversity of profiles that makes it rich. We are always on the lookout for profiles that can bring new experiences and new perspectives to our company.<\/p>\n\n\t\t<\/div>\n\t<\/div>\n<\/div><\/div><\/div><div class=\"wpb_column vc_column_container col-sm-6 vc_col-has-fill\"><div class=\"vc_column-inner vc_custom_1551956049582\"><div class=\"wpb_wrapper\">\n<div class=\"wpcf7 no-js\" id=\"wpcf7-f3762-o1\" lang=\"fr-FR\" dir=\"ltr\" data-wpcf7-id=\"3762\">\n<div class=\"screen-reader-response\"><p role=\"status\" aria-live=\"polite\" aria-atomic=\"true\"><\/p> <ul><\/ul><\/div>\n<form action=\"\/en\/wp-json\/wp\/v2\/pages\/3181#wpcf7-f3762-o1\" method=\"post\" class=\"wpcf7-form init\" aria-label=\"Formulaire de contact\" enctype=\"multipart\/form-data\" novalidate=\"novalidate\" data-status=\"init\" data-trp-original-action=\"\/en\/wp-json\/wp\/v2\/pages\/3181#wpcf7-f3762-o1\">\n<fieldset class=\"hidden-fields-container\"><input type=\"hidden\" name=\"_wpcf7\" value=\"3762\" \/><input type=\"hidden\" name=\"_wpcf7_version\" value=\"6.1.5\" \/><input type=\"hidden\" name=\"_wpcf7_locale\" value=\"fr_FR\" \/><input type=\"hidden\" name=\"_wpcf7_unit_tag\" value=\"wpcf7-f3762-o1\" \/><input type=\"hidden\" name=\"_wpcf7_container_post\" value=\"0\" \/><input type=\"hidden\" name=\"_wpcf7_posted_data_hash\" value=\"\" \/><input type=\"hidden\" name=\"_wpcf7_recaptcha_response\" value=\"\" \/>\n<\/fieldset>\n<h4 class=\"gdlr-core-title-item-title gdlr-core-skin-title white\" ; style=\"color: #ffffff\">ABOUT SPG\n<\/h4>\n<div class=\"gdlr-core-input-wrap gdlr-core-large gdlr-core-full-width gdlr-core-with-column gdlr-core-no-border\" >\n\t<div class=\"col-sm-6\">\n\t\t<p><span class=\"wpcf7-form-control-wrap\" data-name=\"nom\"><input size=\"40\" maxlength=\"400\" class=\"wpcf7-form-control wpcf7-text wpcf7-validates-as-required\" aria-required=\"true\" aria-invalid=\"false\" placeholder=\"Name*\" value=\"\" type=\"text\" name=\"nom\" \/><\/span>\n\t\t<\/p>\n\t<\/div>\n\t<div class=\"col-sm-6\">\n\t\t<p><span class=\"wpcf7-form-control-wrap\" data-name=\"prenom\"><input size=\"40\" maxlength=\"400\" class=\"wpcf7-form-control wpcf7-text wpcf7-validates-as-required\" aria-required=\"true\" aria-invalid=\"false\" placeholder=\"First name\" value=\"\" type=\"text\" name=\"prenom\" \/><\/span>\n\t\t<\/p>\n\t<\/div>\n\t<div class=\"clear\">\n\t<\/div>\n\t<div class=\"col-sm-6\">\n\t\t<p><span class=\"wpcf7-form-control-wrap\" data-name=\"email\"><input size=\"40\" maxlength=\"400\" class=\"wpcf7-form-control wpcf7-email wpcf7-validates-as-required wpcf7-text wpcf7-validates-as-email\" aria-required=\"true\" aria-invalid=\"false\" placeholder=\"Email*\" value=\"\" type=\"email\" name=\"email\" \/><\/span>\n\t\t<\/p>\n\t<\/div>\n\t<div class=\"col-sm-6\">\n\t\t<p><span class=\"wpcf7-form-control-wrap\" data-name=\"tel\"><input size=\"40\" maxlength=\"400\" class=\"wpcf7-form-control wpcf7-text wpcf7-validates-as-required\" aria-required=\"true\" aria-invalid=\"false\" placeholder=\"Phone number*\" value=\"\" type=\"text\" name=\"tel\" \/><\/span>\n\t\t<\/p>\n\t<\/div>\n\t<div class=\"clear\">\n\t<\/div>\n\t<div class=\"col-sm-12\">\n\t\t<p><span class=\"wpcf7-form-control-wrap\" data-name=\"date-naissance\"><input size=\"40\" maxlength=\"400\" class=\"wpcf7-form-control wpcf7-text wpcf7-validates-as-required\" aria-required=\"true\" aria-invalid=\"false\" placeholder=\"dd\/mm\/yyyy\" value=\"\" type=\"text\" name=\"date-naissance\" \/><\/span>\n\t\t<\/p>\n\t<\/div>\n\t<div class=\"clear\">\n\t<\/div>\n\t<h4 class=\"gdlr-core-title-item-title gdlr-core-skin-title white\"; style=\"color: #ffffff\">PROFILE AND EXPERIENCE\n\t<\/h4>\n<\/div>\n<div class=\"clear\">\n<\/div>\n<div class=\"col-sm-6\">\n\t<p><span class=\"wpcf7-form-control-wrap\" data-name=\"niveau-etudes\"><div class=\"input-select\"><select class=\"wpcf7-form-control wpcf7-select\" aria-invalid=\"false\" name=\"niveau-etudes\"><option value=\"-- Niveau d\u2019\u00e9tudes --\">-- Niveau d\u2019\u00e9tudes --<\/option><option value=\"ISET, DUT, BTS, niveau Bac+2 et Bac+3\">ISET, DUT, BTS, niveau Bac+2 et Bac+3<\/option><option value=\"Lyc\u00e9e, Niveau Bac\">Lyc\u00e9e, Niveau Bac<\/option><option value=\"Bac Professionnel, BEP, CAP\">Bac Professionnel, BEP, CAP<\/option><option value=\"DUT, BTS, Bac + 2\">DUT, BTS, Bac + 2<\/option><option value=\"Ma\u00eetrise, niveau Bac+4\">Ma\u00eetrise, niveau Bac+4<\/option><option value=\"Licence, Bac + 3\">Licence, Bac + 3<\/option><option value=\"Ma\u00eetrise, IEP, IUP, Bac + 4\">Ma\u00eetrise, IEP, IUP, Bac + 4<\/option><option value=\"DESS, DEA, Bac + 5\">DESS, DEA, Bac + 5<\/option><option value=\"Ing\u00e9nieur, niveau bac+5 et plus\">Ing\u00e9nieur, niveau bac+5 et plus<\/option><\/select><\/div><\/span>\n\t<\/p>\n<\/div>\n<div class=\"col-sm-6\">\n\t<p><span class=\"wpcf7-form-control-wrap\" data-name=\"Niveau-experience\"><div class=\"input-select\"><select class=\"wpcf7-form-control wpcf7-select\" aria-invalid=\"false\" name=\"Niveau-experience\"><option value=\"-- Niveau d\u2019exp\u00e9rience --\">-- Niveau d\u2019exp\u00e9rience --<\/option><option value=\"Moins d&#039;un an\">Moins d&#039;un an<\/option><option value=\"1 \u00e0 2 ans\">1 \u00e0 2 ans<\/option><option value=\"2 \u00e0 5 ans\">2 \u00e0 5 ans<\/option><option value=\"5 \u00e0 7 ans\">5 \u00e0 7 ans<\/option><option value=\"7 \u00e0 10 ans\">7 \u00e0 10 ans<\/option><option value=\"10 \u00e0 15 ans\">10 \u00e0 15 ans<\/option><option value=\"Plus de 15 ans\">Plus de 15 ans<\/option><\/select><\/div><\/span>\n\t<\/p>\n<\/div>\n<div class=\"clear\">\n<\/div>\n<div class=\"col-sm-6\">\n\t<p><span class=\"label-contact\">Type of position:<\/span><span class=\"wpcf7-form-control-wrap\" data-name=\"type-poste\"><span class=\"wpcf7-form-control wpcf7-radio\"><span class=\"wpcf7-list-item first input-radio\"><label><\/label><input type=\"radio\" name=\"type-poste\" value=\"Emploi\" checked=\"checked\" \/><span class=\"wpcf7-list-item-label\">Job<\/span><\/span><span class=\"wpcf7-list-item last input-radio\"><label><\/label><input type=\"radio\" name=\"type-poste\" value=\"Stage\" \/><span class=\"wpcf7-list-item-label\">Internship<\/span><\/span><\/span><\/span>\n\t<\/p>\n<\/div>\n<div class=\"col-sm-6\">\n\t<p><span class=\"label-contact\">Desired site:<\/span><span class=\"wpcf7-form-control-wrap\" data-name=\"site-souhaite\"><span class=\"wpcf7-form-control wpcf7-radio\"><span class=\"wpcf7-list-item first input-radio\"><label><\/label><input type=\"radio\" name=\"site-souhaite\" value=\"Tunis\" checked=\"checked\" \/><span class=\"wpcf7-list-item-label\">Tunis<\/span><\/span><span class=\"wpcf7-list-item last input-radio\"><label><\/label><input type=\"radio\" name=\"site-souhaite\" value=\"Sfax\" \/><span class=\"wpcf7-list-item-label\">Sfax<\/span><\/span><\/span><\/span>\n\t<\/p>\n<\/div>\n<div class=\"clear\">\n<\/div>\n<div class=\"col-sm-6\">\n\t<p><span class=\"label-contact\">Motivation letter * :<\/span><span class=\"wpcf7-form-control-wrap\" data-name=\"lettre-motivation\"><input size=\"40\" class=\"wpcf7-form-control wpcf7-file wpcf7-validates-as-required\" accept=\".pdf,.doc,.docx,.jpeg,.jpg,.png\" aria-required=\"true\" aria-invalid=\"false\" type=\"file\" name=\"lettre-motivation\" \/><\/span>\n\t<\/p>\n<\/div>\n<div class=\"col-sm-6\">\n\t<p><span class=\"label-contact\">Add your CV * :<\/span><span class=\"wpcf7-form-control-wrap\" data-name=\"cv-file\"><input size=\"40\" class=\"wpcf7-form-control wpcf7-file wpcf7-validates-as-required\" accept=\".pdf,.doc,.docx,.jpeg,.jpg,.png\" aria-required=\"true\" aria-invalid=\"false\" type=\"file\" name=\"cv-file\" \/><\/span>\n\t<\/p>\n<\/div>\n<div class=\"col-sm-12 gdlr-core-center-align\">\n\t<p>Allowed type(s): .pdf .doc .docx .jpg .jpeg\n\t<\/p>\n<\/div>\n<div class=\"clear\">\n<\/div>\n<div class=\"col-sm-12 gdlr-core-center-align\">\n\t<p><input class=\"wpcf7-form-control wpcf7-submit has-spinner btn btn--primary type--uppercase gradient_spg\" type=\"submit\" value=\"Send\" \/>\n\t<\/p>\n<\/div>\n<p><label>(<span style=\"color:red\">*<\/span>): required fields<\/label>\n<\/p><p style=\"display: none !important;\" class=\"akismet-fields-container\" data-prefix=\"_wpcf7_ak_\"><label>&#916;<textarea name=\"_wpcf7_ak_hp_textarea\" cols=\"45\" rows=\"8\" maxlength=\"100\"><\/textarea><\/label><input type=\"hidden\" id=\"ak_js_1\" name=\"_wpcf7_ak_js\" value=\"39\"\/><script>document.getElementById( \"ak_js_1\" ).setAttribute( \"value\", ( new Date() ).getTime() );<\/script><\/p><input type='hidden' class='wpcf7-pum' value='{\"closepopup\":false,\"closedelay\":0,\"openpopup\":false,\"openpopup_id\":0}' \/><div class=\"wpcf7-response-output\" aria-hidden=\"true\"><\/div>\n<input type=\"hidden\" name=\"trp-form-language\" value=\"en\"\/><\/form>\n<\/div>\n<\/div><\/div><\/div><\/div><\/div><\/div><\/div><\/div><\/div>","protected":false},"excerpt":{"rendered":"CANDIDATURE SPONTAN\u00c9E Rejoindre l\u2019\u00e9quipe SPG Vous recherchez une ambiance de travail qui valorise l\u2019innovation, la cr\u00e9ativit\u00e9 et l\u2019envie d\u2019apprentissage ? Vous recherchez...","protected":false},"author":29,"featured_media":0,"parent":0,"menu_order":0,"comment_status":"closed","ping_status":"closed","template":"","meta":{"om_disable_all_campaigns":false,"_exactmetrics_skip_tracking":false,"_exactmetrics_sitenote_active":false,"_exactmetrics_sitenote_note":"","_exactmetrics_sitenote_category":0,"_monsterinsights_skip_tracking":false,"_monsterinsights_sitenote_active":false,"_monsterinsights_sitenote_note":"","_monsterinsights_sitenote_category":0,"_uf_show_specific_survey":0,"_uf_disable_surveys":false,"jetpack_post_was_ever_published":false,"footnotes":""},"class_list":["post-3181","page","type-page","status-publish","hentry"],"aioseo_notices":[],"yoast_head":"<!-- This site is optimized with the Yoast SEO plugin v27.4 - https:\/\/yoast.com\/product\/yoast-seo-wordpress\/ -->\n<title>Candidature-spontan\u00e9e chez SPG - SPG www.spg.com.tn<\/title>\n<meta name=\"description\" content=\"L\u2019\u00e9quipe SPG est vari\u00e9e.Nous sommes \u00e0 la recherche de profils en mesure d\u2019apporter de nouvelles exp\u00e9riences. N\u2019h\u00e9sitez pas \u00e0 soumettre votre candidature!\" \/>\n<meta name=\"robots\" content=\"index, follow, max-snippet:-1, max-image-preview:large, max-video-preview:-1\" \/>\n<link rel=\"canonical\" href=\"https:\/\/www.spg.com.tn\/en\/candidature-spontanee\/\" \/>\n<meta property=\"og:locale\" content=\"en_US\" \/>\n<meta property=\"og:type\" content=\"article\" \/>\n<meta property=\"og:title\" content=\"Candidature-spontan\u00e9e chez SPG - SPG www.spg.com.tn\" \/>\n<meta property=\"og:description\" content=\"L\u2019\u00e9quipe SPG est vari\u00e9e.Nous sommes \u00e0 la recherche de profils en mesure d\u2019apporter de nouvelles exp\u00e9riences. N\u2019h\u00e9sitez pas \u00e0 soumettre votre candidature!\" \/>\n<meta property=\"og:url\" content=\"https:\/\/www.spg.com.tn\/en\/candidature-spontanee\/\" \/>\n<meta property=\"og:site_name\" content=\"SPG\" \/>\n<meta property=\"article:publisher\" content=\"https:\/\/www.facebook.com\/SPG.Software.Productivity.Group\/\" \/>\n<meta property=\"article:modified_time\" content=\"2019-08-29T12:58:02+00:00\" \/>\n<meta name=\"twitter:card\" content=\"summary_large_image\" \/>\n<meta name=\"twitter:label1\" content=\"Est. reading time\" \/>\n\t<meta name=\"twitter:data1\" content=\"1 minute\" \/>\n<script type=\"application\/ld+json\" class=\"yoast-schema-graph\">{\"@context\":\"https:\\\/\\\/schema.org\",\"@graph\":[{\"@type\":\"WebPage\",\"@id\":\"https:\\\/\\\/www.spg.com.tn\\\/candidature-spontanee\\\/\",\"url\":\"https:\\\/\\\/www.spg.com.tn\\\/candidature-spontanee\\\/\",\"name\":\"Candidature-spontan\u00e9e chez SPG - SPG www.spg.com.tn\",\"isPartOf\":{\"@id\":\"https:\\\/\\\/www.spg.com.tn\\\/#website\"},\"datePublished\":\"2019-02-25T17:21:19+00:00\",\"dateModified\":\"2019-08-29T12:58:02+00:00\",\"description\":\"L\u2019\u00e9quipe SPG est vari\u00e9e.Nous sommes \u00e0 la recherche de profils en mesure d\u2019apporter de nouvelles exp\u00e9riences. N\u2019h\u00e9sitez pas \u00e0 soumettre votre candidature!\",\"breadcrumb\":{\"@id\":\"https:\\\/\\\/www.spg.com.tn\\\/candidature-spontanee\\\/#breadcrumb\"},\"inLanguage\":\"en-US\",\"potentialAction\":[{\"@type\":\"ReadAction\",\"target\":[\"https:\\\/\\\/www.spg.com.tn\\\/candidature-spontanee\\\/\"]}]},{\"@type\":\"BreadcrumbList\",\"@id\":\"https:\\\/\\\/www.spg.com.tn\\\/candidature-spontanee\\\/#breadcrumb\",\"itemListElement\":[{\"@type\":\"ListItem\",\"position\":1,\"name\":\"Accueil\",\"item\":\"https:\\\/\\\/www.spg.com.tn\\\/\"},{\"@type\":\"ListItem\",\"position\":2,\"name\":\"Candidature spontan\u00e9e\"}]},{\"@type\":\"WebSite\",\"@id\":\"https:\\\/\\\/www.spg.com.tn\\\/#website\",\"url\":\"https:\\\/\\\/www.spg.com.tn\\\/\",\"name\":\"SPG\",\"description\":\"Grossiste Informatique \u00e0 Valeur ajout\u00e9e\",\"publisher\":{\"@id\":\"https:\\\/\\\/www.spg.com.tn\\\/#organization\"},\"alternateName\":\"SPG distributeur des solutions\",\"potentialAction\":[{\"@type\":\"SearchAction\",\"target\":{\"@type\":\"EntryPoint\",\"urlTemplate\":\"https:\\\/\\\/www.spg.com.tn\\\/?s={search_term_string}\"},\"query-input\":{\"@type\":\"PropertyValueSpecification\",\"valueRequired\":true,\"valueName\":\"search_term_string\"}}],\"inLanguage\":\"en-US\"},{\"@type\":\"Organization\",\"@id\":\"https:\\\/\\\/www.spg.com.tn\\\/#organization\",\"name\":\"SPG\",\"url\":\"https:\\\/\\\/www.spg.com.tn\\\/\",\"logo\":{\"@type\":\"ImageObject\",\"inLanguage\":\"en-US\",\"@id\":\"https:\\\/\\\/www.spg.com.tn\\\/#\\\/schema\\\/logo\\\/image\\\/\",\"url\":\"https:\\\/\\\/i0.wp.com\\\/www.spg.com.tn\\\/wp-content\\\/uploads\\\/2023\\\/07\\\/Logo-SPG-new.png?fit=300%2C133&ssl=1\",\"contentUrl\":\"https:\\\/\\\/i0.wp.com\\\/www.spg.com.tn\\\/wp-content\\\/uploads\\\/2023\\\/07\\\/Logo-SPG-new.png?fit=300%2C133&ssl=1\",\"width\":300,\"height\":133,\"caption\":\"SPG\"},\"image\":{\"@id\":\"https:\\\/\\\/www.spg.com.tn\\\/#\\\/schema\\\/logo\\\/image\\\/\"},\"sameAs\":[\"https:\\\/\\\/www.facebook.com\\\/SPG.Software.Productivity.Group\\\/\",\"https:\\\/\\\/www.linkedin.com\\\/company\\\/software-productivity-group-spg\\\/\"]}]}<\/script>\n<!-- \/ Yoast SEO plugin. -->","yoast_head_json":{"title":"Candidature-spontan\u00e9e chez SPG - SPG www.spg.com.tn","description":"L\u2019\u00e9quipe SPG est vari\u00e9e.Nous sommes \u00e0 la recherche de profils en mesure d\u2019apporter de nouvelles exp\u00e9riences. N\u2019h\u00e9sitez pas \u00e0 soumettre votre candidature!","robots":{"index":"index","follow":"follow","max-snippet":"max-snippet:-1","max-image-preview":"max-image-preview:large","max-video-preview":"max-video-preview:-1"},"canonical":"https:\/\/www.spg.com.tn\/en\/candidature-spontanee\/","og_locale":"en_US","og_type":"article","og_title":"Candidature-spontan\u00e9e chez SPG - SPG www.spg.com.tn","og_description":"L\u2019\u00e9quipe SPG est vari\u00e9e.Nous sommes \u00e0 la recherche de profils en mesure d\u2019apporter de nouvelles exp\u00e9riences. N\u2019h\u00e9sitez pas \u00e0 soumettre votre candidature!","og_url":"https:\/\/www.spg.com.tn\/en\/candidature-spontanee\/","og_site_name":"SPG","article_publisher":"https:\/\/www.facebook.com\/SPG.Software.Productivity.Group\/","article_modified_time":"2019-08-29T12:58:02+00:00","twitter_card":"summary_large_image","twitter_misc":{"Est. reading time":"1 minute"},"schema":{"@context":"https:\/\/schema.org","@graph":[{"@type":"WebPage","@id":"https:\/\/www.spg.com.tn\/candidature-spontanee\/","url":"https:\/\/www.spg.com.tn\/candidature-spontanee\/","name":"Candidature-spontan\u00e9e chez SPG - SPG www.spg.com.tn","isPartOf":{"@id":"https:\/\/www.spg.com.tn\/#website"},"datePublished":"2019-02-25T17:21:19+00:00","dateModified":"2019-08-29T12:58:02+00:00","description":"L\u2019\u00e9quipe SPG est vari\u00e9e.Nous sommes \u00e0 la recherche de profils en mesure d\u2019apporter de nouvelles exp\u00e9riences. N\u2019h\u00e9sitez pas \u00e0 soumettre votre candidature!","breadcrumb":{"@id":"https:\/\/www.spg.com.tn\/candidature-spontanee\/#breadcrumb"},"inLanguage":"en-US","potentialAction":[{"@type":"ReadAction","target":["https:\/\/www.spg.com.tn\/candidature-spontanee\/"]}]},{"@type":"BreadcrumbList","@id":"https:\/\/www.spg.com.tn\/candidature-spontanee\/#breadcrumb","itemListElement":[{"@type":"ListItem","position":1,"name":"Accueil","item":"https:\/\/www.spg.com.tn\/"},{"@type":"ListItem","position":2,"name":"Candidature spontan\u00e9e"}]},{"@type":"WebSite","@id":"https:\/\/www.spg.com.tn\/#website","url":"https:\/\/www.spg.com.tn\/","name":"SPG","description":"Grossiste Informatique \u00e0 Valeur ajout\u00e9e","publisher":{"@id":"https:\/\/www.spg.com.tn\/#organization"},"alternateName":"SPG distributeur des solutions","potentialAction":[{"@type":"SearchAction","target":{"@type":"EntryPoint","urlTemplate":"https:\/\/www.spg.com.tn\/?s={search_term_string}"},"query-input":{"@type":"PropertyValueSpecification","valueRequired":true,"valueName":"search_term_string"}}],"inLanguage":"en-US"},{"@type":"Organization","@id":"https:\/\/www.spg.com.tn\/#organization","name":"SPG","url":"https:\/\/www.spg.com.tn\/","logo":{"@type":"ImageObject","inLanguage":"en-US","@id":"https:\/\/www.spg.com.tn\/#\/schema\/logo\/image\/","url":"https:\/\/i0.wp.com\/www.spg.com.tn\/wp-content\/uploads\/2023\/07\/Logo-SPG-new.png?fit=300%2C133&ssl=1","contentUrl":"https:\/\/i0.wp.com\/www.spg.com.tn\/wp-content\/uploads\/2023\/07\/Logo-SPG-new.png?fit=300%2C133&ssl=1","width":300,"height":133,"caption":"SPG"},"image":{"@id":"https:\/\/www.spg.com.tn\/#\/schema\/logo\/image\/"},"sameAs":["https:\/\/www.facebook.com\/SPG.Software.Productivity.Group\/","https:\/\/www.linkedin.com\/company\/software-productivity-group-spg\/"]}]}},"jetpack_sharing_enabled":true,"jetpack_shortlink":"https:\/\/wp.me\/PaWB6B-Pj","jetpack_likes_enabled":true,"jetpack-related-posts":[],"_links":{"self":[{"href":"https:\/\/www.spg.com.tn\/en\/wp-json\/wp\/v2\/pages\/3181","targetHints":{"allow":["GET"]}}],"collection":[{"href":"https:\/\/www.spg.com.tn\/en\/wp-json\/wp\/v2\/pages"}],"about":[{"href":"https:\/\/www.spg.com.tn\/en\/wp-json\/wp\/v2\/types\/page"}],"author":[{"embeddable":true,"href":"https:\/\/www.spg.com.tn\/en\/wp-json\/wp\/v2\/users\/29"}],"replies":[{"embeddable":true,"href":"https:\/\/www.spg.com.tn\/en\/wp-json\/wp\/v2\/comments?post=3181"}],"version-history":[{"count":0,"href":"https:\/\/www.spg.com.tn\/en\/wp-json\/wp\/v2\/pages\/3181\/revisions"}],"wp:attachment":[{"href":"https:\/\/www.spg.com.tn\/en\/wp-json\/wp\/v2\/media?parent=3181"}],"curies":[{"name":"wp","href":"https:\/\/api.w.org\/{rel}","templated":true}]}}