{"id":3183,"date":"2019-02-25T17:21:33","date_gmt":"2019-02-25T17:21:33","guid":{"rendered":"https:\/\/www.spg.com.tn\/?page_id=3183"},"modified":"2024-01-09T09:54:53","modified_gmt":"2024-01-09T09:54:53","slug":"contact","status":"publish","type":"page","link":"https:\/\/www.spg.com.tn\/en\/contact\/","title":{"rendered":"CONTACT"},"content":{"rendered":"<section class=\"cover height-60 imagebg text-center\" data-overlay=\"0\" >\n\t\t\t    <div class=\"background-image-holder\">\n\t\t\t        <img loading=\"lazy\" decoding=\"async\" width=\"1800\" height=\"741\" src=\"https:\/\/i0.wp.com\/www.spg.com.tn\/wp-content\/uploads\/2019\/04\/contact.jpg?fit=1800%2C741&amp;ssl=1\" class=\"attachment-full size-full\" alt=\"\" srcset=\"https:\/\/i0.wp.com\/www.spg.com.tn\/wp-content\/uploads\/2019\/04\/contact.jpg?w=1800&amp;ssl=1 1800w, https:\/\/i0.wp.com\/www.spg.com.tn\/wp-content\/uploads\/2019\/04\/contact.jpg?resize=300%2C124&amp;ssl=1 300w, https:\/\/i0.wp.com\/www.spg.com.tn\/wp-content\/uploads\/2019\/04\/contact.jpg?resize=768%2C316&amp;ssl=1 768w, https:\/\/i0.wp.com\/www.spg.com.tn\/wp-content\/uploads\/2019\/04\/contact.jpg?resize=1024%2C422&amp;ssl=1 1024w, https:\/\/i0.wp.com\/www.spg.com.tn\/wp-content\/uploads\/2019\/04\/contact.jpg?resize=600%2C247&amp;ssl=1 600w\" sizes=\"auto, (max-width: 1170px) 100vw, 1170px\" \/>\n\t\t\t    <\/div>\n\t\t\t    <div class=\"container pos-vertical-center\">\n\t\t\t        <div class=\"row\">\n\t\t\t            <div class=\"col-sm-12\"><h1 style=\"font-size: 40px;color: #ffffff;line-height: 40px;text-align: center;font-family:Lato;font-weight:700;font-style:normal\" class=\"vc_custom_heading\" >CONTACT<\/h1><\/div>\n\t\t\t        <\/div><!--end of row-->\n\t\t\t    <\/div><!--end of container-->\n\t\t\t    \n\t\t\t<\/section>\n\t\t<div class=\"vc_row-full-width vc_clearfix\"><\/div><div data-vc-full-width=\"true\" data-vc-full-width-init=\"false\" class=\"vc_row wpb_row vc_row-fluid vc_custom_1556801520133 vc_row-has-fill\"><div class=\"wpb_column vc_column_container col-sm-12\"><div class=\"vc_column-inner\"><div class=\"wpb_wrapper\"><div class=\"vc_empty_space\"   style=\"height: 32px\" ><span class=\"vc_empty_space_inner\"><\/span><\/div>\n\n\t<div class=\"wpb_text_column wpb_content_element\" >\n\t\t<div class=\"wpb_wrapper\">\n\t\t\t<h3 style=\"text-align: center;\">Leave us a message<\/h3>\n<p style=\"text-align: center;\">A consultant will contact you<\/p>\n\n\t\t<\/div>\n\t<\/div>\n<div class=\"row vc_row wpb_row vc_inner vc_row-fluid\"><div class=\"wpb_column vc_column_container col-sm-3\"><div class=\"vc_column-inner\"><div class=\"wpb_wrapper\"><\/div><\/div><\/div><div class=\"wpb_column vc_column_container col-sm-6\"><div class=\"vc_column-inner\"><div class=\"wpb_wrapper\">\n<div class=\"wpcf7 no-js\" id=\"wpcf7-f4-o1\" lang=\"fr-FR\" dir=\"ltr\" data-wpcf7-id=\"4\">\n<div class=\"screen-reader-response\"><p role=\"status\" aria-live=\"polite\" aria-atomic=\"true\"><\/p> <ul><\/ul><\/div>\n<form action=\"\/en\/wp-json\/wp\/v2\/pages\/3183#wpcf7-f4-o1\" method=\"post\" class=\"wpcf7-form init\" aria-label=\"Formulaire de contact\" novalidate=\"novalidate\" data-status=\"init\" data-trp-original-action=\"\/en\/wp-json\/wp\/v2\/pages\/3183#wpcf7-f4-o1\">\n<fieldset class=\"hidden-fields-container\"><input type=\"hidden\" name=\"_wpcf7\" value=\"4\" \/><input type=\"hidden\" name=\"_wpcf7_version\" value=\"6.1.5\" \/><input type=\"hidden\" name=\"_wpcf7_locale\" value=\"fr_FR\" \/><input type=\"hidden\" name=\"_wpcf7_unit_tag\" value=\"wpcf7-f4-o1\" \/><input type=\"hidden\" name=\"_wpcf7_container_post\" value=\"0\" \/><input type=\"hidden\" name=\"_wpcf7_posted_data_hash\" value=\"\" \/><input type=\"hidden\" name=\"_wpcf7_recaptcha_response\" value=\"\" \/>\n<\/fieldset>\n<p><span class=\"wpcf7-form-control-wrap\" data-name=\"checkbox-723\"><span class=\"wpcf7-form-control wpcf7-checkbox\"><\/span><\/span>\n<\/p>\n<div class=\"row\">\n\t<div class=\"col-sm-12\">\n\t\t<p><label>Your Name:(<span style=\"color:red\">*<\/span>)<\/label><br \/>\n<span class=\"wpcf7-form-control-wrap\" data-name=\"your-name\"><input size=\"40\" maxlength=\"400\" class=\"wpcf7-form-control wpcf7-text wpcf7-validates-as-required\" aria-required=\"true\" aria-invalid=\"false\" placeholder=\"Name*\" value=\"\" type=\"text\" name=\"your-name\" \/><\/span>\n\t\t<\/p>\n\t<\/div>\n\t<div class=\"col-sm-12\">\n\t\t<p><label>Votre Pr\u00e9nom:(<span style=\"color:red\">*<\/span>)<\/label><br \/>\n<span class=\"wpcf7-form-control-wrap\" data-name=\"your-lastname\"><input size=\"40\" maxlength=\"400\" class=\"wpcf7-form-control wpcf7-text wpcf7-validates-as-required\" aria-required=\"true\" aria-invalid=\"false\" placeholder=\"First name\" value=\"\" type=\"text\" name=\"your-lastname\" \/><\/span>\n\t\t<\/p>\n\t<\/div>\n\t<div class=\"col-sm-12\">\n\t\t<p><label>Your Email:(<span style=\"color:red\">*<\/span>)<\/label><br \/>\n<span class=\"wpcf7-form-control-wrap\" data-name=\"your-email\"><input size=\"40\" maxlength=\"400\" class=\"wpcf7-form-control wpcf7-email wpcf7-validates-as-required wpcf7-text wpcf7-validates-as-email\" aria-required=\"true\" aria-invalid=\"false\" placeholder=\"you@example.com\" value=\"\" type=\"email\" name=\"your-email\" \/><\/span>\n\t\t<\/p>\n\t<\/div>\n\t<div class=\"col-sm-12\">\n\t\t<p><label>Phone number*<span style=\"color:red\">*<\/span>)<\/label><br \/>\n<span class=\"wpcf7-form-control-wrap\" data-name=\"you-tel\"><input size=\"40\" maxlength=\"400\" class=\"wpcf7-form-control wpcf7-tel wpcf7-validates-as-required wpcf7-text wpcf7-validates-as-tel\" aria-required=\"true\" aria-invalid=\"false\" placeholder=\"Your phone number\" value=\"\" type=\"tel\" name=\"you-tel\" \/><\/span>\n\t\t<\/p>\n\t<\/div>\n\t<div class=\"col-sm-12\">\n\t\t<p><label>Company (<span style=\"color:red\">*<\/span>)<\/label><br \/>\n<span class=\"wpcf7-form-control-wrap\" data-name=\"Company\"><input size=\"40\" maxlength=\"400\" class=\"wpcf7-form-control wpcf7-text\" aria-invalid=\"false\" placeholder=\"Your company\" value=\"\" type=\"text\" name=\"Company\" \/><\/span>\n\t\t<\/p>\n\t<\/div>\n\t<div class=\"col-sm-12\">\n\t\t<p><label>Subject:(<span style=\"color:red\">*<\/span>)<\/label><br \/>\n<span class=\"wpcf7-form-control-wrap\" data-name=\"subject\"><input size=\"40\" maxlength=\"400\" class=\"wpcf7-form-control wpcf7-text\" aria-invalid=\"false\" placeholder=\"Subject\" value=\"\" type=\"text\" name=\"subject\" \/><\/span>\n\t\t<\/p>\n\t<\/div>\n\t<div class=\"col-sm-12\">\n\t\t<p><label>Message:<\/label><br \/>\n<span class=\"wpcf7-form-control-wrap\" data-name=\"your-message\"><textarea cols=\"40\" rows=\"4\" maxlength=\"2000\" class=\"wpcf7-form-control wpcf7-textarea\" aria-invalid=\"false\" placeholder=\"Message\" name=\"your-message\"><\/textarea><\/span>\n\t\t<\/p>\n\t<\/div>\n\t<div class=\"col-sm-12\">\n\t\t<p><input class=\"wpcf7-form-control wpcf7-submit has-spinner btn btn--primary type--uppercase gradient_spg\" type=\"submit\" value=\"Send\" \/>\n\t\t<\/p>\n\t<\/div>\n\t<div class=\"col-sm-12\">\n\t\t<p><span class=\"wpcf7-form-control-wrap\" data-name=\"your-agree\"><span class=\"wpcf7-form-control wpcf7-checkbox wpcf7-validates-as-required\"><span class=\"wpcf7-list-item first last input-checkbox\"><label><\/label><input type=\"checkbox\" name=\"your-agree[]\" value=\"En cochant cette case, j\u2019accepte de recevoir des informations concernant les offres de SPG\" \/><span class=\"wpcf7-list-item-label\">By checking this box, I agree to receive information about offers from SPG<\/span><\/span><\/span><\/span>\n\t\t<\/p>\n\t<\/div>\n<\/div>\n<p><label>(<span style=\"color:red\">*<\/span>): required fields<\/label>\n<\/p><p style=\"display: none !important;\" class=\"akismet-fields-container\" data-prefix=\"_wpcf7_ak_\"><label>&#916;<textarea name=\"_wpcf7_ak_hp_textarea\" cols=\"45\" rows=\"8\" maxlength=\"100\"><\/textarea><\/label><input type=\"hidden\" id=\"ak_js_1\" name=\"_wpcf7_ak_js\" value=\"186\"\/><script>document.getElementById( \"ak_js_1\" ).setAttribute( \"value\", ( new Date() ).getTime() );<\/script><\/p><input type='hidden' class='wpcf7-pum' value='{\"closepopup\":false,\"closedelay\":0,\"openpopup\":false,\"openpopup_id\":0}' \/><div class=\"wpcf7-response-output\" aria-hidden=\"true\"><\/div>\n<input type=\"hidden\" name=\"trp-form-language\" value=\"en\"\/><\/form>\n<\/div>\n\n\t<div class=\"wpb_text_column wpb_content_element  vc_custom_1575293434821\" >\n\t\t<div class=\"wpb_wrapper\">\n\t\t\t<p><strong>What does this mean in detail?<\/strong><\/p>\n<p style=\"text-align: justify;\">I acknowledge that the SPG entities or any other subsidiary company mentioned on the site <a href=\"http:\/\/www.spg.com.tn\/en\/\">SPG<\/a> may contact me by the means of their choice (email or post) for marketing and advertising purposes (e.g. information on special offers and promotions) in connection with products and solutions offered.<\/p>\n<p><strong>Your rights<\/strong><\/p>\n<p style=\"text-align: justify;\">This declaration of consent may be revoked at any time by sending an e-mail with the word \"Unsubscribe\" in the subject line to <a href=\"mailto:marketing@spg.com.tn\">marketing@spg.com.tn<\/a>.<br \/>\nIn addition, each email sent contains a link to an unsubscribe function for future email advertisements.<br \/>\nThe\u00a0<strong><a href=\"https:\/\/www.spg.com.tn\/en\/politique-de-confidentialite\/\" target=\"_blank\" rel=\"noopener noreferrer\">\"Privacy Statement\"<\/a><\/strong> explains in more detail the use of personal data, as well as the procedure for revoking consent.<\/p>\n\n\t\t<\/div>\n\t<\/div>\n<\/div><\/div><\/div><div class=\"wpb_column vc_column_container col-sm-3\"><div class=\"vc_column-inner\"><div class=\"wpb_wrapper\"><\/div><\/div><\/div><\/div><\/div><\/div><\/div><\/div><div class=\"vc_row-full-width vc_clearfix\"><\/div><div class=\"container\"><div class=\"vc_row wpb_row vc_row-fluid\"><div class=\"wpb_column vc_column_container col-sm-4\"><div class=\"vc_column-inner\"><div class=\"wpb_wrapper\"><div class=\"row vc_row wpb_row vc_inner vc_row-fluid vc_row-has-fill vc_row-o-equal-height vc_row-flex\"><div class=\"wpb_column vc_column_container col-sm-12 vc_col-has-fill\"><div class=\"vc_column-inner vc_custom_1704706057780\"><div class=\"wpb_wrapper\"><a class=\"\" href=\"https:\/\/i0.wp.com\/www.spg.com.tn\/wp-content\/uploads\/2024\/01\/L-01.png?fit=475%2C209&ssl=1\" data-lightbox=\"true\"><img loading=\"lazy\" decoding=\"async\" width=\"475\" height=\"209\" src=\"https:\/\/i0.wp.com\/www.spg.com.tn\/wp-content\/uploads\/2024\/01\/L-01.png?fit=475%2C209&amp;ssl=1\" class=\"attachment-large size-large\" alt=\"L 01\" srcset=\"https:\/\/i0.wp.com\/www.spg.com.tn\/wp-content\/uploads\/2024\/01\/L-01.png?w=475&amp;ssl=1 475w, https:\/\/i0.wp.com\/www.spg.com.tn\/wp-content\/uploads\/2024\/01\/L-01.png?resize=300%2C132&amp;ssl=1 300w, https:\/\/i0.wp.com\/www.spg.com.tn\/wp-content\/uploads\/2024\/01\/L-01.png?resize=18%2C8&amp;ssl=1 18w\" sizes=\"auto, (max-width: 475px) 100vw, 475px\" \/><\/a><div class=\"vc_empty_space\"   style=\"height: 32px\" ><span class=\"vc_empty_space_inner\"><\/span><\/div>\n<div class=\"vc_separator wpb_content_element vc_separator_align_center vc_sep_width_100 vc_sep_double vc_sep_border_width_3 vc_sep_pos_align_left vc_separator_no_text\" ><span class=\"vc_sep_holder vc_sep_holder_l\"><span  style=\"border-color:#001f42;\" class=\"vc_sep_line\"><\/span><\/span><span class=\"vc_sep_holder vc_sep_holder_r\"><span  style=\"border-color:#001f42;\" class=\"vc_sep_line\"><\/span><\/span>\n<\/div>\n\t<div class=\"wpb_text_column wpb_content_element  vc_custom_1704706715053\" >\n\t\t<div class=\"wpb_wrapper\">\n\t\t\t<li><span style=\"color: #001f42; font-size: 20px; font-weight: bold;\">SPG Lybie<\/li>\n<p><span style=\"color: #001f42;\"><a href=\"https:\/\/maps.app.goo.gl\/5XNjF16xxDn1yXMZ6\">Jarabah Road Noflieen, Tripoli, Libye<\/a><\/span><\/p>\n<p><span style=\"color: #001f42; font-size: 12px; font-weight: 500;\">T\u00e9l<\/span><span style=\"color: #001f42;\">. :\u00a0+218 (0) 9 44 58 44 28 <\/span><\/br> <span style=\"color: #001f42; font-size: 12px; font-weight: 500;\">Email<\/span><span style=\"color: #001f42;\"> :\u00a0sales@spg.com.tn<\/span><\/p>\n\n\t\t<\/div>\n\t<\/div>\n<\/div><\/div><\/div><\/div><\/div><\/div><\/div><div class=\"wpb_column vc_column_container col-sm-4\"><div class=\"vc_column-inner\"><div class=\"wpb_wrapper\"><div class=\"row vc_row wpb_row vc_inner vc_row-fluid vc_row-has-fill vc_row-o-equal-height vc_row-flex\"><div class=\"wpb_column vc_column_container col-sm-12 vc_col-has-fill\"><div class=\"vc_column-inner vc_custom_1704706057780\"><div class=\"wpb_wrapper\"><a class=\"\" href=\"https:\/\/i0.wp.com\/www.spg.com.tn\/wp-content\/uploads\/2024\/01\/t-01-01-01.png?fit=475%2C209&ssl=1\" data-lightbox=\"true\"><img loading=\"lazy\" decoding=\"async\" width=\"475\" height=\"209\" src=\"https:\/\/i0.wp.com\/www.spg.com.tn\/wp-content\/uploads\/2024\/01\/t-01-01-01.png?fit=475%2C209&amp;ssl=1\" class=\"attachment-large size-large\" alt=\"t 01 01 01\" srcset=\"https:\/\/i0.wp.com\/www.spg.com.tn\/wp-content\/uploads\/2024\/01\/t-01-01-01.png?w=475&amp;ssl=1 475w, https:\/\/i0.wp.com\/www.spg.com.tn\/wp-content\/uploads\/2024\/01\/t-01-01-01.png?resize=300%2C132&amp;ssl=1 300w, https:\/\/i0.wp.com\/www.spg.com.tn\/wp-content\/uploads\/2024\/01\/t-01-01-01.png?resize=18%2C8&amp;ssl=1 18w\" sizes=\"auto, (max-width: 475px) 100vw, 475px\" \/><\/a><div class=\"vc_empty_space\"   style=\"height: 32px\" ><span class=\"vc_empty_space_inner\"><\/span><\/div>\n<div class=\"vc_separator wpb_content_element vc_separator_align_center vc_sep_width_100 vc_sep_double vc_sep_border_width_3 vc_sep_pos_align_left vc_separator_no_text\" ><span class=\"vc_sep_holder vc_sep_holder_l\"><span  style=\"border-color:#001f42;\" class=\"vc_sep_line\"><\/span><\/span><span class=\"vc_sep_holder vc_sep_holder_r\"><span  style=\"border-color:#001f42;\" class=\"vc_sep_line\"><\/span><\/span>\n<\/div>\n\t<div class=\"wpb_text_column wpb_content_element  vc_custom_1704786522716\" >\n\t\t<div class=\"wpb_wrapper\">\n\t\t\t<li><span style=\"color: #001f42; font-size: 20px; font-weight: bold;\">SPG Tunis<\/li>\n<p><span style=\"color: #001f42;\"><a href=\"\"https:>12, rue du Lac Turkana Les Berges du Lac,1053, Tunis<\/a><\/span><\/p>\n<p><span style=\"color: #001f42; font-size: 12px; font-weight: 500;\">T\u00e9l<\/span><span style=\"color: #001f42;\">. :\u00a0(+216) 71 16 68 77<\/span><\/br><span style=\"color: #001f42; font-size: 12px; font-weight: 500;\">Fax<\/span><span style=\"color: #001f42;\"> :\u00a0(+216) 71 86 00 47<\/span><\/br><span style=\"color: #001f42; font-size: 12px; font-weight: 500;\">Email: <\/span><span style=\"color: #001f42;\">commercial@spg.com.tn<\/span><\/p>\n<li><span style=\"color: #001f42; font-size: 20px; font-weight: bold;\">SPG Sfax<\/li>\n<p><span style=\"color: #001f42;\"><a href=\"https:\/\/maps.app.goo.gl\/XyHfVMhXTXDJQjSB9\">Immeuble Houssein, Route de Tunis,3003,Sfax<\/a><\/span><\/p>\n<p><span style=\"color: #001f42; font-size: 12px; font-weight: 500;\">T\u00e9l<\/span><span style=\"color: #001f42;\">\u00a0:\u00a0(+216) 74 213 877<\/span><\/br><span style=\"color: #001f42; font-size: 12px; font-weight: 500;\">Fax<\/span><span style=\"color: #001f42;\"> :\u00a0(+216) 74 213 870<\/span><\/p>\n\n\t\t<\/div>\n\t<\/div>\n<\/div><\/div><\/div><\/div><\/div><\/div><\/div><div class=\"wpb_column vc_column_container col-sm-4\"><div class=\"vc_column-inner\"><div class=\"wpb_wrapper\"><div class=\"row vc_row wpb_row vc_inner vc_row-fluid vc_row-has-fill vc_row-o-equal-height vc_row-flex\"><div class=\"wpb_column vc_column_container col-sm-12 vc_col-has-fill\"><div class=\"vc_column-inner vc_custom_1704706057780\"><div class=\"wpb_wrapper\"><a class=\"\" href=\"https:\/\/i0.wp.com\/www.spg.com.tn\/wp-content\/uploads\/2024\/01\/s-01.png?fit=475%2C209&ssl=1\" data-lightbox=\"true\"><img loading=\"lazy\" decoding=\"async\" width=\"475\" height=\"209\" src=\"https:\/\/i0.wp.com\/www.spg.com.tn\/wp-content\/uploads\/2024\/01\/s-01.png?fit=475%2C209&amp;ssl=1\" class=\"attachment-large size-large\" alt=\"s 01\" srcset=\"https:\/\/i0.wp.com\/www.spg.com.tn\/wp-content\/uploads\/2024\/01\/s-01.png?w=475&amp;ssl=1 475w, https:\/\/i0.wp.com\/www.spg.com.tn\/wp-content\/uploads\/2024\/01\/s-01.png?resize=300%2C132&amp;ssl=1 300w, https:\/\/i0.wp.com\/www.spg.com.tn\/wp-content\/uploads\/2024\/01\/s-01.png?resize=18%2C8&amp;ssl=1 18w\" sizes=\"auto, (max-width: 475px) 100vw, 475px\" \/><\/a><div class=\"vc_empty_space\"   style=\"height: 32px\" ><span class=\"vc_empty_space_inner\"><\/span><\/div>\n<div class=\"vc_separator wpb_content_element vc_separator_align_center vc_sep_width_100 vc_sep_double vc_sep_border_width_3 vc_sep_pos_align_left vc_separator_no_text\" ><span class=\"vc_sep_holder vc_sep_holder_l\"><span  style=\"border-color:#001f42;\" class=\"vc_sep_line\"><\/span><\/span><span class=\"vc_sep_holder vc_sep_holder_r\"><span  style=\"border-color:#001f42;\" class=\"vc_sep_line\"><\/span><\/span>\n<\/div>\n\t<div class=\"wpb_text_column wpb_content_element  vc_custom_1704707066532\" >\n\t\t<div class=\"wpb_wrapper\">\n\t\t\t<li><span style=\"color: #001f42; font-size: 20px; font-weight: bold;\">SPG S\u00e9n\u00e9gal<\/li>\n<p><span style=\"color: #001f42;\"><a href=\"https:\/\/maps.app.goo.gl\/z6nFbUqu7uY7pSaz7\">Villa N\u00b040 Cit\u00e9 Biagui Yoff Toundoup RYA, Dakar, S\u00e9n\u00e9gal<\/a><\/span><\/p>\n<p><span style=\"color: #001f42; font-size: 12px; font-weight: 500;\">T\u00e9l<\/span><span style=\"color: #001f42;\">. :\u00a0+221 77 6 79 02 55 <\/span><\/br> <span style=\"color: #001f42; font-size: 12px; font-weight: 500;\">Email<\/span><span style=\"color: #001f42;\"> : marieme.cisse@spgweca.com<\/span><\/p>\n\n\t\t<\/div>\n\t<\/div>\n<\/div><\/div><\/div><\/div><\/div><\/div><\/div><\/div><\/div><div class=\"container\"><div class=\"vc_row wpb_row vc_row-fluid\"><div class=\"wpb_column vc_column_container col-sm-12\"><div class=\"vc_column-inner\"><div class=\"wpb_wrapper\"><div class=\"vc_empty_space\"   style=\"height: 100px\" ><span class=\"vc_empty_space_inner\"><\/span><\/div>\n<\/div><\/div><\/div><\/div><\/div>","protected":false},"excerpt":{"rendered":"CONTACT Laissez-nous un message Un conseiller prendra contact avec vous Votre Nom:(*) Votre Pr\u00e9nom:(*) Votre Email:(*) T\u00e9l\u00e9phone:(*) Soci\u00e9t\u00e9(*) Sujet:(*) Message: En cochant...","protected":false},"author":29,"featured_media":0,"parent":0,"menu_order":0,"comment_status":"closed","ping_status":"closed","template":"","meta":{"om_disable_all_campaigns":false,"_exactmetrics_skip_tracking":false,"_exactmetrics_sitenote_active":false,"_exactmetrics_sitenote_note":"","_exactmetrics_sitenote_category":0,"_monsterinsights_skip_tracking":false,"_monsterinsights_sitenote_active":false,"_monsterinsights_sitenote_note":"","_monsterinsights_sitenote_category":0,"_uf_show_specific_survey":0,"_uf_disable_surveys":false,"jetpack_post_was_ever_published":false,"footnotes":""},"class_list":["post-3183","page","type-page","status-publish","hentry"],"aioseo_notices":[],"yoast_head":"<!-- This site is optimized with the Yoast SEO plugin v27.4 - https:\/\/yoast.com\/product\/yoast-seo-wordpress\/ -->\n<title>CONTACT - SPG<\/title>\n<meta name=\"robots\" content=\"index, follow, max-snippet:-1, max-image-preview:large, max-video-preview:-1\" \/>\n<link rel=\"canonical\" href=\"https:\/\/www.spg.com.tn\/en\/contact\/\" \/>\n<meta property=\"og:locale\" content=\"en_US\" \/>\n<meta property=\"og:type\" content=\"article\" \/>\n<meta property=\"og:title\" content=\"CONTACT - SPG\" \/>\n<meta property=\"og:url\" content=\"https:\/\/www.spg.com.tn\/en\/contact\/\" \/>\n<meta property=\"og:site_name\" content=\"SPG\" \/>\n<meta property=\"article:publisher\" content=\"https:\/\/www.facebook.com\/SPG.Software.Productivity.Group\/\" \/>\n<meta property=\"article:modified_time\" content=\"2024-01-09T09:54:53+00:00\" \/>\n<meta name=\"twitter:card\" content=\"summary_large_image\" \/>\n<meta name=\"twitter:label1\" content=\"Est. reading time\" \/>\n\t<meta name=\"twitter:data1\" content=\"2 minutes\" \/>\n<script type=\"application\/ld+json\" class=\"yoast-schema-graph\">{\"@context\":\"https:\\\/\\\/schema.org\",\"@graph\":[{\"@type\":\"WebPage\",\"@id\":\"https:\\\/\\\/www.spg.com.tn\\\/contact\\\/\",\"url\":\"https:\\\/\\\/www.spg.com.tn\\\/contact\\\/\",\"name\":\"CONTACT - SPG\",\"isPartOf\":{\"@id\":\"https:\\\/\\\/www.spg.com.tn\\\/#website\"},\"datePublished\":\"2019-02-25T17:21:33+00:00\",\"dateModified\":\"2024-01-09T09:54:53+00:00\",\"breadcrumb\":{\"@id\":\"https:\\\/\\\/www.spg.com.tn\\\/contact\\\/#breadcrumb\"},\"inLanguage\":\"en-US\",\"potentialAction\":[{\"@type\":\"ReadAction\",\"target\":[\"https:\\\/\\\/www.spg.com.tn\\\/contact\\\/\"]}]},{\"@type\":\"BreadcrumbList\",\"@id\":\"https:\\\/\\\/www.spg.com.tn\\\/contact\\\/#breadcrumb\",\"itemListElement\":[{\"@type\":\"ListItem\",\"position\":1,\"name\":\"Accueil\",\"item\":\"https:\\\/\\\/www.spg.com.tn\\\/\"},{\"@type\":\"ListItem\",\"position\":2,\"name\":\"CONTACT\"}]},{\"@type\":\"WebSite\",\"@id\":\"https:\\\/\\\/www.spg.com.tn\\\/#website\",\"url\":\"https:\\\/\\\/www.spg.com.tn\\\/\",\"name\":\"SPG\",\"description\":\"Grossiste Informatique \u00e0 Valeur ajout\u00e9e\",\"publisher\":{\"@id\":\"https:\\\/\\\/www.spg.com.tn\\\/#organization\"},\"alternateName\":\"SPG distributeur des solutions\",\"potentialAction\":[{\"@type\":\"SearchAction\",\"target\":{\"@type\":\"EntryPoint\",\"urlTemplate\":\"https:\\\/\\\/www.spg.com.tn\\\/?s={search_term_string}\"},\"query-input\":{\"@type\":\"PropertyValueSpecification\",\"valueRequired\":true,\"valueName\":\"search_term_string\"}}],\"inLanguage\":\"en-US\"},{\"@type\":\"Organization\",\"@id\":\"https:\\\/\\\/www.spg.com.tn\\\/#organization\",\"name\":\"SPG\",\"url\":\"https:\\\/\\\/www.spg.com.tn\\\/\",\"logo\":{\"@type\":\"ImageObject\",\"inLanguage\":\"en-US\",\"@id\":\"https:\\\/\\\/www.spg.com.tn\\\/#\\\/schema\\\/logo\\\/image\\\/\",\"url\":\"https:\\\/\\\/i0.wp.com\\\/www.spg.com.tn\\\/wp-content\\\/uploads\\\/2023\\\/07\\\/Logo-SPG-new.png?fit=300%2C133&ssl=1\",\"contentUrl\":\"https:\\\/\\\/i0.wp.com\\\/www.spg.com.tn\\\/wp-content\\\/uploads\\\/2023\\\/07\\\/Logo-SPG-new.png?fit=300%2C133&ssl=1\",\"width\":300,\"height\":133,\"caption\":\"SPG\"},\"image\":{\"@id\":\"https:\\\/\\\/www.spg.com.tn\\\/#\\\/schema\\\/logo\\\/image\\\/\"},\"sameAs\":[\"https:\\\/\\\/www.facebook.com\\\/SPG.Software.Productivity.Group\\\/\",\"https:\\\/\\\/www.linkedin.com\\\/company\\\/software-productivity-group-spg\\\/\"]}]}<\/script>\n<!-- \/ Yoast SEO plugin. -->","yoast_head_json":{"title":"CONTACT - SPG","robots":{"index":"index","follow":"follow","max-snippet":"max-snippet:-1","max-image-preview":"max-image-preview:large","max-video-preview":"max-video-preview:-1"},"canonical":"https:\/\/www.spg.com.tn\/en\/contact\/","og_locale":"en_US","og_type":"article","og_title":"CONTACT - SPG","og_url":"https:\/\/www.spg.com.tn\/en\/contact\/","og_site_name":"SPG","article_publisher":"https:\/\/www.facebook.com\/SPG.Software.Productivity.Group\/","article_modified_time":"2024-01-09T09:54:53+00:00","twitter_card":"summary_large_image","twitter_misc":{"Est. reading time":"2 minutes"},"schema":{"@context":"https:\/\/schema.org","@graph":[{"@type":"WebPage","@id":"https:\/\/www.spg.com.tn\/contact\/","url":"https:\/\/www.spg.com.tn\/contact\/","name":"CONTACT - SPG","isPartOf":{"@id":"https:\/\/www.spg.com.tn\/#website"},"datePublished":"2019-02-25T17:21:33+00:00","dateModified":"2024-01-09T09:54:53+00:00","breadcrumb":{"@id":"https:\/\/www.spg.com.tn\/contact\/#breadcrumb"},"inLanguage":"en-US","potentialAction":[{"@type":"ReadAction","target":["https:\/\/www.spg.com.tn\/contact\/"]}]},{"@type":"BreadcrumbList","@id":"https:\/\/www.spg.com.tn\/contact\/#breadcrumb","itemListElement":[{"@type":"ListItem","position":1,"name":"Accueil","item":"https:\/\/www.spg.com.tn\/"},{"@type":"ListItem","position":2,"name":"CONTACT"}]},{"@type":"WebSite","@id":"https:\/\/www.spg.com.tn\/#website","url":"https:\/\/www.spg.com.tn\/","name":"SPG","description":"Grossiste Informatique \u00e0 Valeur ajout\u00e9e","publisher":{"@id":"https:\/\/www.spg.com.tn\/#organization"},"alternateName":"SPG distributeur des solutions","potentialAction":[{"@type":"SearchAction","target":{"@type":"EntryPoint","urlTemplate":"https:\/\/www.spg.com.tn\/?s={search_term_string}"},"query-input":{"@type":"PropertyValueSpecification","valueRequired":true,"valueName":"search_term_string"}}],"inLanguage":"en-US"},{"@type":"Organization","@id":"https:\/\/www.spg.com.tn\/#organization","name":"SPG","url":"https:\/\/www.spg.com.tn\/","logo":{"@type":"ImageObject","inLanguage":"en-US","@id":"https:\/\/www.spg.com.tn\/#\/schema\/logo\/image\/","url":"https:\/\/i0.wp.com\/www.spg.com.tn\/wp-content\/uploads\/2023\/07\/Logo-SPG-new.png?fit=300%2C133&ssl=1","contentUrl":"https:\/\/i0.wp.com\/www.spg.com.tn\/wp-content\/uploads\/2023\/07\/Logo-SPG-new.png?fit=300%2C133&ssl=1","width":300,"height":133,"caption":"SPG"},"image":{"@id":"https:\/\/www.spg.com.tn\/#\/schema\/logo\/image\/"},"sameAs":["https:\/\/www.facebook.com\/SPG.Software.Productivity.Group\/","https:\/\/www.linkedin.com\/company\/software-productivity-group-spg\/"]}]}},"jetpack_sharing_enabled":true,"jetpack_shortlink":"https:\/\/wp.me\/PaWB6B-Pl","jetpack_likes_enabled":true,"jetpack-related-posts":[],"_links":{"self":[{"href":"https:\/\/www.spg.com.tn\/en\/wp-json\/wp\/v2\/pages\/3183","targetHints":{"allow":["GET"]}}],"collection":[{"href":"https:\/\/www.spg.com.tn\/en\/wp-json\/wp\/v2\/pages"}],"about":[{"href":"https:\/\/www.spg.com.tn\/en\/wp-json\/wp\/v2\/types\/page"}],"author":[{"embeddable":true,"href":"https:\/\/www.spg.com.tn\/en\/wp-json\/wp\/v2\/users\/29"}],"replies":[{"embeddable":true,"href":"https:\/\/www.spg.com.tn\/en\/wp-json\/wp\/v2\/comments?post=3183"}],"version-history":[{"count":10,"href":"https:\/\/www.spg.com.tn\/en\/wp-json\/wp\/v2\/pages\/3183\/revisions"}],"predecessor-version":[{"id":93089,"href":"https:\/\/www.spg.com.tn\/en\/wp-json\/wp\/v2\/pages\/3183\/revisions\/93089"}],"wp:attachment":[{"href":"https:\/\/www.spg.com.tn\/en\/wp-json\/wp\/v2\/media?parent=3183"}],"curies":[{"name":"wp","href":"https:\/\/api.w.org\/{rel}","templated":true}]}}