{"id":43164,"date":"2019-05-01T11:25:13","date_gmt":"2019-05-01T11:25:13","guid":{"rendered":"https:\/\/www.spg.com.tn\/?page_id=43164"},"modified":"2019-08-28T10:33:07","modified_gmt":"2019-08-28T10:33:07","slug":"education","status":"publish","type":"page","link":"https:\/\/www.spg.com.tn\/en\/secteurs-dactivites\/education\/","title":{"rendered":"Education"},"content":{"rendered":"<section class=\"cover height-60 imagebg text-center\" data-overlay=\"0\" >\n\t\t\t    <div class=\"background-image-holder\">\n\t\t\t        <img loading=\"lazy\" decoding=\"async\" width=\"1351\" height=\"556\" src=\"https:\/\/i0.wp.com\/www.spg.com.tn\/wp-content\/uploads\/2019\/08\/Education.jpg?fit=1351%2C556&amp;ssl=1\" class=\"attachment-full size-full\" alt=\"Education\" srcset=\"https:\/\/i0.wp.com\/www.spg.com.tn\/wp-content\/uploads\/2019\/08\/Education.jpg?w=1351&amp;ssl=1 1351w, https:\/\/i0.wp.com\/www.spg.com.tn\/wp-content\/uploads\/2019\/08\/Education.jpg?resize=300%2C123&amp;ssl=1 300w, https:\/\/i0.wp.com\/www.spg.com.tn\/wp-content\/uploads\/2019\/08\/Education.jpg?resize=768%2C316&amp;ssl=1 768w, https:\/\/i0.wp.com\/www.spg.com.tn\/wp-content\/uploads\/2019\/08\/Education.jpg?resize=1024%2C421&amp;ssl=1 1024w\" sizes=\"auto, (max-width: 1170px) 100vw, 1170px\" \/>\n\t\t\t    <\/div>\n\t\t\t    <div class=\"container pos-vertical-center\">\n\t\t\t        <div class=\"row\">\n\t\t\t            <div class=\"col-sm-12\"><h1 style=\"font-size: 40px;color: #ffffff;line-height: 40px;text-align: center;font-family:Lato;font-weight:700;font-style:normal\" class=\"vc_custom_heading\" >EDUCATION<\/h1><\/div>\n\t\t\t        <\/div><!--end of row-->\n\t\t\t    <\/div><!--end of container-->\n\t\t\t    \n\t\t\t<\/section>\n\t\t<div class=\"vc_row-full-width vc_clearfix\"><\/div><div data-vc-full-width=\"true\" data-vc-full-width-init=\"false\" class=\"vc_row wpb_row vc_row-fluid\"><div class=\"wpb_column vc_column_container col-sm-12\"><div class=\"vc_column-inner\"><div class=\"wpb_wrapper\">\n\t\t\t<section class=\"imageblock switchable feature-large regular-background space--sm\">\n\t\t\t    <div class=\"imageblock__content col-md-6 col-sm-4 pos-right\">\n\t\t\t        <div class=\"background-image-holder\">\n\t\t\t            <img loading=\"lazy\" decoding=\"async\" width=\"688\" height=\"688\" src=\"https:\/\/i0.wp.com\/www.spg.com.tn\/wp-content\/uploads\/2019\/08\/industrie-1.jpg?fit=688%2C688&amp;ssl=1\" class=\"attachment-full size-full\" alt=\"Industrie\" srcset=\"https:\/\/i0.wp.com\/www.spg.com.tn\/wp-content\/uploads\/2019\/08\/industrie-1.jpg?w=688&amp;ssl=1 688w, https:\/\/i0.wp.com\/www.spg.com.tn\/wp-content\/uploads\/2019\/08\/industrie-1.jpg?resize=150%2C150&amp;ssl=1 150w, https:\/\/i0.wp.com\/www.spg.com.tn\/wp-content\/uploads\/2019\/08\/industrie-1.jpg?resize=300%2C300&amp;ssl=1 300w, https:\/\/i0.wp.com\/www.spg.com.tn\/wp-content\/uploads\/2019\/08\/industrie-1.jpg?resize=60%2C60&amp;ssl=1 60w\" sizes=\"auto, (max-width: 688px) 100vw, 688px\" \/>\n\t\t\t        <\/div>\n\t\t\t    <\/div>\n\t\t\t    <div class=\"container\">\n\t\t\t        <div class=\"row\">\n\t\t\t            <div class=\"col-md-5 col-sm-7\">\n\t\t\t                \n\t<div class=\"wpb_text_column wpb_content_element\" >\n\t\t<div class=\"wpb_wrapper\">\n\t\t\t<p>All our partners have special programs and rates for educational institutions.<\/p>\n<p>Microsoft has signed an agreement with the Ministry of Higher Education and Scientific Research in Tunisia for the implementation of an e-learning platform IMAGINE ACADEMY. This platform:<\/p>\n<ul>\n<li>Provides free access to all Microsoft courses for all faculty, students and administrators.<\/li>\n<li>Preparing tomorrow's skills for the jobs of the future<\/li>\n<\/ul>\n<p>Symantec offers a range of solutions to protect the virtual environments of schools and universities.\u00a0 Protecting student, faculty, and staff data is a priority. We also protect sensitive data in eLearning environments for physical, virtual, and cloud platforms.<\/p>\n\n\t\t<\/div>\n\t<\/div>\n\n\t\t\t            <\/div>\n\t\t\t        <\/div><!--end of row-->\n\t\t\t    <\/div><!--end of container-->\n\t\t\t<\/section>\n\t\t<\/div><\/div><\/div><\/div><div class=\"vc_row-full-width vc_clearfix\"><\/div>","protected":false},"excerpt":{"rendered":"EDUCATION Tous nos partenaires ont pr\u00e9vu des programmes et tarifs particuliers pour les \u00e9tablissements \u00e9ducatifs. Microsoft a sign\u00e9 une convention avec le...","protected":false},"author":29,"featured_media":0,"parent":3123,"menu_order":0,"comment_status":"closed","ping_status":"closed","template":"","meta":{"om_disable_all_campaigns":false,"_exactmetrics_skip_tracking":false,"_exactmetrics_sitenote_active":false,"_exactmetrics_sitenote_note":"","_exactmetrics_sitenote_category":0,"_monsterinsights_skip_tracking":false,"_monsterinsights_sitenote_active":false,"_monsterinsights_sitenote_note":"","_monsterinsights_sitenote_category":0,"_uf_show_specific_survey":0,"_uf_disable_surveys":false,"jetpack_post_was_ever_published":false,"footnotes":""},"class_list":["post-43164","page","type-page","status-publish","hentry"],"aioseo_notices":[],"yoast_head":"<!-- This site is optimized with the Yoast SEO plugin v27.4 - https:\/\/yoast.com\/product\/yoast-seo-wordpress\/ -->\n<title>Education - SPG<\/title>\n<meta name=\"robots\" content=\"index, follow, max-snippet:-1, max-image-preview:large, max-video-preview:-1\" \/>\n<link rel=\"canonical\" href=\"https:\/\/www.spg.com.tn\/en\/secteurs-dactivites\/education\/\" \/>\n<meta property=\"og:locale\" content=\"en_US\" \/>\n<meta property=\"og:type\" content=\"article\" \/>\n<meta property=\"og:title\" content=\"Education - SPG\" \/>\n<meta property=\"og:url\" content=\"https:\/\/www.spg.com.tn\/en\/secteurs-dactivites\/education\/\" \/>\n<meta property=\"og:site_name\" content=\"SPG\" \/>\n<meta property=\"article:publisher\" content=\"https:\/\/www.facebook.com\/SPG.Software.Productivity.Group\/\" \/>\n<meta property=\"article:modified_time\" content=\"2019-08-28T10:33:07+00:00\" \/>\n<meta name=\"twitter:card\" content=\"summary_large_image\" \/>\n<meta name=\"twitter:label1\" content=\"Est. reading time\" \/>\n\t<meta name=\"twitter:data1\" content=\"1 minute\" \/>\n<script type=\"application\/ld+json\" class=\"yoast-schema-graph\">{\"@context\":\"https:\\\/\\\/schema.org\",\"@graph\":[{\"@type\":\"WebPage\",\"@id\":\"https:\\\/\\\/www.spg.com.tn\\\/secteurs-dactivites\\\/education\\\/\",\"url\":\"https:\\\/\\\/www.spg.com.tn\\\/secteurs-dactivites\\\/education\\\/\",\"name\":\"Education - SPG\",\"isPartOf\":{\"@id\":\"https:\\\/\\\/www.spg.com.tn\\\/#website\"},\"datePublished\":\"2019-05-01T11:25:13+00:00\",\"dateModified\":\"2019-08-28T10:33:07+00:00\",\"breadcrumb\":{\"@id\":\"https:\\\/\\\/www.spg.com.tn\\\/secteurs-dactivites\\\/education\\\/#breadcrumb\"},\"inLanguage\":\"en-US\",\"potentialAction\":[{\"@type\":\"ReadAction\",\"target\":[\"https:\\\/\\\/www.spg.com.tn\\\/secteurs-dactivites\\\/education\\\/\"]}]},{\"@type\":\"BreadcrumbList\",\"@id\":\"https:\\\/\\\/www.spg.com.tn\\\/secteurs-dactivites\\\/education\\\/#breadcrumb\",\"itemListElement\":[{\"@type\":\"ListItem\",\"position\":1,\"name\":\"Accueil\",\"item\":\"https:\\\/\\\/www.spg.com.tn\\\/\"},{\"@type\":\"ListItem\",\"position\":2,\"name\":\"Secteurs d\u2019activit\u00e9s\",\"item\":\"https:\\\/\\\/www.spg.com.tn\\\/secteurs-dactivites\\\/\"},{\"@type\":\"ListItem\",\"position\":3,\"name\":\"Education\"}]},{\"@type\":\"WebSite\",\"@id\":\"https:\\\/\\\/www.spg.com.tn\\\/#website\",\"url\":\"https:\\\/\\\/www.spg.com.tn\\\/\",\"name\":\"SPG\",\"description\":\"Grossiste Informatique \u00e0 Valeur ajout\u00e9e\",\"publisher\":{\"@id\":\"https:\\\/\\\/www.spg.com.tn\\\/#organization\"},\"alternateName\":\"SPG distributeur des solutions\",\"potentialAction\":[{\"@type\":\"SearchAction\",\"target\":{\"@type\":\"EntryPoint\",\"urlTemplate\":\"https:\\\/\\\/www.spg.com.tn\\\/?s={search_term_string}\"},\"query-input\":{\"@type\":\"PropertyValueSpecification\",\"valueRequired\":true,\"valueName\":\"search_term_string\"}}],\"inLanguage\":\"en-US\"},{\"@type\":\"Organization\",\"@id\":\"https:\\\/\\\/www.spg.com.tn\\\/#organization\",\"name\":\"SPG\",\"url\":\"https:\\\/\\\/www.spg.com.tn\\\/\",\"logo\":{\"@type\":\"ImageObject\",\"inLanguage\":\"en-US\",\"@id\":\"https:\\\/\\\/www.spg.com.tn\\\/#\\\/schema\\\/logo\\\/image\\\/\",\"url\":\"https:\\\/\\\/i0.wp.com\\\/www.spg.com.tn\\\/wp-content\\\/uploads\\\/2023\\\/07\\\/Logo-SPG-new.png?fit=300%2C133&ssl=1\",\"contentUrl\":\"https:\\\/\\\/i0.wp.com\\\/www.spg.com.tn\\\/wp-content\\\/uploads\\\/2023\\\/07\\\/Logo-SPG-new.png?fit=300%2C133&ssl=1\",\"width\":300,\"height\":133,\"caption\":\"SPG\"},\"image\":{\"@id\":\"https:\\\/\\\/www.spg.com.tn\\\/#\\\/schema\\\/logo\\\/image\\\/\"},\"sameAs\":[\"https:\\\/\\\/www.facebook.com\\\/SPG.Software.Productivity.Group\\\/\",\"https:\\\/\\\/www.linkedin.com\\\/company\\\/software-productivity-group-spg\\\/\"]}]}<\/script>\n<!-- \/ Yoast SEO plugin. -->","yoast_head_json":{"title":"Education - SPG","robots":{"index":"index","follow":"follow","max-snippet":"max-snippet:-1","max-image-preview":"max-image-preview:large","max-video-preview":"max-video-preview:-1"},"canonical":"https:\/\/www.spg.com.tn\/en\/secteurs-dactivites\/education\/","og_locale":"en_US","og_type":"article","og_title":"Education - SPG","og_url":"https:\/\/www.spg.com.tn\/en\/secteurs-dactivites\/education\/","og_site_name":"SPG","article_publisher":"https:\/\/www.facebook.com\/SPG.Software.Productivity.Group\/","article_modified_time":"2019-08-28T10:33:07+00:00","twitter_card":"summary_large_image","twitter_misc":{"Est. reading time":"1 minute"},"schema":{"@context":"https:\/\/schema.org","@graph":[{"@type":"WebPage","@id":"https:\/\/www.spg.com.tn\/secteurs-dactivites\/education\/","url":"https:\/\/www.spg.com.tn\/secteurs-dactivites\/education\/","name":"Education - SPG","isPartOf":{"@id":"https:\/\/www.spg.com.tn\/#website"},"datePublished":"2019-05-01T11:25:13+00:00","dateModified":"2019-08-28T10:33:07+00:00","breadcrumb":{"@id":"https:\/\/www.spg.com.tn\/secteurs-dactivites\/education\/#breadcrumb"},"inLanguage":"en-US","potentialAction":[{"@type":"ReadAction","target":["https:\/\/www.spg.com.tn\/secteurs-dactivites\/education\/"]}]},{"@type":"BreadcrumbList","@id":"https:\/\/www.spg.com.tn\/secteurs-dactivites\/education\/#breadcrumb","itemListElement":[{"@type":"ListItem","position":1,"name":"Accueil","item":"https:\/\/www.spg.com.tn\/"},{"@type":"ListItem","position":2,"name":"Secteurs d\u2019activit\u00e9s","item":"https:\/\/www.spg.com.tn\/secteurs-dactivites\/"},{"@type":"ListItem","position":3,"name":"Education"}]},{"@type":"WebSite","@id":"https:\/\/www.spg.com.tn\/#website","url":"https:\/\/www.spg.com.tn\/","name":"SPG","description":"Grossiste Informatique \u00e0 Valeur ajout\u00e9e","publisher":{"@id":"https:\/\/www.spg.com.tn\/#organization"},"alternateName":"SPG distributeur des solutions","potentialAction":[{"@type":"SearchAction","target":{"@type":"EntryPoint","urlTemplate":"https:\/\/www.spg.com.tn\/?s={search_term_string}"},"query-input":{"@type":"PropertyValueSpecification","valueRequired":true,"valueName":"search_term_string"}}],"inLanguage":"en-US"},{"@type":"Organization","@id":"https:\/\/www.spg.com.tn\/#organization","name":"SPG","url":"https:\/\/www.spg.com.tn\/","logo":{"@type":"ImageObject","inLanguage":"en-US","@id":"https:\/\/www.spg.com.tn\/#\/schema\/logo\/image\/","url":"https:\/\/i0.wp.com\/www.spg.com.tn\/wp-content\/uploads\/2023\/07\/Logo-SPG-new.png?fit=300%2C133&ssl=1","contentUrl":"https:\/\/i0.wp.com\/www.spg.com.tn\/wp-content\/uploads\/2023\/07\/Logo-SPG-new.png?fit=300%2C133&ssl=1","width":300,"height":133,"caption":"SPG"},"image":{"@id":"https:\/\/www.spg.com.tn\/#\/schema\/logo\/image\/"},"sameAs":["https:\/\/www.facebook.com\/SPG.Software.Productivity.Group\/","https:\/\/www.linkedin.com\/company\/software-productivity-group-spg\/"]}]}},"jetpack_sharing_enabled":true,"jetpack_shortlink":"https:\/\/wp.me\/PaWB6B-bec","jetpack_likes_enabled":true,"jetpack-related-posts":[],"_links":{"self":[{"href":"https:\/\/www.spg.com.tn\/en\/wp-json\/wp\/v2\/pages\/43164","targetHints":{"allow":["GET"]}}],"collection":[{"href":"https:\/\/www.spg.com.tn\/en\/wp-json\/wp\/v2\/pages"}],"about":[{"href":"https:\/\/www.spg.com.tn\/en\/wp-json\/wp\/v2\/types\/page"}],"author":[{"embeddable":true,"href":"https:\/\/www.spg.com.tn\/en\/wp-json\/wp\/v2\/users\/29"}],"replies":[{"embeddable":true,"href":"https:\/\/www.spg.com.tn\/en\/wp-json\/wp\/v2\/comments?post=43164"}],"version-history":[{"count":0,"href":"https:\/\/www.spg.com.tn\/en\/wp-json\/wp\/v2\/pages\/43164\/revisions"}],"up":[{"embeddable":true,"href":"https:\/\/www.spg.com.tn\/en\/wp-json\/wp\/v2\/pages\/3123"}],"wp:attachment":[{"href":"https:\/\/www.spg.com.tn\/en\/wp-json\/wp\/v2\/media?parent=43164"}],"curies":[{"name":"wp","href":"https:\/\/api.w.org\/{rel}","templated":true}]}}