{"id":43755,"date":"2019-09-10T15:10:43","date_gmt":"2019-09-10T15:10:43","guid":{"rendered":"https:\/\/www.spg.com.tn\/?page_id=43755"},"modified":"2019-09-10T15:32:52","modified_gmt":"2019-09-10T15:32:52","slug":"blog","status":"publish","type":"page","link":"https:\/\/www.spg.com.tn\/en\/blog\/","title":{"rendered":"Blog"},"content":{"rendered":"<section class=\"\" ><div class=\"container\"><div class=\"vc_row wpb_row vc_row-fluid\"><div class=\"wpb_column vc_column_container col-sm-12\"><div class=\"vc_column-inner\"><div class=\"wpb_wrapper\"><div class=\"\"><div class=\"row\">\n    <div class=\"masonry\">\n        \n                \t<div class=\"masonry-filter-container\">\n        \t\t\n<span>Category:<\/span>\n<div class=\"masonry-filter-holder masonry-filter-holder-post\">\n\t<div class=\"masonry__filters blog-filters\">\n\t\t<ul>\n\t\t\t<li class=\"active js-no-action\">Actualit\u00e9s<\/li>\t<li class=\"cat-item cat-item-117 js-no-action\"><a href=\"https:\/\/www.spg.com.tn\/en\/category\/actualites\/evenements\/\">Evenements<\/a>\n<\/li>\n\t<li class=\"cat-item cat-item-116 js-no-action\"><a href=\"https:\/\/www.spg.com.tn\/en\/category\/actualites\/news\/\">News<\/a>\n<\/li>\n\t\t<\/ul>\n\t<\/div>\n<\/div>        \t<\/div>\n                \n        <div class=\"masonry__container\">\n        \t<div class=\"masonry__item col-sm-6 text-center\">\n    <div class=\"project-thumb\">\n        <a href=\"https:\/\/www.spg.com.tn\/en\/spg-et-axidian-au-sit-africa-2025\/\">\n            <img loading=\"lazy\" decoding=\"async\" width=\"800\" height=\"450\" src=\"https:\/\/i0.wp.com\/www.spg.com.tn\/wp-content\/uploads\/2025\/04\/sit_afria_forum_2025.jpg?fit=800%2C450&amp;ssl=1\" class=\"border--round wp-post-image\" alt=\"sit africa forum 2025\" srcset=\"https:\/\/i0.wp.com\/www.spg.com.tn\/wp-content\/uploads\/2025\/04\/sit_afria_forum_2025.jpg?w=800&amp;ssl=1 800w, https:\/\/i0.wp.com\/www.spg.com.tn\/wp-content\/uploads\/2025\/04\/sit_afria_forum_2025.jpg?resize=300%2C169&amp;ssl=1 300w, https:\/\/i0.wp.com\/www.spg.com.tn\/wp-content\/uploads\/2025\/04\/sit_afria_forum_2025.jpg?resize=768%2C432&amp;ssl=1 768w, https:\/\/i0.wp.com\/www.spg.com.tn\/wp-content\/uploads\/2025\/04\/sit_afria_forum_2025.jpg?resize=18%2C10&amp;ssl=1 18w\" sizes=\"auto, (max-width: 800px) 100vw, 800px\" \/>        <\/a>\n        <h4><a href=\"https:\/\/www.spg.com.tn\/en\/spg-et-axidian-au-sit-africa-2025\/\">SPG et Axidian au SIT AFRICA 2025<\/a><\/h4><span>Actualit\u00e9s, Actualit\u00e9s des Marques, Afrique, Axidian, Evenements, News<\/span>    <\/div>\n<\/div><!--end item--><div class=\"masonry__item col-sm-6 text-center\">\n    <div class=\"project-thumb\">\n        <a href=\"https:\/\/www.spg.com.tn\/en\/axidian-days-solutions-mfa-pam-transformation-digitale\/\">\n            <img loading=\"lazy\" decoding=\"async\" width=\"1024\" height=\"768\" src=\"https:\/\/i0.wp.com\/www.spg.com.tn\/wp-content\/uploads\/2025\/04\/WhatsApp-Image-2025-02-20-a-15.59.09_fb291a8d.jpg?fit=1024%2C768&amp;ssl=1\" class=\"border--round wp-post-image\" alt=\"WhatsApp Image 2025 02 20 \u00e0 15.59.09 fb291a8d\" srcset=\"https:\/\/i0.wp.com\/www.spg.com.tn\/wp-content\/uploads\/2025\/04\/WhatsApp-Image-2025-02-20-a-15.59.09_fb291a8d.jpg?w=1156&amp;ssl=1 1156w, https:\/\/i0.wp.com\/www.spg.com.tn\/wp-content\/uploads\/2025\/04\/WhatsApp-Image-2025-02-20-a-15.59.09_fb291a8d.jpg?resize=300%2C225&amp;ssl=1 300w, https:\/\/i0.wp.com\/www.spg.com.tn\/wp-content\/uploads\/2025\/04\/WhatsApp-Image-2025-02-20-a-15.59.09_fb291a8d.jpg?resize=1024%2C768&amp;ssl=1 1024w, https:\/\/i0.wp.com\/www.spg.com.tn\/wp-content\/uploads\/2025\/04\/WhatsApp-Image-2025-02-20-a-15.59.09_fb291a8d.jpg?resize=768%2C576&amp;ssl=1 768w, https:\/\/i0.wp.com\/www.spg.com.tn\/wp-content\/uploads\/2025\/04\/WhatsApp-Image-2025-02-20-a-15.59.09_fb291a8d.jpg?resize=16%2C12&amp;ssl=1 16w\" sizes=\"auto, (max-width: 1024px) 100vw, 1024px\" \/>        <\/a>\n        <h4><a href=\"https:\/\/www.spg.com.tn\/en\/axidian-days-solutions-mfa-pam-transformation-digitale\/\">Axidian Days : Deux jours d\u00e9di\u00e9s aux solutions Axidian pour nos partenaires et clients<\/a><\/h4><span>Actualit\u00e9s, Afrique, Axidian, Evenements<\/span>    <\/div>\n<\/div><!--end item--><div class=\"masonry__item col-sm-6 text-center\">\n    <div class=\"project-thumb\">\n        <a href=\"https:\/\/www.spg.com.tn\/en\/rencontre-spg-commvault-sauvegarde-cybersecurite-transformation-digitale\/\">\n            <img loading=\"lazy\" decoding=\"async\" width=\"1024\" height=\"558\" src=\"https:\/\/i0.wp.com\/www.spg.com.tn\/wp-content\/uploads\/2025\/04\/IMG-20250207-WA0009.jpg?fit=1024%2C558&amp;ssl=1\" class=\"border--round wp-post-image\" alt=\"IMG 20250207 WA0009\" srcset=\"https:\/\/i0.wp.com\/www.spg.com.tn\/wp-content\/uploads\/2025\/04\/IMG-20250207-WA0009.jpg?w=1600&amp;ssl=1 1600w, https:\/\/i0.wp.com\/www.spg.com.tn\/wp-content\/uploads\/2025\/04\/IMG-20250207-WA0009.jpg?resize=300%2C164&amp;ssl=1 300w, https:\/\/i0.wp.com\/www.spg.com.tn\/wp-content\/uploads\/2025\/04\/IMG-20250207-WA0009.jpg?resize=1024%2C558&amp;ssl=1 1024w, https:\/\/i0.wp.com\/www.spg.com.tn\/wp-content\/uploads\/2025\/04\/IMG-20250207-WA0009.jpg?resize=768%2C419&amp;ssl=1 768w, https:\/\/i0.wp.com\/www.spg.com.tn\/wp-content\/uploads\/2025\/04\/IMG-20250207-WA0009.jpg?resize=1536%2C837&amp;ssl=1 1536w, https:\/\/i0.wp.com\/www.spg.com.tn\/wp-content\/uploads\/2025\/04\/IMG-20250207-WA0009.jpg?resize=18%2C10&amp;ssl=1 18w\" sizes=\"auto, (max-width: 1024px) 100vw, 1024px\" \/>        <\/a>\n        <h4><a href=\"https:\/\/www.spg.com.tn\/en\/rencontre-spg-commvault-sauvegarde-cybersecurite-transformation-digitale\/\">Rencontre Partenaires SPG  &#038; Commvault<\/a><\/h4><span>Actualit\u00e9s, Afrique, Commvault, Evenements<\/span>    <\/div>\n<\/div><!--end item--><div class=\"masonry__item col-sm-6 text-center\">\n    <div class=\"project-thumb\">\n        <a href=\"https:\/\/www.spg.com.tn\/en\/2025-conformite-it-spg-securite-regulations-integrite\/\">\n                    <\/a>\n        <h4><a href=\"https:\/\/www.spg.com.tn\/en\/2025-conformite-it-spg-securite-regulations-integrite\/\">2025, l&rsquo;ann\u00e9e de la conformit\u00e9 IT chez SPG<\/a><\/h4><span>Actualit\u00e9s, Actualit\u00e9s des Marques, Evenements, News<\/span>    <\/div>\n<\/div><!--end item--><div class=\"masonry__item col-sm-6 text-center\">\n    <div class=\"project-thumb\">\n        <a href=\"https:\/\/www.spg.com.tn\/en\/sophos\/\">\n            <img loading=\"lazy\" decoding=\"async\" width=\"1024\" height=\"770\" src=\"https:\/\/i0.wp.com\/www.spg.com.tn\/wp-content\/uploads\/2024\/12\/WhatsApp-Image-2024-12-04-a-10.09.46_79197b52.jpg?fit=1024%2C770&amp;ssl=1\" class=\"border--round wp-post-image\" alt=\"SPG-Sophos XGS\" srcset=\"https:\/\/i0.wp.com\/www.spg.com.tn\/wp-content\/uploads\/2024\/12\/WhatsApp-Image-2024-12-04-a-10.09.46_79197b52.jpg?w=1280&amp;ssl=1 1280w, https:\/\/i0.wp.com\/www.spg.com.tn\/wp-content\/uploads\/2024\/12\/WhatsApp-Image-2024-12-04-a-10.09.46_79197b52.jpg?resize=300%2C226&amp;ssl=1 300w, https:\/\/i0.wp.com\/www.spg.com.tn\/wp-content\/uploads\/2024\/12\/WhatsApp-Image-2024-12-04-a-10.09.46_79197b52.jpg?resize=1024%2C770&amp;ssl=1 1024w, https:\/\/i0.wp.com\/www.spg.com.tn\/wp-content\/uploads\/2024\/12\/WhatsApp-Image-2024-12-04-a-10.09.46_79197b52.jpg?resize=768%2C578&amp;ssl=1 768w, https:\/\/i0.wp.com\/www.spg.com.tn\/wp-content\/uploads\/2024\/12\/WhatsApp-Image-2024-12-04-a-10.09.46_79197b52.jpg?resize=16%2C12&amp;ssl=1 16w\" sizes=\"auto, (max-width: 1024px) 100vw, 1024px\" \/>        <\/a>\n        <h4><a href=\"https:\/\/www.spg.com.tn\/en\/sophos\/\">Workshop SPG Sfax : Sophos XGS et Meilleures Pratiques en S\u00e9curit\u00e9<\/a><\/h4><span>Actualit\u00e9s, Evenements, Sophos<\/span>    <\/div>\n<\/div><!--end item--><div class=\"masonry__item col-sm-6 text-center\">\n    <div class=\"project-thumb\">\n        <a href=\"https:\/\/www.spg.com.tn\/en\/comvault-formation-certifiante-spg\/\">\n            <img loading=\"lazy\" decoding=\"async\" width=\"1024\" height=\"768\" src=\"https:\/\/i0.wp.com\/www.spg.com.tn\/wp-content\/uploads\/2024\/12\/WhatsApp-Image-2024-11-27-a-15.25.03_f00b6ccf.jpg?fit=1024%2C768&amp;ssl=1\" class=\"border--round wp-post-image\" alt=\"SPG-Commvault\" srcset=\"https:\/\/i0.wp.com\/www.spg.com.tn\/wp-content\/uploads\/2024\/12\/WhatsApp-Image-2024-11-27-a-15.25.03_f00b6ccf.jpg?w=1600&amp;ssl=1 1600w, https:\/\/i0.wp.com\/www.spg.com.tn\/wp-content\/uploads\/2024\/12\/WhatsApp-Image-2024-11-27-a-15.25.03_f00b6ccf.jpg?resize=300%2C225&amp;ssl=1 300w, https:\/\/i0.wp.com\/www.spg.com.tn\/wp-content\/uploads\/2024\/12\/WhatsApp-Image-2024-11-27-a-15.25.03_f00b6ccf.jpg?resize=1024%2C768&amp;ssl=1 1024w, https:\/\/i0.wp.com\/www.spg.com.tn\/wp-content\/uploads\/2024\/12\/WhatsApp-Image-2024-11-27-a-15.25.03_f00b6ccf.jpg?resize=768%2C576&amp;ssl=1 768w, https:\/\/i0.wp.com\/www.spg.com.tn\/wp-content\/uploads\/2024\/12\/WhatsApp-Image-2024-11-27-a-15.25.03_f00b6ccf.jpg?resize=1536%2C1152&amp;ssl=1 1536w, https:\/\/i0.wp.com\/www.spg.com.tn\/wp-content\/uploads\/2024\/12\/WhatsApp-Image-2024-11-27-a-15.25.03_f00b6ccf.jpg?resize=16%2C12&amp;ssl=1 16w\" sizes=\"auto, (max-width: 1024px) 100vw, 1024px\" \/>        <\/a>\n        <h4><a href=\"https:\/\/www.spg.com.tn\/en\/comvault-formation-certifiante-spg\/\">Commvault : Formation professionnelle certifiante d\u00e9di\u00e9e aux partenaires SPG<\/a><\/h4><span>Actualit\u00e9s, Actualit\u00e9s des Marques, Commvault, Evenements<\/span>    <\/div>\n<\/div><!--end item--><div class=\"masonry__item col-sm-6 text-center\">\n    <div class=\"project-thumb\">\n        <a href=\"https:\/\/www.spg.com.tn\/en\/transformation-digitale-avec-spg-et-b2m\/\">\n            <img loading=\"lazy\" decoding=\"async\" width=\"1024\" height=\"475\" src=\"https:\/\/i0.wp.com\/www.spg.com.tn\/wp-content\/uploads\/2021\/09\/eff.jpg?fit=1024%2C475&amp;ssl=1\" class=\"border--round wp-post-image\" alt=\"eff\" srcset=\"https:\/\/i0.wp.com\/www.spg.com.tn\/wp-content\/uploads\/2021\/09\/eff.jpg?w=1597&amp;ssl=1 1597w, https:\/\/i0.wp.com\/www.spg.com.tn\/wp-content\/uploads\/2021\/09\/eff.jpg?resize=300%2C139&amp;ssl=1 300w, https:\/\/i0.wp.com\/www.spg.com.tn\/wp-content\/uploads\/2021\/09\/eff.jpg?resize=1024%2C475&amp;ssl=1 1024w, https:\/\/i0.wp.com\/www.spg.com.tn\/wp-content\/uploads\/2021\/09\/eff.jpg?resize=768%2C356&amp;ssl=1 768w, https:\/\/i0.wp.com\/www.spg.com.tn\/wp-content\/uploads\/2021\/09\/eff.jpg?resize=1536%2C713&amp;ssl=1 1536w\" sizes=\"auto, (max-width: 1024px) 100vw, 1024px\" \/>        <\/a>\n        <h4><a href=\"https:\/\/www.spg.com.tn\/en\/transformation-digitale-avec-spg-et-b2m\/\">Transformation digitale avec SPG et B2M<\/a><\/h4><span>Actualit\u00e9s, News<\/span>    <\/div>\n<\/div><!--end item--><div class=\"masonry__item col-sm-6 text-center\">\n    <div class=\"project-thumb\">\n        <a href=\"https:\/\/www.spg.com.tn\/en\/les-avantages-du-cloud-solution-provider\/\">\n            <img loading=\"lazy\" decoding=\"async\" width=\"960\" height=\"500\" src=\"https:\/\/i0.wp.com\/www.spg.com.tn\/wp-content\/uploads\/2019\/12\/Astuce-3.png?fit=960%2C500&amp;ssl=1\" class=\"border--round wp-post-image\" alt=\"Cloud Solution\" srcset=\"https:\/\/i0.wp.com\/www.spg.com.tn\/wp-content\/uploads\/2019\/12\/Astuce-3.png?w=960&amp;ssl=1 960w, https:\/\/i0.wp.com\/www.spg.com.tn\/wp-content\/uploads\/2019\/12\/Astuce-3.png?resize=300%2C156&amp;ssl=1 300w, https:\/\/i0.wp.com\/www.spg.com.tn\/wp-content\/uploads\/2019\/12\/Astuce-3.png?resize=768%2C400&amp;ssl=1 768w, https:\/\/i0.wp.com\/www.spg.com.tn\/wp-content\/uploads\/2019\/12\/Astuce-3.png?resize=600%2C313&amp;ssl=1 600w\" sizes=\"auto, (max-width: 960px) 100vw, 960px\" \/>        <\/a>\n        <h4><a href=\"https:\/\/www.spg.com.tn\/en\/les-avantages-du-cloud-solution-provider\/\">Les avantages du Cloud Solution Provider<\/a><\/h4><span>Actualit\u00e9s<\/span>    <\/div>\n<\/div><!--end item-->        <\/div><!--end of masonry container-->\n        \n    <\/div><!--end masonry-->\n<\/div><!--end of row-->\n\n\n<div class=\"pagination\">\n\n\t\t\t\t\t<div class=\"col-xs-6 text-left\">\n\t\t\t<a class=\"type--fine-print\" href=\"https:\/\/www.spg.com.tn\/en\/wp-json\/wp\/v2\/pages\/43755\/page\/2\/\">&laquo; Older Posts<\/a>\n\t\t<\/div>\n\t\t\n\t\t\n\t\t\n<\/div><\/div><\/div><\/div><\/div><\/div><\/div><\/section>","protected":false},"excerpt":{"rendered":"Category: Actualit\u00e9s Evenements News SPG et Axidian au SIT AFRICA 2025Actualit\u00e9s, Actualit\u00e9s des Marques, Afrique, Axidian, Evenements, News Axidian Days : Deux...","protected":false},"author":29,"featured_media":0,"parent":0,"menu_order":0,"comment_status":"closed","ping_status":"closed","template":"","meta":{"om_disable_all_campaigns":false,"_exactmetrics_skip_tracking":false,"_exactmetrics_sitenote_active":false,"_exactmetrics_sitenote_note":"","_exactmetrics_sitenote_category":0,"_monsterinsights_skip_tracking":false,"_monsterinsights_sitenote_active":false,"_monsterinsights_sitenote_note":"","_monsterinsights_sitenote_category":0,"_uf_show_specific_survey":0,"_uf_disable_surveys":false,"jetpack_post_was_ever_published":false,"footnotes":""},"class_list":["post-43755","page","type-page","status-publish","hentry"],"aioseo_notices":[],"yoast_head":"<!-- This site is optimized with the Yoast SEO plugin v27.4 - https:\/\/yoast.com\/product\/yoast-seo-wordpress\/ -->\n<title>Blog - SPG<\/title>\n<meta name=\"robots\" content=\"index, follow, max-snippet:-1, max-image-preview:large, max-video-preview:-1\" \/>\n<link rel=\"canonical\" href=\"https:\/\/www.spg.com.tn\/en\/blog\/\" \/>\n<meta property=\"og:locale\" content=\"en_US\" \/>\n<meta property=\"og:type\" content=\"article\" \/>\n<meta property=\"og:title\" content=\"Blog - SPG\" \/>\n<meta property=\"og:url\" content=\"https:\/\/www.spg.com.tn\/en\/blog\/\" \/>\n<meta property=\"og:site_name\" content=\"SPG\" \/>\n<meta property=\"article:publisher\" content=\"https:\/\/www.facebook.com\/SPG.Software.Productivity.Group\/\" \/>\n<meta property=\"article:modified_time\" content=\"2019-09-10T15:32:52+00:00\" \/>\n<meta name=\"twitter:card\" content=\"summary_large_image\" \/>\n<meta name=\"twitter:label1\" content=\"Est. reading time\" \/>\n\t<meta name=\"twitter:data1\" content=\"1 minute\" \/>\n<script type=\"application\/ld+json\" class=\"yoast-schema-graph\">{\"@context\":\"https:\\\/\\\/schema.org\",\"@graph\":[{\"@type\":\"WebPage\",\"@id\":\"https:\\\/\\\/www.spg.com.tn\\\/blog\\\/\",\"url\":\"https:\\\/\\\/www.spg.com.tn\\\/blog\\\/\",\"name\":\"Blog - SPG\",\"isPartOf\":{\"@id\":\"https:\\\/\\\/www.spg.com.tn\\\/#website\"},\"datePublished\":\"2019-09-10T15:10:43+00:00\",\"dateModified\":\"2019-09-10T15:32:52+00:00\",\"breadcrumb\":{\"@id\":\"https:\\\/\\\/www.spg.com.tn\\\/blog\\\/#breadcrumb\"},\"inLanguage\":\"en-US\",\"potentialAction\":[{\"@type\":\"ReadAction\",\"target\":[\"https:\\\/\\\/www.spg.com.tn\\\/blog\\\/\"]}]},{\"@type\":\"BreadcrumbList\",\"@id\":\"https:\\\/\\\/www.spg.com.tn\\\/blog\\\/#breadcrumb\",\"itemListElement\":[{\"@type\":\"ListItem\",\"position\":1,\"name\":\"Accueil\",\"item\":\"https:\\\/\\\/www.spg.com.tn\\\/\"},{\"@type\":\"ListItem\",\"position\":2,\"name\":\"Blog\"}]},{\"@type\":\"WebSite\",\"@id\":\"https:\\\/\\\/www.spg.com.tn\\\/#website\",\"url\":\"https:\\\/\\\/www.spg.com.tn\\\/\",\"name\":\"SPG\",\"description\":\"Grossiste Informatique \u00e0 Valeur ajout\u00e9e\",\"publisher\":{\"@id\":\"https:\\\/\\\/www.spg.com.tn\\\/#organization\"},\"alternateName\":\"SPG distributeur des solutions\",\"potentialAction\":[{\"@type\":\"SearchAction\",\"target\":{\"@type\":\"EntryPoint\",\"urlTemplate\":\"https:\\\/\\\/www.spg.com.tn\\\/?s={search_term_string}\"},\"query-input\":{\"@type\":\"PropertyValueSpecification\",\"valueRequired\":true,\"valueName\":\"search_term_string\"}}],\"inLanguage\":\"en-US\"},{\"@type\":\"Organization\",\"@id\":\"https:\\\/\\\/www.spg.com.tn\\\/#organization\",\"name\":\"SPG\",\"url\":\"https:\\\/\\\/www.spg.com.tn\\\/\",\"logo\":{\"@type\":\"ImageObject\",\"inLanguage\":\"en-US\",\"@id\":\"https:\\\/\\\/www.spg.com.tn\\\/#\\\/schema\\\/logo\\\/image\\\/\",\"url\":\"https:\\\/\\\/i0.wp.com\\\/www.spg.com.tn\\\/wp-content\\\/uploads\\\/2023\\\/07\\\/Logo-SPG-new.png?fit=300%2C133&ssl=1\",\"contentUrl\":\"https:\\\/\\\/i0.wp.com\\\/www.spg.com.tn\\\/wp-content\\\/uploads\\\/2023\\\/07\\\/Logo-SPG-new.png?fit=300%2C133&ssl=1\",\"width\":300,\"height\":133,\"caption\":\"SPG\"},\"image\":{\"@id\":\"https:\\\/\\\/www.spg.com.tn\\\/#\\\/schema\\\/logo\\\/image\\\/\"},\"sameAs\":[\"https:\\\/\\\/www.facebook.com\\\/SPG.Software.Productivity.Group\\\/\",\"https:\\\/\\\/www.linkedin.com\\\/company\\\/software-productivity-group-spg\\\/\"]}]}<\/script>\n<!-- \/ Yoast SEO plugin. -->","yoast_head_json":{"title":"Blog - SPG","robots":{"index":"index","follow":"follow","max-snippet":"max-snippet:-1","max-image-preview":"max-image-preview:large","max-video-preview":"max-video-preview:-1"},"canonical":"https:\/\/www.spg.com.tn\/en\/blog\/","og_locale":"en_US","og_type":"article","og_title":"Blog - SPG","og_url":"https:\/\/www.spg.com.tn\/en\/blog\/","og_site_name":"SPG","article_publisher":"https:\/\/www.facebook.com\/SPG.Software.Productivity.Group\/","article_modified_time":"2019-09-10T15:32:52+00:00","twitter_card":"summary_large_image","twitter_misc":{"Est. reading time":"1 minute"},"schema":{"@context":"https:\/\/schema.org","@graph":[{"@type":"WebPage","@id":"https:\/\/www.spg.com.tn\/blog\/","url":"https:\/\/www.spg.com.tn\/blog\/","name":"Blog - SPG","isPartOf":{"@id":"https:\/\/www.spg.com.tn\/#website"},"datePublished":"2019-09-10T15:10:43+00:00","dateModified":"2019-09-10T15:32:52+00:00","breadcrumb":{"@id":"https:\/\/www.spg.com.tn\/blog\/#breadcrumb"},"inLanguage":"en-US","potentialAction":[{"@type":"ReadAction","target":["https:\/\/www.spg.com.tn\/blog\/"]}]},{"@type":"BreadcrumbList","@id":"https:\/\/www.spg.com.tn\/blog\/#breadcrumb","itemListElement":[{"@type":"ListItem","position":1,"name":"Accueil","item":"https:\/\/www.spg.com.tn\/"},{"@type":"ListItem","position":2,"name":"Blog"}]},{"@type":"WebSite","@id":"https:\/\/www.spg.com.tn\/#website","url":"https:\/\/www.spg.com.tn\/","name":"SPG","description":"Grossiste Informatique \u00e0 Valeur ajout\u00e9e","publisher":{"@id":"https:\/\/www.spg.com.tn\/#organization"},"alternateName":"SPG distributeur des solutions","potentialAction":[{"@type":"SearchAction","target":{"@type":"EntryPoint","urlTemplate":"https:\/\/www.spg.com.tn\/?s={search_term_string}"},"query-input":{"@type":"PropertyValueSpecification","valueRequired":true,"valueName":"search_term_string"}}],"inLanguage":"en-US"},{"@type":"Organization","@id":"https:\/\/www.spg.com.tn\/#organization","name":"SPG","url":"https:\/\/www.spg.com.tn\/","logo":{"@type":"ImageObject","inLanguage":"en-US","@id":"https:\/\/www.spg.com.tn\/#\/schema\/logo\/image\/","url":"https:\/\/i0.wp.com\/www.spg.com.tn\/wp-content\/uploads\/2023\/07\/Logo-SPG-new.png?fit=300%2C133&ssl=1","contentUrl":"https:\/\/i0.wp.com\/www.spg.com.tn\/wp-content\/uploads\/2023\/07\/Logo-SPG-new.png?fit=300%2C133&ssl=1","width":300,"height":133,"caption":"SPG"},"image":{"@id":"https:\/\/www.spg.com.tn\/#\/schema\/logo\/image\/"},"sameAs":["https:\/\/www.facebook.com\/SPG.Software.Productivity.Group\/","https:\/\/www.linkedin.com\/company\/software-productivity-group-spg\/"]}]}},"jetpack_sharing_enabled":true,"jetpack_shortlink":"https:\/\/wp.me\/PaWB6B-bnJ","jetpack_likes_enabled":true,"jetpack-related-posts":[],"_links":{"self":[{"href":"https:\/\/www.spg.com.tn\/en\/wp-json\/wp\/v2\/pages\/43755","targetHints":{"allow":["GET"]}}],"collection":[{"href":"https:\/\/www.spg.com.tn\/en\/wp-json\/wp\/v2\/pages"}],"about":[{"href":"https:\/\/www.spg.com.tn\/en\/wp-json\/wp\/v2\/types\/page"}],"author":[{"embeddable":true,"href":"https:\/\/www.spg.com.tn\/en\/wp-json\/wp\/v2\/users\/29"}],"replies":[{"embeddable":true,"href":"https:\/\/www.spg.com.tn\/en\/wp-json\/wp\/v2\/comments?post=43755"}],"version-history":[{"count":0,"href":"https:\/\/www.spg.com.tn\/en\/wp-json\/wp\/v2\/pages\/43755\/revisions"}],"wp:attachment":[{"href":"https:\/\/www.spg.com.tn\/en\/wp-json\/wp\/v2\/media?parent=43755"}],"curies":[{"name":"wp","href":"https:\/\/api.w.org\/{rel}","templated":true}]}}