{"id":43869,"date":"2019-11-15T07:43:09","date_gmt":"2019-11-15T07:43:09","guid":{"rendered":"https:\/\/www.spg.com.tn\/?page_id=43869"},"modified":"2019-11-18T11:17:29","modified_gmt":"2019-11-18T11:17:29","slug":"livres-blancs","status":"publish","type":"page","link":"https:\/\/www.spg.com.tn\/en\/livres-blancs\/","title":{"rendered":"Livres Blancs"},"content":{"rendered":"<section class=\"vc_row-o-full-height\" ><div class=\"container\"><div class=\"vc_row wpb_row vc_row-fluid vc_row-o-content-middle vc_row-flex\"><div class=\"wpb_column vc_column_container col-sm-12\"><div class=\"vc_column-inner\"><div class=\"wpb_wrapper\">\n\t<div class=\"wpb_text_column wpb_content_element\" >\n\t\t<div class=\"wpb_wrapper\">\n\t\t\t<h1 style=\"text-align: center;\">Livres Blancs<\/h1>\n\n\t\t<\/div>\n\t<\/div>\n<\/div><\/div><\/div><\/div><\/div><div class=\"container\"><div class=\"vc_row wpb_row vc_row-fluid\"><div class=\"wpb_column vc_column_container col-sm-3\"><div class=\"vc_column-inner\"><div class=\"wpb_wrapper\">\n\t<div  class=\"wpb_single_image wpb_content_element vc_align_center\">\n\t\t\n\t\t<figure class=\"wpb_wrapper vc_figure\">\n\t\t\t<a href=\"https:\/\/www.spg.com.tn\/en\/formulaire-livres-blancs\/\" target=\"_blank\" class=\"vc_single_image-wrapper   vc_box_border_grey\"><img loading=\"lazy\" decoding=\"async\" width=\"300\" height=\"169\" src=\"https:\/\/i0.wp.com\/www.spg.com.tn\/wp-content\/uploads\/2019\/11\/downloads_introduction_to_microsoft_teams-1.jpg?fit=300%2C169&amp;ssl=1\" class=\"vc_single_image-img attachment-medium\" alt=\"Microsoft-Teams\" srcset=\"https:\/\/i0.wp.com\/www.spg.com.tn\/wp-content\/uploads\/2019\/11\/downloads_introduction_to_microsoft_teams-1.jpg?w=2000&amp;ssl=1 2000w, https:\/\/i0.wp.com\/www.spg.com.tn\/wp-content\/uploads\/2019\/11\/downloads_introduction_to_microsoft_teams-1.jpg?resize=300%2C169&amp;ssl=1 300w, https:\/\/i0.wp.com\/www.spg.com.tn\/wp-content\/uploads\/2019\/11\/downloads_introduction_to_microsoft_teams-1.jpg?resize=1024%2C576&amp;ssl=1 1024w, https:\/\/i0.wp.com\/www.spg.com.tn\/wp-content\/uploads\/2019\/11\/downloads_introduction_to_microsoft_teams-1.jpg?resize=768%2C432&amp;ssl=1 768w, https:\/\/i0.wp.com\/www.spg.com.tn\/wp-content\/uploads\/2019\/11\/downloads_introduction_to_microsoft_teams-1.jpg?resize=1536%2C864&amp;ssl=1 1536w\" sizes=\"auto, (max-width: 300px) 100vw, 300px\" \/><\/a>\n\t\t<\/figure>\n\t<\/div>\n\n\t<div class=\"wpb_text_column wpb_content_element\" >\n\t\t<div class=\"wpb_wrapper\">\n\t\t\t<h4 style=\"text-align: center;\">Introduction to Microsoft Teams in Preview<\/h4>\n\n\t\t<\/div>\n\t<\/div>\n<div class=\"row vc_row wpb_row vc_inner vc_row-fluid\"><div class=\"wpb_column vc_column_container col-sm-12 vc_hidden-lg vc_hidden-md\"><div class=\"vc_column-inner\"><div class=\"wpb_wrapper\">\n\t<div class=\"wpb_raw_code wpb_content_element wpb_raw_html\" >\n\t\t<div class=\"wpb_wrapper\">\n\t\t\t<p style=\"text-align: center;\"><button class=\"white-paper\"><a href=\"https:\/\/www.spg.com.tn\/en\/formulaire-livres-blancs\/\" target=\"blank\" rel=\"noopener noreferrer\">Download<\/a><\/button><\/p><br\/>\n\t\t<\/div>\n\t<\/div>\n<\/div><\/div><\/div><\/div><\/div><\/div><\/div><div class=\"wpb_column vc_column_container col-sm-3\"><div class=\"vc_column-inner\"><div class=\"wpb_wrapper\">\n\t<div  class=\"wpb_single_image wpb_content_element vc_align_center\">\n\t\t\n\t\t<figure class=\"wpb_wrapper vc_figure\">\n\t\t\t<a href=\"https:\/\/www.spg.com.tn\/en\/formulaire-livres-blancs\/\" target=\"_blank\" class=\"vc_single_image-wrapper   vc_box_border_grey\"><img loading=\"lazy\" decoding=\"async\" width=\"225\" height=\"300\" src=\"https:\/\/i0.wp.com\/www.spg.com.tn\/wp-content\/uploads\/2019\/11\/sophos-xg-firewall-reviewers-guide-1.jpg?fit=225%2C300&amp;ssl=1\" class=\"vc_single_image-img attachment-medium\" alt=\"XG - Firewall Reviewers Guide\" srcset=\"https:\/\/i0.wp.com\/www.spg.com.tn\/wp-content\/uploads\/2019\/11\/sophos-xg-firewall-reviewers-guide-1.jpg?w=1240&amp;ssl=1 1240w, https:\/\/i0.wp.com\/www.spg.com.tn\/wp-content\/uploads\/2019\/11\/sophos-xg-firewall-reviewers-guide-1.jpg?resize=225%2C300&amp;ssl=1 225w, https:\/\/i0.wp.com\/www.spg.com.tn\/wp-content\/uploads\/2019\/11\/sophos-xg-firewall-reviewers-guide-1.jpg?resize=768%2C1024&amp;ssl=1 768w, https:\/\/i0.wp.com\/www.spg.com.tn\/wp-content\/uploads\/2019\/11\/sophos-xg-firewall-reviewers-guide-1.jpg?resize=1152%2C1536&amp;ssl=1 1152w\" sizes=\"auto, (max-width: 225px) 100vw, 225px\" \/><\/a>\n\t\t<\/figure>\n\t<\/div>\n\n\t<div class=\"wpb_text_column wpb_content_element\" >\n\t\t<div class=\"wpb_wrapper\">\n\t\t\t<h4 style=\"text-align: center;\">XG Firewall Reviewers Guide<\/h4>\n\n\t\t<\/div>\n\t<\/div>\n<div class=\"row vc_row wpb_row vc_inner vc_row-fluid\"><div class=\"wpb_column vc_column_container col-sm-12 vc_hidden-lg vc_hidden-md\"><div class=\"vc_column-inner\"><div class=\"wpb_wrapper\">\n\t<div class=\"wpb_raw_code wpb_content_element wpb_raw_html\" >\n\t\t<div class=\"wpb_wrapper\">\n\t\t\t<p style=\"text-align: center;\"><button class=\"white-paper\"><a href=\"https:\/\/www.spg.com.tn\/en\/formulaire-livres-blancs\/\" target=\"blank\" rel=\"noopener noreferrer\">Download<\/a><\/button><\/p><br\/>\n\t\t<\/div>\n\t<\/div>\n<\/div><\/div><\/div><\/div><\/div><\/div><\/div><div class=\"wpb_column vc_column_container col-sm-3\"><div class=\"vc_column-inner\"><div class=\"wpb_wrapper\">\n\t<div  class=\"wpb_single_image wpb_content_element vc_align_center\">\n\t\t\n\t\t<figure class=\"wpb_wrapper vc_figure\">\n\t\t\t<a href=\"https:\/\/www.spg.com.tn\/en\/formulaire-livres-blancs\/\" target=\"_blank\" class=\"vc_single_image-wrapper   vc_box_border_grey\"><img loading=\"lazy\" decoding=\"async\" width=\"232\" height=\"300\" src=\"https:\/\/i0.wp.com\/www.spg.com.tn\/wp-content\/uploads\/2019\/11\/sophos-xg-series-appliances-brna-1.jpg?fit=232%2C300&amp;ssl=1\" class=\"vc_single_image-img attachment-medium\" alt=\"Xg-Firewall\" srcset=\"https:\/\/i0.wp.com\/www.spg.com.tn\/wp-content\/uploads\/2019\/11\/sophos-xg-series-appliances-brna-1.jpg?w=1240&amp;ssl=1 1240w, https:\/\/i0.wp.com\/www.spg.com.tn\/wp-content\/uploads\/2019\/11\/sophos-xg-series-appliances-brna-1.jpg?resize=232%2C300&amp;ssl=1 232w, https:\/\/i0.wp.com\/www.spg.com.tn\/wp-content\/uploads\/2019\/11\/sophos-xg-series-appliances-brna-1.jpg?resize=793%2C1024&amp;ssl=1 793w, https:\/\/i0.wp.com\/www.spg.com.tn\/wp-content\/uploads\/2019\/11\/sophos-xg-series-appliances-brna-1.jpg?resize=768%2C992&amp;ssl=1 768w, https:\/\/i0.wp.com\/www.spg.com.tn\/wp-content\/uploads\/2019\/11\/sophos-xg-series-appliances-brna-1.jpg?resize=1189%2C1536&amp;ssl=1 1189w\" sizes=\"auto, (max-width: 232px) 100vw, 232px\" \/><\/a>\n\t\t<\/figure>\n\t<\/div>\n\n\t<div class=\"wpb_text_column wpb_content_element\" >\n\t\t<div class=\"wpb_wrapper\">\n\t\t\t<h4 style=\"text-align: center;\">Sophos XG Firewall<br \/>\nVisibilit\u00e9, Visibilit\u00e9, protection et r\u00e9ponse : les meilleures<br \/>\nperformances du march\u00e9.<\/h4>\n\n\t\t<\/div>\n\t<\/div>\n<div class=\"row vc_row wpb_row vc_inner vc_row-fluid\"><div class=\"wpb_column vc_column_container col-sm-12 vc_hidden-lg vc_hidden-md\"><div class=\"vc_column-inner\"><div class=\"wpb_wrapper\">\n\t<div class=\"wpb_raw_code wpb_content_element wpb_raw_html\" >\n\t\t<div class=\"wpb_wrapper\">\n\t\t\t<p style=\"text-align: center;\"><button class=\"white-paper\"><a href=\"https:\/\/www.spg.com.tn\/en\/formulaire-livres-blancs\/\" target=\"blank\" rel=\"noopener noreferrer\">Download<\/a><\/button><\/p><br\/>\n\t\t<\/div>\n\t<\/div>\n<\/div><\/div><\/div><\/div><\/div><\/div><\/div><div class=\"wpb_column vc_column_container col-sm-3\"><div class=\"vc_column-inner\"><div class=\"wpb_wrapper\">\n\t<div  class=\"wpb_single_image wpb_content_element vc_align_center\">\n\t\t\n\t\t<figure class=\"wpb_wrapper vc_figure\">\n\t\t\t<a href=\"https:\/\/www.spg.com.tn\/en\/formulaire-livres-blancs\/\" target=\"_blank\" class=\"vc_single_image-wrapper   vc_box_border_grey\"><img loading=\"lazy\" decoding=\"async\" width=\"217\" height=\"300\" src=\"https:\/\/i0.wp.com\/www.spg.com.tn\/wp-content\/uploads\/2019\/11\/Tina.jpg?fit=217%2C300&amp;ssl=1\" class=\"vc_single_image-img attachment-medium\" alt=\"Atempo-Tina\" srcset=\"https:\/\/i0.wp.com\/www.spg.com.tn\/wp-content\/uploads\/2019\/11\/Tina.jpg?w=1203&amp;ssl=1 1203w, https:\/\/i0.wp.com\/www.spg.com.tn\/wp-content\/uploads\/2019\/11\/Tina.jpg?resize=217%2C300&amp;ssl=1 217w, https:\/\/i0.wp.com\/www.spg.com.tn\/wp-content\/uploads\/2019\/11\/Tina.jpg?resize=742%2C1024&amp;ssl=1 742w, https:\/\/i0.wp.com\/www.spg.com.tn\/wp-content\/uploads\/2019\/11\/Tina.jpg?resize=768%2C1060&amp;ssl=1 768w, https:\/\/i0.wp.com\/www.spg.com.tn\/wp-content\/uploads\/2019\/11\/Tina.jpg?resize=1113%2C1536&amp;ssl=1 1113w\" sizes=\"auto, (max-width: 217px) 100vw, 217px\" \/><\/a>\n\t\t<\/figure>\n\t<\/div>\n\n\t<div class=\"wpb_text_column wpb_content_element\" >\n\t\t<div class=\"wpb_wrapper\">\n\t\t\t<h4 style=\"text-align: center;\">Sauvegarder &amp; restaurer les syst\u00e8mes physiques et virtuels, les applications et les fichiers de donn\u00e9es<\/h4>\n\n\t\t<\/div>\n\t<\/div>\n<div class=\"row vc_row wpb_row vc_inner vc_row-fluid\"><div class=\"wpb_column vc_column_container col-sm-12 vc_hidden-lg vc_hidden-md\"><div class=\"vc_column-inner\"><div class=\"wpb_wrapper\">\n\t<div class=\"wpb_raw_code wpb_content_element wpb_raw_html\" >\n\t\t<div class=\"wpb_wrapper\">\n\t\t\t<p style=\"text-align: center;\"><button class=\"white-paper\"><a href=\"https:\/\/www.spg.com.tn\/en\/formulaire-livres-blancs\/\" target=\"blank\" rel=\"noopener noreferrer\">Download<\/a><\/button><\/p><br\/>\n\t\t<\/div>\n\t<\/div>\n<\/div><\/div><\/div><\/div><\/div><\/div><\/div><\/div><\/div><div class=\"container\"><div class=\"vc_row wpb_row vc_row-fluid\"><div class=\"wpb_column vc_column_container col-sm-3 vc_hidden-sm vc_hidden-xs\"><div class=\"vc_column-inner\"><div class=\"wpb_wrapper\">\n\t<div class=\"wpb_raw_code wpb_content_element wpb_raw_html\" >\n\t\t<div class=\"wpb_wrapper\">\n\t\t\t<p style=\"text-align: center;\"><button class=\"white-paper\"><a href=\"https:\/\/www.spg.com.tn\/en\/formulaire-livres-blancs\/\" target=\"blank\" rel=\"noopener noreferrer\">Download<\/a><\/button><\/p><br\/>\n\t\t<\/div>\n\t<\/div>\n<\/div><\/div><\/div><div class=\"wpb_column vc_column_container col-sm-3 vc_hidden-sm vc_hidden-xs\"><div class=\"vc_column-inner\"><div class=\"wpb_wrapper\">\n\t<div class=\"wpb_raw_code wpb_content_element wpb_raw_html\" >\n\t\t<div class=\"wpb_wrapper\">\n\t\t\t<p style=\"text-align: center;\"><button class=\"white-paper\"><a href=\"https:\/\/www.spg.com.tn\/en\/formulaire-livres-blancs\/\" target=\"blank\" rel=\"noopener noreferrer\">Download<\/a><\/button><\/p><br\/>\n\t\t<\/div>\n\t<\/div>\n<\/div><\/div><\/div><div class=\"wpb_column vc_column_container col-sm-3 vc_hidden-sm vc_hidden-xs\"><div class=\"vc_column-inner\"><div class=\"wpb_wrapper\">\n\t<div class=\"wpb_raw_code wpb_content_element wpb_raw_html\" >\n\t\t<div class=\"wpb_wrapper\">\n\t\t\t<p style=\"text-align: center;\"><button class=\"white-paper\"><a href=\"https:\/\/www.spg.com.tn\/en\/formulaire-livres-blancs\/\" target=\"blank\" rel=\"noopener noreferrer\">Download<\/a><\/button><\/p>\n\t\t<\/div>\n\t<\/div>\n<\/div><\/div><\/div><div class=\"wpb_column vc_column_container col-sm-3 vc_hidden-sm vc_hidden-xs\"><div class=\"vc_column-inner\"><div class=\"wpb_wrapper\">\n\t<div class=\"wpb_raw_code wpb_content_element wpb_raw_html\" >\n\t\t<div class=\"wpb_wrapper\">\n\t\t\t<p style=\"text-align: center;\"><button class=\"white-paper\"><a href=\"https:\/\/www.spg.com.tn\/en\/formulaire-livres-blancs\/\" target=\"blank\" rel=\"noopener noreferrer\">Download<\/a><\/button><\/p><br\/>\n\t\t<\/div>\n\t<\/div>\n<\/div><\/div><\/div><\/div><\/div><div class=\"container\"><div class=\"vc_row wpb_row vc_row-fluid\"><div class=\"wpb_column vc_column_container col-sm-3\"><div class=\"vc_column-inner\"><div class=\"wpb_wrapper\">\n\t<div  class=\"wpb_single_image wpb_content_element vc_align_center\">\n\t\t\n\t\t<figure class=\"wpb_wrapper vc_figure\">\n\t\t\t<a href=\"https:\/\/www.spg.com.tn\/en\/formulaire-livres-blancs\/\" target=\"_blank\" class=\"vc_single_image-wrapper   vc_box_border_grey\"><img loading=\"lazy\" decoding=\"async\" width=\"208\" height=\"300\" src=\"https:\/\/i0.wp.com\/www.spg.com.tn\/wp-content\/uploads\/2019\/11\/Lina.jpg?fit=208%2C300&amp;ssl=1\" class=\"vc_single_image-img attachment-medium\" alt=\"Atempo-Lina\" srcset=\"https:\/\/i0.wp.com\/www.spg.com.tn\/wp-content\/uploads\/2019\/11\/Lina.jpg?w=1138&amp;ssl=1 1138w, https:\/\/i0.wp.com\/www.spg.com.tn\/wp-content\/uploads\/2019\/11\/Lina.jpg?resize=208%2C300&amp;ssl=1 208w, https:\/\/i0.wp.com\/www.spg.com.tn\/wp-content\/uploads\/2019\/11\/Lina.jpg?resize=709%2C1024&amp;ssl=1 709w, https:\/\/i0.wp.com\/www.spg.com.tn\/wp-content\/uploads\/2019\/11\/Lina.jpg?resize=768%2C1109&amp;ssl=1 768w, https:\/\/i0.wp.com\/www.spg.com.tn\/wp-content\/uploads\/2019\/11\/Lina.jpg?resize=1063%2C1536&amp;ssl=1 1063w\" sizes=\"auto, (max-width: 208px) 100vw, 208px\" \/><\/a>\n\t\t<\/figure>\n\t<\/div>\n\n\t<div class=\"wpb_text_column wpb_content_element\" >\n\t\t<div class=\"wpb_wrapper\">\n\t\t\t<h4 style=\"text-align: center;\">LA PROTECTION \u00ab\u00a0TOUT-EN-UN\u00a0\u00bb\u00bb DE VOS ORDINATEURS FIXES ET MOBILES<\/h4>\n\n\t\t<\/div>\n\t<\/div>\n<div class=\"row vc_row wpb_row vc_inner vc_row-fluid\"><div class=\"wpb_column vc_column_container col-sm-12 vc_hidden-lg vc_hidden-md\"><div class=\"vc_column-inner\"><div class=\"wpb_wrapper\">\n\t<div class=\"wpb_raw_code wpb_content_element wpb_raw_html\" >\n\t\t<div class=\"wpb_wrapper\">\n\t\t\t<p style=\"text-align: center;\"><button class=\"white-paper\"><a href=\"https:\/\/www.spg.com.tn\/en\/formulaire-livres-blancs\/\" target=\"blank\" rel=\"noopener noreferrer\">Download<\/a><\/button><\/p><br\/>\n\t\t<\/div>\n\t<\/div>\n<\/div><\/div><\/div><\/div><\/div><\/div><\/div><div class=\"wpb_column vc_column_container col-sm-3\"><div class=\"vc_column-inner\"><div class=\"wpb_wrapper\">\n\t<div  class=\"wpb_single_image wpb_content_element vc_align_center\">\n\t\t\n\t\t<figure class=\"wpb_wrapper vc_figure\">\n\t\t\t<a href=\"https:\/\/www.spg.com.tn\/en\/formulaire-livres-blancs\/\" target=\"_blank\" class=\"vc_single_image-wrapper   vc_box_border_grey\"><img loading=\"lazy\" decoding=\"async\" width=\"107\" height=\"300\" src=\"https:\/\/i0.wp.com\/www.spg.com.tn\/wp-content\/uploads\/2019\/11\/symantec-is-ranked-as-leader-in-endpoint-security-by-top-tier-industry-analysts-en.jpg?fit=107%2C300&amp;ssl=1\" class=\"vc_single_image-img attachment-medium\" alt=\"\" srcset=\"https:\/\/i0.wp.com\/www.spg.com.tn\/wp-content\/uploads\/2019\/11\/symantec-is-ranked-as-leader-in-endpoint-security-by-top-tier-industry-analysts-en.jpg?w=900&amp;ssl=1 900w, https:\/\/i0.wp.com\/www.spg.com.tn\/wp-content\/uploads\/2019\/11\/symantec-is-ranked-as-leader-in-endpoint-security-by-top-tier-industry-analysts-en.jpg?resize=107%2C300&amp;ssl=1 107w, https:\/\/i0.wp.com\/www.spg.com.tn\/wp-content\/uploads\/2019\/11\/symantec-is-ranked-as-leader-in-endpoint-security-by-top-tier-industry-analysts-en.jpg?resize=365%2C1024&amp;ssl=1 365w, https:\/\/i0.wp.com\/www.spg.com.tn\/wp-content\/uploads\/2019\/11\/symantec-is-ranked-as-leader-in-endpoint-security-by-top-tier-industry-analysts-en.jpg?resize=768%2C2154&amp;ssl=1 768w, https:\/\/i0.wp.com\/www.spg.com.tn\/wp-content\/uploads\/2019\/11\/symantec-is-ranked-as-leader-in-endpoint-security-by-top-tier-industry-analysts-en.jpg?resize=548%2C1536&amp;ssl=1 548w, https:\/\/i0.wp.com\/www.spg.com.tn\/wp-content\/uploads\/2019\/11\/symantec-is-ranked-as-leader-in-endpoint-security-by-top-tier-industry-analysts-en.jpg?resize=730%2C2048&amp;ssl=1 730w\" sizes=\"auto, (max-width: 107px) 100vw, 107px\" \/><\/a>\n\t\t<\/figure>\n\t<\/div>\n\n\t<div class=\"wpb_text_column wpb_content_element\" >\n\t\t<div class=\"wpb_wrapper\">\n\t\t\t<h4 style=\"text-align: center;\">Endpoint Protection<\/h4>\n\n\t\t<\/div>\n\t<\/div>\n<div class=\"row vc_row wpb_row vc_inner vc_row-fluid\"><div class=\"wpb_column vc_column_container col-sm-12 vc_hidden-lg vc_hidden-md\"><div class=\"vc_column-inner\"><div class=\"wpb_wrapper\">\n\t<div class=\"wpb_raw_code wpb_content_element wpb_raw_html\" >\n\t\t<div class=\"wpb_wrapper\">\n\t\t\t<p style=\"text-align: center;\"><button class=\"white-paper\"><a href=\"https:\/\/www.spg.com.tn\/en\/formulaire-livres-blancs\/\" target=\"blank\" rel=\"noopener noreferrer\">Download<\/a><\/button><\/p><br\/>\n\t\t<\/div>\n\t<\/div>\n<\/div><\/div><\/div><\/div><\/div><\/div><\/div><div class=\"wpb_column vc_column_container col-sm-3\"><div class=\"vc_column-inner\"><div class=\"wpb_wrapper\"><\/div><\/div><\/div><\/div><\/div><\/section><div class=\"container\"><div class=\"vc_row wpb_row vc_row-fluid\"><div class=\"wpb_column vc_column_container col-sm-3 vc_hidden-sm vc_hidden-xs\"><div class=\"vc_column-inner\"><div class=\"wpb_wrapper\">\n\t<div class=\"wpb_raw_code wpb_content_element wpb_raw_html\" >\n\t\t<div class=\"wpb_wrapper\">\n\t\t\t<p style=\"text-align: center;\"><button class=\"white-paper\"><a href=\"https:\/\/www.spg.com.tn\/en\/formulaire-livres-blancs\/\" target=\"blank\" rel=\"noopener noreferrer\">Download<\/a><\/button><\/p><br\/>\n\t\t<\/div>\n\t<\/div>\n<\/div><\/div><\/div><div class=\"wpb_column vc_column_container col-sm-3 vc_hidden-sm vc_hidden-xs\"><div class=\"vc_column-inner\"><div class=\"wpb_wrapper\">\n\t<div class=\"wpb_raw_code wpb_content_element wpb_raw_html\" >\n\t\t<div class=\"wpb_wrapper\">\n\t\t\t<p style=\"text-align: center;\"><button class=\"white-paper\"><a href=\"https:\/\/www.spg.com.tn\/en\/formulaire-livres-blancs\/\" target=\"blank\" rel=\"noopener noreferrer\">Download<\/a><\/button><\/p><br\/>\n\t\t<\/div>\n\t<\/div>\n<\/div><\/div><\/div><div class=\"wpb_column vc_column_container col-sm-3\"><div class=\"vc_column-inner\"><div class=\"wpb_wrapper\"><\/div><\/div><\/div><\/div><\/div>","protected":false},"excerpt":{"rendered":"Livres Blancs Introduction to Microsoft Teams in Preview T\u00e9l\u00e9charger XG Firewall Reviewers Guide T\u00e9l\u00e9charger Sophos XG Firewall Visibilit\u00e9, Visibilit\u00e9, protection et r\u00e9ponse...","protected":false},"author":10,"featured_media":0,"parent":0,"menu_order":0,"comment_status":"closed","ping_status":"closed","template":"","meta":{"om_disable_all_campaigns":false,"_exactmetrics_skip_tracking":false,"_exactmetrics_sitenote_active":false,"_exactmetrics_sitenote_note":"","_exactmetrics_sitenote_category":0,"_monsterinsights_skip_tracking":false,"_monsterinsights_sitenote_active":false,"_monsterinsights_sitenote_note":"","_monsterinsights_sitenote_category":0,"_uf_show_specific_survey":0,"_uf_disable_surveys":false,"jetpack_post_was_ever_published":false,"footnotes":""},"class_list":["post-43869","page","type-page","status-publish","hentry"],"aioseo_notices":[],"yoast_head":"<!-- This site is optimized with the Yoast SEO plugin v27.4 - https:\/\/yoast.com\/product\/yoast-seo-wordpress\/ -->\n<title>Spg Marketing - Ressources : Livre Blanc<\/title>\n<meta name=\"description\" content=\"T\u00e9l\u00e9chargez des livres blancs\" \/>\n<meta name=\"robots\" content=\"index, follow, max-snippet:-1, max-image-preview:large, max-video-preview:-1\" \/>\n<link rel=\"canonical\" href=\"https:\/\/www.spg.com.tn\/en\/livres-blancs\/\" \/>\n<meta property=\"og:locale\" content=\"en_US\" \/>\n<meta property=\"og:type\" content=\"article\" \/>\n<meta property=\"og:title\" content=\"Spg Marketing - Ressources : Livre Blanc\" \/>\n<meta property=\"og:description\" content=\"T\u00e9l\u00e9chargez des livres blancs\" \/>\n<meta property=\"og:url\" content=\"https:\/\/www.spg.com.tn\/en\/livres-blancs\/\" \/>\n<meta property=\"og:site_name\" content=\"SPG\" \/>\n<meta property=\"article:publisher\" content=\"https:\/\/www.facebook.com\/SPG.Software.Productivity.Group\/\" \/>\n<meta property=\"article:modified_time\" content=\"2019-11-18T11:17:29+00:00\" \/>\n<meta name=\"twitter:card\" content=\"summary_large_image\" \/>\n<meta name=\"twitter:label1\" content=\"Est. reading time\" \/>\n\t<meta name=\"twitter:data1\" content=\"5 minutes\" \/>\n<script type=\"application\/ld+json\" class=\"yoast-schema-graph\">{\"@context\":\"https:\\\/\\\/schema.org\",\"@graph\":[{\"@type\":\"WebPage\",\"@id\":\"https:\\\/\\\/www.spg.com.tn\\\/livres-blancs\\\/\",\"url\":\"https:\\\/\\\/www.spg.com.tn\\\/livres-blancs\\\/\",\"name\":\"Spg Marketing - Ressources : Livre Blanc\",\"isPartOf\":{\"@id\":\"https:\\\/\\\/www.spg.com.tn\\\/#website\"},\"datePublished\":\"2019-11-15T07:43:09+00:00\",\"dateModified\":\"2019-11-18T11:17:29+00:00\",\"description\":\"T\u00e9l\u00e9chargez des livres blancs\",\"breadcrumb\":{\"@id\":\"https:\\\/\\\/www.spg.com.tn\\\/livres-blancs\\\/#breadcrumb\"},\"inLanguage\":\"en-US\",\"potentialAction\":[{\"@type\":\"ReadAction\",\"target\":[\"https:\\\/\\\/www.spg.com.tn\\\/livres-blancs\\\/\"]}]},{\"@type\":\"BreadcrumbList\",\"@id\":\"https:\\\/\\\/www.spg.com.tn\\\/livres-blancs\\\/#breadcrumb\",\"itemListElement\":[{\"@type\":\"ListItem\",\"position\":1,\"name\":\"Accueil\",\"item\":\"https:\\\/\\\/www.spg.com.tn\\\/\"},{\"@type\":\"ListItem\",\"position\":2,\"name\":\"Livres Blancs\"}]},{\"@type\":\"WebSite\",\"@id\":\"https:\\\/\\\/www.spg.com.tn\\\/#website\",\"url\":\"https:\\\/\\\/www.spg.com.tn\\\/\",\"name\":\"SPG\",\"description\":\"Grossiste Informatique \u00e0 Valeur ajout\u00e9e\",\"publisher\":{\"@id\":\"https:\\\/\\\/www.spg.com.tn\\\/#organization\"},\"alternateName\":\"SPG distributeur des solutions\",\"potentialAction\":[{\"@type\":\"SearchAction\",\"target\":{\"@type\":\"EntryPoint\",\"urlTemplate\":\"https:\\\/\\\/www.spg.com.tn\\\/?s={search_term_string}\"},\"query-input\":{\"@type\":\"PropertyValueSpecification\",\"valueRequired\":true,\"valueName\":\"search_term_string\"}}],\"inLanguage\":\"en-US\"},{\"@type\":\"Organization\",\"@id\":\"https:\\\/\\\/www.spg.com.tn\\\/#organization\",\"name\":\"SPG\",\"url\":\"https:\\\/\\\/www.spg.com.tn\\\/\",\"logo\":{\"@type\":\"ImageObject\",\"inLanguage\":\"en-US\",\"@id\":\"https:\\\/\\\/www.spg.com.tn\\\/#\\\/schema\\\/logo\\\/image\\\/\",\"url\":\"https:\\\/\\\/i0.wp.com\\\/www.spg.com.tn\\\/wp-content\\\/uploads\\\/2023\\\/07\\\/Logo-SPG-new.png?fit=300%2C133&ssl=1\",\"contentUrl\":\"https:\\\/\\\/i0.wp.com\\\/www.spg.com.tn\\\/wp-content\\\/uploads\\\/2023\\\/07\\\/Logo-SPG-new.png?fit=300%2C133&ssl=1\",\"width\":300,\"height\":133,\"caption\":\"SPG\"},\"image\":{\"@id\":\"https:\\\/\\\/www.spg.com.tn\\\/#\\\/schema\\\/logo\\\/image\\\/\"},\"sameAs\":[\"https:\\\/\\\/www.facebook.com\\\/SPG.Software.Productivity.Group\\\/\",\"https:\\\/\\\/www.linkedin.com\\\/company\\\/software-productivity-group-spg\\\/\"]}]}<\/script>\n<!-- \/ Yoast SEO plugin. -->","yoast_head_json":{"title":"Spg Marketing - Ressources : Livre Blanc","description":"T\u00e9l\u00e9chargez des livres blancs","robots":{"index":"index","follow":"follow","max-snippet":"max-snippet:-1","max-image-preview":"max-image-preview:large","max-video-preview":"max-video-preview:-1"},"canonical":"https:\/\/www.spg.com.tn\/en\/livres-blancs\/","og_locale":"en_US","og_type":"article","og_title":"Spg Marketing - Ressources : Livre Blanc","og_description":"T\u00e9l\u00e9chargez des livres blancs","og_url":"https:\/\/www.spg.com.tn\/en\/livres-blancs\/","og_site_name":"SPG","article_publisher":"https:\/\/www.facebook.com\/SPG.Software.Productivity.Group\/","article_modified_time":"2019-11-18T11:17:29+00:00","twitter_card":"summary_large_image","twitter_misc":{"Est. reading time":"5 minutes"},"schema":{"@context":"https:\/\/schema.org","@graph":[{"@type":"WebPage","@id":"https:\/\/www.spg.com.tn\/livres-blancs\/","url":"https:\/\/www.spg.com.tn\/livres-blancs\/","name":"Spg Marketing - Ressources : Livre Blanc","isPartOf":{"@id":"https:\/\/www.spg.com.tn\/#website"},"datePublished":"2019-11-15T07:43:09+00:00","dateModified":"2019-11-18T11:17:29+00:00","description":"T\u00e9l\u00e9chargez des livres blancs","breadcrumb":{"@id":"https:\/\/www.spg.com.tn\/livres-blancs\/#breadcrumb"},"inLanguage":"en-US","potentialAction":[{"@type":"ReadAction","target":["https:\/\/www.spg.com.tn\/livres-blancs\/"]}]},{"@type":"BreadcrumbList","@id":"https:\/\/www.spg.com.tn\/livres-blancs\/#breadcrumb","itemListElement":[{"@type":"ListItem","position":1,"name":"Accueil","item":"https:\/\/www.spg.com.tn\/"},{"@type":"ListItem","position":2,"name":"Livres Blancs"}]},{"@type":"WebSite","@id":"https:\/\/www.spg.com.tn\/#website","url":"https:\/\/www.spg.com.tn\/","name":"SPG","description":"Grossiste Informatique \u00e0 Valeur ajout\u00e9e","publisher":{"@id":"https:\/\/www.spg.com.tn\/#organization"},"alternateName":"SPG distributeur des solutions","potentialAction":[{"@type":"SearchAction","target":{"@type":"EntryPoint","urlTemplate":"https:\/\/www.spg.com.tn\/?s={search_term_string}"},"query-input":{"@type":"PropertyValueSpecification","valueRequired":true,"valueName":"search_term_string"}}],"inLanguage":"en-US"},{"@type":"Organization","@id":"https:\/\/www.spg.com.tn\/#organization","name":"SPG","url":"https:\/\/www.spg.com.tn\/","logo":{"@type":"ImageObject","inLanguage":"en-US","@id":"https:\/\/www.spg.com.tn\/#\/schema\/logo\/image\/","url":"https:\/\/i0.wp.com\/www.spg.com.tn\/wp-content\/uploads\/2023\/07\/Logo-SPG-new.png?fit=300%2C133&ssl=1","contentUrl":"https:\/\/i0.wp.com\/www.spg.com.tn\/wp-content\/uploads\/2023\/07\/Logo-SPG-new.png?fit=300%2C133&ssl=1","width":300,"height":133,"caption":"SPG"},"image":{"@id":"https:\/\/www.spg.com.tn\/#\/schema\/logo\/image\/"},"sameAs":["https:\/\/www.facebook.com\/SPG.Software.Productivity.Group\/","https:\/\/www.linkedin.com\/company\/software-productivity-group-spg\/"]}]}},"jetpack_sharing_enabled":true,"jetpack_shortlink":"https:\/\/wp.me\/PaWB6B-bpz","jetpack_likes_enabled":true,"jetpack-related-posts":[],"_links":{"self":[{"href":"https:\/\/www.spg.com.tn\/en\/wp-json\/wp\/v2\/pages\/43869","targetHints":{"allow":["GET"]}}],"collection":[{"href":"https:\/\/www.spg.com.tn\/en\/wp-json\/wp\/v2\/pages"}],"about":[{"href":"https:\/\/www.spg.com.tn\/en\/wp-json\/wp\/v2\/types\/page"}],"author":[{"embeddable":true,"href":"https:\/\/www.spg.com.tn\/en\/wp-json\/wp\/v2\/users\/10"}],"replies":[{"embeddable":true,"href":"https:\/\/www.spg.com.tn\/en\/wp-json\/wp\/v2\/comments?post=43869"}],"version-history":[{"count":0,"href":"https:\/\/www.spg.com.tn\/en\/wp-json\/wp\/v2\/pages\/43869\/revisions"}],"wp:attachment":[{"href":"https:\/\/www.spg.com.tn\/en\/wp-json\/wp\/v2\/media?parent=43869"}],"curies":[{"name":"wp","href":"https:\/\/api.w.org\/{rel}","templated":true}]}}