{"id":43888,"date":"2019-11-15T14:41:01","date_gmt":"2019-11-15T14:41:01","guid":{"rendered":"https:\/\/www.spg.com.tn\/?page_id=43888"},"modified":"2020-03-31T09:36:47","modified_gmt":"2020-03-31T09:36:47","slug":"calendrier-des-webinaires","status":"publish","type":"page","link":"https:\/\/www.spg.com.tn\/en\/calendrier-des-webinaires\/","title":{"rendered":"Formulaire-Calendrier des Webinaires"},"content":{"rendered":"<section class=\"\" ><div class=\"container\"><div class=\"vc_row wpb_row vc_row-fluid\"><div class=\"wpb_column vc_column_container col-sm-3\"><div class=\"vc_column-inner\"><div class=\"wpb_wrapper\"><\/div><\/div><\/div><div class=\"White-paper-form wpb_column vc_column_container col-sm-6\"><div class=\"vc_column-inner\"><div class=\"wpb_wrapper\">\n\t<div class=\"wpb_raw_code wpb_content_element wpb_raw_html\" >\n\t\t<div class=\"wpb_wrapper\">\n\t\t\t<meta charset=\"utf-8\">\n<script type=\"text\/javascript\" src=\"https:\/\/forms.sbc35.com\/form.js\"><\/script>\n \n  <form id=\"sb_form\" onsubmit=\"process('https:\/\/sarbacaneapis.com\/v1\/lists\/dRbIWOLnTZ6zoReb9DihZw\/contacts\/upsert','https:\/\/forms.sbc07.com\/','5a743624b85b533e9a686f24','false','message','https:\/\/www.spg.com.tn\/wp-content\/uploads\/2019\/12\/brochure_triton_ap_web_fr.pdf','https:\/\/services.sarbacane.com\/core\/v1\/transactional\/sendmessage','','',  'SPG','Confirmation de votre inscription','admin','myriam.benchaabane@spg.com.tn','Merci',  'Vos informations ont \u00e9t\u00e9 ajout\u00e9es avec succ\u00e8s.','Vous allez recevoir un email','Vous devrez cliquer sur le lien de confirmation pour valider votre inscription','Erreur','Une erreur inattendue s%27est produite.','Le formulaire est en cours d%27\u00e9dition, veuillez patienter quelques minutes avant d%27essayer \u00e0 nouveau.',  '','','','','','',''); return false;\" method=\"post\" action=\"\">\n  <label id=\"form-header-title\">Registration<\/label>\n\n  <span style=\"display: flex;flex-direction: row;\">\n    <label id=\"label-6xibbnxoh5t01wdouiba7m\">Soci&eacute;t&eacute;<\/label>\n    <div id=\"form-mandatory\">*<\/div>\n  <\/span>\n  <input id=\"input-6xibbnxoh5t01wdouiba7m\" type=\"text\" name=\"6xibbnxoh5t01wdouiba7m\" required=\"true\" sb-form-input>\n  \n  <span style=\"display: flex;flex-direction: row;\">\n    <label id=\"label-LASTNAME_ID\">Name*<\/label>\n    <div id=\"form-mandatory\">*<\/div>\n  <\/span>\n  <input id=\"input-LASTNAME_ID\" type=\"text\" name=\"LASTNAME_ID\" required=\"true\" sb-form-input>\n  \n  <span style=\"display: flex;flex-direction: row;\">\n    <label id=\"label-FIRSTNAME_ID\">Pr&eacute;nom<\/label>\n    <div id=\"form-mandatory\">*<\/div>\n  <\/span>\n  <input id=\"input-FIRSTNAME_ID\" type=\"text\" name=\"FIRSTNAME_ID\" required=\"true\" sb-form-input>\n  \n  <span style=\"display: flex;flex-direction: row;\">\n    <label id=\"label-EMAIL_ID\">Email<\/label>\n    <div id=\"form-mandatory\">*<\/div>\n  <\/span>\n  <input id=\"input-email\" type=\"email\" name=\"email\" required=\"true\" sb-form-input>\n  \n  <span style=\"display: flex;flex-direction: row;\">\n    <label id=\"label-3eju02s627kdm1o7t5yum\">T&eacute;l&eacute;phone principal<\/label>\n    <div id=\"form-mandatory\">*<\/div>\n  <\/span>\n  <input id=\"input-3eju02s627kdm1o7t5yum\" type=\"text\" name=\"3eju02s627kdm1o7t5yum\" required=\"true\" sb-form-input>\n  \n  <span style=\"display: flex;flex-direction: row;\">\n    <label id=\"label-kwuhgac8cjcvdycmtjas59\">Lignes des produits<\/label>\n    <div id=\"form-mandatory\">*<\/div>\n  <\/span>\n  <div id=\"div-kwuhgac8cjcvdycmtjas59\">\n    <div style=\"margin-bottom: 13px; display: flex; flex-direction: row;\">\n      <label class=\"control control--checkbox\">\n        <input type=\"checkbox\" value=\"Microsoft\" name=\"kwuhgac8cjcvdycmtjas59\" required=\"true\" onclick=\"updateRequirements(this.name)\" sb-form-input>\n        <div id=\"indicator-kwuhgac8cjcvdycmtjas59\" class=\"control__indicator\"><\/div>\n      <\/label>\n      <label id=\"label-opt-kwuhgac8cjcvdycmtjas59\">Microsoft<\/label>\n    <\/div>\n    <div style=\"margin-bottom: 13px; display: flex; flex-direction: row;\">\n      <label class=\"control control--checkbox\">\n        <input type=\"checkbox\" value=\"Symantec\" name=\"kwuhgac8cjcvdycmtjas59\" required=\"true\" onclick=\"updateRequirements(this.name)\" sb-form-input>\n        <div id=\"indicator-kwuhgac8cjcvdycmtjas59\" class=\"control__indicator\"><\/div>\n      <\/label>\n      <label id=\"label-opt-kwuhgac8cjcvdycmtjas59\">Symantec<\/label>\n    <\/div>\n    <div style=\"margin-bottom: 13px; display: flex; flex-direction: row;\">\n      <label class=\"control control--checkbox\">\n        <input type=\"checkbox\" value=\"Forcepoint\" name=\"kwuhgac8cjcvdycmtjas59\" required=\"true\" onclick=\"updateRequirements(this.name)\" sb-form-input>\n        <div id=\"indicator-kwuhgac8cjcvdycmtjas59\" class=\"control__indicator\"><\/div>\n      <\/label>\n      <label id=\"label-opt-kwuhgac8cjcvdycmtjas59\">Forcepoint<\/label>\n    <\/div>\n    <div style=\"margin-bottom: 13px; display: flex; flex-direction: row;\">\n      <label class=\"control control--checkbox\">\n        <input type=\"checkbox\" value=\"Sophos\" name=\"kwuhgac8cjcvdycmtjas59\" required=\"true\" onclick=\"updateRequirements(this.name)\" sb-form-input>\n        <div id=\"indicator-kwuhgac8cjcvdycmtjas59\" class=\"control__indicator\"><\/div>\n      <\/label>\n      <label id=\"label-opt-kwuhgac8cjcvdycmtjas59\">Sophos<\/label>\n    <\/div>\n    <div style=\"margin-bottom: 13px; display: flex; flex-direction: row;\">\n      <label class=\"control control--checkbox\">\n        <input type=\"checkbox\" value=\"Atempo\" name=\"kwuhgac8cjcvdycmtjas59\" required=\"true\" onclick=\"updateRequirements(this.name)\" sb-form-input>\n        <div id=\"indicator-kwuhgac8cjcvdycmtjas59\" class=\"control__indicator\"><\/div>\n      <\/label>\n      <label id=\"label-opt-kwuhgac8cjcvdycmtjas59\">Atempo<\/label>\n    <\/div>\n    <div style=\"margin-bottom: 13px; display: flex; flex-direction: row;\">\n      <label class=\"control control--checkbox\">\n        <input type=\"checkbox\" value=\"Rapid 7\" name=\"kwuhgac8cjcvdycmtjas59\" required=\"true\" onclick=\"updateRequirements(this.name)\" sb-form-input>\n        <div id=\"indicator-kwuhgac8cjcvdycmtjas59\" class=\"control__indicator\"><\/div>\n      <\/label>\n      <label id=\"label-opt-kwuhgac8cjcvdycmtjas59\">Rapid 7<\/label>\n    <\/div>\n    <div style=\"margin-bottom: 13px; display: flex; flex-direction: row;\">\n      <label class=\"control control--checkbox\">\n        <input type=\"checkbox\" value=\"Rohde & Schwarz\" name=\"kwuhgac8cjcvdycmtjas59\" required=\"true\" onclick=\"updateRequirements(this.name)\" sb-form-input>\n        <div id=\"indicator-kwuhgac8cjcvdycmtjas59\" class=\"control__indicator\"><\/div>\n      <\/label>\n      <label id=\"label-opt-kwuhgac8cjcvdycmtjas59\">Rohde & Schwarz<\/label>\n    <\/div>\n    <div style=\"margin-bottom: 13px; display: flex; flex-direction: row;\">\n      <label class=\"control control--checkbox\">\n        <input type=\"checkbox\" value=\"Infosec\" name=\"kwuhgac8cjcvdycmtjas59\" required=\"true\" onclick=\"updateRequirements(this.name)\" sb-form-input>\n        <div id=\"indicator-kwuhgac8cjcvdycmtjas59\" class=\"control__indicator\"><\/div>\n      <\/label>\n      <label id=\"label-opt-kwuhgac8cjcvdycmtjas59\">Infosec<\/label>\n    <\/div>\n  <\/div>\n  <span style=\"display: flex;flex-direction: row;\">\n    <label id=\"label-yh4d02bx4cn500ab901v8x\">Je souhaite recevoir des informations de SPG via<\/label>\n    <div id=\"form-mandatory\">*<\/div>\n  <\/span>\n  <div id=\"div-yh4d02bx4cn500ab901v8x\">\n    <div style=\"margin-bottom: 13px; display: flex; flex-direction: row;\">\n      <label class=\"control control--checkbox\">\n        <input type=\"checkbox\" value=\"Courrier \u00e9lectronique\" name=\"yh4d02bx4cn500ab901v8x\" required=\"true\" onclick=\"updateRequirements(this.name)\" sb-form-input>\n        <div id=\"indicator-yh4d02bx4cn500ab901v8x\" class=\"control__indicator\"><\/div>\n      <\/label>\n      <label id=\"label-opt-yh4d02bx4cn500ab901v8x\">Courrier \u00e9lectronique<\/label>\n    <\/div>\n    \n  <\/div><div id=\"div-submitInput\" align=\"left\">\n    <button id=\"submitInput\" type=\"submit\" value=\"VALIDER\" class=\"mobile-full-width\" ><span style=\"margin: 0px;\">VALIDER<\/span><\/button>\n    <div class=\"loader\" style=\"display:none\"><\/div>\n<\/div>\n  <label id=\"form-footer-mandatory\">* Champs obligatoires<\/label>\n<input type=\"hidden\" name=\"trp-form-language\" value=\"en\"\/><\/form>\n\n\t\t<\/div>\n\t<\/div>\n\n\t<div class=\"wpb_text_column wpb_content_element\" >\n\t\t<div class=\"wpb_wrapper\">\n\t\t\t<p><strong>What does this mean in detail?<\/strong><\/p>\n<p style=\"text-align: justify;\">I acknowledge that the SPG entities or any other subsidiary company mentioned on the site <a href=\"http:\/\/www.spg.com.tn\/en\/\">SPG<\/a> may contact me by the means of their choice (email or post) for marketing and advertising purposes (e.g. information on special offers and promotions) in connection with products and solutions offered.<\/p>\n<p><strong>Your rights<\/strong><\/p>\n<p style=\"text-align: justify;\">This declaration of consent may be revoked at any time by sending an e-mail with the word \"Unsubscribe\" in the subject line to <a href=\"mailto:marketing@spg.com.tn\">marketing@spg.com.tn<\/a>.<br \/>\nIn addition, each email sent contains a link to an unsubscribe function for future email advertisements.<br \/>\nThe\u00a0<strong><a href=\"https:\/\/www.spg.com.tn\/en\/politique-de-confidentialite\/\" target=\"_blank\" rel=\"noopener noreferrer\">\"Privacy Statement\"<\/a><\/strong> explains in more detail the use of personal data, as well as the procedure for revoking consent.<\/p>\n\n\t\t<\/div>\n\t<\/div>\n<\/div><\/div><\/div><div class=\"wpb_column vc_column_container col-sm-3\"><div class=\"vc_column-inner\"><div class=\"wpb_wrapper\"><\/div><\/div><\/div><\/div><\/div><\/section>","protected":false},"excerpt":{"rendered":"Inscription Soci&eacute;t&eacute; * Nom * Pr&eacute;nom * Email * T&eacute;l&eacute;phone principal * Lignes des produits * Microsoft Symantec Forcepoint Sophos Atempo Rapid...","protected":false},"author":10,"featured_media":0,"parent":0,"menu_order":0,"comment_status":"closed","ping_status":"closed","template":"","meta":{"om_disable_all_campaigns":false,"_exactmetrics_skip_tracking":false,"_exactmetrics_sitenote_active":false,"_exactmetrics_sitenote_note":"","_exactmetrics_sitenote_category":0,"_monsterinsights_skip_tracking":false,"_monsterinsights_sitenote_active":false,"_monsterinsights_sitenote_note":"","_monsterinsights_sitenote_category":0,"_uf_show_specific_survey":0,"_uf_disable_surveys":false,"jetpack_post_was_ever_published":false,"footnotes":""},"class_list":["post-43888","page","type-page","status-publish","hentry"],"aioseo_notices":[],"yoast_head":"<!-- This site is optimized with the Yoast SEO plugin v27.1.1 - https:\/\/yoast.com\/product\/yoast-seo-wordpress\/ -->\n<title>Formulaire-Calendrier des Webinaires - SPG<\/title>\n<meta name=\"robots\" content=\"index, follow, max-snippet:-1, max-image-preview:large, max-video-preview:-1\" \/>\n<link rel=\"canonical\" href=\"https:\/\/www.spg.com.tn\/en\/calendrier-des-webinaires\/\" \/>\n<meta property=\"og:locale\" content=\"en_US\" \/>\n<meta property=\"og:type\" content=\"article\" \/>\n<meta property=\"og:title\" content=\"Formulaire-Calendrier des Webinaires - SPG\" \/>\n<meta property=\"og:url\" content=\"https:\/\/www.spg.com.tn\/en\/calendrier-des-webinaires\/\" \/>\n<meta property=\"og:site_name\" content=\"SPG\" \/>\n<meta property=\"article:publisher\" content=\"https:\/\/www.facebook.com\/SPG.Software.Productivity.Group\/\" \/>\n<meta property=\"article:modified_time\" content=\"2020-03-31T09:36:47+00:00\" \/>\n<meta name=\"twitter:card\" content=\"summary_large_image\" \/>\n<meta name=\"twitter:label1\" content=\"Est. reading time\" \/>\n\t<meta name=\"twitter:data1\" content=\"6 minutes\" \/>\n<script type=\"application\/ld+json\" class=\"yoast-schema-graph\">{\"@context\":\"https:\/\/schema.org\",\"@graph\":[{\"@type\":\"WebPage\",\"@id\":\"https:\/\/www.spg.com.tn\/calendrier-des-webinaires\/\",\"url\":\"https:\/\/www.spg.com.tn\/calendrier-des-webinaires\/\",\"name\":\"Formulaire-Calendrier des Webinaires - SPG\",\"isPartOf\":{\"@id\":\"https:\/\/www.spg.com.tn\/#website\"},\"datePublished\":\"2019-11-15T14:41:01+00:00\",\"dateModified\":\"2020-03-31T09:36:47+00:00\",\"breadcrumb\":{\"@id\":\"https:\/\/www.spg.com.tn\/calendrier-des-webinaires\/#breadcrumb\"},\"inLanguage\":\"en-US\",\"potentialAction\":[{\"@type\":\"ReadAction\",\"target\":[\"https:\/\/www.spg.com.tn\/calendrier-des-webinaires\/\"]}]},{\"@type\":\"BreadcrumbList\",\"@id\":\"https:\/\/www.spg.com.tn\/calendrier-des-webinaires\/#breadcrumb\",\"itemListElement\":[{\"@type\":\"ListItem\",\"position\":1,\"name\":\"Accueil\",\"item\":\"https:\/\/www.spg.com.tn\/\"},{\"@type\":\"ListItem\",\"position\":2,\"name\":\"Formulaire-Calendrier des Webinaires\"}]},{\"@type\":\"WebSite\",\"@id\":\"https:\/\/www.spg.com.tn\/#website\",\"url\":\"https:\/\/www.spg.com.tn\/\",\"name\":\"SPG\",\"description\":\"Grossiste Informatique \u00e0 Valeur ajout\u00e9e\",\"publisher\":{\"@id\":\"https:\/\/www.spg.com.tn\/#organization\"},\"alternateName\":\"SPG distributeur des solutions\",\"potentialAction\":[{\"@type\":\"SearchAction\",\"target\":{\"@type\":\"EntryPoint\",\"urlTemplate\":\"https:\/\/www.spg.com.tn\/?s={search_term_string}\"},\"query-input\":{\"@type\":\"PropertyValueSpecification\",\"valueRequired\":true,\"valueName\":\"search_term_string\"}}],\"inLanguage\":\"en-US\"},{\"@type\":\"Organization\",\"@id\":\"https:\/\/www.spg.com.tn\/#organization\",\"name\":\"SPG\",\"url\":\"https:\/\/www.spg.com.tn\/\",\"logo\":{\"@type\":\"ImageObject\",\"inLanguage\":\"en-US\",\"@id\":\"https:\/\/www.spg.com.tn\/#\/schema\/logo\/image\/\",\"url\":\"https:\/\/i0.wp.com\/www.spg.com.tn\/wp-content\/uploads\/2023\/07\/Logo-SPG-new.png?fit=300%2C133&ssl=1\",\"contentUrl\":\"https:\/\/i0.wp.com\/www.spg.com.tn\/wp-content\/uploads\/2023\/07\/Logo-SPG-new.png?fit=300%2C133&ssl=1\",\"width\":300,\"height\":133,\"caption\":\"SPG\"},\"image\":{\"@id\":\"https:\/\/www.spg.com.tn\/#\/schema\/logo\/image\/\"},\"sameAs\":[\"https:\/\/www.facebook.com\/SPG.Software.Productivity.Group\/\",\"https:\/\/www.linkedin.com\/company\/software-productivity-group-spg\/\"]}]}<\/script>\n<!-- \/ Yoast SEO plugin. -->","yoast_head_json":{"title":"Formulaire-Calendrier des Webinaires - SPG","robots":{"index":"index","follow":"follow","max-snippet":"max-snippet:-1","max-image-preview":"max-image-preview:large","max-video-preview":"max-video-preview:-1"},"canonical":"https:\/\/www.spg.com.tn\/en\/calendrier-des-webinaires\/","og_locale":"en_US","og_type":"article","og_title":"Formulaire-Calendrier des Webinaires - SPG","og_url":"https:\/\/www.spg.com.tn\/en\/calendrier-des-webinaires\/","og_site_name":"SPG","article_publisher":"https:\/\/www.facebook.com\/SPG.Software.Productivity.Group\/","article_modified_time":"2020-03-31T09:36:47+00:00","twitter_card":"summary_large_image","twitter_misc":{"Est. reading time":"6 minutes"},"schema":{"@context":"https:\/\/schema.org","@graph":[{"@type":"WebPage","@id":"https:\/\/www.spg.com.tn\/calendrier-des-webinaires\/","url":"https:\/\/www.spg.com.tn\/calendrier-des-webinaires\/","name":"Formulaire-Calendrier des Webinaires - SPG","isPartOf":{"@id":"https:\/\/www.spg.com.tn\/#website"},"datePublished":"2019-11-15T14:41:01+00:00","dateModified":"2020-03-31T09:36:47+00:00","breadcrumb":{"@id":"https:\/\/www.spg.com.tn\/calendrier-des-webinaires\/#breadcrumb"},"inLanguage":"en-US","potentialAction":[{"@type":"ReadAction","target":["https:\/\/www.spg.com.tn\/calendrier-des-webinaires\/"]}]},{"@type":"BreadcrumbList","@id":"https:\/\/www.spg.com.tn\/calendrier-des-webinaires\/#breadcrumb","itemListElement":[{"@type":"ListItem","position":1,"name":"Accueil","item":"https:\/\/www.spg.com.tn\/"},{"@type":"ListItem","position":2,"name":"Formulaire-Calendrier des Webinaires"}]},{"@type":"WebSite","@id":"https:\/\/www.spg.com.tn\/#website","url":"https:\/\/www.spg.com.tn\/","name":"SPG","description":"Grossiste Informatique \u00e0 Valeur ajout\u00e9e","publisher":{"@id":"https:\/\/www.spg.com.tn\/#organization"},"alternateName":"SPG distributeur des solutions","potentialAction":[{"@type":"SearchAction","target":{"@type":"EntryPoint","urlTemplate":"https:\/\/www.spg.com.tn\/?s={search_term_string}"},"query-input":{"@type":"PropertyValueSpecification","valueRequired":true,"valueName":"search_term_string"}}],"inLanguage":"en-US"},{"@type":"Organization","@id":"https:\/\/www.spg.com.tn\/#organization","name":"SPG","url":"https:\/\/www.spg.com.tn\/","logo":{"@type":"ImageObject","inLanguage":"en-US","@id":"https:\/\/www.spg.com.tn\/#\/schema\/logo\/image\/","url":"https:\/\/i0.wp.com\/www.spg.com.tn\/wp-content\/uploads\/2023\/07\/Logo-SPG-new.png?fit=300%2C133&ssl=1","contentUrl":"https:\/\/i0.wp.com\/www.spg.com.tn\/wp-content\/uploads\/2023\/07\/Logo-SPG-new.png?fit=300%2C133&ssl=1","width":300,"height":133,"caption":"SPG"},"image":{"@id":"https:\/\/www.spg.com.tn\/#\/schema\/logo\/image\/"},"sameAs":["https:\/\/www.facebook.com\/SPG.Software.Productivity.Group\/","https:\/\/www.linkedin.com\/company\/software-productivity-group-spg\/"]}]}},"jetpack_sharing_enabled":true,"jetpack_shortlink":"https:\/\/wp.me\/PaWB6B-bpS","jetpack_likes_enabled":true,"jetpack-related-posts":[],"_links":{"self":[{"href":"https:\/\/www.spg.com.tn\/en\/wp-json\/wp\/v2\/pages\/43888","targetHints":{"allow":["GET"]}}],"collection":[{"href":"https:\/\/www.spg.com.tn\/en\/wp-json\/wp\/v2\/pages"}],"about":[{"href":"https:\/\/www.spg.com.tn\/en\/wp-json\/wp\/v2\/types\/page"}],"author":[{"embeddable":true,"href":"https:\/\/www.spg.com.tn\/en\/wp-json\/wp\/v2\/users\/10"}],"replies":[{"embeddable":true,"href":"https:\/\/www.spg.com.tn\/en\/wp-json\/wp\/v2\/comments?post=43888"}],"version-history":[{"count":5,"href":"https:\/\/www.spg.com.tn\/en\/wp-json\/wp\/v2\/pages\/43888\/revisions"}],"predecessor-version":[{"id":45316,"href":"https:\/\/www.spg.com.tn\/en\/wp-json\/wp\/v2\/pages\/43888\/revisions\/45316"}],"wp:attachment":[{"href":"https:\/\/www.spg.com.tn\/en\/wp-json\/wp\/v2\/media?parent=43888"}],"curies":[{"name":"wp","href":"https:\/\/api.w.org\/{rel}","templated":true}]}}