{"id":44472,"date":"2020-01-07T13:45:42","date_gmt":"2020-01-07T13:45:42","guid":{"rendered":"https:\/\/www.spg.com.tn\/?page_id=44472"},"modified":"2020-06-11T11:04:10","modified_gmt":"2020-06-11T11:04:10","slug":"formulaire-atempo","status":"publish","type":"page","link":"https:\/\/www.spg.com.tn\/en\/formulaire-atempo\/","title":{"rendered":"Formulaire Atempo"},"content":{"rendered":"<section class=\"\" ><div class=\"container\"><div class=\"vc_row wpb_row vc_row-fluid\"><div class=\"wpb_column vc_column_container col-sm-3\"><div class=\"vc_column-inner\"><div class=\"wpb_wrapper\"><\/div><\/div><\/div><div class=\"wpb_column vc_column_container col-sm-6\"><div class=\"vc_column-inner\"><div class=\"wpb_wrapper\">\n\t<div class=\"wpb_raw_code wpb_content_element wpb_raw_html\" >\n\t\t<div class=\"wpb_wrapper\">\n\t\t\t<meta charset=\"utf-8\">\n<script type=\"text\/javascript\" src=\"https:\/\/forms.sbc30.net\/form.js\"><\/script>\n<form id=\"sb_form\" onsubmit=\"process('https:\/\/sarbacaneapis.com\/v1\/lists\/VXKkLSXlTuqCZjd_tR3Iaw\/contacts\/upsert','https:\/\/forms.sbc30.net\/','5a743624b85b533e9a686f24','false','url','https:\/\/www.spg.com.tn\/wp-content\/uploads\/2020\/01\/DS-TINA-FR-new-mail.pdf','https:\/\/services.sarbacane.com\/core\/v1\/transactional\/sendmessage','','',  'SPG','Confirmation de votre inscription','admin','myriam.benchaabane@spg.com.tn','Merci',  'Vos informations ont \u00e9t\u00e9 ajout\u00e9es avec succ\u00e8s.','Vous allez recevoir un email','Vous devrez cliquer sur le lien de confirmation pour valider votre inscription','Erreur','Une erreur inattendue s%27est produite.','Le formulaire est en cours d%27\u00e9dition, veuillez patienter quelques minutes avant d%27essayer \u00e0 nouveau.',  '','','','','','',''); return false;\" method=\"post\" action=\"\">\n  <label id=\"form-header-title\">Merci de remplir ce formulaire<\/label>\n\n  <span style=\"display: flex;flex-direction: row;\">\n    <label id=\"label-h317ethw4vjk4d5w3e81b\">Soci&eacute;t&eacute;<\/label>\n    <div id=\"form-mandatory\">*<\/div>\n  <\/span>\n  <input id=\"input-h317ethw4vjk4d5w3e81b\" type=\"text\" name=\"h317ethw4vjk4d5w3e81b\" required=\"true\" sb-form-input>\n  \n  <span style=\"display: flex;flex-direction: row;\">\n    <label id=\"label-LASTNAME_ID\">Name*<\/label>\n    <div id=\"form-mandatory\">*<\/div>\n  <\/span>\n  <input id=\"input-LASTNAME_ID\" type=\"text\" name=\"LASTNAME_ID\" required=\"true\" sb-form-input>\n  \n  <span style=\"display: flex;flex-direction: row;\">\n    <label id=\"label-FIRSTNAME_ID\">Pr&eacute;nom<\/label>\n    <div id=\"form-mandatory\">*<\/div>\n  <\/span>\n  <input id=\"input-FIRSTNAME_ID\" type=\"text\" name=\"FIRSTNAME_ID\" required=\"true\" sb-form-input>\n  \n  <span style=\"display: flex;flex-direction: row;\">\n    <label id=\"label-55yijlrtq55mu29ujucvai\">Fonction<\/label>\n    <div id=\"form-mandatory\">*<\/div>\n  <\/span>\n  <input id=\"input-55yijlrtq55mu29ujucvai\" type=\"text\" name=\"55yijlrtq55mu29ujucvai\" required=\"true\" sb-form-input>\n  \n  <span style=\"display: flex;flex-direction: row;\">\n    <label id=\"label-EMAIL_ID\">Email<\/label>\n    <div id=\"form-mandatory\">*<\/div>\n  <\/span>\n  <input id=\"input-email\" type=\"email\" name=\"email\" required=\"true\" sb-form-input>\n  \n  <span style=\"display: flex;flex-direction: row;\">\n    <label id=\"label-bb0d6h6bd5hpif9gqzsk6g\">T&eacute;l&eacute;phone principal<\/label>\n    <div id=\"form-mandatory\">*<\/div>\n  <\/span>\n  <input id=\"input-bb0d6h6bd5hpif9gqzsk6g\" type=\"text\" name=\"bb0d6h6bd5hpif9gqzsk6g\" required=\"true\" sb-form-input>\n  \n  <span style=\"display: flex;flex-direction: row;\">\n    <label id=\"label-4a6acc9nbj8qwk4ltygfbk\">By checking this box, I agree to receive information about offers from SPG<\/label>\n    <div id=\"form-mandatory\"><\/div>\n  <\/span>\n  \n  <div id=\"div-4a6acc9nbj8qwk4ltygfbk\">\n    <div style=\"margin-bottom: 13px; display: flex; flex-direction: row;\">\n      <label class=\"control control--checkbox\">\n        <input type=\"checkbox\" value=\"Courrier \u00e9lectronique\" name=\"4a6acc9nbj8qwk4ltygfbk\" required=\"true\" onclick=\"updateRequirements(this.name)\" sb-form-input>\n        <div id=\"indicator-4a6acc9nbj8qwk4ltygfbk\" class=\"control__indicator\"><\/div>\n      <\/label>\n      \n    <\/div>\n    <br>\n    <br>\n  <\/div><div id=\"div-submitInput\" align=\"left\">\n    <button id=\"submitInput\" type=\"submit\" value=\"VALIDER\" class=\"mobile-full-width\" ><span style=\"margin: 0px;\">VALIDER<\/span><\/button>\n    <div class=\"loader\" style=\"display:none\"><\/div>\n  <\/div>\n  <label id=\"form-footer-mandatory\">* Champs obligatoires<\/label>\n<input type=\"hidden\" name=\"trp-form-language\" value=\"en\"\/><\/form>\n\n\t\t<\/div>\n\t<\/div>\n\n\t<div class=\"wpb_text_column wpb_content_element\" >\n\t\t<div class=\"wpb_wrapper\">\n\t\t\t<p><strong>Qu\u2019est ce que cela signifie en d\u00e9tail ?<\/strong><br \/>\nI acknowledge that the SPG entities or any other subsidiary company mentioned on the site<span>\u00a0<\/span><a href=\"https:\/\/www.spg.com.tn\/en\/\">SPG<\/a><span>\u00a0<\/span>may contact me by the means of their choice (email or post) for marketing and advertising purposes (e.g. information on special offers and promotions) in connection with products and solutions offered.<\/p>\n<p><strong>Your rights<\/strong><br \/>\nCette d\u00e9claration de consentement peut \u00eatre r\u00e9voqu\u00e9e \u00e0 tout moment par l\u2019envoi d\u2019un courriel portant, dans son objet, la mention \u00ab\u00a0Unsubscribe\u00a0\u00bb (d\u00e9sinscription) \u00e0<span>\u00a0<\/span><a href=\"mailto:marketing@spg.com.tn\">marketing@spg.com.tn<\/a>.<br \/>\nIn addition, each email sent contains a link to an unsubscribe function for future email advertisements.<br \/>\nThe\u00a0<strong><a href=\"https:\/\/www.spg.com.tn\/en\/politique-de-confidentialite\/\" target=\"_blank\" rel=\"noopener noreferrer\">\"Privacy Statement\"<\/a><\/strong><span>\u00a0<\/span>expose plus en d\u00e9tail l\u2019utilisation des donn\u00e9es personnelles, ainsi que la proc\u00e9dure de r\u00e9vocation de consentement.<\/p>\n\n\t\t<\/div>\n\t<\/div>\n<\/div><\/div><\/div><div class=\"wpb_column vc_column_container col-sm-3\"><div class=\"vc_column-inner\"><div class=\"wpb_wrapper\"><\/div><\/div><\/div><\/div><\/div><\/section>","protected":false},"excerpt":{"rendered":"Merci de remplir ce formulaire Soci&eacute;t&eacute; * Nom * Pr&eacute;nom * Fonction * Email * T&eacute;l&eacute;phone principal * En cochant cette case,...","protected":false},"author":10,"featured_media":0,"parent":0,"menu_order":0,"comment_status":"closed","ping_status":"closed","template":"","meta":{"om_disable_all_campaigns":false,"_exactmetrics_skip_tracking":false,"_exactmetrics_sitenote_active":false,"_exactmetrics_sitenote_note":"","_exactmetrics_sitenote_category":0,"_monsterinsights_skip_tracking":false,"_monsterinsights_sitenote_active":false,"_monsterinsights_sitenote_note":"","_monsterinsights_sitenote_category":0,"_uf_show_specific_survey":0,"_uf_disable_surveys":false,"jetpack_post_was_ever_published":false,"footnotes":""},"class_list":["post-44472","page","type-page","status-publish","hentry"],"aioseo_notices":[],"yoast_head":"<!-- This site is optimized with the Yoast SEO plugin v27.1.1 - https:\/\/yoast.com\/product\/yoast-seo-wordpress\/ -->\n<title>Formulaire Atempo - SPG<\/title>\n<meta name=\"robots\" content=\"index, follow, max-snippet:-1, max-image-preview:large, max-video-preview:-1\" \/>\n<link rel=\"canonical\" href=\"https:\/\/www.spg.com.tn\/en\/formulaire-atempo\/\" \/>\n<meta property=\"og:locale\" content=\"en_US\" \/>\n<meta property=\"og:type\" content=\"article\" \/>\n<meta property=\"og:title\" content=\"Formulaire Atempo - SPG\" \/>\n<meta property=\"og:url\" content=\"https:\/\/www.spg.com.tn\/en\/formulaire-atempo\/\" \/>\n<meta property=\"og:site_name\" content=\"SPG\" \/>\n<meta property=\"article:publisher\" content=\"https:\/\/www.facebook.com\/SPG.Software.Productivity.Group\/\" \/>\n<meta property=\"article:modified_time\" content=\"2020-06-11T11:04:10+00:00\" \/>\n<meta name=\"twitter:card\" content=\"summary_large_image\" \/>\n<meta name=\"twitter:label1\" content=\"Est. reading time\" \/>\n\t<meta name=\"twitter:data1\" content=\"4 minutes\" \/>\n<script type=\"application\/ld+json\" class=\"yoast-schema-graph\">{\"@context\":\"https:\/\/schema.org\",\"@graph\":[{\"@type\":\"WebPage\",\"@id\":\"https:\/\/www.spg.com.tn\/formulaire-atempo\/\",\"url\":\"https:\/\/www.spg.com.tn\/formulaire-atempo\/\",\"name\":\"Formulaire Atempo - SPG\",\"isPartOf\":{\"@id\":\"https:\/\/www.spg.com.tn\/#website\"},\"datePublished\":\"2020-01-07T13:45:42+00:00\",\"dateModified\":\"2020-06-11T11:04:10+00:00\",\"breadcrumb\":{\"@id\":\"https:\/\/www.spg.com.tn\/formulaire-atempo\/#breadcrumb\"},\"inLanguage\":\"en-US\",\"potentialAction\":[{\"@type\":\"ReadAction\",\"target\":[\"https:\/\/www.spg.com.tn\/formulaire-atempo\/\"]}]},{\"@type\":\"BreadcrumbList\",\"@id\":\"https:\/\/www.spg.com.tn\/formulaire-atempo\/#breadcrumb\",\"itemListElement\":[{\"@type\":\"ListItem\",\"position\":1,\"name\":\"Accueil\",\"item\":\"https:\/\/www.spg.com.tn\/\"},{\"@type\":\"ListItem\",\"position\":2,\"name\":\"Formulaire Atempo\"}]},{\"@type\":\"WebSite\",\"@id\":\"https:\/\/www.spg.com.tn\/#website\",\"url\":\"https:\/\/www.spg.com.tn\/\",\"name\":\"SPG\",\"description\":\"Grossiste Informatique \u00e0 Valeur ajout\u00e9e\",\"publisher\":{\"@id\":\"https:\/\/www.spg.com.tn\/#organization\"},\"alternateName\":\"SPG distributeur des solutions\",\"potentialAction\":[{\"@type\":\"SearchAction\",\"target\":{\"@type\":\"EntryPoint\",\"urlTemplate\":\"https:\/\/www.spg.com.tn\/?s={search_term_string}\"},\"query-input\":{\"@type\":\"PropertyValueSpecification\",\"valueRequired\":true,\"valueName\":\"search_term_string\"}}],\"inLanguage\":\"en-US\"},{\"@type\":\"Organization\",\"@id\":\"https:\/\/www.spg.com.tn\/#organization\",\"name\":\"SPG\",\"url\":\"https:\/\/www.spg.com.tn\/\",\"logo\":{\"@type\":\"ImageObject\",\"inLanguage\":\"en-US\",\"@id\":\"https:\/\/www.spg.com.tn\/#\/schema\/logo\/image\/\",\"url\":\"https:\/\/i0.wp.com\/www.spg.com.tn\/wp-content\/uploads\/2023\/07\/Logo-SPG-new.png?fit=300%2C133&ssl=1\",\"contentUrl\":\"https:\/\/i0.wp.com\/www.spg.com.tn\/wp-content\/uploads\/2023\/07\/Logo-SPG-new.png?fit=300%2C133&ssl=1\",\"width\":300,\"height\":133,\"caption\":\"SPG\"},\"image\":{\"@id\":\"https:\/\/www.spg.com.tn\/#\/schema\/logo\/image\/\"},\"sameAs\":[\"https:\/\/www.facebook.com\/SPG.Software.Productivity.Group\/\",\"https:\/\/www.linkedin.com\/company\/software-productivity-group-spg\/\"]}]}<\/script>\n<!-- \/ Yoast SEO plugin. -->","yoast_head_json":{"title":"Formulaire Atempo - SPG","robots":{"index":"index","follow":"follow","max-snippet":"max-snippet:-1","max-image-preview":"max-image-preview:large","max-video-preview":"max-video-preview:-1"},"canonical":"https:\/\/www.spg.com.tn\/en\/formulaire-atempo\/","og_locale":"en_US","og_type":"article","og_title":"Formulaire Atempo - SPG","og_url":"https:\/\/www.spg.com.tn\/en\/formulaire-atempo\/","og_site_name":"SPG","article_publisher":"https:\/\/www.facebook.com\/SPG.Software.Productivity.Group\/","article_modified_time":"2020-06-11T11:04:10+00:00","twitter_card":"summary_large_image","twitter_misc":{"Est. reading time":"4 minutes"},"schema":{"@context":"https:\/\/schema.org","@graph":[{"@type":"WebPage","@id":"https:\/\/www.spg.com.tn\/formulaire-atempo\/","url":"https:\/\/www.spg.com.tn\/formulaire-atempo\/","name":"Formulaire Atempo - SPG","isPartOf":{"@id":"https:\/\/www.spg.com.tn\/#website"},"datePublished":"2020-01-07T13:45:42+00:00","dateModified":"2020-06-11T11:04:10+00:00","breadcrumb":{"@id":"https:\/\/www.spg.com.tn\/formulaire-atempo\/#breadcrumb"},"inLanguage":"en-US","potentialAction":[{"@type":"ReadAction","target":["https:\/\/www.spg.com.tn\/formulaire-atempo\/"]}]},{"@type":"BreadcrumbList","@id":"https:\/\/www.spg.com.tn\/formulaire-atempo\/#breadcrumb","itemListElement":[{"@type":"ListItem","position":1,"name":"Accueil","item":"https:\/\/www.spg.com.tn\/"},{"@type":"ListItem","position":2,"name":"Formulaire Atempo"}]},{"@type":"WebSite","@id":"https:\/\/www.spg.com.tn\/#website","url":"https:\/\/www.spg.com.tn\/","name":"SPG","description":"Grossiste Informatique \u00e0 Valeur ajout\u00e9e","publisher":{"@id":"https:\/\/www.spg.com.tn\/#organization"},"alternateName":"SPG distributeur des solutions","potentialAction":[{"@type":"SearchAction","target":{"@type":"EntryPoint","urlTemplate":"https:\/\/www.spg.com.tn\/?s={search_term_string}"},"query-input":{"@type":"PropertyValueSpecification","valueRequired":true,"valueName":"search_term_string"}}],"inLanguage":"en-US"},{"@type":"Organization","@id":"https:\/\/www.spg.com.tn\/#organization","name":"SPG","url":"https:\/\/www.spg.com.tn\/","logo":{"@type":"ImageObject","inLanguage":"en-US","@id":"https:\/\/www.spg.com.tn\/#\/schema\/logo\/image\/","url":"https:\/\/i0.wp.com\/www.spg.com.tn\/wp-content\/uploads\/2023\/07\/Logo-SPG-new.png?fit=300%2C133&ssl=1","contentUrl":"https:\/\/i0.wp.com\/www.spg.com.tn\/wp-content\/uploads\/2023\/07\/Logo-SPG-new.png?fit=300%2C133&ssl=1","width":300,"height":133,"caption":"SPG"},"image":{"@id":"https:\/\/www.spg.com.tn\/#\/schema\/logo\/image\/"},"sameAs":["https:\/\/www.facebook.com\/SPG.Software.Productivity.Group\/","https:\/\/www.linkedin.com\/company\/software-productivity-group-spg\/"]}]}},"jetpack_sharing_enabled":true,"jetpack_shortlink":"https:\/\/wp.me\/PaWB6B-bzi","jetpack_likes_enabled":true,"jetpack-related-posts":[],"_links":{"self":[{"href":"https:\/\/www.spg.com.tn\/en\/wp-json\/wp\/v2\/pages\/44472","targetHints":{"allow":["GET"]}}],"collection":[{"href":"https:\/\/www.spg.com.tn\/en\/wp-json\/wp\/v2\/pages"}],"about":[{"href":"https:\/\/www.spg.com.tn\/en\/wp-json\/wp\/v2\/types\/page"}],"author":[{"embeddable":true,"href":"https:\/\/www.spg.com.tn\/en\/wp-json\/wp\/v2\/users\/10"}],"replies":[{"embeddable":true,"href":"https:\/\/www.spg.com.tn\/en\/wp-json\/wp\/v2\/comments?post=44472"}],"version-history":[{"count":1,"href":"https:\/\/www.spg.com.tn\/en\/wp-json\/wp\/v2\/pages\/44472\/revisions"}],"predecessor-version":[{"id":45661,"href":"https:\/\/www.spg.com.tn\/en\/wp-json\/wp\/v2\/pages\/44472\/revisions\/45661"}],"wp:attachment":[{"href":"https:\/\/www.spg.com.tn\/en\/wp-json\/wp\/v2\/media?parent=44472"}],"curies":[{"name":"wp","href":"https:\/\/api.w.org\/{rel}","templated":true}]}}