{"id":45617,"date":"2020-06-10T14:12:39","date_gmt":"2020-06-10T14:12:39","guid":{"rendered":"https:\/\/www.spg.com.tn\/?page_id=45617"},"modified":"2025-06-09T10:01:00","modified_gmt":"2025-06-09T10:01:00","slug":"mentions-legales","status":"publish","type":"page","link":"https:\/\/www.spg.com.tn\/en\/mentions-legales\/","title":{"rendered":"Mentions L\u00e9gales"},"content":{"rendered":"<section class=\"cover height-30 imagebg text-center\" data-overlay=\"0\" >\n\t\t\t    <div class=\"background-image-holder\">\n\t\t\t        <img loading=\"lazy\" decoding=\"async\" width=\"1351\" height=\"402\" src=\"https:\/\/i0.wp.com\/www.spg.com.tn\/wp-content\/uploads\/2020\/06\/mentions-l%C3%A9gales.png?fit=1351%2C402&amp;ssl=1\" class=\"attachment-full size-full\" alt=\"mentions l\u00e9gales\" \/>\n\t\t\t    <\/div>\n\t\t\t    <div class=\"container pos-vertical-center\">\n\t\t\t        <div class=\"row\">\n\t\t\t            <div class=\"col-sm-12\"><h1 style=\"font-size: 40px;line-height: 40px;text-align: center;font-family:Lato;font-weight:700;font-style:normal\" class=\"vc_custom_heading\" >Legal information<\/h1><\/div>\n\t\t\t        <\/div><!--end of row-->\n\t\t\t    <\/div><!--end of container-->\n\t\t\t    \n\t\t\t<\/section>\n\t\t<div class=\"vc_row-full-width vc_clearfix\"><\/div><div class=\"container\"><div class=\"vc_row wpb_row vc_row-fluid\"><div class=\"wpb_column vc_column_container col-sm-12\"><div class=\"vc_column-inner\"><div class=\"wpb_wrapper\"><div class=\"row vc_row wpb_row vc_inner vc_row-fluid\"><div class=\"wpb_column vc_column_container col-sm-12\"><div class=\"vc_column-inner\"><div class=\"wpb_wrapper\"><div class=\"vc_empty_space\"   style=\"height: 32px\" ><span class=\"vc_empty_space_inner\"><\/span><\/div>\n\n\t<div class=\"wpb_text_column wpb_content_element  vc_custom_1591800818334\" >\n\t\t<div class=\"wpb_wrapper\">\n\t\t\t<p><span style=\"color: #ffffff;\">La soci\u00e9t\u00e9 SPG de droit tunisien, est la soci\u00e9t\u00e9 \u00e9ditrice du pr\u00e9sent site dont le si\u00e8ge est sis <strong style=\"color: #ffffff;\">au 12 rue du Lac Turkana 1053 Tunis; Tunisie<\/strong>, au capital de <strong style=\"color: #ffffff;\">4 337 290 TND<\/strong>, enregistr\u00e9e <strong style=\"color: #ffffff;\">au RNE sous l\u2019Identifiant Unique 381528 X<\/strong><\/span><\/p>\n\n\t\t<\/div>\n\t<\/div>\n<\/div><\/div><\/div><\/div><div class=\"vc_tta-container\" data-vc-action=\"collapseAll\" data-vc-tta-autoplay=\"{&quot;delay&quot;:10000}\"><div class=\"vc_general vc_tta vc_tta-accordion vc_tta-color-grey vc_tta-style-classic vc_tta-shape-rounded vc_tta-spacing-10 vc_tta-controls-align-left vc_tta-o-no-fill vc_tta-o-all-clickable\"><div class=\"vc_tta-panels-container\"><div class=\"vc_tta-panels\"><div class=\"vc_tta-panel M-sec1\" id=\"1591798751231-a2c86786-f5d0\" data-vc-content=\".vc_tta-panel-body\"><div class=\"vc_tta-panel-heading\"><h4 class=\"vc_tta-panel-title vc_tta-controls-icon-position-left\"><a href=\"#1591798751231-a2c86786-f5d0\" data-vc-accordion data-vc-container=\".vc_tta-container\"><span class=\"vc_tta-title-text\">Propri\u00e9taire<\/span><i class=\"vc_tta-controls-icon vc_tta-controls-icon-plus\"><\/i><\/a><\/h4><\/div><div class=\"vc_tta-panel-body\">\n\t<div class=\"wpb_text_column wpb_content_element\" >\n\t\t<div class=\"wpb_wrapper\">\n\t\t\t<p><strong>SPG<\/strong>\u00a0SA de droit tunisien au capital de <strong>4 337 290 TND<\/strong>,<br \/><strong>UI :<\/strong>\u00a0<strong>381528 X<\/strong><br \/><strong>Si\u00e8ge Social <\/strong><strong>12 rue du Lac Turkana 1053 Tunis<\/strong> Tunisie<br \/><strong>Tel :\u00a0<\/strong>+ 216 71 16 6 877<br \/><strong>Directeur de la publication :<\/strong>\u00a0Sahbi GARGOURI, Directeur G\u00e9n\u00e9ral.<br \/><strong>Responsable de traitement :<\/strong> SPG SA, 12 rue du Lac Turkana 1053 \u2013 Tunis \u2013 Tunisie.<br \/><strong>DPO :<\/strong> Mariem Nasrallah, Marketing &#038; Communication Manager,  meriem.nasrallah@spg.com.tn<\/p>\n\n\t\t<\/div>\n\t<\/div>\n<\/div><\/div><div class=\"vc_tta-panel M-sec2\" id=\"1591798751241-63e6601c-30b3\" data-vc-content=\".vc_tta-panel-body\"><div class=\"vc_tta-panel-heading\"><h4 class=\"vc_tta-panel-title vc_tta-controls-icon-position-left\"><a href=\"#1591798751241-63e6601c-30b3\" data-vc-accordion data-vc-container=\".vc_tta-container\"><span class=\"vc_tta-title-text\">Disclaimer<\/span><i class=\"vc_tta-controls-icon vc_tta-controls-icon-plus\"><\/i><\/a><\/h4><\/div><div class=\"vc_tta-panel-body\">\n\t<div class=\"wpb_text_column wpb_content_element\" >\n\t\t<div class=\"wpb_wrapper\">\n\t\t\t<p>Tous les \u00e9l\u00e9ments d\u2019information trouv\u00e9s sur le site Web SPG (y compris les documents, les photos, les visuels, les liens, etc.) sont fournis sans garantie d\u2019aucune sorte, et sont sujets \u00e0 des modifications sans avertissement pr\u00e9alable. Ils sont propos\u00e9s dans un but informatif g\u00e9n\u00e9ral. SPG ne garantit pas que les fonctions contenues sur le site web soient sans interruption, que les d\u00e9fauts soient corrig\u00e9s automatiquement ou encore que les serveurs qui rendent l\u2019information disponible soient lib\u00e9r\u00e9s de tout virus ou d\u2019autres composants nuisibles.<br \/>\nTous les emails, commentaires, suggestions, id\u00e9es, graphiques et autres informations propos\u00e9s ou offerts \u00e0 SPG pour ce site, ou en r\u00e9ponse \u00e0 des sollicitations d\u2019enqu\u00eates disponibles depuis son site, deviennent et restent la propri\u00e9t\u00e9 de SPG.<br \/>\nSPG se r\u00e9serve le droit d\u2019effectuer des changements sur tout ou partie des contenus sur le site. SPG vise en permanence des informations de qualit\u00e9, mais ne fait aucune promesse ou garantie quant \u00e0 l\u2019exactitude ou l\u2019exhaustivit\u00e9 de celles-ci.<\/p>\n\n\t\t<\/div>\n\t<\/div>\n<\/div><\/div><div class=\"vc_tta-panel M-sec3\" id=\"1591799078866-67cbfd49-e594\" data-vc-content=\".vc_tta-panel-body\"><div class=\"vc_tta-panel-heading\"><h4 class=\"vc_tta-panel-title vc_tta-controls-icon-position-left\"><a href=\"#1591799078866-67cbfd49-e594\" data-vc-accordion data-vc-container=\".vc_tta-container\"><span class=\"vc_tta-title-text\">Trademarks<\/span><i class=\"vc_tta-controls-icon vc_tta-controls-icon-plus\"><\/i><\/a><\/h4><\/div><div class=\"vc_tta-panel-body\">\n\t<div class=\"wpb_text_column wpb_content_element\" >\n\t\t<div class=\"wpb_wrapper\">\n\t\t\t<p>SPG et le logo de SPG sont des marques d\u00e9pos\u00e9es de SPG. Toutes les autres marques mentionn\u00e9es sur ce site web sont la propri\u00e9t\u00e9 de leurs auteurs \u2013 \u00e9diteurs et constructeurs.<\/p>\n\n\t\t<\/div>\n\t<\/div>\n<\/div><\/div><div class=\"vc_tta-panel M-sec4\" id=\"1591799079727-0b6fe780-aff7\" data-vc-content=\".vc_tta-panel-body\"><div class=\"vc_tta-panel-heading\"><h4 class=\"vc_tta-panel-title vc_tta-controls-icon-position-left\"><a href=\"#1591799079727-0b6fe780-aff7\" data-vc-accordion data-vc-container=\".vc_tta-container\"><span class=\"vc_tta-title-text\">Loi informatique et libert\u00e9<\/span><i class=\"vc_tta-controls-icon vc_tta-controls-icon-plus\"><\/i><\/a><\/h4><\/div><div class=\"vc_tta-panel-body\">\n\t<div class=\"wpb_text_column wpb_content_element\" >\n\t\t<div class=\"wpb_wrapper\">\n\t\t\t<p>Les informations recueillies ont pour but soit de vous identifier formellement pour vous donner acc\u00e8s \u00e0 un espace s\u00e9curis\u00e9, soit d\u2019\u00e9tablir des statistiques d\u2019estimation de la fr\u00e9quentation du site.<br \/>\nCes informations sont exclusivement destin\u00e9es \u00e0 la soci\u00e9t\u00e9 SPG et ne peuvent faire l\u2019objet d\u2019aucun autre traitement que ceux pr\u00e9c\u00e9demment indiqu\u00e9s.<\/p>\n<p>Conform\u00e9ment \u00e0 la loi organique tunisienne N\u00b0 2004-63 du 27 juillet 2004 portant sur la protection des donn\u00e9es personnelles, nous vous informons que vous disposez d\u2019un droit d\u2019acc\u00e8s, de modification, de rectification et de suppression des donn\u00e9es qui vous concernent, que vous pouvez exercer en vous adressant \u00e0 :<br \/>\nSPG, Service Marketing 12 rue du Lac Turkana 1053 Tunis ; T\u00e9l\u00e9phone \u00a0216 71 16 68 77 ou par email\u00a0 au\u00a0 <a href=\"mailto:dpo@spg.com.tn\">dpo@spg.com.tn<\/a><\/p>\n\n\t\t<\/div>\n\t<\/div>\n<\/div><\/div><div class=\"vc_tta-panel M-sec5\" id=\"1591799080558-c291a7bf-f9a0\" data-vc-content=\".vc_tta-panel-body\"><div class=\"vc_tta-panel-heading\"><h4 class=\"vc_tta-panel-title vc_tta-controls-icon-position-left\"><a href=\"#1591799080558-c291a7bf-f9a0\" data-vc-accordion data-vc-container=\".vc_tta-container\"><span class=\"vc_tta-title-text\">Utilisation de votre adresse \u00e9lectronique<\/span><i class=\"vc_tta-controls-icon vc_tta-controls-icon-plus\"><\/i><\/a><\/h4><\/div><div class=\"vc_tta-panel-body\">\n\t<div class=\"wpb_text_column wpb_content_element\" >\n\t\t<div class=\"wpb_wrapper\">\n\t\t\t<p>L\u2019adresse \u00e9lectronique que vous nous communiquez, soit sur un formulaire en ligne, soit en utilisant un logiciel de messagerie, soit par t\u00e9l\u00e9phone est susceptible d\u2019\u00eatre conserv\u00e9e et utilis\u00e9e ult\u00e9rieurement par SPG pour vous proposer des services et des offres commerciales ou pour vous proposer des offres d\u2019emploi si vous vous \u00eates inscrits en tant que candidat pour un emploi ou un \u00e9v\u00e8nement de recrutement organis\u00e9 par SPG. Vous pourrez \u00e0 tout moment vous opposer \u00e0 cette utilisation en proc\u00e9dant comme susmentionn\u00e9 ou par retour d\u2019e-mail \u00e0 l\u2019occasion d\u2019un envoi.<\/p>\n\n\t\t<\/div>\n\t<\/div>\n<\/div><\/div><div class=\"vc_tta-panel M-sec6\" id=\"1591801015610-7fc5804a-63b5\" data-vc-content=\".vc_tta-panel-body\"><div class=\"vc_tta-panel-heading\"><h4 class=\"vc_tta-panel-title vc_tta-controls-icon-position-left\"><a href=\"#1591801015610-7fc5804a-63b5\" data-vc-accordion data-vc-container=\".vc_tta-container\"><span class=\"vc_tta-title-text\">Cookies<\/span><i class=\"vc_tta-controls-icon vc_tta-controls-icon-plus\"><\/i><\/a><\/h4><\/div><div class=\"vc_tta-panel-body\">\n\t<div class=\"wpb_text_column wpb_content_element\" >\n\t\t<div class=\"wpb_wrapper\">\n\t\t\t<p>Le Client reconna\u00eet la possibilit\u00e9 pour SPG d\u2019utiliser la technique des cookies ou toute autre technique assimil\u00e9e permettant de tracer sa navigation sur le site et de collecter ainsi les donn\u00e9es le concernant. Les cookies enregistrent certaines informations qui sont stock\u00e9es dans la m\u00e9moire du disque dur du client. Les cookies ne contiennent que les pages visit\u00e9es par le Client. Si besoin, vous pouvez vous opposer \u00e0 l\u2019enregistrement de \u201ccookies\u201d en configurant votre navigateur mais dans ce cas certaines zones du site pourraient ne pas \u00eatre accessibles.<\/p>\n\n\t\t<\/div>\n\t<\/div>\n<\/div><\/div><div class=\"vc_tta-panel M-sec7\" id=\"1591801040516-74af892b-841b\" data-vc-content=\".vc_tta-panel-body\"><div class=\"vc_tta-panel-heading\"><h4 class=\"vc_tta-panel-title vc_tta-controls-icon-position-left\"><a href=\"#1591801040516-74af892b-841b\" data-vc-accordion data-vc-container=\".vc_tta-container\"><span class=\"vc_tta-title-text\">Droits d\u2019auteur \/ Copyright<\/span><i class=\"vc_tta-controls-icon vc_tta-controls-icon-plus\"><\/i><\/a><\/h4><\/div><div class=\"vc_tta-panel-body\">\n\t<div class=\"wpb_text_column wpb_content_element\" >\n\t\t<div class=\"wpb_wrapper\">\n\t\t\t<p>Les marques et logos figurant sur ce site sont des marques d\u00e9pos\u00e9es par SPG, les soci\u00e9t\u00e9s de son groupe ou ses prestataires. Leur mention n\u2019accorde en aucune mani\u00e8re une licence ou un droit d\u2019utilisation quelconque desdites marques, qui ne peuvent donc \u00eatre utilis\u00e9es sans le consentement pr\u00e9alable et \u00e9crit du propri\u00e9taire de la marque sous peine de contrefa\u00e7on.<br \/>\nLes noms de produits, services et soci\u00e9t\u00e9s mentionn\u00e9s sont les marques de leurs propri\u00e9taires respectifs.<br \/>\nTous les droits qui ne sont pas express\u00e9ment conc\u00e9d\u00e9s sont r\u00e9serv\u00e9s par SPG.<\/p>\n<p>L\u2019ensemble des informations pr\u00e9sentes sur ce site peut \u00eatre t\u00e9l\u00e9charg\u00e9, reproduit, imprim\u00e9 sous r\u00e9serve de :<\/p>\n<ul>\n<li>N\u2019utiliser de telles informations qu\u2019\u00e0 des fins personnelles et en aucune mani\u00e8re \u00e0 des fins commerciales ;<\/li>\n<li>Ne pas en alt\u00e9rer le contenu ;<\/li>\n<li>Mentionner les droits d\u2019auteur (\u00ab le copyright \u00bb) de SPG sur toute reproduction, qu\u2019elle soit partielle ou totale.<\/li>\n<\/ul>\n<p>Toute autre utilisation est strictement interdite sans autorisation pr\u00e9alable et \u00e9crite de SPG. Toute personne ne respectant pas ces dispositions, ainsi que les dispositions l\u00e9gales applicables se rend coupable du d\u00e9lit de contrefa\u00e7on et est passible des sanctions p\u00e9nales pr\u00e9vues par la loi.<\/p>\n\n\t\t<\/div>\n\t<\/div>\n<\/div><\/div><div class=\"vc_tta-panel M-sec8\" id=\"1591801133103-b126b749-06b2\" data-vc-content=\".vc_tta-panel-body\"><div class=\"vc_tta-panel-heading\"><h4 class=\"vc_tta-panel-title vc_tta-controls-icon-position-left\"><a href=\"#1591801133103-b126b749-06b2\" data-vc-accordion data-vc-container=\".vc_tta-container\"><span class=\"vc_tta-title-text\">Responsabilit\u00e9<\/span><i class=\"vc_tta-controls-icon vc_tta-controls-icon-plus\"><\/i><\/a><\/h4><\/div><div class=\"vc_tta-panel-body\">\n\t<div class=\"wpb_text_column wpb_content_element\" >\n\t\t<div class=\"wpb_wrapper\">\n\t\t\t<p>L\u2019ensemble des informations accessibles via ce site sont fournies en l\u2019\u00e9tat.<\/p>\n<p>SPG n\u2019est pas responsable des erreurs, inexactitudes ou omissions contenues sur ce site de m\u00eame qu\u2019elle ne saurait \u00eatre responsable de quelque dommage que ce soit, direct ou indirect, r\u00e9sultant de ces informations. SPG se r\u00e9serve le droit de modifier \u00e0 tout moment les pr\u00e9sentes notamment en actualisant ce site et en apportant des changements ou am\u00e9liorations, \u00e0 tout moment, sur le contenu du site.<\/p>\n<p>SPG n\u2019est responsable, en aucune fa\u00e7on, de l\u2019utilisation qui pourrait \u00eatre faite de ces informations qui demeure, en quelque circonstance que ce soit, sous la seule et unique responsabilit\u00e9 de son utilisateur.<\/p>\n<p>L\u2019utilisateur s\u2019engage \u00e0 ne transmettre sur ce site aucune information susceptible de mettre en jeu une responsabilit\u00e9 civile ou p\u00e9nale, et notamment \u00e0 ne divulguer, via ce site, d\u2019information qui pourrait \u00eatre ill\u00e9gale, contraire \u00e0 l\u2019ordre public ou diffamatoire.<br \/>\nSPG ne peut garantir la confidentialit\u00e9 des messages transmis par l\u2019Internet, lesquels sont susceptibles d\u2019\u00eatre intercept\u00e9s sur le r\u00e9seau, et ce jusqu\u2019\u00e0 leur r\u00e9ception par SPG.<\/p>\n\n\t\t<\/div>\n\t<\/div>\n<\/div><\/div><div class=\"vc_tta-panel M-sec9\" id=\"1591801157120-b3a472f5-7e82\" data-vc-content=\".vc_tta-panel-body\"><div class=\"vc_tta-panel-heading\"><h4 class=\"vc_tta-panel-title vc_tta-controls-icon-position-left\"><a href=\"#1591801157120-b3a472f5-7e82\" data-vc-accordion data-vc-container=\".vc_tta-container\"><span class=\"vc_tta-title-text\">Liens vers des sites tiers<\/span><i class=\"vc_tta-controls-icon vc_tta-controls-icon-plus\"><\/i><\/a><\/h4><\/div><div class=\"vc_tta-panel-body\">\n\t<div class=\"wpb_text_column wpb_content_element\" >\n\t\t<div class=\"wpb_wrapper\">\n\t\t\t<p>Il est express\u00e9ment admis que SPG n\u2019assume aucun contr\u00f4le, direct ou indirect, sur ces sites, qui sont ext\u00e9rieurs et, par voie de cons\u00e9quence, d\u00e9cline toute responsabilit\u00e9 quant \u00e0 leur contenu. L\u2019utilisateur est seul responsable de leur utilisation.<\/p>\n<p>La cr\u00e9ation de liens hypertexte vers le site spg.com.tn est soumise \u00e0 l\u2019accord pr\u00e9alable, et express de SPG. Toute demande en ce sens doit \u00eatre adress\u00e9e, par courrier SPG, Service Marketing 12 rue du Lac Turkana 1053 Tunis ; T\u00e9l\u00e9phone 216 71 16 68 77.<\/p>\n\n\t\t<\/div>\n\t<\/div>\n<\/div><\/div><div class=\"vc_tta-panel M-sec11\" id=\"1591801190917-2643d10f-480d\" data-vc-content=\".vc_tta-panel-body\"><div class=\"vc_tta-panel-heading\"><h4 class=\"vc_tta-panel-title vc_tta-controls-icon-position-left\"><a href=\"#1591801190917-2643d10f-480d\" data-vc-accordion data-vc-container=\".vc_tta-container\"><span class=\"vc_tta-title-text\">Observations diverses<\/span><i class=\"vc_tta-controls-icon vc_tta-controls-icon-plus\"><\/i><\/a><\/h4><\/div><div class=\"vc_tta-panel-body\">\n\t<div class=\"wpb_text_column wpb_content_element\" >\n\t\t<div class=\"wpb_wrapper\">\n\t\t\t<p>Pour toute remarque concernant le contenu et\/ ou le fonctionnement du site, vous pouvez envoyer un courrier \u00e0 SPG, Service Marketing 12 rue du Lac Turkana 1053 Tunis ; T\u00e9l\u00e9phone 216 71 16 68 77.<\/p>\n\n\t\t<\/div>\n\t<\/div>\n<\/div><\/div><\/div><\/div><\/div><\/div><\/div><\/div><\/div><\/div><\/div>","protected":false},"excerpt":{"rendered":"Mentions l\u00e9gales La soci\u00e9t\u00e9 SPG de droit tunisien, est la soci\u00e9t\u00e9 \u00e9ditrice du pr\u00e9sent site dont le si\u00e8ge est sis au 12...","protected":false},"author":10,"featured_media":0,"parent":0,"menu_order":0,"comment_status":"closed","ping_status":"closed","template":"","meta":{"om_disable_all_campaigns":false,"_exactmetrics_skip_tracking":false,"_exactmetrics_sitenote_active":false,"_exactmetrics_sitenote_note":"","_exactmetrics_sitenote_category":0,"_monsterinsights_skip_tracking":false,"_monsterinsights_sitenote_active":false,"_monsterinsights_sitenote_note":"","_monsterinsights_sitenote_category":0,"_uf_show_specific_survey":0,"_uf_disable_surveys":false,"jetpack_post_was_ever_published":false,"footnotes":""},"class_list":["post-45617","page","type-page","status-publish","hentry"],"aioseo_notices":[],"yoast_head":"<!-- This site is optimized with the Yoast SEO plugin v27.4 - https:\/\/yoast.com\/product\/yoast-seo-wordpress\/ -->\n<title>Mentions L\u00e9gales - SPG<\/title>\n<meta name=\"robots\" content=\"index, follow, max-snippet:-1, max-image-preview:large, max-video-preview:-1\" \/>\n<link rel=\"canonical\" href=\"https:\/\/www.spg.com.tn\/en\/mentions-legales\/\" \/>\n<meta property=\"og:locale\" content=\"en_US\" \/>\n<meta property=\"og:type\" content=\"article\" \/>\n<meta property=\"og:title\" content=\"Mentions L\u00e9gales - SPG\" \/>\n<meta property=\"og:url\" content=\"https:\/\/www.spg.com.tn\/en\/mentions-legales\/\" \/>\n<meta property=\"og:site_name\" content=\"SPG\" \/>\n<meta property=\"article:publisher\" content=\"https:\/\/www.facebook.com\/SPG.Software.Productivity.Group\/\" \/>\n<meta property=\"article:modified_time\" content=\"2025-06-09T10:01:00+00:00\" \/>\n<meta name=\"twitter:card\" content=\"summary_large_image\" \/>\n<meta name=\"twitter:label1\" content=\"Est. reading time\" \/>\n\t<meta name=\"twitter:data1\" content=\"6 minutes\" \/>\n<script type=\"application\/ld+json\" class=\"yoast-schema-graph\">{\"@context\":\"https:\\\/\\\/schema.org\",\"@graph\":[{\"@type\":\"WebPage\",\"@id\":\"https:\\\/\\\/www.spg.com.tn\\\/mentions-legales\\\/\",\"url\":\"https:\\\/\\\/www.spg.com.tn\\\/mentions-legales\\\/\",\"name\":\"Mentions L\u00e9gales - SPG\",\"isPartOf\":{\"@id\":\"https:\\\/\\\/www.spg.com.tn\\\/#website\"},\"datePublished\":\"2020-06-10T14:12:39+00:00\",\"dateModified\":\"2025-06-09T10:01:00+00:00\",\"breadcrumb\":{\"@id\":\"https:\\\/\\\/www.spg.com.tn\\\/mentions-legales\\\/#breadcrumb\"},\"inLanguage\":\"en-US\",\"potentialAction\":[{\"@type\":\"ReadAction\",\"target\":[\"https:\\\/\\\/www.spg.com.tn\\\/mentions-legales\\\/\"]}]},{\"@type\":\"BreadcrumbList\",\"@id\":\"https:\\\/\\\/www.spg.com.tn\\\/mentions-legales\\\/#breadcrumb\",\"itemListElement\":[{\"@type\":\"ListItem\",\"position\":1,\"name\":\"Accueil\",\"item\":\"https:\\\/\\\/www.spg.com.tn\\\/\"},{\"@type\":\"ListItem\",\"position\":2,\"name\":\"Mentions L\u00e9gales\"}]},{\"@type\":\"WebSite\",\"@id\":\"https:\\\/\\\/www.spg.com.tn\\\/#website\",\"url\":\"https:\\\/\\\/www.spg.com.tn\\\/\",\"name\":\"SPG\",\"description\":\"Grossiste Informatique \u00e0 Valeur ajout\u00e9e\",\"publisher\":{\"@id\":\"https:\\\/\\\/www.spg.com.tn\\\/#organization\"},\"alternateName\":\"SPG distributeur des solutions\",\"potentialAction\":[{\"@type\":\"SearchAction\",\"target\":{\"@type\":\"EntryPoint\",\"urlTemplate\":\"https:\\\/\\\/www.spg.com.tn\\\/?s={search_term_string}\"},\"query-input\":{\"@type\":\"PropertyValueSpecification\",\"valueRequired\":true,\"valueName\":\"search_term_string\"}}],\"inLanguage\":\"en-US\"},{\"@type\":\"Organization\",\"@id\":\"https:\\\/\\\/www.spg.com.tn\\\/#organization\",\"name\":\"SPG\",\"url\":\"https:\\\/\\\/www.spg.com.tn\\\/\",\"logo\":{\"@type\":\"ImageObject\",\"inLanguage\":\"en-US\",\"@id\":\"https:\\\/\\\/www.spg.com.tn\\\/#\\\/schema\\\/logo\\\/image\\\/\",\"url\":\"https:\\\/\\\/i0.wp.com\\\/www.spg.com.tn\\\/wp-content\\\/uploads\\\/2023\\\/07\\\/Logo-SPG-new.png?fit=300%2C133&ssl=1\",\"contentUrl\":\"https:\\\/\\\/i0.wp.com\\\/www.spg.com.tn\\\/wp-content\\\/uploads\\\/2023\\\/07\\\/Logo-SPG-new.png?fit=300%2C133&ssl=1\",\"width\":300,\"height\":133,\"caption\":\"SPG\"},\"image\":{\"@id\":\"https:\\\/\\\/www.spg.com.tn\\\/#\\\/schema\\\/logo\\\/image\\\/\"},\"sameAs\":[\"https:\\\/\\\/www.facebook.com\\\/SPG.Software.Productivity.Group\\\/\",\"https:\\\/\\\/www.linkedin.com\\\/company\\\/software-productivity-group-spg\\\/\"]}]}<\/script>\n<!-- \/ Yoast SEO plugin. -->","yoast_head_json":{"title":"Mentions L\u00e9gales - SPG","robots":{"index":"index","follow":"follow","max-snippet":"max-snippet:-1","max-image-preview":"max-image-preview:large","max-video-preview":"max-video-preview:-1"},"canonical":"https:\/\/www.spg.com.tn\/en\/mentions-legales\/","og_locale":"en_US","og_type":"article","og_title":"Mentions L\u00e9gales - SPG","og_url":"https:\/\/www.spg.com.tn\/en\/mentions-legales\/","og_site_name":"SPG","article_publisher":"https:\/\/www.facebook.com\/SPG.Software.Productivity.Group\/","article_modified_time":"2025-06-09T10:01:00+00:00","twitter_card":"summary_large_image","twitter_misc":{"Est. reading time":"6 minutes"},"schema":{"@context":"https:\/\/schema.org","@graph":[{"@type":"WebPage","@id":"https:\/\/www.spg.com.tn\/mentions-legales\/","url":"https:\/\/www.spg.com.tn\/mentions-legales\/","name":"Mentions L\u00e9gales - SPG","isPartOf":{"@id":"https:\/\/www.spg.com.tn\/#website"},"datePublished":"2020-06-10T14:12:39+00:00","dateModified":"2025-06-09T10:01:00+00:00","breadcrumb":{"@id":"https:\/\/www.spg.com.tn\/mentions-legales\/#breadcrumb"},"inLanguage":"en-US","potentialAction":[{"@type":"ReadAction","target":["https:\/\/www.spg.com.tn\/mentions-legales\/"]}]},{"@type":"BreadcrumbList","@id":"https:\/\/www.spg.com.tn\/mentions-legales\/#breadcrumb","itemListElement":[{"@type":"ListItem","position":1,"name":"Accueil","item":"https:\/\/www.spg.com.tn\/"},{"@type":"ListItem","position":2,"name":"Mentions L\u00e9gales"}]},{"@type":"WebSite","@id":"https:\/\/www.spg.com.tn\/#website","url":"https:\/\/www.spg.com.tn\/","name":"SPG","description":"Grossiste Informatique \u00e0 Valeur ajout\u00e9e","publisher":{"@id":"https:\/\/www.spg.com.tn\/#organization"},"alternateName":"SPG distributeur des solutions","potentialAction":[{"@type":"SearchAction","target":{"@type":"EntryPoint","urlTemplate":"https:\/\/www.spg.com.tn\/?s={search_term_string}"},"query-input":{"@type":"PropertyValueSpecification","valueRequired":true,"valueName":"search_term_string"}}],"inLanguage":"en-US"},{"@type":"Organization","@id":"https:\/\/www.spg.com.tn\/#organization","name":"SPG","url":"https:\/\/www.spg.com.tn\/","logo":{"@type":"ImageObject","inLanguage":"en-US","@id":"https:\/\/www.spg.com.tn\/#\/schema\/logo\/image\/","url":"https:\/\/i0.wp.com\/www.spg.com.tn\/wp-content\/uploads\/2023\/07\/Logo-SPG-new.png?fit=300%2C133&ssl=1","contentUrl":"https:\/\/i0.wp.com\/www.spg.com.tn\/wp-content\/uploads\/2023\/07\/Logo-SPG-new.png?fit=300%2C133&ssl=1","width":300,"height":133,"caption":"SPG"},"image":{"@id":"https:\/\/www.spg.com.tn\/#\/schema\/logo\/image\/"},"sameAs":["https:\/\/www.facebook.com\/SPG.Software.Productivity.Group\/","https:\/\/www.linkedin.com\/company\/software-productivity-group-spg\/"]}]}},"jetpack_sharing_enabled":true,"jetpack_shortlink":"https:\/\/wp.me\/PaWB6B-bRL","jetpack_likes_enabled":true,"jetpack-related-posts":[],"_links":{"self":[{"href":"https:\/\/www.spg.com.tn\/en\/wp-json\/wp\/v2\/pages\/45617","targetHints":{"allow":["GET"]}}],"collection":[{"href":"https:\/\/www.spg.com.tn\/en\/wp-json\/wp\/v2\/pages"}],"about":[{"href":"https:\/\/www.spg.com.tn\/en\/wp-json\/wp\/v2\/types\/page"}],"author":[{"embeddable":true,"href":"https:\/\/www.spg.com.tn\/en\/wp-json\/wp\/v2\/users\/10"}],"replies":[{"embeddable":true,"href":"https:\/\/www.spg.com.tn\/en\/wp-json\/wp\/v2\/comments?post=45617"}],"version-history":[{"count":23,"href":"https:\/\/www.spg.com.tn\/en\/wp-json\/wp\/v2\/pages\/45617\/revisions"}],"predecessor-version":[{"id":115513,"href":"https:\/\/www.spg.com.tn\/en\/wp-json\/wp\/v2\/pages\/45617\/revisions\/115513"}],"wp:attachment":[{"href":"https:\/\/www.spg.com.tn\/en\/wp-json\/wp\/v2\/media?parent=45617"}],"curies":[{"name":"wp","href":"https:\/\/api.w.org\/{rel}","templated":true}]}}