{"id":45891,"date":"2020-07-29T12:27:11","date_gmt":"2020-07-29T12:27:11","guid":{"rendered":"https:\/\/www.spg.com.tn\/?page_id=45891"},"modified":"2020-07-29T12:27:11","modified_gmt":"2020-07-29T12:27:11","slug":"prise-de-rendez-vous-infolog","status":"publish","type":"page","link":"https:\/\/www.spg.com.tn\/en\/prise-de-rendez-vous-infolog\/","title":{"rendered":"Prise de rendez-vous &#8211; Infolog"},"content":{"rendered":"<section class=\"\" ><div class=\"container\"><div class=\"vc_row wpb_row vc_row-fluid\"><div class=\"wpb_column vc_column_container col-sm-3\"><div class=\"vc_column-inner\"><div class=\"wpb_wrapper\"><\/div><\/div><\/div><div class=\"wpb_column vc_column_container col-sm-6\"><div class=\"vc_column-inner\"><div class=\"wpb_wrapper\">\n\t<div class=\"wpb_raw_code wpb_content_element wpb_raw_html\" >\n\t\t<div class=\"wpb_wrapper\">\n\t\t\t<meta charset=\"utf-8\">\n<script type=\"text\/javascript\" src=\"https:\/\/forms.sbc30.net\/form.js\"><\/script>\n\n<form id=\"sb_form\" onsubmit=\"process('https:\/\/sarbacaneapis.com\/v1\/lists\/P5MAcAHNR8WKgjAulfhzgQ\/contacts\/upsert','https:\/\/forms.sbc35.com\/','5a743624b85b533e9a686f24','false','message','https:\/\/www.spg.com.tn\/wp-content\/uploads\/2020\/02\/Rohde-und-Schwarz-Cybersecurity_Web-Application-Firewall-Business_flyer_fr_3607-6838-33_v0100_96dpi.pdf','https:\/\/services.sarbacane.com\/core\/v1\/transactional\/sendmessage','','',  'SPG','Confirmation de votre inscription','admin','myriam.benchaabane@spg.com.tn','Merci',  'Vos informations ont \u00e9t\u00e9 ajout\u00e9es avec succ\u00e8s.','Vous allez recevoir un email','Vous devrez cliquer sur le lien de confirmation pour valider votre inscription','Erreur','Une erreur inattendue s%27est produite.','Le formulaire est en cours d%27\u00e9dition, veuillez patienter quelques minutes avant d%27essayer \u00e0 nouveau.',  '','','','','','',''); return false;\" method=\"post\" action=\"\">\n  <label id=\"form-header-title\">Merci de remplir ce formulaire<\/label>\n\n  <span style=\"display: flex;flex-direction: row;\">\n    <label id=\"label-l0i3igybq9oi6x7lm5c0rs\">Nom et pr&eacute;nom<\/label>\n    <div id=\"form-mandatory\">*<\/div>\n  <\/span>\n  <input id=\"input-l0i3igybq9oi6x7lm5c0rs\" type=\"text\" name=\"l0i3igybq9oi6x7lm5c0rs\" required=\"true\" sb-form-input>\n  \n  <span style=\"display: flex;flex-direction: row;\">\n    <label id=\"label-ze4kexc6wyd2efttmdg3d\">Soci&eacute;t&eacute;<\/label>\n    <div id=\"form-mandatory\">*<\/div>\n  <\/span>\n  <input id=\"input-ze4kexc6wyd2efttmdg3d\" type=\"text\" name=\"ze4kexc6wyd2efttmdg3d\" required=\"true\" sb-form-input>\n  \n  <span style=\"display: flex;flex-direction: row;\">\n    <label id=\"label-ew0voly5wbfm2elxrzgcic\">Date<\/label>\n    <div id=\"form-mandatory\">*<\/div>\n  <\/span>\n  <div class=\"date\" style=\"text-align: start;\" name=\"ew0voly5wbfm2elxrzgcic\" format=\"dd\/MM\/yyyy\"><input id=\"input-ew0voly5wbfm2elxrzgcic\" min=\"1\" max=\"31\" type=\"number\" name=\"day\" placeholder=\"JJ\" size=\"2\" required=\"true\" sb-form-input> \/ <input id=\"input-ew0voly5wbfm2elxrzgcic\" min=\"1\" max=\"12\" type=\"number\" name=\"month\" placeholder=\"MM\" size=\"2\" required=\"true\" sb-form-input> \/ <input id=\"input-ew0voly5wbfm2elxrzgcic\" min=\"1\" max=\"2100\" type=\"number\" name=\"year\" placeholder=\"AAAA\" size=\"4\" required=\"true\" sb-form-input>\n  <\/div>\n  <span style=\"display: flex;flex-direction: row;\">\n    <label id=\"label-undefined\">Choix unique<\/label>\n    <div id=\"form-mandatory\">*<\/div>\n  <\/span>\n  <div id=\"div-undefined\">\n    <div style=\"margin-bottom: 13px; display: flex; flex-direction: row;\">\n      <label class=\"control control--radio\">\n        <input type=\"radio\" value=\"En cochant cette case, j\u2019accepte de recevoir des informations concernant les offres de SPG.\" name=\"undefined\" required=\"true\"  sb-form-input>\n        <div id=\"indicator-undefined\" class=\"control__indicator\"><\/div>\n      <\/label>\n      <label id=\"label-opt-undefined\">En cochant cette case, j\u2019accepte de recevoir des informations concernant les offres de SPG.<\/label>\n    <\/div>\n  <\/div><div id=\"div-submitInput\" align=\"left\">\n    <button id=\"submitInput\" type=\"submit\" value=\"VALIDER\" class=\"mobile-full-width\" ><span style=\"margin: 0px;\">VALIDER<\/span><\/button>\n    <div class=\"loader\" style=\"display:none\"><\/div>\n<\/div>\n  <label id=\"form-footer-mandatory\">* Champs obligatoires<\/label>\n<input type=\"hidden\" name=\"trp-form-language\" value=\"en\"\/><\/form>\n\n\t\t<\/div>\n\t<\/div>\n\n\t<div class=\"wpb_text_column wpb_content_element\" >\n\t\t<div class=\"wpb_wrapper\">\n\t\t\t<p><strong>Qu\u2019est ce que cela signifie en d\u00e9tail ?<\/strong><br \/>\nI acknowledge that the SPG entities or any other subsidiary company mentioned on the site<span>\u00a0<\/span><a href=\"https:\/\/www.spg.com.tn\/en\/\">SPG<\/a><span>\u00a0<\/span>may contact me by the means of their choice (email or post) for marketing and advertising purposes (e.g. information on special offers and promotions) in connection with products and solutions offered.<\/p>\n<p><strong>Your rights<\/strong><br \/>\nCette d\u00e9claration de consentement peut \u00eatre r\u00e9voqu\u00e9e \u00e0 tout moment par l\u2019envoi d\u2019un courriel portant, dans son objet, la mention \u00ab\u00a0Unsubscribe\u00a0\u00bb (d\u00e9sinscription) \u00e0<span>\u00a0<\/span><a href=\"mailto:marketing@spg.com.tn\">marketing@spg.com.tn<\/a>.<br \/>\nIn addition, each email sent contains a link to an unsubscribe function for future email advertisements.<br \/>\nThe\u00a0<strong><a href=\"https:\/\/www.spg.com.tn\/en\/politique-de-confidentialite\/\" target=\"_blank\" rel=\"noopener noreferrer\">\"Privacy Statement\"<\/a><\/strong><span>\u00a0<\/span>expose plus en d\u00e9tail l\u2019utilisation des donn\u00e9es personnelles, ainsi que la proc\u00e9dure de r\u00e9vocation de consentement.<\/p>\n\n\t\t<\/div>\n\t<\/div>\n<\/div><\/div><\/div><div class=\"wpb_column vc_column_container col-sm-3\"><div class=\"vc_column-inner\"><div class=\"wpb_wrapper\"><\/div><\/div><\/div><\/div><\/div><\/section>","protected":false},"excerpt":{"rendered":"Merci de remplir ce formulaire Nom et pr&eacute;nom * Soci&eacute;t&eacute; * Date * \/ \/ Choix unique * En cochant cette case,...","protected":false},"author":10,"featured_media":0,"parent":0,"menu_order":0,"comment_status":"closed","ping_status":"closed","template":"","meta":{"om_disable_all_campaigns":false,"_exactmetrics_skip_tracking":false,"_exactmetrics_sitenote_active":false,"_exactmetrics_sitenote_note":"","_exactmetrics_sitenote_category":0,"_monsterinsights_skip_tracking":false,"_monsterinsights_sitenote_active":false,"_monsterinsights_sitenote_note":"","_monsterinsights_sitenote_category":0,"_uf_show_specific_survey":0,"_uf_disable_surveys":false,"jetpack_post_was_ever_published":false,"footnotes":""},"class_list":["post-45891","page","type-page","status-publish","hentry"],"aioseo_notices":[],"yoast_head":"<!-- This site is optimized with the Yoast SEO plugin v27.4 - https:\/\/yoast.com\/product\/yoast-seo-wordpress\/ -->\n<title>Prise de rendez-vous - Infolog - SPG<\/title>\n<meta name=\"robots\" content=\"index, follow, max-snippet:-1, max-image-preview:large, max-video-preview:-1\" \/>\n<link rel=\"canonical\" href=\"https:\/\/www.spg.com.tn\/en\/prise-de-rendez-vous-infolog\/\" \/>\n<meta property=\"og:locale\" content=\"en_US\" \/>\n<meta property=\"og:type\" content=\"article\" \/>\n<meta property=\"og:title\" content=\"Prise de rendez-vous - Infolog - SPG\" \/>\n<meta property=\"og:url\" content=\"https:\/\/www.spg.com.tn\/en\/prise-de-rendez-vous-infolog\/\" \/>\n<meta property=\"og:site_name\" content=\"SPG\" \/>\n<meta property=\"article:publisher\" content=\"https:\/\/www.facebook.com\/SPG.Software.Productivity.Group\/\" \/>\n<meta name=\"twitter:card\" content=\"summary_large_image\" \/>\n<meta name=\"twitter:label1\" content=\"Est. reading time\" \/>\n\t<meta name=\"twitter:data1\" content=\"3 minutes\" \/>\n<script type=\"application\/ld+json\" class=\"yoast-schema-graph\">{\"@context\":\"https:\\\/\\\/schema.org\",\"@graph\":[{\"@type\":\"WebPage\",\"@id\":\"https:\\\/\\\/www.spg.com.tn\\\/prise-de-rendez-vous-infolog\\\/\",\"url\":\"https:\\\/\\\/www.spg.com.tn\\\/prise-de-rendez-vous-infolog\\\/\",\"name\":\"Prise de rendez-vous - Infolog - SPG\",\"isPartOf\":{\"@id\":\"https:\\\/\\\/www.spg.com.tn\\\/#website\"},\"datePublished\":\"2020-07-29T12:27:11+00:00\",\"breadcrumb\":{\"@id\":\"https:\\\/\\\/www.spg.com.tn\\\/prise-de-rendez-vous-infolog\\\/#breadcrumb\"},\"inLanguage\":\"en-US\",\"potentialAction\":[{\"@type\":\"ReadAction\",\"target\":[\"https:\\\/\\\/www.spg.com.tn\\\/prise-de-rendez-vous-infolog\\\/\"]}]},{\"@type\":\"BreadcrumbList\",\"@id\":\"https:\\\/\\\/www.spg.com.tn\\\/prise-de-rendez-vous-infolog\\\/#breadcrumb\",\"itemListElement\":[{\"@type\":\"ListItem\",\"position\":1,\"name\":\"Accueil\",\"item\":\"https:\\\/\\\/www.spg.com.tn\\\/\"},{\"@type\":\"ListItem\",\"position\":2,\"name\":\"Prise de rendez-vous &#8211; Infolog\"}]},{\"@type\":\"WebSite\",\"@id\":\"https:\\\/\\\/www.spg.com.tn\\\/#website\",\"url\":\"https:\\\/\\\/www.spg.com.tn\\\/\",\"name\":\"SPG\",\"description\":\"Grossiste Informatique \u00e0 Valeur ajout\u00e9e\",\"publisher\":{\"@id\":\"https:\\\/\\\/www.spg.com.tn\\\/#organization\"},\"alternateName\":\"SPG distributeur des solutions\",\"potentialAction\":[{\"@type\":\"SearchAction\",\"target\":{\"@type\":\"EntryPoint\",\"urlTemplate\":\"https:\\\/\\\/www.spg.com.tn\\\/?s={search_term_string}\"},\"query-input\":{\"@type\":\"PropertyValueSpecification\",\"valueRequired\":true,\"valueName\":\"search_term_string\"}}],\"inLanguage\":\"en-US\"},{\"@type\":\"Organization\",\"@id\":\"https:\\\/\\\/www.spg.com.tn\\\/#organization\",\"name\":\"SPG\",\"url\":\"https:\\\/\\\/www.spg.com.tn\\\/\",\"logo\":{\"@type\":\"ImageObject\",\"inLanguage\":\"en-US\",\"@id\":\"https:\\\/\\\/www.spg.com.tn\\\/#\\\/schema\\\/logo\\\/image\\\/\",\"url\":\"https:\\\/\\\/i0.wp.com\\\/www.spg.com.tn\\\/wp-content\\\/uploads\\\/2023\\\/07\\\/Logo-SPG-new.png?fit=300%2C133&ssl=1\",\"contentUrl\":\"https:\\\/\\\/i0.wp.com\\\/www.spg.com.tn\\\/wp-content\\\/uploads\\\/2023\\\/07\\\/Logo-SPG-new.png?fit=300%2C133&ssl=1\",\"width\":300,\"height\":133,\"caption\":\"SPG\"},\"image\":{\"@id\":\"https:\\\/\\\/www.spg.com.tn\\\/#\\\/schema\\\/logo\\\/image\\\/\"},\"sameAs\":[\"https:\\\/\\\/www.facebook.com\\\/SPG.Software.Productivity.Group\\\/\",\"https:\\\/\\\/www.linkedin.com\\\/company\\\/software-productivity-group-spg\\\/\"]}]}<\/script>\n<!-- \/ Yoast SEO plugin. -->","yoast_head_json":{"title":"Prise de rendez-vous - Infolog - SPG","robots":{"index":"index","follow":"follow","max-snippet":"max-snippet:-1","max-image-preview":"max-image-preview:large","max-video-preview":"max-video-preview:-1"},"canonical":"https:\/\/www.spg.com.tn\/en\/prise-de-rendez-vous-infolog\/","og_locale":"en_US","og_type":"article","og_title":"Prise de rendez-vous - Infolog - SPG","og_url":"https:\/\/www.spg.com.tn\/en\/prise-de-rendez-vous-infolog\/","og_site_name":"SPG","article_publisher":"https:\/\/www.facebook.com\/SPG.Software.Productivity.Group\/","twitter_card":"summary_large_image","twitter_misc":{"Est. reading time":"3 minutes"},"schema":{"@context":"https:\/\/schema.org","@graph":[{"@type":"WebPage","@id":"https:\/\/www.spg.com.tn\/prise-de-rendez-vous-infolog\/","url":"https:\/\/www.spg.com.tn\/prise-de-rendez-vous-infolog\/","name":"Prise de rendez-vous - Infolog - SPG","isPartOf":{"@id":"https:\/\/www.spg.com.tn\/#website"},"datePublished":"2020-07-29T12:27:11+00:00","breadcrumb":{"@id":"https:\/\/www.spg.com.tn\/prise-de-rendez-vous-infolog\/#breadcrumb"},"inLanguage":"en-US","potentialAction":[{"@type":"ReadAction","target":["https:\/\/www.spg.com.tn\/prise-de-rendez-vous-infolog\/"]}]},{"@type":"BreadcrumbList","@id":"https:\/\/www.spg.com.tn\/prise-de-rendez-vous-infolog\/#breadcrumb","itemListElement":[{"@type":"ListItem","position":1,"name":"Accueil","item":"https:\/\/www.spg.com.tn\/"},{"@type":"ListItem","position":2,"name":"Prise de rendez-vous &#8211; Infolog"}]},{"@type":"WebSite","@id":"https:\/\/www.spg.com.tn\/#website","url":"https:\/\/www.spg.com.tn\/","name":"SPG","description":"Grossiste Informatique \u00e0 Valeur ajout\u00e9e","publisher":{"@id":"https:\/\/www.spg.com.tn\/#organization"},"alternateName":"SPG distributeur des solutions","potentialAction":[{"@type":"SearchAction","target":{"@type":"EntryPoint","urlTemplate":"https:\/\/www.spg.com.tn\/?s={search_term_string}"},"query-input":{"@type":"PropertyValueSpecification","valueRequired":true,"valueName":"search_term_string"}}],"inLanguage":"en-US"},{"@type":"Organization","@id":"https:\/\/www.spg.com.tn\/#organization","name":"SPG","url":"https:\/\/www.spg.com.tn\/","logo":{"@type":"ImageObject","inLanguage":"en-US","@id":"https:\/\/www.spg.com.tn\/#\/schema\/logo\/image\/","url":"https:\/\/i0.wp.com\/www.spg.com.tn\/wp-content\/uploads\/2023\/07\/Logo-SPG-new.png?fit=300%2C133&ssl=1","contentUrl":"https:\/\/i0.wp.com\/www.spg.com.tn\/wp-content\/uploads\/2023\/07\/Logo-SPG-new.png?fit=300%2C133&ssl=1","width":300,"height":133,"caption":"SPG"},"image":{"@id":"https:\/\/www.spg.com.tn\/#\/schema\/logo\/image\/"},"sameAs":["https:\/\/www.facebook.com\/SPG.Software.Productivity.Group\/","https:\/\/www.linkedin.com\/company\/software-productivity-group-spg\/"]}]}},"jetpack_sharing_enabled":true,"jetpack_shortlink":"https:\/\/wp.me\/PaWB6B-bWb","jetpack_likes_enabled":true,"jetpack-related-posts":[],"_links":{"self":[{"href":"https:\/\/www.spg.com.tn\/en\/wp-json\/wp\/v2\/pages\/45891","targetHints":{"allow":["GET"]}}],"collection":[{"href":"https:\/\/www.spg.com.tn\/en\/wp-json\/wp\/v2\/pages"}],"about":[{"href":"https:\/\/www.spg.com.tn\/en\/wp-json\/wp\/v2\/types\/page"}],"author":[{"embeddable":true,"href":"https:\/\/www.spg.com.tn\/en\/wp-json\/wp\/v2\/users\/10"}],"replies":[{"embeddable":true,"href":"https:\/\/www.spg.com.tn\/en\/wp-json\/wp\/v2\/comments?post=45891"}],"version-history":[{"count":1,"href":"https:\/\/www.spg.com.tn\/en\/wp-json\/wp\/v2\/pages\/45891\/revisions"}],"predecessor-version":[{"id":45892,"href":"https:\/\/www.spg.com.tn\/en\/wp-json\/wp\/v2\/pages\/45891\/revisions\/45892"}],"wp:attachment":[{"href":"https:\/\/www.spg.com.tn\/en\/wp-json\/wp\/v2\/media?parent=45891"}],"curies":[{"name":"wp","href":"https:\/\/api.w.org\/{rel}","templated":true}]}}