{"id":45950,"date":"2020-08-11T12:05:10","date_gmt":"2020-08-11T12:05:10","guid":{"rendered":"https:\/\/www.spg.com.tn\/?page_id=45950"},"modified":"2020-08-17T10:43:16","modified_gmt":"2020-08-17T10:43:16","slug":"resume-sophos-xg-firewall","status":"publish","type":"page","link":"https:\/\/www.spg.com.tn\/en\/resume-sophos-xg-firewall\/","title":{"rendered":"R\u00e9sum\u00e9 Sophos XG Firewall"},"content":{"rendered":"<div class=\"wpb_column vc_column_container col-sm-12\"><div class=\"vc_column-inner\"><div class=\"wpb_wrapper\"><\/div><\/div><\/div>\n\t\t\t<section class=\"cover height-30 imagebg text-center\" data-overlay=\"0\" >\n\t\t\t    <div class=\"background-image-holder\">\n\t\t\t        <img loading=\"lazy\" decoding=\"async\" width=\"1351\" height=\"556\" src=\"https:\/\/i0.wp.com\/www.spg.com.tn\/wp-content\/uploads\/2019\/08\/APROPOS-SPG.jpg?fit=1351%2C556&amp;ssl=1\" class=\"attachment-full size-full\" alt=\"A Propos de SPG\" srcset=\"https:\/\/i0.wp.com\/www.spg.com.tn\/wp-content\/uploads\/2019\/08\/APROPOS-SPG.jpg?w=1351&amp;ssl=1 1351w, https:\/\/i0.wp.com\/www.spg.com.tn\/wp-content\/uploads\/2019\/08\/APROPOS-SPG.jpg?resize=300%2C123&amp;ssl=1 300w, https:\/\/i0.wp.com\/www.spg.com.tn\/wp-content\/uploads\/2019\/08\/APROPOS-SPG.jpg?resize=768%2C316&amp;ssl=1 768w, https:\/\/i0.wp.com\/www.spg.com.tn\/wp-content\/uploads\/2019\/08\/APROPOS-SPG.jpg?resize=1024%2C421&amp;ssl=1 1024w\" sizes=\"auto, (max-width: 1170px) 100vw, 1170px\" \/>\n\t\t\t    <\/div>\n\t\t\t    <div class=\"container pos-vertical-center\">\n\t\t\t        <div class=\"row\">\n\t\t\t            <div class=\"col-sm-12\"><h1 style=\"font-size: 40px;color: #ffffff;line-height: 40px;text-align: center;font-family:Lato;font-weight:700;font-style:normal\" class=\"vc_custom_heading\" >SPG<\/h1><\/div>\n\t\t\t        <\/div><!--end of row-->\n\t\t\t    <\/div><!--end of container-->\n\t\t\t    \n\t\t\t<\/section>\n\t\t<div class=\"vc_empty_space\"   style=\"height: 32px\" ><span class=\"vc_empty_space_inner\"><\/span><\/div>\n<div class=\"vc_row-full-width vc_clearfix\"><\/div><div class=\"container\"><div class=\"vc_row wpb_row vc_row-fluid\"><div class=\"wpb_column vc_column_container col-sm-8\"><div class=\"vc_column-inner\"><div class=\"wpb_wrapper\">\n\t<div class=\"wpb_text_column wpb_content_element\" >\n\t\t<div class=\"wpb_wrapper\">\n\t\t\t<h2 style=\"margin-bottom: 3px !important;\">Webinaire : \u00abSophos XG Firewall \u00bb<\/h2>\n<h4 style=\"margin-bottom: 3px !important;\">Mardi 11 Ao\u00fbt 2020 \u00e0 10H00 (GMT+1).<\/h4>\n<h5 style=\"margin-bottom: 3px !important;\">1-Points forts :<\/h5>\n<ul>\n<li>Xstream Architecture.<\/li>\n<li>XG Firewall SD-WAN capabilities.<\/li>\n<li>Threat Intelligence.<\/li>\n<li>Firewall Group Management.<\/li>\n<li>Zero-Touch Deployment.<\/li>\n<li>Migration de Version 17.5 vers Version 18<\/li>\n<li>Navigation sur l\u2019interface d&rsquo;administration<\/li>\n<\/ul>\n<h5>2-Vous souhaitez nous rencontrer? Dans ce cas vous n&rsquo;avez qu&rsquo;\u00e0 cliquer pour prendre un RDV<\/h5>\n\n\t\t<\/div>\n\t<\/div>\n<style type=\"text\/css\">.vc_btn3-style-gradient-custom.vc_btn-gradient-btn-69f23aae2616c:hover{color: #ffffff;background-color: #003777;border: none;background-position: 100% 0;}<\/style><style type=\"text\/css\">.vc_btn3-style-gradient-custom.vc_btn-gradient-btn-69f23aae2616c{color: #ffffff;border: none;background-color: #11214c;background-image: -webkit-linear-gradient(left, #11214c 0%, #003777 50%,#11214c 100%);background-image: linear-gradient(to right, #11214c 0%, #003777 50%,#11214c 100%);-webkit-transition: all .2s ease-in-out;transition: all .2s ease-in-out;background-size: 200% 100%;}<\/style><div class=\"vc_btn3-container vc_btn3-center\" >\n\t<a data-vc-gradient-1=\"#11214c\" data-vc-gradient-2=\"#003777\" class=\"vc_general vc_btn3 vc_btn3-size-lg vc_btn3-shape-rounded vc_btn3-style-gradient-custom vc_btn-gradient-btn-69f23aae2616c\" href=\"https:\/\/www.spg.com.tn\/en\/prise-de-rendez-vous-sophos\/\" title=\"Prise de rendez-vous \u2013 Rohde &amp; Schwarz\">Prendre un rendez-vous<\/a><\/div>\n<\/div><\/div><\/div><div class=\"wpb_column vc_column_container col-sm-4\"><div class=\"vc_column-inner\"><div class=\"wpb_wrapper\">\n\t<div class=\"wpb_text_column wpb_content_element\" >\n\t\t<div class=\"wpb_wrapper\">\n\t\t\t<h2 style=\"text-align: center;\">Visionnez le webinaire<\/h2>\n\n\t\t<\/div>\n\t<\/div>\n\n\t<div class=\"wpb_text_column wpb_content_element\" >\n\t\t<div class=\"wpb_wrapper\">\n\t\t\t<p><iframe loading=\"lazy\" src=\"https:\/\/www.youtube.com\/embed\/JPE0cpsJEQU\" width=\"1195\" height=\"300\" frameborder=\"0\" allowfullscreen=\"allowfullscreen\"><\/iframe><\/p>\n\n\t\t<\/div>\n\t<\/div>\n<\/div><\/div><\/div><\/div><\/div><div class=\"container\"><div class=\"vc_row wpb_row vc_row-fluid\"><div class=\"wpb_column vc_column_container col-sm-12\"><div class=\"vc_column-inner\"><div class=\"wpb_wrapper\"><div class=\"vc_empty_space\"   style=\"height: 32px\" ><span class=\"vc_empty_space_inner\"><\/span><\/div>\n<\/div><\/div><\/div><\/div><\/div>","protected":false},"excerpt":{"rendered":"SPG Webinaire : \u00abSophos XG Firewall \u00bb Mardi 11 Ao\u00fbt 2020 \u00e0 10H00 (GMT+1). 1-Points forts : Xstream Architecture. XG Firewall SD-WAN...","protected":false},"author":10,"featured_media":0,"parent":0,"menu_order":0,"comment_status":"closed","ping_status":"closed","template":"","meta":{"om_disable_all_campaigns":false,"_exactmetrics_skip_tracking":false,"_exactmetrics_sitenote_active":false,"_exactmetrics_sitenote_note":"","_exactmetrics_sitenote_category":0,"_monsterinsights_skip_tracking":false,"_monsterinsights_sitenote_active":false,"_monsterinsights_sitenote_note":"","_monsterinsights_sitenote_category":0,"_uf_show_specific_survey":0,"_uf_disable_surveys":false,"jetpack_post_was_ever_published":false,"footnotes":""},"class_list":["post-45950","page","type-page","status-publish","hentry"],"aioseo_notices":[],"yoast_head":"<!-- This site is optimized with the Yoast SEO plugin v27.4 - https:\/\/yoast.com\/product\/yoast-seo-wordpress\/ -->\n<title>R\u00e9sum\u00e9 Sophos XG Firewall - Grossiste informatique \u00e0 valeur ajout\u00e9e depuis 1992.<\/title>\n<meta name=\"description\" content=\"SPG S.A op\u00e8re sur le march\u00e9 depuis 1992 en tant que grossiste informatique couvrant diff\u00e9rents pays en Afrique du Nord et Afrique francophone.\" \/>\n<meta name=\"robots\" content=\"index, follow, max-snippet:-1, max-image-preview:large, max-video-preview:-1\" \/>\n<link rel=\"canonical\" href=\"https:\/\/www.spg.com.tn\/en\/resume-sophos-xg-firewall\/\" \/>\n<meta property=\"og:locale\" content=\"en_US\" \/>\n<meta property=\"og:type\" content=\"article\" \/>\n<meta property=\"og:title\" content=\"R\u00e9sum\u00e9 Sophos XG Firewall - Grossiste informatique \u00e0 valeur ajout\u00e9e depuis 1992.\" \/>\n<meta property=\"og:description\" content=\"SPG S.A op\u00e8re sur le march\u00e9 depuis 1992 en tant que grossiste informatique couvrant diff\u00e9rents pays en Afrique du Nord et Afrique francophone.\" \/>\n<meta property=\"og:url\" content=\"https:\/\/www.spg.com.tn\/en\/resume-sophos-xg-firewall\/\" \/>\n<meta property=\"og:site_name\" content=\"SPG\" \/>\n<meta property=\"article:publisher\" content=\"https:\/\/www.facebook.com\/SPG.Software.Productivity.Group\/\" \/>\n<meta property=\"article:modified_time\" content=\"2020-08-17T10:43:16+00:00\" \/>\n<meta name=\"twitter:card\" content=\"summary_large_image\" \/>\n<meta name=\"twitter:label1\" content=\"Est. reading time\" \/>\n\t<meta name=\"twitter:data1\" content=\"1 minute\" \/>\n<script type=\"application\/ld+json\" class=\"yoast-schema-graph\">{\"@context\":\"https:\\\/\\\/schema.org\",\"@graph\":[{\"@type\":\"WebPage\",\"@id\":\"https:\\\/\\\/www.spg.com.tn\\\/en\\\/resume-sophos-xg-firewall\\\/\",\"url\":\"https:\\\/\\\/www.spg.com.tn\\\/en\\\/resume-sophos-xg-firewall\\\/\",\"name\":\"R\u00e9sum\u00e9 Sophos XG Firewall - Grossiste informatique \u00e0 valeur ajout\u00e9e depuis 1992.\",\"isPartOf\":{\"@id\":\"https:\\\/\\\/www.spg.com.tn\\\/#website\"},\"datePublished\":\"2020-08-11T12:05:10+00:00\",\"dateModified\":\"2020-08-17T10:43:16+00:00\",\"description\":\"SPG S.A op\u00e8re sur le march\u00e9 depuis 1992 en tant que grossiste informatique couvrant diff\u00e9rents pays en Afrique du Nord et Afrique francophone.\",\"breadcrumb\":{\"@id\":\"https:\\\/\\\/www.spg.com.tn\\\/en\\\/resume-sophos-xg-firewall\\\/#breadcrumb\"},\"inLanguage\":\"en-US\",\"potentialAction\":[{\"@type\":\"ReadAction\",\"target\":[\"https:\\\/\\\/www.spg.com.tn\\\/en\\\/resume-sophos-xg-firewall\\\/\"]}]},{\"@type\":\"BreadcrumbList\",\"@id\":\"https:\\\/\\\/www.spg.com.tn\\\/en\\\/resume-sophos-xg-firewall\\\/#breadcrumb\",\"itemListElement\":[{\"@type\":\"ListItem\",\"position\":1,\"name\":\"Accueil\",\"item\":\"https:\\\/\\\/www.spg.com.tn\\\/\"},{\"@type\":\"ListItem\",\"position\":2,\"name\":\"R\u00e9sum\u00e9 Sophos XG Firewall\"}]},{\"@type\":\"WebSite\",\"@id\":\"https:\\\/\\\/www.spg.com.tn\\\/#website\",\"url\":\"https:\\\/\\\/www.spg.com.tn\\\/\",\"name\":\"SPG\",\"description\":\"Grossiste Informatique \u00e0 Valeur ajout\u00e9e\",\"publisher\":{\"@id\":\"https:\\\/\\\/www.spg.com.tn\\\/#organization\"},\"alternateName\":\"SPG distributeur des solutions\",\"potentialAction\":[{\"@type\":\"SearchAction\",\"target\":{\"@type\":\"EntryPoint\",\"urlTemplate\":\"https:\\\/\\\/www.spg.com.tn\\\/?s={search_term_string}\"},\"query-input\":{\"@type\":\"PropertyValueSpecification\",\"valueRequired\":true,\"valueName\":\"search_term_string\"}}],\"inLanguage\":\"en-US\"},{\"@type\":\"Organization\",\"@id\":\"https:\\\/\\\/www.spg.com.tn\\\/#organization\",\"name\":\"SPG\",\"url\":\"https:\\\/\\\/www.spg.com.tn\\\/\",\"logo\":{\"@type\":\"ImageObject\",\"inLanguage\":\"en-US\",\"@id\":\"https:\\\/\\\/www.spg.com.tn\\\/#\\\/schema\\\/logo\\\/image\\\/\",\"url\":\"https:\\\/\\\/i0.wp.com\\\/www.spg.com.tn\\\/wp-content\\\/uploads\\\/2023\\\/07\\\/Logo-SPG-new.png?fit=300%2C133&ssl=1\",\"contentUrl\":\"https:\\\/\\\/i0.wp.com\\\/www.spg.com.tn\\\/wp-content\\\/uploads\\\/2023\\\/07\\\/Logo-SPG-new.png?fit=300%2C133&ssl=1\",\"width\":300,\"height\":133,\"caption\":\"SPG\"},\"image\":{\"@id\":\"https:\\\/\\\/www.spg.com.tn\\\/#\\\/schema\\\/logo\\\/image\\\/\"},\"sameAs\":[\"https:\\\/\\\/www.facebook.com\\\/SPG.Software.Productivity.Group\\\/\",\"https:\\\/\\\/www.linkedin.com\\\/company\\\/software-productivity-group-spg\\\/\"]}]}<\/script>\n<!-- \/ Yoast SEO plugin. -->","yoast_head_json":{"title":"R\u00e9sum\u00e9 Sophos XG Firewall - Grossiste informatique \u00e0 valeur ajout\u00e9e depuis 1992.","description":"SPG S.A op\u00e8re sur le march\u00e9 depuis 1992 en tant que grossiste informatique couvrant diff\u00e9rents pays en Afrique du Nord et Afrique francophone.","robots":{"index":"index","follow":"follow","max-snippet":"max-snippet:-1","max-image-preview":"max-image-preview:large","max-video-preview":"max-video-preview:-1"},"canonical":"https:\/\/www.spg.com.tn\/en\/resume-sophos-xg-firewall\/","og_locale":"en_US","og_type":"article","og_title":"R\u00e9sum\u00e9 Sophos XG Firewall - Grossiste informatique \u00e0 valeur ajout\u00e9e depuis 1992.","og_description":"SPG S.A op\u00e8re sur le march\u00e9 depuis 1992 en tant que grossiste informatique couvrant diff\u00e9rents pays en Afrique du Nord et Afrique francophone.","og_url":"https:\/\/www.spg.com.tn\/en\/resume-sophos-xg-firewall\/","og_site_name":"SPG","article_publisher":"https:\/\/www.facebook.com\/SPG.Software.Productivity.Group\/","article_modified_time":"2020-08-17T10:43:16+00:00","twitter_card":"summary_large_image","twitter_misc":{"Est. reading time":"1 minute"},"schema":{"@context":"https:\/\/schema.org","@graph":[{"@type":"WebPage","@id":"https:\/\/www.spg.com.tn\/en\/resume-sophos-xg-firewall\/","url":"https:\/\/www.spg.com.tn\/en\/resume-sophos-xg-firewall\/","name":"R\u00e9sum\u00e9 Sophos XG Firewall - Grossiste informatique \u00e0 valeur ajout\u00e9e depuis 1992.","isPartOf":{"@id":"https:\/\/www.spg.com.tn\/#website"},"datePublished":"2020-08-11T12:05:10+00:00","dateModified":"2020-08-17T10:43:16+00:00","description":"SPG S.A op\u00e8re sur le march\u00e9 depuis 1992 en tant que grossiste informatique couvrant diff\u00e9rents pays en Afrique du Nord et Afrique francophone.","breadcrumb":{"@id":"https:\/\/www.spg.com.tn\/en\/resume-sophos-xg-firewall\/#breadcrumb"},"inLanguage":"en-US","potentialAction":[{"@type":"ReadAction","target":["https:\/\/www.spg.com.tn\/en\/resume-sophos-xg-firewall\/"]}]},{"@type":"BreadcrumbList","@id":"https:\/\/www.spg.com.tn\/en\/resume-sophos-xg-firewall\/#breadcrumb","itemListElement":[{"@type":"ListItem","position":1,"name":"Accueil","item":"https:\/\/www.spg.com.tn\/"},{"@type":"ListItem","position":2,"name":"R\u00e9sum\u00e9 Sophos XG Firewall"}]},{"@type":"WebSite","@id":"https:\/\/www.spg.com.tn\/#website","url":"https:\/\/www.spg.com.tn\/","name":"SPG","description":"Grossiste Informatique \u00e0 Valeur ajout\u00e9e","publisher":{"@id":"https:\/\/www.spg.com.tn\/#organization"},"alternateName":"SPG distributeur des solutions","potentialAction":[{"@type":"SearchAction","target":{"@type":"EntryPoint","urlTemplate":"https:\/\/www.spg.com.tn\/?s={search_term_string}"},"query-input":{"@type":"PropertyValueSpecification","valueRequired":true,"valueName":"search_term_string"}}],"inLanguage":"en-US"},{"@type":"Organization","@id":"https:\/\/www.spg.com.tn\/#organization","name":"SPG","url":"https:\/\/www.spg.com.tn\/","logo":{"@type":"ImageObject","inLanguage":"en-US","@id":"https:\/\/www.spg.com.tn\/#\/schema\/logo\/image\/","url":"https:\/\/i0.wp.com\/www.spg.com.tn\/wp-content\/uploads\/2023\/07\/Logo-SPG-new.png?fit=300%2C133&ssl=1","contentUrl":"https:\/\/i0.wp.com\/www.spg.com.tn\/wp-content\/uploads\/2023\/07\/Logo-SPG-new.png?fit=300%2C133&ssl=1","width":300,"height":133,"caption":"SPG"},"image":{"@id":"https:\/\/www.spg.com.tn\/#\/schema\/logo\/image\/"},"sameAs":["https:\/\/www.facebook.com\/SPG.Software.Productivity.Group\/","https:\/\/www.linkedin.com\/company\/software-productivity-group-spg\/"]}]}},"jetpack_sharing_enabled":true,"jetpack_shortlink":"https:\/\/wp.me\/PaWB6B-bX8","jetpack_likes_enabled":true,"jetpack-related-posts":[],"_links":{"self":[{"href":"https:\/\/www.spg.com.tn\/en\/wp-json\/wp\/v2\/pages\/45950","targetHints":{"allow":["GET"]}}],"collection":[{"href":"https:\/\/www.spg.com.tn\/en\/wp-json\/wp\/v2\/pages"}],"about":[{"href":"https:\/\/www.spg.com.tn\/en\/wp-json\/wp\/v2\/types\/page"}],"author":[{"embeddable":true,"href":"https:\/\/www.spg.com.tn\/en\/wp-json\/wp\/v2\/users\/10"}],"replies":[{"embeddable":true,"href":"https:\/\/www.spg.com.tn\/en\/wp-json\/wp\/v2\/comments?post=45950"}],"version-history":[{"count":4,"href":"https:\/\/www.spg.com.tn\/en\/wp-json\/wp\/v2\/pages\/45950\/revisions"}],"predecessor-version":[{"id":45969,"href":"https:\/\/www.spg.com.tn\/en\/wp-json\/wp\/v2\/pages\/45950\/revisions\/45969"}],"wp:attachment":[{"href":"https:\/\/www.spg.com.tn\/en\/wp-json\/wp\/v2\/media?parent=45950"}],"curies":[{"name":"wp","href":"https:\/\/api.w.org\/{rel}","templated":true}]}}