{"id":47319,"date":"2021-05-28T16:06:20","date_gmt":"2021-05-28T16:06:20","guid":{"rendered":"https:\/\/www.spg.com.tn\/?page_id=47319"},"modified":"2022-03-08T09:03:14","modified_gmt":"2022-03-08T09:03:14","slug":"faites-votre-inscription-maintenant-pour-avoir-les-acces-pour-votre-compte-katy","status":"publish","type":"page","link":"https:\/\/www.spg.com.tn\/en\/faites-votre-inscription-maintenant-pour-avoir-les-acces-pour-votre-compte-katy\/","title":{"rendered":"Faites votre inscription maintenant pour avoir les acc\u00e8s pour votre compte KATY"},"content":{"rendered":"<div class=\"container\"><div class=\"vc_row wpb_row vc_row-fluid\"><div class=\"wpb_column vc_column_container col-sm-2\"><div class=\"vc_column-inner\"><div class=\"wpb_wrapper\"><\/div><\/div><\/div><div class=\"wpb_column vc_column_container col-sm-8\"><div class=\"vc_column-inner\"><div class=\"wpb_wrapper\">\n<div class=\"wpcf7 no-js\" id=\"wpcf7-f47110-o1\" lang=\"fr-FR\" dir=\"ltr\" data-wpcf7-id=\"47110\">\n<div class=\"screen-reader-response\"><p role=\"status\" aria-live=\"polite\" aria-atomic=\"true\"><\/p> <ul><\/ul><\/div>\n<form action=\"\/en\/wp-json\/wp\/v2\/pages\/47319#wpcf7-f47110-o1\" method=\"post\" class=\"wpcf7-form init\" aria-label=\"Formulaire de contact\" novalidate=\"novalidate\" data-status=\"init\" data-trp-original-action=\"\/en\/wp-json\/wp\/v2\/pages\/47319#wpcf7-f47110-o1\">\n<fieldset class=\"hidden-fields-container\"><input type=\"hidden\" name=\"_wpcf7\" value=\"47110\" \/><input type=\"hidden\" name=\"_wpcf7_version\" value=\"6.1.5\" \/><input type=\"hidden\" name=\"_wpcf7_locale\" value=\"fr_FR\" \/><input type=\"hidden\" name=\"_wpcf7_unit_tag\" value=\"wpcf7-f47110-o1\" \/><input type=\"hidden\" name=\"_wpcf7_container_post\" value=\"0\" \/><input type=\"hidden\" name=\"_wpcf7_posted_data_hash\" value=\"\" \/><input type=\"hidden\" name=\"_wpcf7_recaptcha_response\" value=\"\" \/>\n<\/fieldset>\n<h3><b> Enterprise <\/b>\n<\/h3>\n<div class=\"col-sm-12\">\n\t<p><label> Country:<\/label><br \/>\n<span class=\"wpcf7-form-control-wrap\" data-name=\"pays\"><div class=\"input-select\"><select class=\"wpcf7-form-control wpcf7-select wpcf7-validates-as-required\" aria-required=\"true\" aria-invalid=\"false\" name=\"pays\"><option value=\"\">&#8212;Veuillez choisir une option&#8212;<\/option><option value=\"Afghanistan\">Afghanistan<\/option><option value=\"Afrique du Sud\">Afrique du Sud<\/option><option value=\"Albanie\">Albanie<\/option><option value=\"Alg\u00e9rie\">Alg\u00e9rie<\/option><option value=\"Allemagne\">Allemagne<\/option><option value=\"Angola\">Angola<\/option><option value=\"Antigua-et-Barbuda\">Antigua-et-Barbuda<\/option><option value=\"Arabie saoudite\">Arabie saoudite<\/option><option value=\"Argentine\">Argentine<\/option><option value=\"Arm\u00e9nie\">Arm\u00e9nie<\/option><option value=\"Australie\">Australie<\/option><option value=\"Autriche\">Autriche<\/option><option value=\"Azerba\u00efdjan\">Azerba\u00efdjan<\/option><option value=\"Bahamas\">Bahamas<\/option><option value=\"Bahre\u00efn\">Bahre\u00efn<\/option><option value=\"Bangladesh\">Bangladesh<\/option><option value=\"Barbade\">Barbade<\/option><option value=\"Belau\">Belau<\/option><option value=\"Belgique\">Belgique<\/option><option value=\"Belize\">Belize<\/option><option value=\"B\u00e9nin\">B\u00e9nin<\/option><option value=\"Bhoutan\">Bhoutan<\/option><option value=\"Bi\u00e9lorussie\">Bi\u00e9lorussie<\/option><option value=\"Birmanie\">Birmanie<\/option><option value=\"Bolivie\">Bolivie<\/option><option value=\"Bosnie-Herz\u00e9govine\">Bosnie-Herz\u00e9govine<\/option><option value=\"Botswana\">Botswana<\/option><option value=\"Br\u00e9sil\">Br\u00e9sil<\/option><option value=\"Brunei\">Brunei<\/option><option value=\"Bulgarie\">Bulgarie<\/option><option value=\"Burkina\">Burkina<\/option><option value=\"Burundi\">Burundi<\/option><option value=\"Cambodge\">Cambodge<\/option><option value=\"Cameroun\">Cameroun<\/option><option value=\"Canada\">Canada<\/option><option value=\"Cap-Vert\">Cap-Vert<\/option><option value=\"Chili\">Chili<\/option><option value=\"Chine\">Chine<\/option><option value=\"Chypre\">Chypre<\/option><option value=\"Colombie\">Colombie<\/option><option value=\"Comores\">Comores<\/option><option value=\"Congo\">Congo<\/option><option value=\"Cook\">Cook<\/option><option value=\"Cor\u00e9e du Nord\">Cor\u00e9e du Nord<\/option><option value=\"Cor\u00e9e du Sud\">Cor\u00e9e du Sud<\/option><option value=\"Costa Rica\">Costa Rica<\/option><option value=\"C\u00f4te d&#039;Ivoire\">C\u00f4te d&#039;Ivoire<\/option><option value=\"Croatie\">Croatie<\/option><option value=\"Cuba\">Cuba<\/option><option value=\"Danemark\">Danemark<\/option><option value=\"Djibouti\">Djibouti<\/option><option value=\"Dominique\">Dominique<\/option><option value=\"\u00c9cosse\">\u00c9cosse<\/option><option value=\"\u00c9gypte\">\u00c9gypte<\/option><option value=\"\u00c9mirats arabes unis\">\u00c9mirats arabes unis<\/option><option value=\"\u00c9quateur\">\u00c9quateur<\/option><option value=\"\u00c9rythr\u00e9e\">\u00c9rythr\u00e9e<\/option><option value=\"Espagne\">Espagne<\/option><option value=\"Estonie\">Estonie<\/option><option value=\"\u00c9tats-Unis\">\u00c9tats-Unis<\/option><option value=\"\u00c9thiopie\">\u00c9thiopie<\/option><option value=\"Fidji\">Fidji<\/option><option value=\"Finlande\">Finlande<\/option><option value=\"France\">France<\/option><option value=\"Gabon\">Gabon<\/option><option value=\"Gambie\">Gambie<\/option><option value=\"G\u00e9orgie\">G\u00e9orgie<\/option><option value=\"Ghana\">Ghana<\/option><option value=\"Gr\u00e8ce\">Gr\u00e8ce<\/option><option value=\"Grenade\">Grenade<\/option><option value=\"Guatemala\">Guatemala<\/option><option value=\"Guin\u00e9e\">Guin\u00e9e<\/option><option value=\"Guin\u00e9e-Bissao\">Guin\u00e9e-Bissao<\/option><option value=\"Guin\u00e9e \u00e9quatoriale\">Guin\u00e9e \u00e9quatoriale<\/option><option value=\"Guyana\">Guyana<\/option><option value=\"Ha\u00efti\">Ha\u00efti<\/option><option value=\"Honduras\">Honduras<\/option><option value=\"Hongrie\">Hongrie<\/option><option value=\"Inde\">Inde<\/option><option value=\"Indon\u00e9sie\">Indon\u00e9sie<\/option><option value=\"Iran\">Iran<\/option><option value=\"Irak\">Irak<\/option><option value=\"Irlande\">Irlande<\/option><option value=\"Islande\">Islande<\/option><option value=\"Isra\u00ebl\">Isra\u00ebl<\/option><option value=\"Italie\">Italie<\/option><option value=\"Jama\u00efque\">Jama\u00efque<\/option><option value=\"Japon\">Japon<\/option><option value=\"Jordanie\">Jordanie<\/option><option value=\"Kazakhstan\">Kazakhstan<\/option><option value=\"Kenya\">Kenya<\/option><option value=\"Kirghizistan\">Kirghizistan<\/option><option value=\"Kiribati\">Kiribati<\/option><option value=\"Kowe\u00eft\">Kowe\u00eft<\/option><option value=\"Laos\">Laos<\/option><option value=\"Lesotho\">Lesotho<\/option><option value=\"Lettonie\">Lettonie<\/option><option value=\"Liban\">Liban<\/option><option value=\"Liberia\">Liberia<\/option><option value=\"Libye\">Libye<\/option><option value=\"Liechtenstein\">Liechtenstein<\/option><option value=\"Lituanie\">Lituanie<\/option><option value=\"Luxembourg\">Luxembourg<\/option><option value=\"Mac\u00e9doine\">Mac\u00e9doine<\/option><option value=\"Madagascar\">Madagascar<\/option><option value=\"Malaisie\">Malaisie<\/option><option value=\"Malawi\">Malawi<\/option><option value=\"Maldives\">Maldives<\/option><option value=\"Mali\">Mali<\/option><option value=\"Malte\">Malte<\/option><option value=\"Maroc\">Maroc<\/option><option value=\"Marshall\">Marshall<\/option><option value=\"Maurice\">Maurice<\/option><option value=\"Mauritanie\">Mauritanie<\/option><option value=\"Mexique\">Mexique<\/option><option value=\"Micron\u00e9sie\">Micron\u00e9sie<\/option><option value=\"Moldavie\">Moldavie<\/option><option value=\"Monaco\">Monaco<\/option><option value=\"Mongolie\">Mongolie<\/option><option value=\"Mozambique\">Mozambique<\/option><option value=\"Namibie\">Namibie<\/option><option value=\"Nauru\">Nauru<\/option><option value=\"N\u00e9pal\">N\u00e9pal<\/option><option value=\"Nicaragua\">Nicaragua<\/option><option value=\"Niger\">Niger<\/option><option value=\"Nigeria\">Nigeria<\/option><option value=\"Niue\">Niue<\/option><option value=\"Norv\u00e8ge\">Norv\u00e8ge<\/option><option value=\"Nouvelle-Z\u00e9lande\">Nouvelle-Z\u00e9lande<\/option><option value=\"Oman\">Oman<\/option><option value=\"Ouganda\">Ouganda<\/option><option value=\"Ouzb\u00e9kistan\">Ouzb\u00e9kistan<\/option><option value=\"Pakistan\">Pakistan<\/option><option value=\"Palestine\">Palestine<\/option><option value=\"Panama\">Panama<\/option><option value=\"Papouasie - Nouvelle Guin\u00e9e\">Papouasie - Nouvelle Guin\u00e9e<\/option><option value=\"Paraguay\">Paraguay<\/option><option value=\"Pays-Bas\">Pays-Bas<\/option><option value=\"P\u00e9rou\">P\u00e9rou<\/option><option value=\"Philippines\">Philippines<\/option><option value=\"Pologne\">Pologne<\/option><option value=\"Portugal\">Portugal<\/option><option value=\"Qatar\">Qatar<\/option><option value=\"R\u00e9publique centrafricaine\">R\u00e9publique centrafricaine<\/option><option value=\"R\u00e9publique d\u00e9mocratique du Con\">R\u00e9publique d\u00e9mocratique du Con<\/option><option value=\"R\u00e9publique dominicaine\">R\u00e9publique dominicaine<\/option><option value=\"R\u00e9publique tch\u00e8que\">R\u00e9publique tch\u00e8que<\/option><option value=\"Roumanie\">Roumanie<\/option><option value=\"Royaume-Uni\">Royaume-Uni<\/option><option value=\"Russie\">Russie<\/option><option value=\"Rwanda\">Rwanda<\/option><option value=\"Saint-Christophe-et-Ni\u00e9v\u00e8s\">Saint-Christophe-et-Ni\u00e9v\u00e8s<\/option><option value=\"Sainte-Lucie\">Sainte-Lucie<\/option><option value=\"Saint-Marin\">Saint-Marin<\/option><option value=\"Saint-Si\u00e8ge\">Saint-Si\u00e8ge<\/option><option value=\"Saint-Vincent-et-les-Grenadine\">Saint-Vincent-et-les-Grenadine<\/option><option value=\"Salomon\">Salomon<\/option><option value=\"Salvador\">Salvador<\/option><option value=\"Samoa occidentales\">Samoa occidentales<\/option><option value=\"Sao Tom\u00e9-et-Principe\">Sao Tom\u00e9-et-Principe<\/option><option value=\"S\u00e9n\u00e9gal\">S\u00e9n\u00e9gal<\/option><option value=\"Seychelles\">Seychelles<\/option><option value=\"Sierra Leone\">Sierra Leone<\/option><option value=\"Singapour\">Singapour<\/option><option value=\"Slovaquie\">Slovaquie<\/option><option value=\"Slov\u00e9nie\">Slov\u00e9nie<\/option><option value=\"Somalie\">Somalie<\/option><option value=\"Soudan\">Soudan<\/option><option value=\"Sri Lanka\">Sri Lanka<\/option><option value=\"Su\u00e8de\">Su\u00e8de<\/option><option value=\"Suisse\">Suisse<\/option><option value=\"Suriname\">Suriname<\/option><option value=\"Swaziland\">Swaziland<\/option><option value=\"Syrie\">Syrie<\/option><option value=\"Tadjikistan\">Tadjikistan<\/option><option value=\"Tanzanie\">Tanzanie<\/option><option value=\"Tchad\">Tchad<\/option><option value=\"Tha\u00eflande\">Tha\u00eflande<\/option><option value=\"Togo\">Togo<\/option><option value=\"Tonga\">Tonga<\/option><option value=\"Trinit\u00e9-et-Tobago\">Trinit\u00e9-et-Tobago<\/option><option value=\"Tunisie\">Tunisie<\/option><option value=\"Turkm\u00e9nistan\">Turkm\u00e9nistan<\/option><option value=\"Turquie\">Turquie<\/option><option value=\"Tuvalu\">Tuvalu<\/option><option value=\"Ukraine\">Ukraine<\/option><option value=\"Uruguay\">Uruguay<\/option><option value=\"Vanuatu\">Vanuatu<\/option><option value=\"Venezuela\">Venezuela<\/option><option value=\"Vi\u00eat Nam\">Vi\u00eat Nam<\/option><option value=\"Y\u00e9men\">Y\u00e9men<\/option><option value=\"Yougoslavie\">Yougoslavie<\/option><option value=\"Zambie\">Zambie<\/option><option value=\"Zimbabwe\">Zimbabwe<\/option><\/select><\/div><\/span>\n\t<\/p>\n<\/div>\n<div class=\"col-sm-12\">\n\t<p><label>Nom de l'entreprise:(<span style=\"color:red\">*<\/span>)<\/label><br \/>\n<span class=\"wpcf7-form-control-wrap\" data-name=\"Nom\"><input size=\"40\" maxlength=\"400\" class=\"wpcf7-form-control wpcf7-text wpcf7-validates-as-required\" aria-required=\"true\" aria-invalid=\"false\" value=\"\" type=\"text\" name=\"Nom\" \/><\/span>\n\t<\/p>\n<\/div>\n<div class=\"col-sm-12\">\n\t<p><label>Num\u00e9ro de t\u00e9l\u00e9phone:(<span style=\"color:red\">*<\/span>)<\/label><br \/>\n<span class=\"wpcf7-form-control-wrap\" data-name=\"Numrodetlphone\"><input size=\"40\" maxlength=\"400\" class=\"wpcf7-form-control wpcf7-tel wpcf7-validates-as-required wpcf7-text wpcf7-validates-as-tel\" aria-required=\"true\" aria-invalid=\"false\" value=\"\" type=\"tel\" name=\"Numrodetlphone\" \/><\/span>\n\t<\/p>\n<\/div>\n<div class=\"col-sm-12\">\n\t<p><label> Website:<\/label><br \/>\n<span class=\"wpcf7-form-control-wrap\" data-name=\"SiteWeb\"><input size=\"40\" maxlength=\"400\" class=\"wpcf7-form-control wpcf7-url wpcf7-text wpcf7-validates-as-url\" aria-invalid=\"false\" placeholder=\"https:\/\/exemple.com\" value=\"\" type=\"url\" name=\"SiteWeb\" \/><\/span>\n\t<\/p>\n\t<h3><b> Nom de personne <\/b>\n\t<\/h3>\n\t<div class=\"col-sm-12\">\n\t\t<p><label>Nom et pr\u00e9nom:(<span style=\"color:red\">*<\/span>)<\/label><br \/>\n<span class=\"wpcf7-form-control-wrap\" data-name=\"Nom\"><input size=\"40\" maxlength=\"400\" class=\"wpcf7-form-control wpcf7-text wpcf7-validates-as-required\" aria-required=\"true\" aria-invalid=\"false\" value=\"\" type=\"text\" name=\"Nom\" \/><\/span>\n\t\t<\/p>\n\t<\/div>\n\t<div class=\"col-sm-12\">\n\t\t<p><label>Function:(<span style=\"color:red\">*<\/span>)<\/label><br \/>\n<span class=\"wpcf7-form-control-wrap\" data-name=\"Nom\"><input size=\"40\" maxlength=\"400\" class=\"wpcf7-form-control wpcf7-text wpcf7-validates-as-required\" aria-required=\"true\" aria-invalid=\"false\" value=\"\" type=\"text\" name=\"Nom\" \/><\/span>\n\t\t<\/p>\n\t<\/div>\n\t<div class=\"col-sm-12\">\n\t\t<p><label> E-mail:(<span style=\"color:red\">*<\/span>)<\/label><br \/>\n<span class=\"wpcf7-form-control-wrap\" data-name=\"E-mail\"><input size=\"40\" maxlength=\"400\" class=\"wpcf7-form-control wpcf7-email wpcf7-validates-as-required wpcf7-text wpcf7-validates-as-email\" aria-required=\"true\" aria-invalid=\"false\" placeholder=\"contact@exmple.com\" value=\"\" type=\"email\" name=\"E-mail\" \/><\/span>\n\t\t<\/p>\n\t<\/div>\n\t<div class=\"col-sm-12\">\n\t\t<p><label>T\u00e9l\u00e9phone principal:(<span style=\"color:red\">*<\/span>)<\/label><br \/>\n<span class=\"wpcf7-form-control-wrap\" data-name=\"tel-300\"><input size=\"40\" maxlength=\"400\" class=\"wpcf7-form-control wpcf7-tel wpcf7-validates-as-required wpcf7-text wpcf7-validates-as-tel\" aria-required=\"true\" aria-invalid=\"false\" value=\"\" type=\"tel\" name=\"tel-300\" \/><\/span>\n\t\t<\/p>\n\t<\/div>\n\t<div class=\"col-sm-12\">\n\t\t<p><label> Fonction<\/label><br \/>\n<span class=\"wpcf7-form-control-wrap\" data-name=\"Nom\"><input size=\"40\" maxlength=\"400\" class=\"wpcf7-form-control wpcf7-text wpcf7-validates-as-required\" aria-required=\"true\" aria-invalid=\"false\" value=\"\" type=\"text\" name=\"Nom\" \/><\/span>\n\t\t<\/p>\n\t<\/div>\n\t<div class=\"col-sm-12\">\n\t\t<p>Je suis d\u00e9j\u00e0 client de SPG (required)<br \/>\n<span class=\"wpcf7-form-control-wrap\" data-name=\"Client\"><span class=\"wpcf7-form-control wpcf7-radio\"><span class=\"wpcf7-list-item first input-radio\"><label><\/label><input type=\"radio\" name=\"Client\" value=\"OUI\" \/><span class=\"wpcf7-list-item-label\">OUI<\/span><\/span><span class=\"wpcf7-list-item last input-radio\"><label><\/label><input type=\"radio\" name=\"Client\" value=\"NON\" checked=\"checked\" \/><span class=\"wpcf7-list-item-label\">NON<\/span><\/span><\/span><\/span>\n\t\t<\/p>\n\t\t<div class=\"col-sm-12\">\n\t\t\t<p><input class=\"wpcf7-form-control wpcf7-submit has-spinner\" type=\"submit\" value=\"Send\" \/>\n\t\t\t<\/p>\n\t\t<\/div>\n\t<\/div>\n\t<p><label>(<span style=\"color:red\">*<\/span>): required fields<\/label>\n\t<\/p>\n<\/div><p style=\"display: none !important;\" class=\"akismet-fields-container\" data-prefix=\"_wpcf7_ak_\"><label>&#916;<textarea name=\"_wpcf7_ak_hp_textarea\" cols=\"45\" rows=\"8\" maxlength=\"100\"><\/textarea><\/label><input type=\"hidden\" id=\"ak_js_1\" name=\"_wpcf7_ak_js\" value=\"233\"\/><script>document.getElementById( \"ak_js_1\" ).setAttribute( \"value\", ( new Date() ).getTime() );<\/script><\/p><input type='hidden' class='wpcf7-pum' value='{\"closepopup\":false,\"closedelay\":0,\"openpopup\":false,\"openpopup_id\":0}' \/><div class=\"wpcf7-response-output\" aria-hidden=\"true\"><\/div>\n<input type=\"hidden\" name=\"trp-form-language\" value=\"en\"\/><\/form>\n<\/div>\n<\/div><\/div><\/div><div class=\"wpb_column vc_column_container col-sm-2\"><div class=\"vc_column-inner\"><div class=\"wpb_wrapper\"><\/div><\/div><\/div><\/div><\/div>","protected":false},"excerpt":{"rendered":"Entreprise Pays: &#8212;Veuillez choisir une option&#8212;AfghanistanAfrique du SudAlbanieAlg\u00e9rieAllemagneAngolaAntigua-et-BarbudaArabie saouditeArgentineArm\u00e9nieAustralieAutricheAzerba\u00efdjanBahamasBahre\u00efnBangladeshBarbadeBelauBelgiqueBelizeB\u00e9ninBhoutanBi\u00e9lorussieBirmanieBolivieBosnie-Herz\u00e9govineBotswanaBr\u00e9silBruneiBulgarieBurkinaBurundiCambodgeCamerounCanadaCap-VertChiliChineChypreColombieComoresCongoCookCor\u00e9e du NordCor\u00e9e du SudCosta RicaC\u00f4te d&#039;IvoireCroatieCubaDanemarkDjiboutiDominique\u00c9cosse\u00c9gypte\u00c9mirats arabes unis\u00c9quateur\u00c9rythr\u00e9eEspagneEstonie\u00c9tats-Unis\u00c9thiopieFidjiFinlandeFranceGabonGambieG\u00e9orgieGhanaGr\u00e8ceGrenadeGuatemalaGuin\u00e9eGuin\u00e9e-BissaoGuin\u00e9e \u00e9quatorialeGuyanaHa\u00eftiHondurasHongrieIndeIndon\u00e9sieIranIrakIrlandeIslandeIsra\u00eblItalieJama\u00efqueJaponJordanieKazakhstanKenyaKirghizistanKiribatiKowe\u00eftLaosLesothoLettonieLibanLiberiaLibyeLiechtensteinLituanieLuxembourgMac\u00e9doineMadagascarMalaisieMalawiMaldivesMaliMalteMarocMarshallMauriceMauritanieMexiqueMicron\u00e9sieMoldavieMonacoMongolieMozambiqueNamibieNauruN\u00e9palNicaraguaNigerNigeriaNiueNorv\u00e8geNouvelle-Z\u00e9landeOmanOugandaOuzb\u00e9kistanPakistanPalestinePanamaPapouasie - Nouvelle Guin\u00e9eParaguayPays-BasP\u00e9rouPhilippinesPolognePortugalQatarR\u00e9publique centrafricaineR\u00e9publique...","protected":false},"author":10,"featured_media":0,"parent":0,"menu_order":0,"comment_status":"closed","ping_status":"closed","template":"","meta":{"om_disable_all_campaigns":false,"_exactmetrics_skip_tracking":false,"_exactmetrics_sitenote_active":false,"_exactmetrics_sitenote_note":"","_exactmetrics_sitenote_category":0,"_monsterinsights_skip_tracking":false,"_monsterinsights_sitenote_active":false,"_monsterinsights_sitenote_note":"","_monsterinsights_sitenote_category":0,"_uf_show_specific_survey":0,"_uf_disable_surveys":false,"jetpack_post_was_ever_published":false,"footnotes":""},"class_list":["post-47319","page","type-page","status-publish","hentry"],"aioseo_notices":[],"yoast_head":"<!-- This site is optimized with the Yoast SEO plugin v27.1.1 - https:\/\/yoast.com\/product\/yoast-seo-wordpress\/ -->\n<title>Faites votre inscription maintenant pour avoir les acc\u00e8s pour votre compte KATY - SPG<\/title>\n<meta name=\"robots\" content=\"index, follow, max-snippet:-1, max-image-preview:large, max-video-preview:-1\" \/>\n<link rel=\"canonical\" href=\"https:\/\/www.spg.com.tn\/en\/faites-votre-inscription-maintenant-pour-avoir-les-acces-pour-votre-compte-katy\/\" \/>\n<meta property=\"og:locale\" content=\"en_US\" \/>\n<meta property=\"og:type\" content=\"article\" \/>\n<meta property=\"og:title\" content=\"Faites votre inscription maintenant pour avoir les acc\u00e8s pour votre compte KATY - SPG\" \/>\n<meta property=\"og:url\" content=\"https:\/\/www.spg.com.tn\/en\/faites-votre-inscription-maintenant-pour-avoir-les-acces-pour-votre-compte-katy\/\" \/>\n<meta property=\"og:site_name\" content=\"SPG\" \/>\n<meta property=\"article:publisher\" content=\"https:\/\/www.facebook.com\/SPG.Software.Productivity.Group\/\" \/>\n<meta property=\"article:modified_time\" content=\"2022-03-08T09:03:14+00:00\" \/>\n<meta name=\"twitter:card\" content=\"summary_large_image\" \/>\n<meta name=\"twitter:label1\" content=\"Est. reading time\" \/>\n\t<meta name=\"twitter:data1\" content=\"1 minute\" \/>\n<script type=\"application\/ld+json\" class=\"yoast-schema-graph\">{\"@context\":\"https:\/\/schema.org\",\"@graph\":[{\"@type\":\"WebPage\",\"@id\":\"https:\/\/www.spg.com.tn\/faites-votre-inscription-maintenant-pour-avoir-les-acces-pour-votre-compte-katy\/\",\"url\":\"https:\/\/www.spg.com.tn\/faites-votre-inscription-maintenant-pour-avoir-les-acces-pour-votre-compte-katy\/\",\"name\":\"Faites votre inscription maintenant pour avoir les acc\u00e8s pour votre compte KATY - SPG\",\"isPartOf\":{\"@id\":\"https:\/\/www.spg.com.tn\/#website\"},\"datePublished\":\"2021-05-28T16:06:20+00:00\",\"dateModified\":\"2022-03-08T09:03:14+00:00\",\"breadcrumb\":{\"@id\":\"https:\/\/www.spg.com.tn\/faites-votre-inscription-maintenant-pour-avoir-les-acces-pour-votre-compte-katy\/#breadcrumb\"},\"inLanguage\":\"en-US\",\"potentialAction\":[{\"@type\":\"ReadAction\",\"target\":[\"https:\/\/www.spg.com.tn\/faites-votre-inscription-maintenant-pour-avoir-les-acces-pour-votre-compte-katy\/\"]}]},{\"@type\":\"BreadcrumbList\",\"@id\":\"https:\/\/www.spg.com.tn\/faites-votre-inscription-maintenant-pour-avoir-les-acces-pour-votre-compte-katy\/#breadcrumb\",\"itemListElement\":[{\"@type\":\"ListItem\",\"position\":1,\"name\":\"Accueil\",\"item\":\"https:\/\/www.spg.com.tn\/\"},{\"@type\":\"ListItem\",\"position\":2,\"name\":\"Faites votre inscription maintenant pour avoir les acc\u00e8s pour votre compte KATY\"}]},{\"@type\":\"WebSite\",\"@id\":\"https:\/\/www.spg.com.tn\/#website\",\"url\":\"https:\/\/www.spg.com.tn\/\",\"name\":\"SPG\",\"description\":\"Grossiste Informatique \u00e0 Valeur ajout\u00e9e\",\"publisher\":{\"@id\":\"https:\/\/www.spg.com.tn\/#organization\"},\"alternateName\":\"SPG distributeur des solutions\",\"potentialAction\":[{\"@type\":\"SearchAction\",\"target\":{\"@type\":\"EntryPoint\",\"urlTemplate\":\"https:\/\/www.spg.com.tn\/?s={search_term_string}\"},\"query-input\":{\"@type\":\"PropertyValueSpecification\",\"valueRequired\":true,\"valueName\":\"search_term_string\"}}],\"inLanguage\":\"en-US\"},{\"@type\":\"Organization\",\"@id\":\"https:\/\/www.spg.com.tn\/#organization\",\"name\":\"SPG\",\"url\":\"https:\/\/www.spg.com.tn\/\",\"logo\":{\"@type\":\"ImageObject\",\"inLanguage\":\"en-US\",\"@id\":\"https:\/\/www.spg.com.tn\/#\/schema\/logo\/image\/\",\"url\":\"https:\/\/i0.wp.com\/www.spg.com.tn\/wp-content\/uploads\/2023\/07\/Logo-SPG-new.png?fit=300%2C133&ssl=1\",\"contentUrl\":\"https:\/\/i0.wp.com\/www.spg.com.tn\/wp-content\/uploads\/2023\/07\/Logo-SPG-new.png?fit=300%2C133&ssl=1\",\"width\":300,\"height\":133,\"caption\":\"SPG\"},\"image\":{\"@id\":\"https:\/\/www.spg.com.tn\/#\/schema\/logo\/image\/\"},\"sameAs\":[\"https:\/\/www.facebook.com\/SPG.Software.Productivity.Group\/\",\"https:\/\/www.linkedin.com\/company\/software-productivity-group-spg\/\"]}]}<\/script>\n<!-- \/ Yoast SEO plugin. -->","yoast_head_json":{"title":"Faites votre inscription maintenant pour avoir les acc\u00e8s pour votre compte KATY - SPG","robots":{"index":"index","follow":"follow","max-snippet":"max-snippet:-1","max-image-preview":"max-image-preview:large","max-video-preview":"max-video-preview:-1"},"canonical":"https:\/\/www.spg.com.tn\/en\/faites-votre-inscription-maintenant-pour-avoir-les-acces-pour-votre-compte-katy\/","og_locale":"en_US","og_type":"article","og_title":"Faites votre inscription maintenant pour avoir les acc\u00e8s pour votre compte KATY - SPG","og_url":"https:\/\/www.spg.com.tn\/en\/faites-votre-inscription-maintenant-pour-avoir-les-acces-pour-votre-compte-katy\/","og_site_name":"SPG","article_publisher":"https:\/\/www.facebook.com\/SPG.Software.Productivity.Group\/","article_modified_time":"2022-03-08T09:03:14+00:00","twitter_card":"summary_large_image","twitter_misc":{"Est. reading time":"1 minute"},"schema":{"@context":"https:\/\/schema.org","@graph":[{"@type":"WebPage","@id":"https:\/\/www.spg.com.tn\/faites-votre-inscription-maintenant-pour-avoir-les-acces-pour-votre-compte-katy\/","url":"https:\/\/www.spg.com.tn\/faites-votre-inscription-maintenant-pour-avoir-les-acces-pour-votre-compte-katy\/","name":"Faites votre inscription maintenant pour avoir les acc\u00e8s pour votre compte KATY - SPG","isPartOf":{"@id":"https:\/\/www.spg.com.tn\/#website"},"datePublished":"2021-05-28T16:06:20+00:00","dateModified":"2022-03-08T09:03:14+00:00","breadcrumb":{"@id":"https:\/\/www.spg.com.tn\/faites-votre-inscription-maintenant-pour-avoir-les-acces-pour-votre-compte-katy\/#breadcrumb"},"inLanguage":"en-US","potentialAction":[{"@type":"ReadAction","target":["https:\/\/www.spg.com.tn\/faites-votre-inscription-maintenant-pour-avoir-les-acces-pour-votre-compte-katy\/"]}]},{"@type":"BreadcrumbList","@id":"https:\/\/www.spg.com.tn\/faites-votre-inscription-maintenant-pour-avoir-les-acces-pour-votre-compte-katy\/#breadcrumb","itemListElement":[{"@type":"ListItem","position":1,"name":"Accueil","item":"https:\/\/www.spg.com.tn\/"},{"@type":"ListItem","position":2,"name":"Faites votre inscription maintenant pour avoir les acc\u00e8s pour votre compte KATY"}]},{"@type":"WebSite","@id":"https:\/\/www.spg.com.tn\/#website","url":"https:\/\/www.spg.com.tn\/","name":"SPG","description":"Grossiste Informatique \u00e0 Valeur ajout\u00e9e","publisher":{"@id":"https:\/\/www.spg.com.tn\/#organization"},"alternateName":"SPG distributeur des solutions","potentialAction":[{"@type":"SearchAction","target":{"@type":"EntryPoint","urlTemplate":"https:\/\/www.spg.com.tn\/?s={search_term_string}"},"query-input":{"@type":"PropertyValueSpecification","valueRequired":true,"valueName":"search_term_string"}}],"inLanguage":"en-US"},{"@type":"Organization","@id":"https:\/\/www.spg.com.tn\/#organization","name":"SPG","url":"https:\/\/www.spg.com.tn\/","logo":{"@type":"ImageObject","inLanguage":"en-US","@id":"https:\/\/www.spg.com.tn\/#\/schema\/logo\/image\/","url":"https:\/\/i0.wp.com\/www.spg.com.tn\/wp-content\/uploads\/2023\/07\/Logo-SPG-new.png?fit=300%2C133&ssl=1","contentUrl":"https:\/\/i0.wp.com\/www.spg.com.tn\/wp-content\/uploads\/2023\/07\/Logo-SPG-new.png?fit=300%2C133&ssl=1","width":300,"height":133,"caption":"SPG"},"image":{"@id":"https:\/\/www.spg.com.tn\/#\/schema\/logo\/image\/"},"sameAs":["https:\/\/www.facebook.com\/SPG.Software.Productivity.Group\/","https:\/\/www.linkedin.com\/company\/software-productivity-group-spg\/"]}]}},"jetpack_sharing_enabled":true,"jetpack_shortlink":"https:\/\/wp.me\/PaWB6B-cjd","jetpack_likes_enabled":true,"jetpack-related-posts":[],"_links":{"self":[{"href":"https:\/\/www.spg.com.tn\/en\/wp-json\/wp\/v2\/pages\/47319","targetHints":{"allow":["GET"]}}],"collection":[{"href":"https:\/\/www.spg.com.tn\/en\/wp-json\/wp\/v2\/pages"}],"about":[{"href":"https:\/\/www.spg.com.tn\/en\/wp-json\/wp\/v2\/types\/page"}],"author":[{"embeddable":true,"href":"https:\/\/www.spg.com.tn\/en\/wp-json\/wp\/v2\/users\/10"}],"replies":[{"embeddable":true,"href":"https:\/\/www.spg.com.tn\/en\/wp-json\/wp\/v2\/comments?post=47319"}],"version-history":[{"count":6,"href":"https:\/\/www.spg.com.tn\/en\/wp-json\/wp\/v2\/pages\/47319\/revisions"}],"predecessor-version":[{"id":49185,"href":"https:\/\/www.spg.com.tn\/en\/wp-json\/wp\/v2\/pages\/47319\/revisions\/49185"}],"wp:attachment":[{"href":"https:\/\/www.spg.com.tn\/en\/wp-json\/wp\/v2\/media?parent=47319"}],"curies":[{"name":"wp","href":"https:\/\/api.w.org\/{rel}","templated":true}]}}