{"id":49419,"date":"2022-03-25T15:30:57","date_gmt":"2022-03-25T15:30:57","guid":{"rendered":"https:\/\/www.spg.com.tn\/?page_id=49419"},"modified":"2025-08-20T08:22:48","modified_gmt":"2025-08-20T08:22:48","slug":"axidian","status":"publish","type":"page","link":"https:\/\/www.spg.com.tn\/en\/marques\/axidian\/","title":{"rendered":"Axidian"},"content":{"rendered":"<section class=\" switchable switchable--switch imagebg height-40\" data-overlay=\"0\" >\n\t\t\t    <div class=\"background-image-holder\"><img loading=\"lazy\" decoding=\"async\" width=\"1920\" height=\"383\" src=\"https:\/\/i0.wp.com\/www.spg.com.tn\/wp-content\/uploads\/2025\/08\/banner-axidian.jpg?fit=1920%2C383&amp;ssl=1\" class=\"attachment-full size-full\" alt=\"banner axidian\" srcset=\"https:\/\/i0.wp.com\/www.spg.com.tn\/wp-content\/uploads\/2025\/08\/banner-axidian.jpg?w=1920&amp;ssl=1 1920w, https:\/\/i0.wp.com\/www.spg.com.tn\/wp-content\/uploads\/2025\/08\/banner-axidian.jpg?resize=300%2C60&amp;ssl=1 300w, https:\/\/i0.wp.com\/www.spg.com.tn\/wp-content\/uploads\/2025\/08\/banner-axidian.jpg?resize=1024%2C204&amp;ssl=1 1024w, https:\/\/i0.wp.com\/www.spg.com.tn\/wp-content\/uploads\/2025\/08\/banner-axidian.jpg?resize=768%2C153&amp;ssl=1 768w, https:\/\/i0.wp.com\/www.spg.com.tn\/wp-content\/uploads\/2025\/08\/banner-axidian.jpg?resize=1536%2C306&amp;ssl=1 1536w, https:\/\/i0.wp.com\/www.spg.com.tn\/wp-content\/uploads\/2025\/08\/banner-axidian.jpg?resize=18%2C4&amp;ssl=1 18w\" sizes=\"auto, (max-width: 1170px) 100vw, 1170px\" \/><\/div>\n\t\t\t    <div class=\"container pos-vertical-center\">\n\t\t\t        <div class=\"row\">\n\t\t\t            <div class=\"col-sm-6\"><\/div>\n\t\t\t        <\/div><!--end of row-->\n\t\t\t    <\/div><!--end of container-->\n\t\t\t    \n\t\t\t<\/section>\n\t\t<div class=\"vc_row-full-width vc_clearfix\"><\/div><div class=\"container\"><div class=\"vc_row wpb_row vc_row-fluid\"><div class=\"wpb_column vc_column_container col-sm-8\"><div class=\"vc_column-inner\"><div class=\"wpb_wrapper\"><div class=\"vc_empty_space\"   style=\"height: 32px\" ><span class=\"vc_empty_space_inner\"><\/span><\/div>\n\n\t<div class=\"wpb_text_column wpb_content_element \" >\n\t\t<div class=\"wpb_wrapper\">\n\t\t\t<h3><b>Axidian est votre protecteur in\u00e9branlable contre les risques potentiels et les vuln\u00e9rabilit\u00e9s dans le domaine de l&rsquo;informatique.<\/b><\/h3>\n\n\t\t<\/div>\n\t<\/div>\n\n\t<div  class=\"wpb_single_image wpb_content_element vc_align_center\">\n\t\t\n\t\t<figure class=\"wpb_wrapper vc_figure\">\n\t\t\t<a href=\"https:\/\/axidian.com\/\" target=\"_blank\" class=\"vc_single_image-wrapper   vc_box_border_grey\"><img loading=\"lazy\" decoding=\"async\" width=\"3718\" height=\"1201\" src=\"https:\/\/i0.wp.com\/www.spg.com.tn\/wp-content\/uploads\/2023\/10\/Axidian-blog-1-01.jpg?fit=3718%2C1201&amp;ssl=1\" class=\"vc_single_image-img attachment-full\" alt=\"Axidian blog 1 01\" srcset=\"https:\/\/i0.wp.com\/www.spg.com.tn\/wp-content\/uploads\/2023\/10\/Axidian-blog-1-01.jpg?w=3718&amp;ssl=1 3718w, https:\/\/i0.wp.com\/www.spg.com.tn\/wp-content\/uploads\/2023\/10\/Axidian-blog-1-01.jpg?resize=300%2C97&amp;ssl=1 300w, https:\/\/i0.wp.com\/www.spg.com.tn\/wp-content\/uploads\/2023\/10\/Axidian-blog-1-01.jpg?resize=1024%2C331&amp;ssl=1 1024w, https:\/\/i0.wp.com\/www.spg.com.tn\/wp-content\/uploads\/2023\/10\/Axidian-blog-1-01.jpg?resize=768%2C248&amp;ssl=1 768w, https:\/\/i0.wp.com\/www.spg.com.tn\/wp-content\/uploads\/2023\/10\/Axidian-blog-1-01.jpg?resize=1536%2C496&amp;ssl=1 1536w, https:\/\/i0.wp.com\/www.spg.com.tn\/wp-content\/uploads\/2023\/10\/Axidian-blog-1-01.jpg?resize=2048%2C662&amp;ssl=1 2048w, https:\/\/i0.wp.com\/www.spg.com.tn\/wp-content\/uploads\/2023\/10\/Axidian-blog-1-01.jpg?resize=18%2C6&amp;ssl=1 18w, https:\/\/i0.wp.com\/www.spg.com.tn\/wp-content\/uploads\/2023\/10\/Axidian-blog-1-01.jpg?w=2340&amp;ssl=1 2340w, https:\/\/i0.wp.com\/www.spg.com.tn\/wp-content\/uploads\/2023\/10\/Axidian-blog-1-01.jpg?w=3510&amp;ssl=1 3510w\" sizes=\"auto, (max-width: 1170px) 100vw, 1170px\" \/><\/a>\n\t\t<\/figure>\n\t<\/div>\n\n\t<div class=\"wpb_text_column wpb_content_element \" >\n\t\t<div class=\"wpb_wrapper\">\n\t\t\t<p>Axidian est une fusion d'\u00a0\u00bbAxis\u00a0\u00bb et de \u00ab\u00a0Guardian\u00a0\u00bb. Il symbolise un d\u00e9fenseur fort et vigilant dans le domaine de la s\u00e9curit\u00e9 informatique. \u00ab\u00a0Axis\u00a0\u00bb repr\u00e9sente la nature essentielle de la s\u00e9curit\u00e9 dans le paysage num\u00e9rique. Le mot \u00ab\u00a0Guardian\u00a0\u00bb renforce la notion de protection et de sauvegarde contre les menaces.<\/p>\n\n\t\t<\/div>\n\t<\/div>\n<div class=\"vc_separator wpb_content_element vc_separator_align_center vc_sep_width_100 vc_sep_pos_align_center vc_separator_no_text vc_sep_color_grey\" ><span class=\"vc_sep_holder vc_sep_holder_l\"><span  class=\"vc_sep_line\"><\/span><\/span><span class=\"vc_sep_holder vc_sep_holder_r\"><span  class=\"vc_sep_line\"><\/span><\/span>\n<\/div><div class=\"row vc_row wpb_row vc_inner vc_row-fluid\"><div class=\"wpb_column vc_column_container col-sm-9\"><div class=\"vc_column-inner\"><div class=\"wpb_wrapper\">\n\t<div class=\"wpb_text_column wpb_content_element \" >\n\t\t<div class=\"wpb_wrapper\">\n\t\t\t<header>\n<h4 style=\"text-align: left;\">Pour plus d&rsquo;informations, merci de contacter notre service client<\/h4>\n<\/header>\n\n\t\t<\/div>\n\t<\/div>\n<\/div><\/div><\/div><div class=\"wpb_column vc_column_container col-sm-3\"><div class=\"vc_column-inner\"><div class=\"wpb_wrapper\"><div class=\"vc_btn3-container vc_btn3-center\" >\n\t<a class=\"vc_general vc_btn3 vc_btn3-size-md vc_btn3-shape-round vc_btn3-style-modern vc_btn3-color-primary\" href=\"\/contact\" title=\"\">Nous Contacter<\/a><\/div>\n<\/div><\/div><\/div><\/div><\/div><\/div><\/div><div class=\"wpb_column vc_column_container col-sm-4 vc_col-has-fill\"><div class=\"vc_column-inner vc_custom_1556556066320\"><div class=\"wpb_wrapper\"><div class=\"vc_empty_space\"   style=\"height: 20px\" ><span class=\"vc_empty_space_inner\"><\/span><\/div>\n\n\t<div  class=\"wpb_single_image wpb_content_element vc_align_left\">\n\t\t\n\t\t<figure class=\"wpb_wrapper vc_figure\">\n\t\t\t<a href=\"https:\/\/www.spg.com.tn\/wp-content\/uploads\/2023\/10\/booklet-axidian-2023-light.pdf\" target=\"_self\" class=\"vc_single_image-wrapper   vc_box_border_grey\"><img loading=\"lazy\" decoding=\"async\" width=\"891\" height=\"1024\" src=\"https:\/\/i0.wp.com\/www.spg.com.tn\/wp-content\/uploads\/2023\/10\/page-forcepoint-Recovered-09.jpg?fit=891%2C1024&amp;ssl=1\" class=\"vc_single_image-img attachment-large\" alt=\"page forcepoint [Recovered] 09\" srcset=\"https:\/\/i0.wp.com\/www.spg.com.tn\/wp-content\/uploads\/2023\/10\/page-forcepoint-Recovered-09.jpg?w=1319&amp;ssl=1 1319w, https:\/\/i0.wp.com\/www.spg.com.tn\/wp-content\/uploads\/2023\/10\/page-forcepoint-Recovered-09.jpg?resize=261%2C300&amp;ssl=1 261w, https:\/\/i0.wp.com\/www.spg.com.tn\/wp-content\/uploads\/2023\/10\/page-forcepoint-Recovered-09.jpg?resize=891%2C1024&amp;ssl=1 891w, https:\/\/i0.wp.com\/www.spg.com.tn\/wp-content\/uploads\/2023\/10\/page-forcepoint-Recovered-09.jpg?resize=768%2C883&amp;ssl=1 768w, https:\/\/i0.wp.com\/www.spg.com.tn\/wp-content\/uploads\/2023\/10\/page-forcepoint-Recovered-09.jpg?resize=10%2C12&amp;ssl=1 10w\" sizes=\"auto, (max-width: 891px) 100vw, 891px\" \/><\/a>\n\t\t<\/figure>\n\t<\/div>\n<\/div><\/div><\/div><\/div><\/div>\n","protected":false},"excerpt":{"rendered":"Axidian est votre protecteur in\u00e9branlable contre les risques potentiels et les vuln\u00e9rabilit\u00e9s dans le domaine de l'informatique. Axidian est une fusion d'\"Axis\"...","protected":false},"author":10,"featured_media":0,"parent":3089,"menu_order":0,"comment_status":"closed","ping_status":"closed","template":"","meta":{"om_disable_all_campaigns":false,"_exactmetrics_skip_tracking":false,"_exactmetrics_sitenote_active":false,"_exactmetrics_sitenote_note":"","_exactmetrics_sitenote_category":0,"_monsterinsights_skip_tracking":false,"_monsterinsights_sitenote_active":false,"_monsterinsights_sitenote_note":"","_monsterinsights_sitenote_category":0,"_uf_show_specific_survey":0,"_uf_disable_surveys":false,"jetpack_post_was_ever_published":false,"footnotes":""},"class_list":["post-49419","page","type-page","status-publish","hentry"],"aioseo_notices":[],"yoast_head":"<!-- This site is optimized with the Yoast SEO plugin v27.4 - https:\/\/yoast.com\/product\/yoast-seo-wordpress\/ -->\n<title>Axidian - SPG - Onduleurs et parasurtenseurs.<\/title>\n<meta name=\"description\" content=\"INFOSEC, soci\u00e9t\u00e9 fran\u00e7aise, fabrique et commercialise \u00e0 l\u2019\u00e9chelle international des onduleurs et parasurtenseurs depuis plus de 25 ans.\" \/>\n<meta name=\"robots\" content=\"index, follow, max-snippet:-1, max-image-preview:large, max-video-preview:-1\" \/>\n<link rel=\"canonical\" href=\"https:\/\/www.spg.com.tn\/en\/marques\/axidian\/\" \/>\n<meta property=\"og:locale\" content=\"en_US\" \/>\n<meta property=\"og:type\" content=\"article\" \/>\n<meta property=\"og:title\" content=\"Axidian - SPG - Onduleurs et parasurtenseurs.\" \/>\n<meta property=\"og:description\" content=\"INFOSEC, soci\u00e9t\u00e9 fran\u00e7aise, fabrique et commercialise \u00e0 l\u2019\u00e9chelle international des onduleurs et parasurtenseurs depuis plus de 25 ans.\" \/>\n<meta property=\"og:url\" content=\"https:\/\/www.spg.com.tn\/en\/marques\/axidian\/\" \/>\n<meta property=\"og:site_name\" content=\"SPG\" \/>\n<meta property=\"article:publisher\" content=\"https:\/\/www.facebook.com\/SPG.Software.Productivity.Group\/\" \/>\n<meta property=\"article:modified_time\" content=\"2025-08-20T08:22:48+00:00\" \/>\n<meta name=\"twitter:card\" content=\"summary_large_image\" \/>\n<meta name=\"twitter:label1\" content=\"Est. reading time\" \/>\n\t<meta name=\"twitter:data1\" content=\"1 minute\" \/>\n<script type=\"application\/ld+json\" class=\"yoast-schema-graph\">{\"@context\":\"https:\\\/\\\/schema.org\",\"@graph\":[{\"@type\":\"WebPage\",\"@id\":\"https:\\\/\\\/www.spg.com.tn\\\/marques\\\/axidian\\\/\",\"url\":\"https:\\\/\\\/www.spg.com.tn\\\/marques\\\/axidian\\\/\",\"name\":\"Axidian - SPG - Onduleurs et parasurtenseurs.\",\"isPartOf\":{\"@id\":\"https:\\\/\\\/www.spg.com.tn\\\/#website\"},\"datePublished\":\"2022-03-25T15:30:57+00:00\",\"dateModified\":\"2025-08-20T08:22:48+00:00\",\"description\":\"INFOSEC, soci\u00e9t\u00e9 fran\u00e7aise, fabrique et commercialise \u00e0 l\u2019\u00e9chelle international des onduleurs et parasurtenseurs depuis plus de 25 ans.\",\"breadcrumb\":{\"@id\":\"https:\\\/\\\/www.spg.com.tn\\\/marques\\\/axidian\\\/#breadcrumb\"},\"inLanguage\":\"en-US\",\"potentialAction\":[{\"@type\":\"ReadAction\",\"target\":[\"https:\\\/\\\/www.spg.com.tn\\\/marques\\\/axidian\\\/\"]}]},{\"@type\":\"BreadcrumbList\",\"@id\":\"https:\\\/\\\/www.spg.com.tn\\\/marques\\\/axidian\\\/#breadcrumb\",\"itemListElement\":[{\"@type\":\"ListItem\",\"position\":1,\"name\":\"Accueil\",\"item\":\"https:\\\/\\\/www.spg.com.tn\\\/\"},{\"@type\":\"ListItem\",\"position\":2,\"name\":\"MARQUES\",\"item\":\"https:\\\/\\\/www.spg.com.tn\\\/marques\\\/\"},{\"@type\":\"ListItem\",\"position\":3,\"name\":\"Axidian\"}]},{\"@type\":\"WebSite\",\"@id\":\"https:\\\/\\\/www.spg.com.tn\\\/#website\",\"url\":\"https:\\\/\\\/www.spg.com.tn\\\/\",\"name\":\"SPG\",\"description\":\"Grossiste Informatique \u00e0 Valeur ajout\u00e9e\",\"publisher\":{\"@id\":\"https:\\\/\\\/www.spg.com.tn\\\/#organization\"},\"alternateName\":\"SPG distributeur des solutions\",\"potentialAction\":[{\"@type\":\"SearchAction\",\"target\":{\"@type\":\"EntryPoint\",\"urlTemplate\":\"https:\\\/\\\/www.spg.com.tn\\\/?s={search_term_string}\"},\"query-input\":{\"@type\":\"PropertyValueSpecification\",\"valueRequired\":true,\"valueName\":\"search_term_string\"}}],\"inLanguage\":\"en-US\"},{\"@type\":\"Organization\",\"@id\":\"https:\\\/\\\/www.spg.com.tn\\\/#organization\",\"name\":\"SPG\",\"url\":\"https:\\\/\\\/www.spg.com.tn\\\/\",\"logo\":{\"@type\":\"ImageObject\",\"inLanguage\":\"en-US\",\"@id\":\"https:\\\/\\\/www.spg.com.tn\\\/#\\\/schema\\\/logo\\\/image\\\/\",\"url\":\"https:\\\/\\\/i0.wp.com\\\/www.spg.com.tn\\\/wp-content\\\/uploads\\\/2023\\\/07\\\/Logo-SPG-new.png?fit=300%2C133&ssl=1\",\"contentUrl\":\"https:\\\/\\\/i0.wp.com\\\/www.spg.com.tn\\\/wp-content\\\/uploads\\\/2023\\\/07\\\/Logo-SPG-new.png?fit=300%2C133&ssl=1\",\"width\":300,\"height\":133,\"caption\":\"SPG\"},\"image\":{\"@id\":\"https:\\\/\\\/www.spg.com.tn\\\/#\\\/schema\\\/logo\\\/image\\\/\"},\"sameAs\":[\"https:\\\/\\\/www.facebook.com\\\/SPG.Software.Productivity.Group\\\/\",\"https:\\\/\\\/www.linkedin.com\\\/company\\\/software-productivity-group-spg\\\/\"]}]}<\/script>\n<!-- \/ Yoast SEO plugin. -->","yoast_head_json":{"title":"Axidian - SPG - Onduleurs et parasurtenseurs.","description":"INFOSEC, soci\u00e9t\u00e9 fran\u00e7aise, fabrique et commercialise \u00e0 l\u2019\u00e9chelle international des onduleurs et parasurtenseurs depuis plus de 25 ans.","robots":{"index":"index","follow":"follow","max-snippet":"max-snippet:-1","max-image-preview":"max-image-preview:large","max-video-preview":"max-video-preview:-1"},"canonical":"https:\/\/www.spg.com.tn\/en\/marques\/axidian\/","og_locale":"en_US","og_type":"article","og_title":"Axidian - SPG - Onduleurs et parasurtenseurs.","og_description":"INFOSEC, soci\u00e9t\u00e9 fran\u00e7aise, fabrique et commercialise \u00e0 l\u2019\u00e9chelle international des onduleurs et parasurtenseurs depuis plus de 25 ans.","og_url":"https:\/\/www.spg.com.tn\/en\/marques\/axidian\/","og_site_name":"SPG","article_publisher":"https:\/\/www.facebook.com\/SPG.Software.Productivity.Group\/","article_modified_time":"2025-08-20T08:22:48+00:00","twitter_card":"summary_large_image","twitter_misc":{"Est. reading time":"1 minute"},"schema":{"@context":"https:\/\/schema.org","@graph":[{"@type":"WebPage","@id":"https:\/\/www.spg.com.tn\/marques\/axidian\/","url":"https:\/\/www.spg.com.tn\/marques\/axidian\/","name":"Axidian - SPG - Onduleurs et parasurtenseurs.","isPartOf":{"@id":"https:\/\/www.spg.com.tn\/#website"},"datePublished":"2022-03-25T15:30:57+00:00","dateModified":"2025-08-20T08:22:48+00:00","description":"INFOSEC, soci\u00e9t\u00e9 fran\u00e7aise, fabrique et commercialise \u00e0 l\u2019\u00e9chelle international des onduleurs et parasurtenseurs depuis plus de 25 ans.","breadcrumb":{"@id":"https:\/\/www.spg.com.tn\/marques\/axidian\/#breadcrumb"},"inLanguage":"en-US","potentialAction":[{"@type":"ReadAction","target":["https:\/\/www.spg.com.tn\/marques\/axidian\/"]}]},{"@type":"BreadcrumbList","@id":"https:\/\/www.spg.com.tn\/marques\/axidian\/#breadcrumb","itemListElement":[{"@type":"ListItem","position":1,"name":"Accueil","item":"https:\/\/www.spg.com.tn\/"},{"@type":"ListItem","position":2,"name":"MARQUES","item":"https:\/\/www.spg.com.tn\/marques\/"},{"@type":"ListItem","position":3,"name":"Axidian"}]},{"@type":"WebSite","@id":"https:\/\/www.spg.com.tn\/#website","url":"https:\/\/www.spg.com.tn\/","name":"SPG","description":"Grossiste Informatique \u00e0 Valeur ajout\u00e9e","publisher":{"@id":"https:\/\/www.spg.com.tn\/#organization"},"alternateName":"SPG distributeur des solutions","potentialAction":[{"@type":"SearchAction","target":{"@type":"EntryPoint","urlTemplate":"https:\/\/www.spg.com.tn\/?s={search_term_string}"},"query-input":{"@type":"PropertyValueSpecification","valueRequired":true,"valueName":"search_term_string"}}],"inLanguage":"en-US"},{"@type":"Organization","@id":"https:\/\/www.spg.com.tn\/#organization","name":"SPG","url":"https:\/\/www.spg.com.tn\/","logo":{"@type":"ImageObject","inLanguage":"en-US","@id":"https:\/\/www.spg.com.tn\/#\/schema\/logo\/image\/","url":"https:\/\/i0.wp.com\/www.spg.com.tn\/wp-content\/uploads\/2023\/07\/Logo-SPG-new.png?fit=300%2C133&ssl=1","contentUrl":"https:\/\/i0.wp.com\/www.spg.com.tn\/wp-content\/uploads\/2023\/07\/Logo-SPG-new.png?fit=300%2C133&ssl=1","width":300,"height":133,"caption":"SPG"},"image":{"@id":"https:\/\/www.spg.com.tn\/#\/schema\/logo\/image\/"},"sameAs":["https:\/\/www.facebook.com\/SPG.Software.Productivity.Group\/","https:\/\/www.linkedin.com\/company\/software-productivity-group-spg\/"]}]}},"jetpack_sharing_enabled":true,"jetpack_shortlink":"https:\/\/wp.me\/PaWB6B-cR5","jetpack_likes_enabled":true,"jetpack-related-posts":[],"_links":{"self":[{"href":"https:\/\/www.spg.com.tn\/en\/wp-json\/wp\/v2\/pages\/49419","targetHints":{"allow":["GET"]}}],"collection":[{"href":"https:\/\/www.spg.com.tn\/en\/wp-json\/wp\/v2\/pages"}],"about":[{"href":"https:\/\/www.spg.com.tn\/en\/wp-json\/wp\/v2\/types\/page"}],"author":[{"embeddable":true,"href":"https:\/\/www.spg.com.tn\/en\/wp-json\/wp\/v2\/users\/10"}],"replies":[{"embeddable":true,"href":"https:\/\/www.spg.com.tn\/en\/wp-json\/wp\/v2\/comments?post=49419"}],"version-history":[{"count":35,"href":"https:\/\/www.spg.com.tn\/en\/wp-json\/wp\/v2\/pages\/49419\/revisions"}],"predecessor-version":[{"id":122726,"href":"https:\/\/www.spg.com.tn\/en\/wp-json\/wp\/v2\/pages\/49419\/revisions\/122726"}],"up":[{"embeddable":true,"href":"https:\/\/www.spg.com.tn\/en\/wp-json\/wp\/v2\/pages\/3089"}],"wp:attachment":[{"href":"https:\/\/www.spg.com.tn\/en\/wp-json\/wp\/v2\/media?parent=49419"}],"curies":[{"name":"wp","href":"https:\/\/api.w.org\/{rel}","templated":true}]}}