{"id":50606,"date":"2022-06-24T11:33:50","date_gmt":"2022-06-24T11:33:50","guid":{"rendered":"https:\/\/www.spg.com.tn\/?page_id=50606"},"modified":"2022-06-27T09:08:55","modified_gmt":"2022-06-27T09:08:55","slug":"ingenieur-support-cloud-cybersecurite","status":"publish","type":"page","link":"https:\/\/www.spg.com.tn\/en\/ingenieur-support-cloud-cybersecurite\/","title":{"rendered":"INGENIEUR SUPPORT CLOUD &#038; CYBERSECURITE"},"content":{"rendered":"<section class=\"switchable switchable--switch imagebg height-50\" data-overlay=\"2\" >\n\t\t\t    <div class=\"background-image-holder\"><img loading=\"lazy\" decoding=\"async\" width=\"1808\" height=\"760\" src=\"https:\/\/i0.wp.com\/www.spg.com.tn\/wp-content\/uploads\/2022\/06\/Artboard-7-2.png?fit=1808%2C760&amp;ssl=1\" class=\"attachment-full size-full\" alt=\"Artboard 7 2\" srcset=\"https:\/\/i0.wp.com\/www.spg.com.tn\/wp-content\/uploads\/2022\/06\/Artboard-7-2.png?w=1808&amp;ssl=1 1808w, https:\/\/i0.wp.com\/www.spg.com.tn\/wp-content\/uploads\/2022\/06\/Artboard-7-2.png?resize=300%2C126&amp;ssl=1 300w, https:\/\/i0.wp.com\/www.spg.com.tn\/wp-content\/uploads\/2022\/06\/Artboard-7-2.png?resize=1024%2C430&amp;ssl=1 1024w, https:\/\/i0.wp.com\/www.spg.com.tn\/wp-content\/uploads\/2022\/06\/Artboard-7-2.png?resize=768%2C323&amp;ssl=1 768w, https:\/\/i0.wp.com\/www.spg.com.tn\/wp-content\/uploads\/2022\/06\/Artboard-7-2.png?resize=1536%2C646&amp;ssl=1 1536w, https:\/\/i0.wp.com\/www.spg.com.tn\/wp-content\/uploads\/2022\/06\/Artboard-7-2.png?resize=18%2C8&amp;ssl=1 18w\" sizes=\"auto, (max-width: 1170px) 100vw, 1170px\" \/><\/div>\n\t\t\t    <div class=\"container pos-vertical-center\">\n\t\t\t        <div class=\"row\">\n\t\t\t            <div class=\"col-sm-6\"><div class=\"vc_empty_space\"   style=\"height: 6px\" ><span class=\"vc_empty_space_inner\"><\/span><\/div>\n<\/div>\n\t\t\t        <\/div><!--end of row-->\n\t\t\t    <\/div><!--end of container-->\n\t\t\t    \n\t\t\t<\/section>\n\t\t<div class=\"vc_row-full-width vc_clearfix\"><\/div><div class=\"container\"><div class=\"vc_row wpb_row vc_row-fluid\"><div class=\"wpb_column vc_column_container col-sm-12\"><div class=\"vc_column-inner\"><div class=\"wpb_wrapper\"><div class=\"vc_empty_space\"   style=\"height: 32px\" ><span class=\"vc_empty_space_inner\"><\/span><\/div>\n<\/div><\/div><\/div><\/div><\/div><div class=\"container\"><div class=\"vc_row wpb_row vc_row-fluid\"><div class=\"wpb_column vc_column_container col-sm-12\"><div class=\"vc_column-inner\"><div class=\"wpb_wrapper\"><div class=\"vc_empty_space\"   style=\"height: 50px\" ><span class=\"vc_empty_space_inner\"><\/span><\/div>\n<h2 style=\"font-size: 30px;color: #002846;text-align: center;font-family:ABeeZee;font-weight:400;font-style:normal\" class=\"vc_custom_heading\" >INGENIEUR SUPPORT CLOUD &amp; CYBERSECURITE<\/h2><\/div><\/div><\/div><\/div><\/div><div data-vc-full-width=\"true\" data-vc-full-width-init=\"false\" class=\"vc_row wpb_row vc_row-fluid\"><div class=\"wpb_column vc_column_container col-sm-3\"><div class=\"vc_column-inner\"><div class=\"wpb_wrapper\"><\/div><\/div><\/div><div class=\"wpb_column vc_column_container col-sm-3\"><div class=\"vc_column-inner\"><div class=\"wpb_wrapper\"><div class=\"vc_empty_space\"   style=\"height: 30px\" ><span class=\"vc_empty_space_inner\"><\/span><\/div>\n<h4 style=\"font-size: 20px;color: #002846;text-align: left;font-family:ABeeZee;font-weight:400;font-style:normal\" class=\"vc_custom_heading\" ><a href=\"https:\/\/wp.me\/PaWB6B-cjd\" target=\" _blank\">DESCRIPTION<\/a><\/h4><h2 style=\"font-size: 20px;color: #000000;text-align: justify\" class=\"vc_custom_heading\" >Bas\u00e9e en Tunisie depuis 1992, SPG agit sur le march\u00e9 r\u00e9gional (Afrique du nord et certains pays en Afrique) en tant distributeur informatique \u00e0 valeur ajout\u00e9e (Value-Added Distributor), de solutions informatiques leader dans leurs domaines (Microsoft, Broadcom, Forcepoint, Sophos, Rohde &amp; Schwarz, Rapid7, Infosec-UPS System, Salicru, Indeed-ID et Acronis)<br \/>\nSPG recrute un \u00ab Ing\u00e9nieur Support Cloud &amp; cybers\u00e9curit\u00e9 \u00bb<\/h2><h4 style=\"font-size: 20px;color: #002846;text-align: left;font-family:ABeeZee;font-weight:400;font-style:normal\" class=\"vc_custom_heading\" ><a href=\"https:\/\/wp.me\/PaWB6B-cjd\" target=\" _blank\">LES MISSIONS<\/a><\/h4><h2 style=\"font-size: 20px;color: #000000;text-align: justify\" class=\"vc_custom_heading\" >Consistera principalement \u00e0 \u00eatre le r\u00e9f\u00e9rant technique aupr\u00e8s de nos partenaires \u00ab revendeurs informatiques \u00bb et de leurs clients finaux sur des missions de transformation digitale en renfor\u00e7ant d\u2019une mani\u00e8re continue et en apportant votre expertise technique sur les technologies Cloud de Microsoft (Microsoft 365, Azure)<\/h2><section class=\"vc_cta3-container\" >\n\t<div class=\"vc_general vc_cta3 vc_cta3-style-classic vc_cta3-shape-rounded vc_cta3-align-left vc_cta3-color-classic vc_cta3-icon-size-md\">\n\t\t\t\t\t\t<div class=\"vc_cta3_content-container\">\n\t\t\t\t\t\t\t\t\t<div class=\"vc_cta3-content\">\n\t\t\t\t<header class=\"vc_cta3-content-header\">\n\t\t\t\t\t<h2>Alors rejoignez SPG<\/h2>\t\t\t\t\t<h4>Merci d\u2019adresser votre candidature (CV, lettre de motivation, certifications, photo, r\u00e9f\u00e9rences et pr\u00e9tentions) par e-mail :<\/h4>\t\t\t\t<\/header>\n\t\t\t\t<h3 id=\"bouton\"><span style=\"color: #3366ff;\"><a class=\"bouton\" style=\"text-decoration: none; color: #3366ff;\" href=\"mailto:GRH-SPG@spg.com.tn?subject=Demande d'informations\">GRH-SPG@spg.com.tn<\/a><\/span><\/h3>\n\t\t\t<\/div>\n\t\t\t\t\t\t\t\t<\/div>\n\t\t\t\t\t<\/div>\n<\/section>\n\n<\/div><\/div><\/div><div class=\"wpb_column vc_column_container col-sm-3\"><div class=\"vc_column-inner\"><div class=\"wpb_wrapper\"><div class=\"vc_empty_space\"   style=\"height: 100px\" ><span class=\"vc_empty_space_inner\"><\/span><\/div>\n\n\t<div  class=\"wpb_single_image wpb_content_element vc_align_left\">\n\t\t\n\t\t<figure class=\"wpb_wrapper vc_figure\">\n\t\t\t<a href=\"https:\/\/www.linkedin.com\/jobs\/view\/3141458233\" target=\"_self\" class=\"vc_single_image-wrapper   vc_box_border_grey\"><img loading=\"lazy\" decoding=\"async\" width=\"661\" height=\"493\" src=\"https:\/\/i0.wp.com\/www.spg.com.tn\/wp-content\/uploads\/2022\/06\/Artboard-170.png?fit=661%2C493&amp;ssl=1\" class=\"vc_single_image-img attachment-large\" alt=\"Artboard 170\" srcset=\"https:\/\/i0.wp.com\/www.spg.com.tn\/wp-content\/uploads\/2022\/06\/Artboard-170.png?w=661&amp;ssl=1 661w, https:\/\/i0.wp.com\/www.spg.com.tn\/wp-content\/uploads\/2022\/06\/Artboard-170.png?resize=300%2C224&amp;ssl=1 300w, https:\/\/i0.wp.com\/www.spg.com.tn\/wp-content\/uploads\/2022\/06\/Artboard-170.png?resize=16%2C12&amp;ssl=1 16w\" sizes=\"auto, (max-width: 661px) 100vw, 661px\" \/><\/a>\n\t\t<\/figure>\n\t<\/div>\n<h4 style=\"font-size: 23px;color: #002846;text-align: left;font-family:ABeeZee;font-weight:400;font-style:normal\" class=\"vc_custom_heading\" ><a href=\"https:\/\/wp.me\/PaWB6B-cjd\" target=\" _blank\">PROFIL<\/a><\/h4><h2 style=\"font-size: 20px;color: #000000;text-align: justify\" class=\"vc_custom_heading\" >- De formation sup\u00e9rieure Bac+5, dipl\u00f4m\u00e9(e) d\u2019une \u00e9cole d\u2019ing\u00e9nieurs, ou grande universit\u00e9<br \/>\n- Vous justifiez d'une bonne formation acad\u00e9mique ou d\u2019une premi\u00e8re exp\u00e9rience professionnelle dans une des technologies suivantes : Infrastructure, messagerie Microsoft, comme Exchange et Office 365 et\/ou virtualisation et\/ou Cloud de Microsoft<br \/>\n- Serait consid\u00e9r\u00e9 un plus le fait de disposer d\u00e9j\u00e0 d\u2019une certification Cloud Microsoft<br \/>\n- Force de proposition<br \/>\n- Excellent communiquant et p\u00e9dagogue, vous \u00eates dot\u00e9(e) d'un bon contact client, d'un esprit d'\u00e9quipe et d'un sens du terrain<br \/>\n- Vous Disposez d\u2019un excellent niveau de communication (\u00e9crit et oral). Vous avez une parfaite ma\u00eetrise de la langue fran\u00e7aise et d\u2019une bonne ma\u00eetrise de l'anglais indispensable pour le suivi des formations techniques et des certifications constructrices<br \/>\n- Vous \u00eates curieux(se), cr\u00e9atif(ve) et dispos\u00e9(e) d\u2019un fort int\u00e9r\u00eat aux nouvelles technologies.<\/h2><\/div><\/div><\/div><div class=\"wpb_column vc_column_container col-sm-3\"><div class=\"vc_column-inner\"><div class=\"wpb_wrapper\"><\/div><\/div><\/div><\/div><div class=\"vc_row-full-width vc_clearfix\"><\/div><section class=\"\" ><\/section>","protected":false},"excerpt":{"rendered":"INGENIEUR SUPPORT CLOUD &amp; CYBERSECURITE DESCRIPTIONBas\u00e9e en Tunisie depuis 1992, SPG agit sur le march\u00e9 r\u00e9gional (Afrique du nord et certains pays...","protected":false},"author":10,"featured_media":0,"parent":0,"menu_order":0,"comment_status":"closed","ping_status":"closed","template":"","meta":{"om_disable_all_campaigns":false,"_exactmetrics_skip_tracking":false,"_exactmetrics_sitenote_active":false,"_exactmetrics_sitenote_note":"","_exactmetrics_sitenote_category":0,"_monsterinsights_skip_tracking":false,"_monsterinsights_sitenote_active":false,"_monsterinsights_sitenote_note":"","_monsterinsights_sitenote_category":0,"_uf_show_specific_survey":0,"_uf_disable_surveys":false,"jetpack_post_was_ever_published":false,"footnotes":""},"class_list":["post-50606","page","type-page","status-publish","hentry"],"aioseo_notices":[],"yoast_head":"<!-- This site is optimized with the Yoast SEO plugin v27.4 - https:\/\/yoast.com\/product\/yoast-seo-wordpress\/ -->\n<title>INGENIEUR SUPPORT CLOUD &amp; CYBERSECURITE - SPG<\/title>\n<meta name=\"robots\" content=\"index, follow, max-snippet:-1, max-image-preview:large, max-video-preview:-1\" \/>\n<link rel=\"canonical\" href=\"https:\/\/www.spg.com.tn\/en\/ingenieur-support-cloud-cybersecurite\/\" \/>\n<meta property=\"og:locale\" content=\"en_US\" \/>\n<meta property=\"og:type\" content=\"article\" \/>\n<meta property=\"og:title\" content=\"INGENIEUR SUPPORT CLOUD &amp; CYBERSECURITE - SPG\" \/>\n<meta property=\"og:url\" content=\"https:\/\/www.spg.com.tn\/en\/ingenieur-support-cloud-cybersecurite\/\" \/>\n<meta property=\"og:site_name\" content=\"SPG\" \/>\n<meta property=\"article:publisher\" content=\"https:\/\/www.facebook.com\/SPG.Software.Productivity.Group\/\" \/>\n<meta property=\"article:modified_time\" content=\"2022-06-27T09:08:55+00:00\" \/>\n<meta name=\"twitter:card\" content=\"summary_large_image\" \/>\n<meta name=\"twitter:label1\" content=\"Est. reading time\" \/>\n\t<meta name=\"twitter:data1\" content=\"2 minutes\" \/>\n<script type=\"application\/ld+json\" class=\"yoast-schema-graph\">{\"@context\":\"https:\\\/\\\/schema.org\",\"@graph\":[{\"@type\":\"WebPage\",\"@id\":\"https:\\\/\\\/www.spg.com.tn\\\/ingenieur-support-cloud-cybersecurite\\\/\",\"url\":\"https:\\\/\\\/www.spg.com.tn\\\/ingenieur-support-cloud-cybersecurite\\\/\",\"name\":\"INGENIEUR SUPPORT CLOUD & CYBERSECURITE - SPG\",\"isPartOf\":{\"@id\":\"https:\\\/\\\/www.spg.com.tn\\\/#website\"},\"datePublished\":\"2022-06-24T11:33:50+00:00\",\"dateModified\":\"2022-06-27T09:08:55+00:00\",\"breadcrumb\":{\"@id\":\"https:\\\/\\\/www.spg.com.tn\\\/ingenieur-support-cloud-cybersecurite\\\/#breadcrumb\"},\"inLanguage\":\"en-US\",\"potentialAction\":[{\"@type\":\"ReadAction\",\"target\":[\"https:\\\/\\\/www.spg.com.tn\\\/ingenieur-support-cloud-cybersecurite\\\/\"]}]},{\"@type\":\"BreadcrumbList\",\"@id\":\"https:\\\/\\\/www.spg.com.tn\\\/ingenieur-support-cloud-cybersecurite\\\/#breadcrumb\",\"itemListElement\":[{\"@type\":\"ListItem\",\"position\":1,\"name\":\"Accueil\",\"item\":\"https:\\\/\\\/www.spg.com.tn\\\/\"},{\"@type\":\"ListItem\",\"position\":2,\"name\":\"INGENIEUR SUPPORT CLOUD &#038; CYBERSECURITE\"}]},{\"@type\":\"WebSite\",\"@id\":\"https:\\\/\\\/www.spg.com.tn\\\/#website\",\"url\":\"https:\\\/\\\/www.spg.com.tn\\\/\",\"name\":\"SPG\",\"description\":\"Grossiste Informatique \u00e0 Valeur ajout\u00e9e\",\"publisher\":{\"@id\":\"https:\\\/\\\/www.spg.com.tn\\\/#organization\"},\"alternateName\":\"SPG distributeur des solutions\",\"potentialAction\":[{\"@type\":\"SearchAction\",\"target\":{\"@type\":\"EntryPoint\",\"urlTemplate\":\"https:\\\/\\\/www.spg.com.tn\\\/?s={search_term_string}\"},\"query-input\":{\"@type\":\"PropertyValueSpecification\",\"valueRequired\":true,\"valueName\":\"search_term_string\"}}],\"inLanguage\":\"en-US\"},{\"@type\":\"Organization\",\"@id\":\"https:\\\/\\\/www.spg.com.tn\\\/#organization\",\"name\":\"SPG\",\"url\":\"https:\\\/\\\/www.spg.com.tn\\\/\",\"logo\":{\"@type\":\"ImageObject\",\"inLanguage\":\"en-US\",\"@id\":\"https:\\\/\\\/www.spg.com.tn\\\/#\\\/schema\\\/logo\\\/image\\\/\",\"url\":\"https:\\\/\\\/i0.wp.com\\\/www.spg.com.tn\\\/wp-content\\\/uploads\\\/2023\\\/07\\\/Logo-SPG-new.png?fit=300%2C133&ssl=1\",\"contentUrl\":\"https:\\\/\\\/i0.wp.com\\\/www.spg.com.tn\\\/wp-content\\\/uploads\\\/2023\\\/07\\\/Logo-SPG-new.png?fit=300%2C133&ssl=1\",\"width\":300,\"height\":133,\"caption\":\"SPG\"},\"image\":{\"@id\":\"https:\\\/\\\/www.spg.com.tn\\\/#\\\/schema\\\/logo\\\/image\\\/\"},\"sameAs\":[\"https:\\\/\\\/www.facebook.com\\\/SPG.Software.Productivity.Group\\\/\",\"https:\\\/\\\/www.linkedin.com\\\/company\\\/software-productivity-group-spg\\\/\"]}]}<\/script>\n<!-- \/ Yoast SEO plugin. -->","yoast_head_json":{"title":"INGENIEUR SUPPORT CLOUD & CYBERSECURITE - SPG","robots":{"index":"index","follow":"follow","max-snippet":"max-snippet:-1","max-image-preview":"max-image-preview:large","max-video-preview":"max-video-preview:-1"},"canonical":"https:\/\/www.spg.com.tn\/en\/ingenieur-support-cloud-cybersecurite\/","og_locale":"en_US","og_type":"article","og_title":"INGENIEUR SUPPORT CLOUD & CYBERSECURITE - SPG","og_url":"https:\/\/www.spg.com.tn\/en\/ingenieur-support-cloud-cybersecurite\/","og_site_name":"SPG","article_publisher":"https:\/\/www.facebook.com\/SPG.Software.Productivity.Group\/","article_modified_time":"2022-06-27T09:08:55+00:00","twitter_card":"summary_large_image","twitter_misc":{"Est. reading time":"2 minutes"},"schema":{"@context":"https:\/\/schema.org","@graph":[{"@type":"WebPage","@id":"https:\/\/www.spg.com.tn\/ingenieur-support-cloud-cybersecurite\/","url":"https:\/\/www.spg.com.tn\/ingenieur-support-cloud-cybersecurite\/","name":"INGENIEUR SUPPORT CLOUD & CYBERSECURITE - SPG","isPartOf":{"@id":"https:\/\/www.spg.com.tn\/#website"},"datePublished":"2022-06-24T11:33:50+00:00","dateModified":"2022-06-27T09:08:55+00:00","breadcrumb":{"@id":"https:\/\/www.spg.com.tn\/ingenieur-support-cloud-cybersecurite\/#breadcrumb"},"inLanguage":"en-US","potentialAction":[{"@type":"ReadAction","target":["https:\/\/www.spg.com.tn\/ingenieur-support-cloud-cybersecurite\/"]}]},{"@type":"BreadcrumbList","@id":"https:\/\/www.spg.com.tn\/ingenieur-support-cloud-cybersecurite\/#breadcrumb","itemListElement":[{"@type":"ListItem","position":1,"name":"Accueil","item":"https:\/\/www.spg.com.tn\/"},{"@type":"ListItem","position":2,"name":"INGENIEUR SUPPORT CLOUD &#038; CYBERSECURITE"}]},{"@type":"WebSite","@id":"https:\/\/www.spg.com.tn\/#website","url":"https:\/\/www.spg.com.tn\/","name":"SPG","description":"Grossiste Informatique \u00e0 Valeur ajout\u00e9e","publisher":{"@id":"https:\/\/www.spg.com.tn\/#organization"},"alternateName":"SPG distributeur des solutions","potentialAction":[{"@type":"SearchAction","target":{"@type":"EntryPoint","urlTemplate":"https:\/\/www.spg.com.tn\/?s={search_term_string}"},"query-input":{"@type":"PropertyValueSpecification","valueRequired":true,"valueName":"search_term_string"}}],"inLanguage":"en-US"},{"@type":"Organization","@id":"https:\/\/www.spg.com.tn\/#organization","name":"SPG","url":"https:\/\/www.spg.com.tn\/","logo":{"@type":"ImageObject","inLanguage":"en-US","@id":"https:\/\/www.spg.com.tn\/#\/schema\/logo\/image\/","url":"https:\/\/i0.wp.com\/www.spg.com.tn\/wp-content\/uploads\/2023\/07\/Logo-SPG-new.png?fit=300%2C133&ssl=1","contentUrl":"https:\/\/i0.wp.com\/www.spg.com.tn\/wp-content\/uploads\/2023\/07\/Logo-SPG-new.png?fit=300%2C133&ssl=1","width":300,"height":133,"caption":"SPG"},"image":{"@id":"https:\/\/www.spg.com.tn\/#\/schema\/logo\/image\/"},"sameAs":["https:\/\/www.facebook.com\/SPG.Software.Productivity.Group\/","https:\/\/www.linkedin.com\/company\/software-productivity-group-spg\/"]}]}},"jetpack_sharing_enabled":true,"jetpack_shortlink":"https:\/\/wp.me\/PaWB6B-dae","jetpack_likes_enabled":true,"jetpack-related-posts":[],"_links":{"self":[{"href":"https:\/\/www.spg.com.tn\/en\/wp-json\/wp\/v2\/pages\/50606","targetHints":{"allow":["GET"]}}],"collection":[{"href":"https:\/\/www.spg.com.tn\/en\/wp-json\/wp\/v2\/pages"}],"about":[{"href":"https:\/\/www.spg.com.tn\/en\/wp-json\/wp\/v2\/types\/page"}],"author":[{"embeddable":true,"href":"https:\/\/www.spg.com.tn\/en\/wp-json\/wp\/v2\/users\/10"}],"replies":[{"embeddable":true,"href":"https:\/\/www.spg.com.tn\/en\/wp-json\/wp\/v2\/comments?post=50606"}],"version-history":[{"count":28,"href":"https:\/\/www.spg.com.tn\/en\/wp-json\/wp\/v2\/pages\/50606\/revisions"}],"predecessor-version":[{"id":50633,"href":"https:\/\/www.spg.com.tn\/en\/wp-json\/wp\/v2\/pages\/50606\/revisions\/50633"}],"wp:attachment":[{"href":"https:\/\/www.spg.com.tn\/en\/wp-json\/wp\/v2\/media?parent=50606"}],"curies":[{"name":"wp","href":"https:\/\/api.w.org\/{rel}","templated":true}]}}