{"id":57880,"date":"2023-08-31T09:25:51","date_gmt":"2023-08-31T09:25:51","guid":{"rendered":"https:\/\/www.spg.com.tn\/?page_id=57880"},"modified":"2025-08-20T08:40:57","modified_gmt":"2025-08-20T08:40:57","slug":"forcepoint-2","status":"publish","type":"page","link":"https:\/\/www.spg.com.tn\/en\/marques\/forcepoint-2\/","title":{"rendered":"Forcepoint"},"content":{"rendered":"<section class=\"switchable switchable--switch imagebg height-40\" data-overlay=\"0\" >\n\t\t\t    <div class=\"background-image-holder\"><img loading=\"lazy\" decoding=\"async\" width=\"1920\" height=\"383\" src=\"https:\/\/i0.wp.com\/www.spg.com.tn\/wp-content\/uploads\/2025\/08\/banner-forcepoint.jpg?fit=1920%2C383&amp;ssl=1\" class=\"attachment-full size-full\" alt=\"banner forcepoint\" srcset=\"https:\/\/i0.wp.com\/www.spg.com.tn\/wp-content\/uploads\/2025\/08\/banner-forcepoint.jpg?w=1920&amp;ssl=1 1920w, https:\/\/i0.wp.com\/www.spg.com.tn\/wp-content\/uploads\/2025\/08\/banner-forcepoint.jpg?resize=300%2C60&amp;ssl=1 300w, https:\/\/i0.wp.com\/www.spg.com.tn\/wp-content\/uploads\/2025\/08\/banner-forcepoint.jpg?resize=1024%2C204&amp;ssl=1 1024w, https:\/\/i0.wp.com\/www.spg.com.tn\/wp-content\/uploads\/2025\/08\/banner-forcepoint.jpg?resize=768%2C153&amp;ssl=1 768w, https:\/\/i0.wp.com\/www.spg.com.tn\/wp-content\/uploads\/2025\/08\/banner-forcepoint.jpg?resize=1536%2C306&amp;ssl=1 1536w, https:\/\/i0.wp.com\/www.spg.com.tn\/wp-content\/uploads\/2025\/08\/banner-forcepoint.jpg?resize=18%2C4&amp;ssl=1 18w\" sizes=\"auto, (max-width: 1170px) 100vw, 1170px\" \/><\/div>\n\t\t\t    <div class=\"container pos-vertical-center\">\n\t\t\t        <div class=\"row\">\n\t\t\t            <div class=\"col-sm-6\"><\/div>\n\t\t\t        <\/div><!--end of row-->\n\t\t\t    <\/div><!--end of container-->\n\t\t\t    \n\t\t\t<\/section>\n\t\t<div class=\"vc_row-full-width vc_clearfix\"><\/div><div class=\"container\"><div class=\"vc_row wpb_row vc_row-fluid\"><div class=\"wpb_column vc_column_container col-sm-8\"><div class=\"vc_column-inner\"><div class=\"wpb_wrapper\"><div class=\"vc_empty_space\"   style=\"height: 12px\" ><span class=\"vc_empty_space_inner\"><\/span><\/div>\n\n\t<div class=\"wpb_text_column wpb_content_element\" >\n\t\t<div class=\"wpb_wrapper\">\n\t\t\t<p><body style=\"text-align: left;\"><\/p>\n<h2>Data-centric safety in action<\/h2>\n<h4>Market-leading solutions to protect today's businesses<\/h4>\n<p><\/body><\/p>\n\n\t\t<\/div>\n\t<\/div>\n<div class=\"row vc_row wpb_row vc_inner vc_row-fluid\"><div class=\"wpb_column vc_column_container col-sm-4\"><div class=\"vc_column-inner\"><div class=\"wpb_wrapper\">\n\t<div  class=\"wpb_single_image wpb_content_element vc_align_left\">\n\t\t\n\t\t<figure class=\"wpb_wrapper vc_figure\">\n\t\t\t<a href=\"https:\/\/www.forcepoint.com\/fr\/products\" target=\"_blank\" class=\"vc_single_image-wrapper   vc_box_border_grey\"><img loading=\"lazy\" decoding=\"async\" width=\"814\" height=\"925\" src=\"https:\/\/www.spg.com.tn\/wp-content\/uploads\/2023\/10\/page-forcepoint-01.jpg\" class=\"vc_single_image-img attachment-full\" alt=\"Forcepoint ONE\" srcset=\"https:\/\/i0.wp.com\/www.spg.com.tn\/wp-content\/uploads\/2023\/10\/page-forcepoint-01.jpg?w=814&ssl=1 814w, https:\/\/i0.wp.com\/www.spg.com.tn\/wp-content\/uploads\/2023\/10\/page-forcepoint-01.jpg?resize=264%2C300&ssl=1 264w, https:\/\/i0.wp.com\/www.spg.com.tn\/wp-content\/uploads\/2023\/10\/page-forcepoint-01.jpg?resize=768%2C873&ssl=1 768w, https:\/\/i0.wp.com\/www.spg.com.tn\/wp-content\/uploads\/2023\/10\/page-forcepoint-01.jpg?resize=11%2C12&ssl=1 11w\" sizes=\"auto, (max-width: 814px) 100vw, 814px\" \/><\/a>\n\t\t<\/figure>\n\t<\/div>\n<\/div><\/div><\/div><div class=\"wpb_column vc_column_container col-sm-4\"><div class=\"vc_column-inner\"><div class=\"wpb_wrapper\">\n\t<div  class=\"wpb_single_image wpb_content_element vc_align_left\">\n\t\t\n\t\t<figure class=\"wpb_wrapper vc_figure\">\n\t\t\t<a href=\"https:\/\/www.forcepoint.com\/fr\/products\" target=\"_blank\" class=\"vc_single_image-wrapper   vc_box_border_grey\"><img loading=\"lazy\" decoding=\"async\" width=\"813\" height=\"926\" src=\"https:\/\/www.spg.com.tn\/wp-content\/uploads\/2023\/10\/page-forcepoint-02.jpg\" class=\"vc_single_image-img attachment-full\" alt=\"Secure SD-WAN\" srcset=\"https:\/\/i0.wp.com\/www.spg.com.tn\/wp-content\/uploads\/2023\/10\/page-forcepoint-02.jpg?w=813&ssl=1 813w, https:\/\/i0.wp.com\/www.spg.com.tn\/wp-content\/uploads\/2023\/10\/page-forcepoint-02.jpg?resize=263%2C300&ssl=1 263w, https:\/\/i0.wp.com\/www.spg.com.tn\/wp-content\/uploads\/2023\/10\/page-forcepoint-02.jpg?resize=768%2C875&ssl=1 768w, https:\/\/i0.wp.com\/www.spg.com.tn\/wp-content\/uploads\/2023\/10\/page-forcepoint-02.jpg?resize=11%2C12&ssl=1 11w\" sizes=\"auto, (max-width: 813px) 100vw, 813px\" \/><\/a>\n\t\t<\/figure>\n\t<\/div>\n<\/div><\/div><\/div><div class=\"wpb_column vc_column_container col-sm-4\"><div class=\"vc_column-inner\"><div class=\"wpb_wrapper\">\n\t<div  class=\"wpb_single_image wpb_content_element vc_align_left\">\n\t\t\n\t\t<figure class=\"wpb_wrapper vc_figure\">\n\t\t\t<a href=\"https:\/\/www.forcepoint.com\/fr\/products\" target=\"_blank\" class=\"vc_single_image-wrapper   vc_box_border_grey\"><img loading=\"lazy\" decoding=\"async\" width=\"813\" height=\"925\" src=\"https:\/\/www.spg.com.tn\/wp-content\/uploads\/2023\/10\/page-forcepoint-03.jpg\" class=\"vc_single_image-img attachment-full\" alt=\"Data Loss Prevention\" srcset=\"https:\/\/i0.wp.com\/www.spg.com.tn\/wp-content\/uploads\/2023\/10\/page-forcepoint-03.jpg?w=813&ssl=1 813w, https:\/\/i0.wp.com\/www.spg.com.tn\/wp-content\/uploads\/2023\/10\/page-forcepoint-03.jpg?resize=264%2C300&ssl=1 264w, https:\/\/i0.wp.com\/www.spg.com.tn\/wp-content\/uploads\/2023\/10\/page-forcepoint-03.jpg?resize=768%2C874&ssl=1 768w, https:\/\/i0.wp.com\/www.spg.com.tn\/wp-content\/uploads\/2023\/10\/page-forcepoint-03.jpg?resize=11%2C12&ssl=1 11w\" sizes=\"auto, (max-width: 813px) 100vw, 813px\" \/><\/a>\n\t\t<\/figure>\n\t<\/div>\n<\/div><\/div><\/div><\/div><div class=\"vc_separator wpb_content_element vc_separator_align_center vc_sep_width_100 vc_sep_pos_align_center vc_separator_no_text vc_sep_color_grey\" ><span class=\"vc_sep_holder vc_sep_holder_l\"><span  class=\"vc_sep_line\"><\/span><\/span><span class=\"vc_sep_holder vc_sep_holder_r\"><span  class=\"vc_sep_line\"><\/span><\/span>\n<\/div><div class=\"row vc_row wpb_row vc_inner vc_row-fluid\"><div class=\"wpb_column vc_column_container col-sm-9\"><div class=\"vc_column-inner\"><div class=\"wpb_wrapper\">\n\t<div class=\"wpb_text_column wpb_content_element\" >\n\t\t<div class=\"wpb_wrapper\">\n\t\t\t<header>\n<h4 style=\"text-align: left;\">For more information, please contact our customer service<\/h4>\n<\/header>\n\n\t\t<\/div>\n\t<\/div>\n<\/div><\/div><\/div><div class=\"wpb_column vc_column_container col-sm-3\"><div class=\"vc_column-inner\"><div class=\"wpb_wrapper\"><div class=\"vc_btn3-container vc_btn3-center\" >\n\t<a class=\"vc_general vc_btn3 vc_btn3-size-md vc_btn3-shape-round vc_btn3-style-modern vc_btn3-color-primary\" href=\"\/en\/contact\/\" title=\"\">Contact Us<\/a><\/div>\n<\/div><\/div><\/div><\/div><\/div><\/div><\/div><div class=\"wpb_column vc_column_container col-sm-4\"><div class=\"vc_column-inner\"><div class=\"wpb_wrapper\"><div class=\"vc_empty_space\"   style=\"height: 60px\" ><span class=\"vc_empty_space_inner\"><\/span><\/div>\n<div class=\"vc_empty_space\"   style=\"height: 20px\" ><span class=\"vc_empty_space_inner\"><\/span><\/div>\n\n\t<div class=\"wpb_text_column wpb_content_element\" >\n\t\t<div class=\"wpb_wrapper\">\n\t\t\t<h3 style=\"text-align: center;\">FORCEPOINT LIVE<\/h3>\n\n\t\t<\/div>\n\t<\/div>\n\n\t<div class=\"wpb_text_column wpb_content_element\" >\n\t\t<div class=\"wpb_wrapper\">\n\t\t\t<p><iframe loading=\"lazy\" src=\"https:\/\/www.youtube.com\/embed\/ZWsO9e8Ectg?controls=0\" width=\"560\" height=\"315\" frameborder=\"0\" allowfullscreen=\"allowfullscreen\"><\/iframe><\/p>\n\n\t\t<\/div>\n\t<\/div>\n<div class=\"vc_empty_space\"   style=\"height: 20px\" ><span class=\"vc_empty_space_inner\"><\/span><\/div>\n<div class=\"tweets-feed slider text-center\" data-feed-name=\"forcepointsec\" data-amount=\"3\" data-paging=\"true\"><\/div><\/div><\/div><\/div><\/div><\/div>","protected":false},"excerpt":{"rendered":"La S\u00e9curit\u00e9 centr\u00e9e sur les donn\u00e9es en action Des solutions \u00e0 la pointe du march\u00e9 pour prot\u00e9ger les entreprises d'aujourd'hui Pour plus...","protected":false},"author":10,"featured_media":0,"parent":3089,"menu_order":0,"comment_status":"closed","ping_status":"closed","template":"","meta":{"om_disable_all_campaigns":false,"_exactmetrics_skip_tracking":false,"_exactmetrics_sitenote_active":false,"_exactmetrics_sitenote_note":"","_exactmetrics_sitenote_category":0,"_monsterinsights_skip_tracking":false,"_monsterinsights_sitenote_active":false,"_monsterinsights_sitenote_note":"","_monsterinsights_sitenote_category":0,"_uf_show_specific_survey":0,"_uf_disable_surveys":false,"jetpack_post_was_ever_published":false,"footnotes":""},"class_list":["post-57880","page","type-page","status-publish","hentry"],"aioseo_notices":[],"yoast_head":"<!-- This site is optimized with the Yoast SEO plugin v27.1.1 - https:\/\/yoast.com\/product\/yoast-seo-wordpress\/ -->\n<title>Forcepoint - SPG<\/title>\n<meta name=\"robots\" content=\"index, follow, max-snippet:-1, max-image-preview:large, max-video-preview:-1\" \/>\n<link rel=\"canonical\" href=\"https:\/\/www.spg.com.tn\/en\/marques\/forcepoint-2\/\" \/>\n<meta property=\"og:locale\" content=\"en_US\" \/>\n<meta property=\"og:type\" content=\"article\" \/>\n<meta property=\"og:title\" content=\"Forcepoint - SPG\" \/>\n<meta property=\"og:url\" content=\"https:\/\/www.spg.com.tn\/en\/marques\/forcepoint-2\/\" \/>\n<meta property=\"og:site_name\" content=\"SPG\" \/>\n<meta property=\"article:publisher\" content=\"https:\/\/www.facebook.com\/SPG.Software.Productivity.Group\/\" \/>\n<meta property=\"article:modified_time\" content=\"2025-08-20T08:40:57+00:00\" \/>\n<meta name=\"twitter:card\" content=\"summary_large_image\" \/>\n<meta name=\"twitter:label1\" content=\"Est. reading time\" \/>\n\t<meta name=\"twitter:data1\" content=\"1 minute\" \/>\n<script type=\"application\/ld+json\" class=\"yoast-schema-graph\">{\"@context\":\"https:\/\/schema.org\",\"@graph\":[{\"@type\":\"WebPage\",\"@id\":\"https:\/\/www.spg.com.tn\/marques\/forcepoint-2\/\",\"url\":\"https:\/\/www.spg.com.tn\/marques\/forcepoint-2\/\",\"name\":\"Forcepoint - SPG\",\"isPartOf\":{\"@id\":\"https:\/\/www.spg.com.tn\/#website\"},\"datePublished\":\"2023-08-31T09:25:51+00:00\",\"dateModified\":\"2025-08-20T08:40:57+00:00\",\"breadcrumb\":{\"@id\":\"https:\/\/www.spg.com.tn\/marques\/forcepoint-2\/#breadcrumb\"},\"inLanguage\":\"en-US\",\"potentialAction\":[{\"@type\":\"ReadAction\",\"target\":[\"https:\/\/www.spg.com.tn\/marques\/forcepoint-2\/\"]}]},{\"@type\":\"BreadcrumbList\",\"@id\":\"https:\/\/www.spg.com.tn\/marques\/forcepoint-2\/#breadcrumb\",\"itemListElement\":[{\"@type\":\"ListItem\",\"position\":1,\"name\":\"Accueil\",\"item\":\"https:\/\/www.spg.com.tn\/\"},{\"@type\":\"ListItem\",\"position\":2,\"name\":\"MARQUES\",\"item\":\"https:\/\/www.spg.com.tn\/marques\/\"},{\"@type\":\"ListItem\",\"position\":3,\"name\":\"Forcepoint\"}]},{\"@type\":\"WebSite\",\"@id\":\"https:\/\/www.spg.com.tn\/#website\",\"url\":\"https:\/\/www.spg.com.tn\/\",\"name\":\"SPG\",\"description\":\"Grossiste Informatique \u00e0 Valeur ajout\u00e9e\",\"publisher\":{\"@id\":\"https:\/\/www.spg.com.tn\/#organization\"},\"alternateName\":\"SPG distributeur des solutions\",\"potentialAction\":[{\"@type\":\"SearchAction\",\"target\":{\"@type\":\"EntryPoint\",\"urlTemplate\":\"https:\/\/www.spg.com.tn\/?s={search_term_string}\"},\"query-input\":{\"@type\":\"PropertyValueSpecification\",\"valueRequired\":true,\"valueName\":\"search_term_string\"}}],\"inLanguage\":\"en-US\"},{\"@type\":\"Organization\",\"@id\":\"https:\/\/www.spg.com.tn\/#organization\",\"name\":\"SPG\",\"url\":\"https:\/\/www.spg.com.tn\/\",\"logo\":{\"@type\":\"ImageObject\",\"inLanguage\":\"en-US\",\"@id\":\"https:\/\/www.spg.com.tn\/#\/schema\/logo\/image\/\",\"url\":\"https:\/\/i0.wp.com\/www.spg.com.tn\/wp-content\/uploads\/2023\/07\/Logo-SPG-new.png?fit=300%2C133&ssl=1\",\"contentUrl\":\"https:\/\/i0.wp.com\/www.spg.com.tn\/wp-content\/uploads\/2023\/07\/Logo-SPG-new.png?fit=300%2C133&ssl=1\",\"width\":300,\"height\":133,\"caption\":\"SPG\"},\"image\":{\"@id\":\"https:\/\/www.spg.com.tn\/#\/schema\/logo\/image\/\"},\"sameAs\":[\"https:\/\/www.facebook.com\/SPG.Software.Productivity.Group\/\",\"https:\/\/www.linkedin.com\/company\/software-productivity-group-spg\/\"]}]}<\/script>\n<!-- \/ Yoast SEO plugin. -->","yoast_head_json":{"title":"Forcepoint - SPG","robots":{"index":"index","follow":"follow","max-snippet":"max-snippet:-1","max-image-preview":"max-image-preview:large","max-video-preview":"max-video-preview:-1"},"canonical":"https:\/\/www.spg.com.tn\/en\/marques\/forcepoint-2\/","og_locale":"en_US","og_type":"article","og_title":"Forcepoint - SPG","og_url":"https:\/\/www.spg.com.tn\/en\/marques\/forcepoint-2\/","og_site_name":"SPG","article_publisher":"https:\/\/www.facebook.com\/SPG.Software.Productivity.Group\/","article_modified_time":"2025-08-20T08:40:57+00:00","twitter_card":"summary_large_image","twitter_misc":{"Est. reading time":"1 minute"},"schema":{"@context":"https:\/\/schema.org","@graph":[{"@type":"WebPage","@id":"https:\/\/www.spg.com.tn\/marques\/forcepoint-2\/","url":"https:\/\/www.spg.com.tn\/marques\/forcepoint-2\/","name":"Forcepoint - SPG","isPartOf":{"@id":"https:\/\/www.spg.com.tn\/#website"},"datePublished":"2023-08-31T09:25:51+00:00","dateModified":"2025-08-20T08:40:57+00:00","breadcrumb":{"@id":"https:\/\/www.spg.com.tn\/marques\/forcepoint-2\/#breadcrumb"},"inLanguage":"en-US","potentialAction":[{"@type":"ReadAction","target":["https:\/\/www.spg.com.tn\/marques\/forcepoint-2\/"]}]},{"@type":"BreadcrumbList","@id":"https:\/\/www.spg.com.tn\/marques\/forcepoint-2\/#breadcrumb","itemListElement":[{"@type":"ListItem","position":1,"name":"Accueil","item":"https:\/\/www.spg.com.tn\/"},{"@type":"ListItem","position":2,"name":"MARQUES","item":"https:\/\/www.spg.com.tn\/marques\/"},{"@type":"ListItem","position":3,"name":"Forcepoint"}]},{"@type":"WebSite","@id":"https:\/\/www.spg.com.tn\/#website","url":"https:\/\/www.spg.com.tn\/","name":"SPG","description":"Grossiste Informatique \u00e0 Valeur ajout\u00e9e","publisher":{"@id":"https:\/\/www.spg.com.tn\/#organization"},"alternateName":"SPG distributeur des solutions","potentialAction":[{"@type":"SearchAction","target":{"@type":"EntryPoint","urlTemplate":"https:\/\/www.spg.com.tn\/?s={search_term_string}"},"query-input":{"@type":"PropertyValueSpecification","valueRequired":true,"valueName":"search_term_string"}}],"inLanguage":"en-US"},{"@type":"Organization","@id":"https:\/\/www.spg.com.tn\/#organization","name":"SPG","url":"https:\/\/www.spg.com.tn\/","logo":{"@type":"ImageObject","inLanguage":"en-US","@id":"https:\/\/www.spg.com.tn\/#\/schema\/logo\/image\/","url":"https:\/\/i0.wp.com\/www.spg.com.tn\/wp-content\/uploads\/2023\/07\/Logo-SPG-new.png?fit=300%2C133&ssl=1","contentUrl":"https:\/\/i0.wp.com\/www.spg.com.tn\/wp-content\/uploads\/2023\/07\/Logo-SPG-new.png?fit=300%2C133&ssl=1","width":300,"height":133,"caption":"SPG"},"image":{"@id":"https:\/\/www.spg.com.tn\/#\/schema\/logo\/image\/"},"sameAs":["https:\/\/www.facebook.com\/SPG.Software.Productivity.Group\/","https:\/\/www.linkedin.com\/company\/software-productivity-group-spg\/"]}]}},"jetpack_sharing_enabled":true,"jetpack_shortlink":"https:\/\/wp.me\/PaWB6B-f3y","jetpack_likes_enabled":true,"jetpack-related-posts":[],"_links":{"self":[{"href":"https:\/\/www.spg.com.tn\/en\/wp-json\/wp\/v2\/pages\/57880","targetHints":{"allow":["GET"]}}],"collection":[{"href":"https:\/\/www.spg.com.tn\/en\/wp-json\/wp\/v2\/pages"}],"about":[{"href":"https:\/\/www.spg.com.tn\/en\/wp-json\/wp\/v2\/types\/page"}],"author":[{"embeddable":true,"href":"https:\/\/www.spg.com.tn\/en\/wp-json\/wp\/v2\/users\/10"}],"replies":[{"embeddable":true,"href":"https:\/\/www.spg.com.tn\/en\/wp-json\/wp\/v2\/comments?post=57880"}],"version-history":[{"count":33,"href":"https:\/\/www.spg.com.tn\/en\/wp-json\/wp\/v2\/pages\/57880\/revisions"}],"predecessor-version":[{"id":122736,"href":"https:\/\/www.spg.com.tn\/en\/wp-json\/wp\/v2\/pages\/57880\/revisions\/122736"}],"up":[{"embeddable":true,"href":"https:\/\/www.spg.com.tn\/en\/wp-json\/wp\/v2\/pages\/3089"}],"wp:attachment":[{"href":"https:\/\/www.spg.com.tn\/en\/wp-json\/wp\/v2\/media?parent=57880"}],"curies":[{"name":"wp","href":"https:\/\/api.w.org\/{rel}","templated":true}]}}