{"id":59267,"date":"2023-12-07T16:50:04","date_gmt":"2023-12-07T16:50:04","guid":{"rendered":"https:\/\/www.spg.com.tn\/?page_id=59267"},"modified":"2023-12-07T16:51:58","modified_gmt":"2023-12-07T16:51:58","slug":"relation-avec-les-tiers","status":"publish","type":"page","link":"https:\/\/www.spg.com.tn\/en\/relation-avec-les-tiers\/","title":{"rendered":"Relation avec les tiers"},"content":{"rendered":"<div class=\"container\"><div class=\"vc_row wpb_row vc_row-fluid\"><div class=\"wpb_column vc_column_container col-sm-12\"><div class=\"vc_column-inner vc_custom_1701336433271\"><div class=\"wpb_wrapper\">\n\t<div class=\"wpb_text_column wpb_content_element  vc_custom_1701967915923\" id=\"relations-tiers-top-text\">\n\t\t<div class=\"wpb_wrapper\">\n\t\t\t<p><strong>Chers clients, partenaires, fournisseurs et collaborateurs,<\/strong><\/p>\n<p>Nous sommes d\u00e9termin\u00e9s \u00e0 agir de mani\u00e8re \u00e9thique, responsable et transparente dans toutes nos op\u00e9rations et interactions. Nous croyons fermement en l&rsquo;importance de la confiance, de la probit\u00e9 et de la conformit\u00e9 aux normes \u00e9thiques les plus \u00e9lev\u00e9es. Nos engagements incluent :<\/p>\n<p><strong>Code de Confiance :<\/strong><\/p>\n<p>Nous nous engageons \u00e0 \u00e9tablir la confiance avec nos utilisateurs, partenaires et parties prenantes en assurant la s\u00e9curit\u00e9 des donn\u00e9es, la transparence dans nos pratiques et le respect de la confidentialit\u00e9. Notre code de confiance vise \u00e0 garantir que chaque interaction avec notre entreprise est bas\u00e9e sur des principes de confiance mutuelle et de respect des donn\u00e9es personnelles.<\/p>\n<p><strong>Politique Anticorruption :<\/strong><\/p>\n<p>Nous condamnons fermement toute forme de corruption. Notre politique anticorruption interdit strictement la sollicitation, l&rsquo;offre ou toute autre forme de participation \u00e0 des activit\u00e9s corrompues, qu&rsquo;elles soient publiques ou priv\u00e9es. Nous nous engageons \u00e0 respecter les lois et r\u00e9glementations anti-corruption dans tous les pays o\u00f9 nous op\u00e9rons.<\/p>\n<p><strong>Code d&rsquo;\u00c9thique :<\/strong><\/p>\n<p>Notre code d&rsquo;\u00e9thique guide nos actions au quotidien. Il d\u00e9finit les normes de conduite professionnelle attendues de nos employ\u00e9s, dirigeants et partenaires commerciaux. Nous nous engageons \u00e0 agir avec int\u00e9grit\u00e9, honn\u00eatet\u00e9 et respect envers toutes les personnes et entit\u00e9s avec lesquelles nous interagissons.<\/p>\n<p>Nous sommes d\u00e9termin\u00e9s \u00e0 maintenir ces principes et \u00e0 les int\u00e9grer dans tous les aspects de nos activit\u00e9s commerciales.<\/p>\n<p>Pour plus de d\u00e9tails sur notre code de confiance, notre politique anticorruption et notre code d&rsquo;\u00e9thique, veuillez consulter nos documents officiels :<\/p>\n\n\t\t<\/div>\n\t<\/div>\n<\/div><\/div><\/div><\/div><\/div><div class=\"container\"><div id=\"relations-tiers-item-container\" class=\"vc_row wpb_row vc_row-fluid wpb_animate_when_almost_visible wpb_fadeInUp fadeInUp vc_custom_1701788403143 vc_column-gap-35\"><div class=\"relations-tiers wpb_column vc_column_container col-sm-4\"><div class=\"vc_column-inner\"><div class=\"wpb_wrapper\">\n\t<div  class=\"wpb_single_image wpb_content_element vc_align_center\">\n\t\t\n\t\t<figure class=\"wpb_wrapper vc_figure\">\n\t\t\t<div class=\"vc_single_image-wrapper   vc_box_border_grey\"><img loading=\"lazy\" decoding=\"async\" width=\"377\" height=\"367\" src=\"https:\/\/i0.wp.com\/www.spg.com.tn\/wp-content\/uploads\/2023\/12\/code_confiance.jpg?fit=377%2C367&amp;ssl=1\" class=\"vc_single_image-img attachment-full\" alt=\"code confiance\" srcset=\"https:\/\/i0.wp.com\/www.spg.com.tn\/wp-content\/uploads\/2023\/12\/code_confiance.jpg?w=377&amp;ssl=1 377w, https:\/\/i0.wp.com\/www.spg.com.tn\/wp-content\/uploads\/2023\/12\/code_confiance.jpg?resize=300%2C292&amp;ssl=1 300w, https:\/\/i0.wp.com\/www.spg.com.tn\/wp-content\/uploads\/2023\/12\/code_confiance.jpg?resize=12%2C12&amp;ssl=1 12w\" sizes=\"auto, (max-width: 377px) 100vw, 377px\" \/><\/div>\n\t\t<\/figure>\n\t<\/div>\n\n\t<div class=\"wpb_text_column wpb_content_element  relations-tiers-legend\" >\n\t\t<div class=\"wpb_wrapper\">\n\t\t\t<p>Code de Confiance<\/p>\n\n\t\t<\/div>\n\t<\/div>\n<div class=\"vc_btn3-container  relations-tiers-btn-see-more vc_btn3-center\" >\n\t<a class=\"vc_general vc_btn3 vc_btn3-size-md vc_btn3-shape-rounded vc_btn3-style-classic vc_btn3-block vc_btn3-icon-right vc_btn3-color-white\" href=\"https:\/\/www.spg.com.tn\/en\/code-de-confiance\/\" title=\"Code de Confiance\" target=\"_blank\">See more <i class=\"vc_btn3-icon fa fa-eye\"><\/i><\/a><\/div>\n<\/div><\/div><\/div><div class=\"relations-tiers wpb_column vc_column_container col-sm-4\"><div class=\"vc_column-inner\"><div class=\"wpb_wrapper\">\n\t<div  class=\"wpb_single_image wpb_content_element vc_align_center\">\n\t\t\n\t\t<figure class=\"wpb_wrapper vc_figure\">\n\t\t\t<div class=\"vc_single_image-wrapper   vc_box_border_grey\"><img loading=\"lazy\" decoding=\"async\" width=\"380\" height=\"373\" src=\"https:\/\/i0.wp.com\/www.spg.com.tn\/wp-content\/uploads\/2023\/11\/anti-corruption.jpg?fit=380%2C373&amp;ssl=1\" class=\"vc_single_image-img attachment-full\" alt=\"anti corruption\" srcset=\"https:\/\/i0.wp.com\/www.spg.com.tn\/wp-content\/uploads\/2023\/11\/anti-corruption.jpg?w=380&amp;ssl=1 380w, https:\/\/i0.wp.com\/www.spg.com.tn\/wp-content\/uploads\/2023\/11\/anti-corruption.jpg?resize=300%2C294&amp;ssl=1 300w, https:\/\/i0.wp.com\/www.spg.com.tn\/wp-content\/uploads\/2023\/11\/anti-corruption.jpg?resize=12%2C12&amp;ssl=1 12w, https:\/\/i0.wp.com\/www.spg.com.tn\/wp-content\/uploads\/2023\/11\/anti-corruption.jpg?resize=60%2C60&amp;ssl=1 60w\" sizes=\"auto, (max-width: 380px) 100vw, 380px\" \/><\/div>\n\t\t<\/figure>\n\t<\/div>\n\n\t<div class=\"wpb_text_column wpb_content_element  relations-tiers-legend\" >\n\t\t<div class=\"wpb_wrapper\">\n\t\t\t<p>Politique Anti-corruption<\/p>\n\n\t\t<\/div>\n\t<\/div>\n<div class=\"vc_btn3-container  relations-tiers-btn-see-more vc_btn3-center\" >\n\t<a class=\"vc_general vc_btn3 vc_btn3-size-md vc_btn3-shape-rounded vc_btn3-style-classic vc_btn3-block vc_btn3-icon-right vc_btn3-color-white\" href=\"https:\/\/www.spg.com.tn\/en\/politique-anticorruption\/\" title=\"Politique Anticorruption\" target=\"_blank\">See more <i class=\"vc_btn3-icon fa fa-eye\"><\/i><\/a><\/div>\n<\/div><\/div><\/div><div class=\"relations-tiers wpb_column vc_column_container col-sm-4\"><div class=\"vc_column-inner\"><div class=\"wpb_wrapper\">\n\t<div  class=\"wpb_single_image wpb_content_element vc_align_center\">\n\t\t\n\t\t<figure class=\"wpb_wrapper vc_figure\">\n\t\t\t<div class=\"vc_single_image-wrapper   vc_box_border_grey\"><img loading=\"lazy\" decoding=\"async\" width=\"379\" height=\"367\" src=\"https:\/\/i0.wp.com\/www.spg.com.tn\/wp-content\/uploads\/2023\/12\/code_ethique.jpg?fit=379%2C367&amp;ssl=1\" class=\"vc_single_image-img attachment-full\" alt=\"code ethique\" srcset=\"https:\/\/i0.wp.com\/www.spg.com.tn\/wp-content\/uploads\/2023\/12\/code_ethique.jpg?w=379&amp;ssl=1 379w, https:\/\/i0.wp.com\/www.spg.com.tn\/wp-content\/uploads\/2023\/12\/code_ethique.jpg?resize=300%2C291&amp;ssl=1 300w, https:\/\/i0.wp.com\/www.spg.com.tn\/wp-content\/uploads\/2023\/12\/code_ethique.jpg?resize=12%2C12&amp;ssl=1 12w\" sizes=\"auto, (max-width: 379px) 100vw, 379px\" \/><\/div>\n\t\t<\/figure>\n\t<\/div>\n\n\t<div class=\"wpb_text_column wpb_content_element  relations-tiers-legend\" >\n\t\t<div class=\"wpb_wrapper\">\n\t\t\t<p>Code d&rsquo;\u00c9thique<\/p>\n\n\t\t<\/div>\n\t<\/div>\n<div class=\"vc_btn3-container  relations-tiers-btn-see-more vc_btn3-center\" >\n\t<a class=\"vc_general vc_btn3 vc_btn3-size-md vc_btn3-shape-rounded vc_btn3-style-classic vc_btn3-block vc_btn3-icon-right vc_btn3-color-white\" href=\"https:\/\/www.spg.com.tn\/en\/code-dethique\/\" title=\"Code d\u2019Ethique\" target=\"_blank\">See more <i class=\"vc_btn3-icon fa fa-eye\"><\/i><\/a><\/div>\n<\/div><\/div><\/div><\/div><\/div><div class=\"container\"><div class=\"vc_row wpb_row vc_row-fluid vc_custom_1701345206965\"><div class=\"wpb_animate_when_almost_visible wpb_fadeInDown fadeInDown wpb_column vc_column_container col-sm-12\" id=\"relations-tiers-form-container\"><div class=\"vc_column-inner vc_custom_1701857655432\"><div class=\"wpb_wrapper\">\n\t<div class=\"wpb_text_column wpb_content_element\" >\n\t\t<div class=\"wpb_wrapper\">\n\t\t\t<h2><strong>Pour signaler une alerte : <\/strong><\/h2>\n<p class=\"contact-body\"><span>Comment signaler un probl\u00e8me de conformit\u00e9 ?<\/span><\/p>\n<p class=\"contact-body contact-email\">Email : <a href=\"mailto:Investigation@spg.com.tn\">Investigation@spg.com.tn<\/a><\/p>\n\n\t\t<\/div>\n\t<\/div>\n<\/div><\/div><\/div><\/div><\/div>","protected":false},"excerpt":{"rendered":"Chers clients, partenaires, fournisseurs et collaborateurs, Nous sommes d\u00e9termin\u00e9s \u00e0 agir de mani\u00e8re \u00e9thique, responsable et transparente dans toutes nos op\u00e9rations et...","protected":false},"author":29,"featured_media":0,"parent":0,"menu_order":0,"comment_status":"closed","ping_status":"closed","template":"","meta":{"om_disable_all_campaigns":false,"_exactmetrics_skip_tracking":false,"_exactmetrics_sitenote_active":false,"_exactmetrics_sitenote_note":"","_exactmetrics_sitenote_category":0,"_monsterinsights_skip_tracking":false,"_monsterinsights_sitenote_active":false,"_monsterinsights_sitenote_note":"","_monsterinsights_sitenote_category":0,"_uf_show_specific_survey":0,"_uf_disable_surveys":false,"jetpack_post_was_ever_published":false,"footnotes":""},"class_list":["post-59267","page","type-page","status-publish","hentry"],"aioseo_notices":[],"yoast_head":"<!-- This site is optimized with the Yoast SEO plugin v27.1.1 - https:\/\/yoast.com\/product\/yoast-seo-wordpress\/ -->\n<title>Relation avec les tiers - SPG<\/title>\n<meta name=\"robots\" content=\"index, follow, max-snippet:-1, max-image-preview:large, max-video-preview:-1\" \/>\n<link rel=\"canonical\" href=\"https:\/\/www.spg.com.tn\/en\/relation-avec-les-tiers\/\" \/>\n<meta property=\"og:locale\" content=\"en_US\" \/>\n<meta property=\"og:type\" content=\"article\" \/>\n<meta property=\"og:title\" content=\"Relation avec les tiers - SPG\" \/>\n<meta property=\"og:url\" content=\"https:\/\/www.spg.com.tn\/en\/relation-avec-les-tiers\/\" \/>\n<meta property=\"og:site_name\" content=\"SPG\" \/>\n<meta property=\"article:publisher\" content=\"https:\/\/www.facebook.com\/SPG.Software.Productivity.Group\/\" \/>\n<meta property=\"article:modified_time\" content=\"2023-12-07T16:51:58+00:00\" \/>\n<meta name=\"twitter:card\" content=\"summary_large_image\" \/>\n<meta name=\"twitter:label1\" content=\"Est. reading time\" \/>\n\t<meta name=\"twitter:data1\" content=\"2 minutes\" \/>\n<script type=\"application\/ld+json\" class=\"yoast-schema-graph\">{\"@context\":\"https:\/\/schema.org\",\"@graph\":[{\"@type\":\"WebPage\",\"@id\":\"https:\/\/www.spg.com.tn\/relation-avec-les-tiers\/\",\"url\":\"https:\/\/www.spg.com.tn\/relation-avec-les-tiers\/\",\"name\":\"Relation avec les tiers - SPG\",\"isPartOf\":{\"@id\":\"https:\/\/www.spg.com.tn\/#website\"},\"datePublished\":\"2023-12-07T16:50:04+00:00\",\"dateModified\":\"2023-12-07T16:51:58+00:00\",\"breadcrumb\":{\"@id\":\"https:\/\/www.spg.com.tn\/relation-avec-les-tiers\/#breadcrumb\"},\"inLanguage\":\"en-US\",\"potentialAction\":[{\"@type\":\"ReadAction\",\"target\":[\"https:\/\/www.spg.com.tn\/relation-avec-les-tiers\/\"]}]},{\"@type\":\"BreadcrumbList\",\"@id\":\"https:\/\/www.spg.com.tn\/relation-avec-les-tiers\/#breadcrumb\",\"itemListElement\":[{\"@type\":\"ListItem\",\"position\":1,\"name\":\"Accueil\",\"item\":\"https:\/\/www.spg.com.tn\/\"},{\"@type\":\"ListItem\",\"position\":2,\"name\":\"Relation avec les tiers\"}]},{\"@type\":\"WebSite\",\"@id\":\"https:\/\/www.spg.com.tn\/#website\",\"url\":\"https:\/\/www.spg.com.tn\/\",\"name\":\"SPG\",\"description\":\"Grossiste Informatique \u00e0 Valeur ajout\u00e9e\",\"publisher\":{\"@id\":\"https:\/\/www.spg.com.tn\/#organization\"},\"alternateName\":\"SPG distributeur des solutions\",\"potentialAction\":[{\"@type\":\"SearchAction\",\"target\":{\"@type\":\"EntryPoint\",\"urlTemplate\":\"https:\/\/www.spg.com.tn\/?s={search_term_string}\"},\"query-input\":{\"@type\":\"PropertyValueSpecification\",\"valueRequired\":true,\"valueName\":\"search_term_string\"}}],\"inLanguage\":\"en-US\"},{\"@type\":\"Organization\",\"@id\":\"https:\/\/www.spg.com.tn\/#organization\",\"name\":\"SPG\",\"url\":\"https:\/\/www.spg.com.tn\/\",\"logo\":{\"@type\":\"ImageObject\",\"inLanguage\":\"en-US\",\"@id\":\"https:\/\/www.spg.com.tn\/#\/schema\/logo\/image\/\",\"url\":\"https:\/\/i0.wp.com\/www.spg.com.tn\/wp-content\/uploads\/2023\/07\/Logo-SPG-new.png?fit=300%2C133&ssl=1\",\"contentUrl\":\"https:\/\/i0.wp.com\/www.spg.com.tn\/wp-content\/uploads\/2023\/07\/Logo-SPG-new.png?fit=300%2C133&ssl=1\",\"width\":300,\"height\":133,\"caption\":\"SPG\"},\"image\":{\"@id\":\"https:\/\/www.spg.com.tn\/#\/schema\/logo\/image\/\"},\"sameAs\":[\"https:\/\/www.facebook.com\/SPG.Software.Productivity.Group\/\",\"https:\/\/www.linkedin.com\/company\/software-productivity-group-spg\/\"]}]}<\/script>\n<!-- \/ Yoast SEO plugin. -->","yoast_head_json":{"title":"Relation avec les tiers - SPG","robots":{"index":"index","follow":"follow","max-snippet":"max-snippet:-1","max-image-preview":"max-image-preview:large","max-video-preview":"max-video-preview:-1"},"canonical":"https:\/\/www.spg.com.tn\/en\/relation-avec-les-tiers\/","og_locale":"en_US","og_type":"article","og_title":"Relation avec les tiers - SPG","og_url":"https:\/\/www.spg.com.tn\/en\/relation-avec-les-tiers\/","og_site_name":"SPG","article_publisher":"https:\/\/www.facebook.com\/SPG.Software.Productivity.Group\/","article_modified_time":"2023-12-07T16:51:58+00:00","twitter_card":"summary_large_image","twitter_misc":{"Est. reading time":"2 minutes"},"schema":{"@context":"https:\/\/schema.org","@graph":[{"@type":"WebPage","@id":"https:\/\/www.spg.com.tn\/relation-avec-les-tiers\/","url":"https:\/\/www.spg.com.tn\/relation-avec-les-tiers\/","name":"Relation avec les tiers - SPG","isPartOf":{"@id":"https:\/\/www.spg.com.tn\/#website"},"datePublished":"2023-12-07T16:50:04+00:00","dateModified":"2023-12-07T16:51:58+00:00","breadcrumb":{"@id":"https:\/\/www.spg.com.tn\/relation-avec-les-tiers\/#breadcrumb"},"inLanguage":"en-US","potentialAction":[{"@type":"ReadAction","target":["https:\/\/www.spg.com.tn\/relation-avec-les-tiers\/"]}]},{"@type":"BreadcrumbList","@id":"https:\/\/www.spg.com.tn\/relation-avec-les-tiers\/#breadcrumb","itemListElement":[{"@type":"ListItem","position":1,"name":"Accueil","item":"https:\/\/www.spg.com.tn\/"},{"@type":"ListItem","position":2,"name":"Relation avec les tiers"}]},{"@type":"WebSite","@id":"https:\/\/www.spg.com.tn\/#website","url":"https:\/\/www.spg.com.tn\/","name":"SPG","description":"Grossiste Informatique \u00e0 Valeur ajout\u00e9e","publisher":{"@id":"https:\/\/www.spg.com.tn\/#organization"},"alternateName":"SPG distributeur des solutions","potentialAction":[{"@type":"SearchAction","target":{"@type":"EntryPoint","urlTemplate":"https:\/\/www.spg.com.tn\/?s={search_term_string}"},"query-input":{"@type":"PropertyValueSpecification","valueRequired":true,"valueName":"search_term_string"}}],"inLanguage":"en-US"},{"@type":"Organization","@id":"https:\/\/www.spg.com.tn\/#organization","name":"SPG","url":"https:\/\/www.spg.com.tn\/","logo":{"@type":"ImageObject","inLanguage":"en-US","@id":"https:\/\/www.spg.com.tn\/#\/schema\/logo\/image\/","url":"https:\/\/i0.wp.com\/www.spg.com.tn\/wp-content\/uploads\/2023\/07\/Logo-SPG-new.png?fit=300%2C133&ssl=1","contentUrl":"https:\/\/i0.wp.com\/www.spg.com.tn\/wp-content\/uploads\/2023\/07\/Logo-SPG-new.png?fit=300%2C133&ssl=1","width":300,"height":133,"caption":"SPG"},"image":{"@id":"https:\/\/www.spg.com.tn\/#\/schema\/logo\/image\/"},"sameAs":["https:\/\/www.facebook.com\/SPG.Software.Productivity.Group\/","https:\/\/www.linkedin.com\/company\/software-productivity-group-spg\/"]}]}},"jetpack_sharing_enabled":true,"jetpack_shortlink":"https:\/\/wp.me\/PaWB6B-fpV","jetpack_likes_enabled":true,"jetpack-related-posts":[],"_links":{"self":[{"href":"https:\/\/www.spg.com.tn\/en\/wp-json\/wp\/v2\/pages\/59267","targetHints":{"allow":["GET"]}}],"collection":[{"href":"https:\/\/www.spg.com.tn\/en\/wp-json\/wp\/v2\/pages"}],"about":[{"href":"https:\/\/www.spg.com.tn\/en\/wp-json\/wp\/v2\/types\/page"}],"author":[{"embeddable":true,"href":"https:\/\/www.spg.com.tn\/en\/wp-json\/wp\/v2\/users\/29"}],"replies":[{"embeddable":true,"href":"https:\/\/www.spg.com.tn\/en\/wp-json\/wp\/v2\/comments?post=59267"}],"version-history":[{"count":122,"href":"https:\/\/www.spg.com.tn\/en\/wp-json\/wp\/v2\/pages\/59267\/revisions"}],"predecessor-version":[{"id":59529,"href":"https:\/\/www.spg.com.tn\/en\/wp-json\/wp\/v2\/pages\/59267\/revisions\/59529"}],"wp:attachment":[{"href":"https:\/\/www.spg.com.tn\/en\/wp-json\/wp\/v2\/media?parent=59267"}],"curies":[{"name":"wp","href":"https:\/\/api.w.org\/{rel}","templated":true}]}}